{"id":480,"date":"2018-12-04T22:41:36","date_gmt":"2018-12-04T22:41:36","guid":{"rendered":"http:\/\/distribuidorpanelrey.com\/?post_type=product&#038;p=480"},"modified":"2025-12-05T15:30:26","modified_gmt":"2025-12-05T15:30:26","slug":"angulo-de-amarre","status":"publish","type":"product","link":"https:\/\/distribuidorpanelrey.com.mx\/producto\/angulo-de-amarre\/","title":{"rendered":"ANGULO PERIMETRAL"},"content":{"rendered":"<p>Angulo Perimetral<\/p>\n<p>La funci\u00f3n principal del <strong>\u00e1ngulo perimetral<\/strong> es proporcionar protecci\u00f3n y acabado en las esquinas exteriores de paredes y otros elementos estructurales en construcci\u00f3n. Este componente est\u00e1 dise\u00f1ado con una forma angular que refuerza y protege las esquinas contra da\u00f1os mec\u00e1nicos y proporciona un borde limpio y definido.<\/p>\n<p>El <strong>\u00e1ngulo perimetral<\/strong> se instala t\u00edpicamente en la etapa de acabado de una construcci\u00f3n, asegurando que las esquinas exteriores de las paredes sean resistentes a impactos y protegidas contra el desgaste. Adem\u00e1s de su funci\u00f3n protectora, tambi\u00e9n contribuye a mejorar la est\u00e9tica general del proyecto al proporcionar l\u00edneas n\u00edtidas y uniformes en las esquinas.<\/p>\n<p>En resumen, el <strong>\u00e1ngulo perimetral<\/strong> es esencial en la construcci\u00f3n para fortalecer y embellecer las esquinas exteriores de las estructuras, garantizando tanto la resistencia como la est\u00e9tica del acabado final del edificio.<\/p>\n<p><span style=\"color: #000080;\"><span style=\"font-size: 12px;\"><b>CARACTER\u00cdSTICAS<\/b><\/span><strong>:<\/strong><\/span><\/p>\n<ul>\n<li>Este perfil esta dise\u00f1ado para colocarse perimetralmente en los muros de las \u00e1reas donde se construira un plafon corrido con paneles de yeso panel rey.<\/li>\n<\/ul>\n<p>&nbsp;<\/p>\n<p><span style=\"color: #000080;\"><b>MEDIDA:<\/b><\/span><\/p>\n<ul>\n<li>3.05 m<\/li>\n<\/ul>\n<p>&nbsp;<\/p>\n<p>&nbsp;<\/p>\n<p>&nbsp;<\/p>\n<p style=\"text-align: center;\">*En Distribuidor Panel Rey Mexico nos esforzamos por ofrecerte los mejores productos de <a href=\"http:\/\/distribuidorpanelrey.com\/categoria-producto\/perfiles\/\">Perfiles<\/a> como el Angulo Perimetral<br \/>\n*La imagen puede diferir un poco del producto final *Los precios pueden variar sin previo aviso<br \/>\n*Los precios ya incluyen IVA *Se hacen env\u00edos a toda la Rep\u00fablica Mexicana, pregunte por nuestros descuentos en env\u00edos.<br \/>\n*Chatea con nosotros en nuestras redes sociales.<br \/>\n*Contactanos: Tel. 71-58-97-38 y 71-58-02-72.<br \/>\nNuestro correo: ventas@distribuidorpanelrey.com<br \/>\nDistribuidor Panel Rey Mexico<\/p>\n","protected":false},"excerpt":{"rendered":"<h4 style=\"text-align: center;\">Env\u00edos de 24 a 48 hr CDMX Y EDO MEX<\/h4>\n<p style=\"text-align: center;\">Rese\u00f1as\u00a0\u2605\u2605\u2605\u2605\u2605\u00a0 Env\u00edos Garantizados<\/p>\n<p style=\"text-align: center;\">Paga a meses o en efectivo.<\/p>\n<h4 style=\"text-align: center;\">\ud83d\udd25LOS MEJORES PRECIOS \ud83d\udd25<\/h4>\n","protected":false},"featured_media":863,"comment_status":"closed","ping_status":"closed","template":"","meta":[],"product_brand":[549],"product_cat":[45],"product_tag":[62,63,52,48],"class_list":{"0":"post-480","1":"product","2":"type-product","3":"status-publish","4":"has-post-thumbnail","6":"product_brand-panel-rey","7":"product_cat-perfiles","8":"product_tag-angulo","9":"product_tag-angulo-de-amarre","10":"product_tag-de-amarre","11":"product_tag-perfiles","13":"first","14":"instock","15":"shipping-taxable","16":"purchasable","17":"product-type-simple"},"yoast_head":"<!-- This site is optimized with the Yoast SEO plugin v27.1.1 - https:\/\/yoast.com\/product\/yoast-seo-wordpress\/ -->\n<title>ANGULO PERIMETRAL - PANEL REY MEXICO | \u00a1Encuentralo aqui!<\/title>\n<meta name=\"description\" content=\"Angulo Perimetral. Este perfil esta dise\u00f1ado para colocarse perimetralmente en los muros de las \u00e1reas donde se construira un plafon corrido...\" \/>\n<meta name=\"robots\" content=\"index, follow, max-snippet:-1, max-image-preview:large, max-video-preview:-1\" \/>\n<link rel=\"canonical\" href=\"https:\/\/distribuidorpanelrey.com.mx\/producto\/angulo-de-amarre\/\" \/>\n<meta property=\"og:locale\" content=\"es_ES\" \/>\n<meta property=\"og:type\" content=\"article\" \/>\n<meta property=\"og:title\" content=\"ANGULO PERIMETRAL - PANEL REY MEXICO | \u00a1Encuentralo aqui!\" \/>\n<meta property=\"og:description\" content=\"Angulo Perimetral. Este perfil esta dise\u00f1ado para colocarse perimetralmente en los muros de las \u00e1reas donde se construira un plafon corrido...\" \/>\n<meta property=\"og:url\" content=\"https:\/\/distribuidorpanelrey.com.mx\/producto\/angulo-de-amarre\/\" \/>\n<meta property=\"og:site_name\" content=\"PANEL REY MEXICO\" \/>\n<meta property=\"article:publisher\" content=\"https:\/\/www.facebook.com\/mexicopanelrey\/?locale=es_LA\" \/>\n<meta property=\"article:modified_time\" content=\"2025-12-05T15:30:26+00:00\" \/>\n<meta property=\"og:image\" content=\"https:\/\/distribuidorpanelrey.com.mx\/wp-content\/uploads\/2018\/12\/Angulo-de-amarre-distribuidor-panel-rey-mexico.jpg\" \/>\n\t<meta property=\"og:image:width\" content=\"500\" \/>\n\t<meta property=\"og:image:height\" content=\"500\" \/>\n\t<meta property=\"og:image:type\" content=\"image\/jpeg\" \/>\n<meta name=\"twitter:card\" content=\"summary_large_image\" \/>\n<meta name=\"twitter:label1\" content=\"Tiempo de lectura\" \/>\n\t<meta name=\"twitter:data1\" content=\"2 minutos\" \/>\n<script type=\"application\/ld+json\" class=\"yoast-schema-graph\">{\"@context\":\"https:\/\/schema.org\",\"@graph\":[{\"@type\":\"WebPage\",\"@id\":\"https:\/\/distribuidorpanelrey.com.mx\/producto\/angulo-de-amarre\/\",\"url\":\"https:\/\/distribuidorpanelrey.com.mx\/producto\/angulo-de-amarre\/\",\"name\":\"ANGULO PERIMETRAL - PANEL REY MEXICO | \u00a1Encuentralo aqui!\",\"isPartOf\":{\"@id\":\"https:\/\/distribuidorpanelrey.com\/#website\"},\"primaryImageOfPage\":{\"@id\":\"https:\/\/distribuidorpanelrey.com.mx\/producto\/angulo-de-amarre\/#primaryimage\"},\"image\":{\"@id\":\"https:\/\/distribuidorpanelrey.com.mx\/producto\/angulo-de-amarre\/#primaryimage\"},\"thumbnailUrl\":\"https:\/\/distribuidorpanelrey.com.mx\/wp-content\/uploads\/2018\/12\/Angulo-de-amarre-distribuidor-panel-rey-mexico.jpg\",\"datePublished\":\"2018-12-04T22:41:36+00:00\",\"dateModified\":\"2025-12-05T15:30:26+00:00\",\"description\":\"Angulo Perimetral. Este perfil esta dise\u00f1ado para colocarse perimetralmente en los muros de las \u00e1reas donde se construira un plafon corrido...\",\"breadcrumb\":{\"@id\":\"https:\/\/distribuidorpanelrey.com.mx\/producto\/angulo-de-amarre\/#breadcrumb\"},\"inLanguage\":\"es\",\"potentialAction\":[{\"@type\":\"ReadAction\",\"target\":[\"https:\/\/distribuidorpanelrey.com.mx\/producto\/angulo-de-amarre\/\"]}]},{\"@type\":\"ImageObject\",\"inLanguage\":\"es\",\"@id\":\"https:\/\/distribuidorpanelrey.com.mx\/producto\/angulo-de-amarre\/#primaryimage\",\"url\":\"https:\/\/distribuidorpanelrey.com.mx\/wp-content\/uploads\/2018\/12\/Angulo-de-amarre-distribuidor-panel-rey-mexico.jpg\",\"contentUrl\":\"https:\/\/distribuidorpanelrey.com.mx\/wp-content\/uploads\/2018\/12\/Angulo-de-amarre-distribuidor-panel-rey-mexico.jpg\",\"width\":500,\"height\":500,\"caption\":\"Angulo-de-amarre-distribuidor-panel-rey-mexico\"},{\"@type\":\"BreadcrumbList\",\"@id\":\"https:\/\/distribuidorpanelrey.com.mx\/producto\/angulo-de-amarre\/#breadcrumb\",\"itemListElement\":[{\"@type\":\"ListItem\",\"position\":1,\"name\":\"Portada\",\"item\":\"https:\/\/distribuidorpanelrey.com.mx\/\"},{\"@type\":\"ListItem\",\"position\":2,\"name\":\"Productos\",\"item\":\"https:\/\/distribuidorpanelrey.com\/tienda\/\"},{\"@type\":\"ListItem\",\"position\":3,\"name\":\"ANGULO PERIMETRAL\"}]},{\"@type\":\"WebSite\",\"@id\":\"https:\/\/distribuidorpanelrey.com\/#website\",\"url\":\"https:\/\/distribuidorpanelrey.com\/\",\"name\":\"PANEL REY MEXICO\",\"description\":\"DISTRIBUIDOR PANEL REY\",\"publisher\":{\"@id\":\"https:\/\/distribuidorpanelrey.com\/#organization\"},\"alternateName\":\"DISTRIBUIDOR PANEL REY\",\"potentialAction\":[{\"@type\":\"SearchAction\",\"target\":{\"@type\":\"EntryPoint\",\"urlTemplate\":\"https:\/\/distribuidorpanelrey.com\/?s={search_term_string}\"},\"query-input\":{\"@type\":\"PropertyValueSpecification\",\"valueRequired\":true,\"valueName\":\"search_term_string\"}}],\"inLanguage\":\"es\"},{\"@type\":\"Organization\",\"@id\":\"https:\/\/distribuidorpanelrey.com\/#organization\",\"name\":\"PANEL REY MEXICO\",\"url\":\"https:\/\/distribuidorpanelrey.com\/\",\"logo\":{\"@type\":\"ImageObject\",\"inLanguage\":\"es\",\"@id\":\"https:\/\/distribuidorpanelrey.com\/#\/schema\/logo\/image\/\",\"url\":\"https:\/\/distribuidorpanelrey.com.mx\/wp-content\/uploads\/2023\/11\/panelrey.webp\",\"contentUrl\":\"https:\/\/distribuidorpanelrey.com.mx\/wp-content\/uploads\/2023\/11\/panelrey.webp\",\"width\":400,\"height\":150,\"caption\":\"PANEL REY MEXICO\"},\"image\":{\"@id\":\"https:\/\/distribuidorpanelrey.com\/#\/schema\/logo\/image\/\"},\"sameAs\":[\"https:\/\/www.facebook.com\/mexicopanelrey\/?locale=es_LA\",\"https:\/\/www.instagram.com\/panel_rey_mexico\/?hl=es\"]}]}<\/script>\n<!-- \/ Yoast SEO plugin. -->","yoast_head_json":{"title":"ANGULO PERIMETRAL - PANEL REY MEXICO | \u00a1Encuentralo aqui!","description":"Angulo Perimetral. Este perfil esta dise\u00f1ado para colocarse perimetralmente en los muros de las \u00e1reas donde se construira un plafon corrido...","robots":{"index":"index","follow":"follow","max-snippet":"max-snippet:-1","max-image-preview":"max-image-preview:large","max-video-preview":"max-video-preview:-1"},"canonical":"https:\/\/distribuidorpanelrey.com.mx\/producto\/angulo-de-amarre\/","og_locale":"es_ES","og_type":"article","og_title":"ANGULO PERIMETRAL - PANEL REY MEXICO | \u00a1Encuentralo aqui!","og_description":"Angulo Perimetral. Este perfil esta dise\u00f1ado para colocarse perimetralmente en los muros de las \u00e1reas donde se construira un plafon corrido...","og_url":"https:\/\/distribuidorpanelrey.com.mx\/producto\/angulo-de-amarre\/","og_site_name":"PANEL REY MEXICO","article_publisher":"https:\/\/www.facebook.com\/mexicopanelrey\/?locale=es_LA","article_modified_time":"2025-12-05T15:30:26+00:00","og_image":[{"width":500,"height":500,"url":"https:\/\/distribuidorpanelrey.com.mx\/wp-content\/uploads\/2018\/12\/Angulo-de-amarre-distribuidor-panel-rey-mexico.jpg","type":"image\/jpeg"}],"twitter_card":"summary_large_image","twitter_misc":{"Tiempo de lectura":"2 minutos"},"schema":{"@context":"https:\/\/schema.org","@graph":[{"@type":"WebPage","@id":"https:\/\/distribuidorpanelrey.com.mx\/producto\/angulo-de-amarre\/","url":"https:\/\/distribuidorpanelrey.com.mx\/producto\/angulo-de-amarre\/","name":"ANGULO PERIMETRAL - PANEL REY MEXICO | \u00a1Encuentralo aqui!","isPartOf":{"@id":"https:\/\/distribuidorpanelrey.com\/#website"},"primaryImageOfPage":{"@id":"https:\/\/distribuidorpanelrey.com.mx\/producto\/angulo-de-amarre\/#primaryimage"},"image":{"@id":"https:\/\/distribuidorpanelrey.com.mx\/producto\/angulo-de-amarre\/#primaryimage"},"thumbnailUrl":"https:\/\/distribuidorpanelrey.com.mx\/wp-content\/uploads\/2018\/12\/Angulo-de-amarre-distribuidor-panel-rey-mexico.jpg","datePublished":"2018-12-04T22:41:36+00:00","dateModified":"2025-12-05T15:30:26+00:00","description":"Angulo Perimetral. Este perfil esta dise\u00f1ado para colocarse perimetralmente en los muros de las \u00e1reas donde se construira un plafon corrido...","breadcrumb":{"@id":"https:\/\/distribuidorpanelrey.com.mx\/producto\/angulo-de-amarre\/#breadcrumb"},"inLanguage":"es","potentialAction":[{"@type":"ReadAction","target":["https:\/\/distribuidorpanelrey.com.mx\/producto\/angulo-de-amarre\/"]}]},{"@type":"ImageObject","inLanguage":"es","@id":"https:\/\/distribuidorpanelrey.com.mx\/producto\/angulo-de-amarre\/#primaryimage","url":"https:\/\/distribuidorpanelrey.com.mx\/wp-content\/uploads\/2018\/12\/Angulo-de-amarre-distribuidor-panel-rey-mexico.jpg","contentUrl":"https:\/\/distribuidorpanelrey.com.mx\/wp-content\/uploads\/2018\/12\/Angulo-de-amarre-distribuidor-panel-rey-mexico.jpg","width":500,"height":500,"caption":"Angulo-de-amarre-distribuidor-panel-rey-mexico"},{"@type":"BreadcrumbList","@id":"https:\/\/distribuidorpanelrey.com.mx\/producto\/angulo-de-amarre\/#breadcrumb","itemListElement":[{"@type":"ListItem","position":1,"name":"Portada","item":"https:\/\/distribuidorpanelrey.com.mx\/"},{"@type":"ListItem","position":2,"name":"Productos","item":"https:\/\/distribuidorpanelrey.com\/tienda\/"},{"@type":"ListItem","position":3,"name":"ANGULO PERIMETRAL"}]},{"@type":"WebSite","@id":"https:\/\/distribuidorpanelrey.com\/#website","url":"https:\/\/distribuidorpanelrey.com\/","name":"PANEL REY MEXICO","description":"DISTRIBUIDOR PANEL REY","publisher":{"@id":"https:\/\/distribuidorpanelrey.com\/#organization"},"alternateName":"DISTRIBUIDOR PANEL REY","potentialAction":[{"@type":"SearchAction","target":{"@type":"EntryPoint","urlTemplate":"https:\/\/distribuidorpanelrey.com\/?s={search_term_string}"},"query-input":{"@type":"PropertyValueSpecification","valueRequired":true,"valueName":"search_term_string"}}],"inLanguage":"es"},{"@type":"Organization","@id":"https:\/\/distribuidorpanelrey.com\/#organization","name":"PANEL REY MEXICO","url":"https:\/\/distribuidorpanelrey.com\/","logo":{"@type":"ImageObject","inLanguage":"es","@id":"https:\/\/distribuidorpanelrey.com\/#\/schema\/logo\/image\/","url":"https:\/\/distribuidorpanelrey.com.mx\/wp-content\/uploads\/2023\/11\/panelrey.webp","contentUrl":"https:\/\/distribuidorpanelrey.com.mx\/wp-content\/uploads\/2023\/11\/panelrey.webp","width":400,"height":150,"caption":"PANEL REY MEXICO"},"image":{"@id":"https:\/\/distribuidorpanelrey.com\/#\/schema\/logo\/image\/"},"sameAs":["https:\/\/www.facebook.com\/mexicopanelrey\/?locale=es_LA","https:\/\/www.instagram.com\/panel_rey_mexico\/?hl=es"]}]}},"_links":{"self":[{"href":"https:\/\/distribuidorpanelrey.com.mx\/wp-json\/wp\/v2\/product\/480","targetHints":{"allow":["GET"]}}],"collection":[{"href":"https:\/\/distribuidorpanelrey.com.mx\/wp-json\/wp\/v2\/product"}],"about":[{"href":"https:\/\/distribuidorpanelrey.com.mx\/wp-json\/wp\/v2\/types\/product"}],"replies":[{"embeddable":true,"href":"https:\/\/distribuidorpanelrey.com.mx\/wp-json\/wp\/v2\/comments?post=480"}],"version-history":[{"count":4,"href":"https:\/\/distribuidorpanelrey.com.mx\/wp-json\/wp\/v2\/product\/480\/revisions"}],"predecessor-version":[{"id":6667,"href":"https:\/\/distribuidorpanelrey.com.mx\/wp-json\/wp\/v2\/product\/480\/revisions\/6667"}],"wp:featuredmedia":[{"embeddable":true,"href":"https:\/\/distribuidorpanelrey.com.mx\/wp-json\/wp\/v2\/media\/863"}],"wp:attachment":[{"href":"https:\/\/distribuidorpanelrey.com.mx\/wp-json\/wp\/v2\/media?parent=480"}],"wp:term":[{"taxonomy":"product_brand","embeddable":true,"href":"https:\/\/distribuidorpanelrey.com.mx\/wp-json\/wp\/v2\/product_brand?post=480"},{"taxonomy":"product_cat","embeddable":true,"href":"https:\/\/distribuidorpanelrey.com.mx\/wp-json\/wp\/v2\/product_cat?post=480"},{"taxonomy":"product_tag","embeddable":true,"href":"https:\/\/distribuidorpanelrey.com.mx\/wp-json\/wp\/v2\/product_tag?post=480"}],"curies":[{"name":"wp","href":"https:\/\/api.w.org\/{rel}","templated":true}]}}