{"id":516,"date":"2018-12-05T16:24:04","date_gmt":"2018-12-05T16:24:04","guid":{"rendered":"http:\/\/distribuidorpanelrey.com\/?post_type=product&#038;p=516"},"modified":"2025-12-05T13:59:42","modified_gmt":"2025-12-05T13:59:42","slug":"espatulas-de-lamina-azul","status":"publish","type":"product","link":"https:\/\/distribuidorpanelrey.com.mx\/producto\/espatulas-de-lamina-azul\/","title":{"rendered":"ESPATULA DE ACERO INOXIDABLE"},"content":{"rendered":"<p>Espatula de acero inoxidable<\/p>\n<p>Espatula de acero inoxidable\u00a0es proporcionar una herramienta vers\u00e1til para la preparaci\u00f3n, manipulaci\u00f3n y servicio de alimentos en entornos comerciales y dom\u00e9sticos. Esta herramienta est\u00e1 fabricada completamente en acero inoxidable, un material conocido por su resistencia a la corrosi\u00f3n, durabilidad y facilidad de limpieza.<\/p>\n<p>La <strong>espatula de acero inoxidable<\/strong> se utiliza com\u00fanmente en cocinas profesionales y caseras para diversas tareas, como voltear alimentos en sartenes y parrillas, mezclar ingredientes, extender glaseados y masas, y servir alimentos con precisi\u00f3n. Su dise\u00f1o ergon\u00f3mico y resistente permite un uso eficiente y seguro, incluso en temperaturas elevadas.<\/p>\n<p>En resumen, la <strong>espatula de acero inoxidable<\/strong> es esencial en la cocina para garantizar una manipulaci\u00f3n segura y eficiente de alimentos, ofreciendo una herramienta duradera y de f\u00e1cil mantenimiento que cumple con est\u00e1ndares de higiene y calidad en la preparaci\u00f3n culinaria.<\/p>\n<p><span style=\"font-size: 12px; color: #000080;\"><b>CARACTER\u00cdSTICAS<\/b><\/span><\/p>\n<ul>\n<li>Esp\u00e1tula de acero inoxidable marca Panel Rey en diferentes medidas con mango de pl\u00e1stico<\/li>\n<\/ul>\n<p>&nbsp;<\/p>\n<p><span style=\"color: #000080;\"><strong>MEDIDAS<\/strong><\/span><\/p>\n<table style=\"border-collapse: collapse; width: 777px; height: 94px;\" border=\"0\" width=\"160\" cellspacing=\"0\" cellpadding=\"0\">\n<colgroup>\n<col style=\"width: 60pt;\" span=\"2\" width=\"80\" \/> <\/colgroup>\n<tbody>\n<tr style=\"height: 15.0pt;\">\n<td style=\"height: 15pt; width: 60pt; text-align: center;\" width=\"80\" height=\"20\">8&#8243;<\/td>\n<td style=\"width: 60pt; text-align: center;\" width=\"80\">12&#8243;<\/td>\n<\/tr>\n<tr style=\"height: 15.0pt;\">\n<td style=\"height: 15pt; text-align: center;\" height=\"20\">10&#8243;<\/td>\n<td style=\"text-align: center;\"><\/td>\n<\/tr>\n<\/tbody>\n<\/table>\n<p>&nbsp;<\/p>\n<p>&nbsp;<\/p>\n<p>Este producto esta hecho con los mejores materiales y de la mayor calidad as\u00cd como todos nuestros productos.<\/p>\n<p>&nbsp;<\/p>\n<p>&nbsp;<\/p>\n<p style=\"text-align: center;\">*En Distribuidor Panel Rey Mexico nos esforzamos por ofrecerte los mejores productos de <a href=\"http:\/\/distribuidorpanelrey.com\/tienda\/\">Herramientas<\/a> como las Esp\u00e1tula de acero inoxidable.<br \/>\n*La imagen puede diferir un poco del producto final *Los precios pueden variar sin previo aviso<br \/>\n*Los precios ya incluyen IVA *Se hacen env\u00edos a toda la Rep\u00fablica Mexicana, pregunte por nuestros descuentos en env\u00edos.<br \/>\n*Chatea con nosotros en nuestras redes sociales.<br \/>\n*Contactanos: Tel. 71-58-97-38 y 71-58-02-72.<br \/>\nNuestro correo: ventas@distribuidorpanelrey.com<br \/>\nDistribuidor Panel Rey Mexico<\/p>\n","protected":false},"excerpt":{"rendered":"<h4 style=\"text-align: center;\">Env\u00edos de 24 a 48 hr CDMX Y EDO MEX<\/h4>\n<p style=\"text-align: center;\">Rese\u00f1as\u00a0\u2605\u2605\u2605\u2605\u2605\u00a0 Env\u00edos Garantizados<\/p>\n<h4 style=\"text-align: center;\">\ud83d\udd25LOS MEJORES PRECIOS \ud83d\udd25<\/h4>\n","protected":false},"featured_media":849,"comment_status":"closed","ping_status":"closed","template":"","meta":[],"product_brand":[549],"product_cat":[1157],"product_tag":[86,88,87,89,85],"class_list":{"0":"post-516","1":"product","2":"type-product","3":"status-publish","4":"has-post-thumbnail","6":"product_brand-panel-rey","7":"product_cat-espatula","8":"product_tag-espatulas","9":"product_tag-espatulas-azules","10":"product_tag-espatulas-de-lamina","11":"product_tag-espatulas-de-lamina-azules","12":"product_tag-herramientas","14":"first","15":"instock","16":"shipping-taxable","17":"purchasable","18":"product-type-variable"},"yoast_head":"<!-- This site is optimized with the Yoast SEO plugin v27.1.1 - https:\/\/yoast.com\/product\/yoast-seo-wordpress\/ -->\n<title>ESPATULA DE ACERO INOXIDABLE - PANEL REY MEXICO | Encuentralo aqui<\/title>\n<meta name=\"description\" content=\"Espatula de acero inoxidable panel Rey de diferentes medidas con mango de pl\u00e1stico. \u00a1Encuentra y cotiza todos tus productos aqui!\" \/>\n<meta name=\"robots\" content=\"index, follow, max-snippet:-1, max-image-preview:large, max-video-preview:-1\" \/>\n<link rel=\"canonical\" href=\"https:\/\/distribuidorpanelrey.com.mx\/producto\/espatulas-de-lamina-azul\/\" \/>\n<meta property=\"og:locale\" content=\"es_ES\" \/>\n<meta property=\"og:type\" content=\"article\" \/>\n<meta property=\"og:title\" content=\"ESPATULA DE ACERO INOXIDABLE - PANEL REY MEXICO | Encuentralo aqui\" \/>\n<meta property=\"og:description\" content=\"Espatula de acero inoxidable panel Rey de diferentes medidas con mango de pl\u00e1stico. \u00a1Encuentra y cotiza todos tus productos aqui!\" \/>\n<meta property=\"og:url\" content=\"https:\/\/distribuidorpanelrey.com.mx\/producto\/espatulas-de-lamina-azul\/\" \/>\n<meta property=\"og:site_name\" content=\"PANEL REY MEXICO\" \/>\n<meta property=\"article:publisher\" content=\"https:\/\/www.facebook.com\/mexicopanelrey\/?locale=es_LA\" \/>\n<meta property=\"article:modified_time\" content=\"2025-12-05T13:59:42+00:00\" \/>\n<meta property=\"og:image\" content=\"https:\/\/distribuidorpanelrey.com.mx\/wp-content\/uploads\/2018\/12\/espatulas-acero-azules-distribuidor-panel-rey-mexico.jpg\" \/>\n\t<meta property=\"og:image:width\" content=\"500\" \/>\n\t<meta property=\"og:image:height\" content=\"500\" \/>\n\t<meta property=\"og:image:type\" content=\"image\/jpeg\" \/>\n<meta name=\"twitter:card\" content=\"summary_large_image\" \/>\n<meta name=\"twitter:label1\" content=\"Tiempo de lectura\" \/>\n\t<meta name=\"twitter:data1\" content=\"2 minutos\" \/>\n<script type=\"application\/ld+json\" class=\"yoast-schema-graph\">{\"@context\":\"https:\/\/schema.org\",\"@graph\":[{\"@type\":\"WebPage\",\"@id\":\"https:\/\/distribuidorpanelrey.com.mx\/producto\/espatulas-de-lamina-azul\/\",\"url\":\"https:\/\/distribuidorpanelrey.com.mx\/producto\/espatulas-de-lamina-azul\/\",\"name\":\"ESPATULA DE ACERO INOXIDABLE - PANEL REY MEXICO | Encuentralo aqui\",\"isPartOf\":{\"@id\":\"https:\/\/distribuidorpanelrey.com\/#website\"},\"primaryImageOfPage\":{\"@id\":\"https:\/\/distribuidorpanelrey.com.mx\/producto\/espatulas-de-lamina-azul\/#primaryimage\"},\"image\":{\"@id\":\"https:\/\/distribuidorpanelrey.com.mx\/producto\/espatulas-de-lamina-azul\/#primaryimage\"},\"thumbnailUrl\":\"https:\/\/distribuidorpanelrey.com.mx\/wp-content\/uploads\/2018\/12\/espatulas-acero-azules-distribuidor-panel-rey-mexico.jpg\",\"datePublished\":\"2018-12-05T16:24:04+00:00\",\"dateModified\":\"2025-12-05T13:59:42+00:00\",\"description\":\"Espatula de acero inoxidable panel Rey de diferentes medidas con mango de pl\u00e1stico. \u00a1Encuentra y cotiza todos tus productos aqui!\",\"breadcrumb\":{\"@id\":\"https:\/\/distribuidorpanelrey.com.mx\/producto\/espatulas-de-lamina-azul\/#breadcrumb\"},\"inLanguage\":\"es\",\"potentialAction\":[{\"@type\":\"ReadAction\",\"target\":[\"https:\/\/distribuidorpanelrey.com.mx\/producto\/espatulas-de-lamina-azul\/\"]}]},{\"@type\":\"ImageObject\",\"inLanguage\":\"es\",\"@id\":\"https:\/\/distribuidorpanelrey.com.mx\/producto\/espatulas-de-lamina-azul\/#primaryimage\",\"url\":\"https:\/\/distribuidorpanelrey.com.mx\/wp-content\/uploads\/2018\/12\/espatulas-acero-azules-distribuidor-panel-rey-mexico.jpg\",\"contentUrl\":\"https:\/\/distribuidorpanelrey.com.mx\/wp-content\/uploads\/2018\/12\/espatulas-acero-azules-distribuidor-panel-rey-mexico.jpg\",\"width\":500,\"height\":500,\"caption\":\"espatulas-acero-azules-distribuidor-panel-rey-mexico\"},{\"@type\":\"BreadcrumbList\",\"@id\":\"https:\/\/distribuidorpanelrey.com.mx\/producto\/espatulas-de-lamina-azul\/#breadcrumb\",\"itemListElement\":[{\"@type\":\"ListItem\",\"position\":1,\"name\":\"Portada\",\"item\":\"https:\/\/distribuidorpanelrey.com.mx\/\"},{\"@type\":\"ListItem\",\"position\":2,\"name\":\"Productos\",\"item\":\"https:\/\/distribuidorpanelrey.com\/tienda\/\"},{\"@type\":\"ListItem\",\"position\":3,\"name\":\"ESPATULA DE ACERO INOXIDABLE\"}]},{\"@type\":\"WebSite\",\"@id\":\"https:\/\/distribuidorpanelrey.com\/#website\",\"url\":\"https:\/\/distribuidorpanelrey.com\/\",\"name\":\"PANEL REY MEXICO\",\"description\":\"DISTRIBUIDOR PANEL REY\",\"publisher\":{\"@id\":\"https:\/\/distribuidorpanelrey.com\/#organization\"},\"alternateName\":\"DISTRIBUIDOR PANEL REY\",\"potentialAction\":[{\"@type\":\"SearchAction\",\"target\":{\"@type\":\"EntryPoint\",\"urlTemplate\":\"https:\/\/distribuidorpanelrey.com\/?s={search_term_string}\"},\"query-input\":{\"@type\":\"PropertyValueSpecification\",\"valueRequired\":true,\"valueName\":\"search_term_string\"}}],\"inLanguage\":\"es\"},{\"@type\":\"Organization\",\"@id\":\"https:\/\/distribuidorpanelrey.com\/#organization\",\"name\":\"PANEL REY MEXICO\",\"url\":\"https:\/\/distribuidorpanelrey.com\/\",\"logo\":{\"@type\":\"ImageObject\",\"inLanguage\":\"es\",\"@id\":\"https:\/\/distribuidorpanelrey.com\/#\/schema\/logo\/image\/\",\"url\":\"https:\/\/distribuidorpanelrey.com.mx\/wp-content\/uploads\/2023\/11\/panelrey.webp\",\"contentUrl\":\"https:\/\/distribuidorpanelrey.com.mx\/wp-content\/uploads\/2023\/11\/panelrey.webp\",\"width\":400,\"height\":150,\"caption\":\"PANEL REY MEXICO\"},\"image\":{\"@id\":\"https:\/\/distribuidorpanelrey.com\/#\/schema\/logo\/image\/\"},\"sameAs\":[\"https:\/\/www.facebook.com\/mexicopanelrey\/?locale=es_LA\",\"https:\/\/www.instagram.com\/panel_rey_mexico\/?hl=es\"]}]}<\/script>\n<!-- \/ Yoast SEO plugin. -->","yoast_head_json":{"title":"ESPATULA DE ACERO INOXIDABLE - PANEL REY MEXICO | Encuentralo aqui","description":"Espatula de acero inoxidable panel Rey de diferentes medidas con mango de pl\u00e1stico. \u00a1Encuentra y cotiza todos tus productos aqui!","robots":{"index":"index","follow":"follow","max-snippet":"max-snippet:-1","max-image-preview":"max-image-preview:large","max-video-preview":"max-video-preview:-1"},"canonical":"https:\/\/distribuidorpanelrey.com.mx\/producto\/espatulas-de-lamina-azul\/","og_locale":"es_ES","og_type":"article","og_title":"ESPATULA DE ACERO INOXIDABLE - PANEL REY MEXICO | Encuentralo aqui","og_description":"Espatula de acero inoxidable panel Rey de diferentes medidas con mango de pl\u00e1stico. \u00a1Encuentra y cotiza todos tus productos aqui!","og_url":"https:\/\/distribuidorpanelrey.com.mx\/producto\/espatulas-de-lamina-azul\/","og_site_name":"PANEL REY MEXICO","article_publisher":"https:\/\/www.facebook.com\/mexicopanelrey\/?locale=es_LA","article_modified_time":"2025-12-05T13:59:42+00:00","og_image":[{"width":500,"height":500,"url":"https:\/\/distribuidorpanelrey.com.mx\/wp-content\/uploads\/2018\/12\/espatulas-acero-azules-distribuidor-panel-rey-mexico.jpg","type":"image\/jpeg"}],"twitter_card":"summary_large_image","twitter_misc":{"Tiempo de lectura":"2 minutos"},"schema":{"@context":"https:\/\/schema.org","@graph":[{"@type":"WebPage","@id":"https:\/\/distribuidorpanelrey.com.mx\/producto\/espatulas-de-lamina-azul\/","url":"https:\/\/distribuidorpanelrey.com.mx\/producto\/espatulas-de-lamina-azul\/","name":"ESPATULA DE ACERO INOXIDABLE - PANEL REY MEXICO | Encuentralo aqui","isPartOf":{"@id":"https:\/\/distribuidorpanelrey.com\/#website"},"primaryImageOfPage":{"@id":"https:\/\/distribuidorpanelrey.com.mx\/producto\/espatulas-de-lamina-azul\/#primaryimage"},"image":{"@id":"https:\/\/distribuidorpanelrey.com.mx\/producto\/espatulas-de-lamina-azul\/#primaryimage"},"thumbnailUrl":"https:\/\/distribuidorpanelrey.com.mx\/wp-content\/uploads\/2018\/12\/espatulas-acero-azules-distribuidor-panel-rey-mexico.jpg","datePublished":"2018-12-05T16:24:04+00:00","dateModified":"2025-12-05T13:59:42+00:00","description":"Espatula de acero inoxidable panel Rey de diferentes medidas con mango de pl\u00e1stico. \u00a1Encuentra y cotiza todos tus productos aqui!","breadcrumb":{"@id":"https:\/\/distribuidorpanelrey.com.mx\/producto\/espatulas-de-lamina-azul\/#breadcrumb"},"inLanguage":"es","potentialAction":[{"@type":"ReadAction","target":["https:\/\/distribuidorpanelrey.com.mx\/producto\/espatulas-de-lamina-azul\/"]}]},{"@type":"ImageObject","inLanguage":"es","@id":"https:\/\/distribuidorpanelrey.com.mx\/producto\/espatulas-de-lamina-azul\/#primaryimage","url":"https:\/\/distribuidorpanelrey.com.mx\/wp-content\/uploads\/2018\/12\/espatulas-acero-azules-distribuidor-panel-rey-mexico.jpg","contentUrl":"https:\/\/distribuidorpanelrey.com.mx\/wp-content\/uploads\/2018\/12\/espatulas-acero-azules-distribuidor-panel-rey-mexico.jpg","width":500,"height":500,"caption":"espatulas-acero-azules-distribuidor-panel-rey-mexico"},{"@type":"BreadcrumbList","@id":"https:\/\/distribuidorpanelrey.com.mx\/producto\/espatulas-de-lamina-azul\/#breadcrumb","itemListElement":[{"@type":"ListItem","position":1,"name":"Portada","item":"https:\/\/distribuidorpanelrey.com.mx\/"},{"@type":"ListItem","position":2,"name":"Productos","item":"https:\/\/distribuidorpanelrey.com\/tienda\/"},{"@type":"ListItem","position":3,"name":"ESPATULA DE ACERO INOXIDABLE"}]},{"@type":"WebSite","@id":"https:\/\/distribuidorpanelrey.com\/#website","url":"https:\/\/distribuidorpanelrey.com\/","name":"PANEL REY MEXICO","description":"DISTRIBUIDOR PANEL REY","publisher":{"@id":"https:\/\/distribuidorpanelrey.com\/#organization"},"alternateName":"DISTRIBUIDOR PANEL REY","potentialAction":[{"@type":"SearchAction","target":{"@type":"EntryPoint","urlTemplate":"https:\/\/distribuidorpanelrey.com\/?s={search_term_string}"},"query-input":{"@type":"PropertyValueSpecification","valueRequired":true,"valueName":"search_term_string"}}],"inLanguage":"es"},{"@type":"Organization","@id":"https:\/\/distribuidorpanelrey.com\/#organization","name":"PANEL REY MEXICO","url":"https:\/\/distribuidorpanelrey.com\/","logo":{"@type":"ImageObject","inLanguage":"es","@id":"https:\/\/distribuidorpanelrey.com\/#\/schema\/logo\/image\/","url":"https:\/\/distribuidorpanelrey.com.mx\/wp-content\/uploads\/2023\/11\/panelrey.webp","contentUrl":"https:\/\/distribuidorpanelrey.com.mx\/wp-content\/uploads\/2023\/11\/panelrey.webp","width":400,"height":150,"caption":"PANEL REY MEXICO"},"image":{"@id":"https:\/\/distribuidorpanelrey.com\/#\/schema\/logo\/image\/"},"sameAs":["https:\/\/www.facebook.com\/mexicopanelrey\/?locale=es_LA","https:\/\/www.instagram.com\/panel_rey_mexico\/?hl=es"]}]}},"_links":{"self":[{"href":"https:\/\/distribuidorpanelrey.com.mx\/wp-json\/wp\/v2\/product\/516","targetHints":{"allow":["GET"]}}],"collection":[{"href":"https:\/\/distribuidorpanelrey.com.mx\/wp-json\/wp\/v2\/product"}],"about":[{"href":"https:\/\/distribuidorpanelrey.com.mx\/wp-json\/wp\/v2\/types\/product"}],"replies":[{"embeddable":true,"href":"https:\/\/distribuidorpanelrey.com.mx\/wp-json\/wp\/v2\/comments?post=516"}],"version-history":[{"count":5,"href":"https:\/\/distribuidorpanelrey.com.mx\/wp-json\/wp\/v2\/product\/516\/revisions"}],"predecessor-version":[{"id":6610,"href":"https:\/\/distribuidorpanelrey.com.mx\/wp-json\/wp\/v2\/product\/516\/revisions\/6610"}],"wp:featuredmedia":[{"embeddable":true,"href":"https:\/\/distribuidorpanelrey.com.mx\/wp-json\/wp\/v2\/media\/849"}],"wp:attachment":[{"href":"https:\/\/distribuidorpanelrey.com.mx\/wp-json\/wp\/v2\/media?parent=516"}],"wp:term":[{"taxonomy":"product_brand","embeddable":true,"href":"https:\/\/distribuidorpanelrey.com.mx\/wp-json\/wp\/v2\/product_brand?post=516"},{"taxonomy":"product_cat","embeddable":true,"href":"https:\/\/distribuidorpanelrey.com.mx\/wp-json\/wp\/v2\/product_cat?post=516"},{"taxonomy":"product_tag","embeddable":true,"href":"https:\/\/distribuidorpanelrey.com.mx\/wp-json\/wp\/v2\/product_tag?post=516"}],"curies":[{"name":"wp","href":"https:\/\/api.w.org\/{rel}","templated":true}]}}