{"id":5216,"date":"2025-08-08T20:34:18","date_gmt":"2025-08-08T20:34:18","guid":{"rendered":"https:\/\/distribuidorpanelrey.com.mx\/?post_type=product&#038;p=5216"},"modified":"2025-08-18T04:26:54","modified_gmt":"2025-08-18T04:26:54","slug":"guantes-para-soldador-reforzados-azules","status":"publish","type":"product","link":"https:\/\/distribuidorpanelrey.com.mx\/producto\/guantes-para-soldador-reforzados-azules\/","title":{"rendered":"GUANTES PARA SOLDADOR REFORZADOS AZULES"},"content":{"rendered":"<h2 data-start=\"170\" data-end=\"231\">Guantes Azules Reforzados para Soldador \u2013 Truper (GU\u2011515)<\/h2>\n<p data-start=\"233\" data-end=\"684\">Guantes profesionales Truper, confeccionados en <strong data-start=\"306\" data-end=\"325\">carnaza premium<\/strong>, dise\u00f1ados para ofrecer m\u00e1xima protecci\u00f3n en trabajos de soldadura y herrer\u00eda. Incorporan <strong data-start=\"416\" data-end=\"457\">pu\u00f1o largo de seguridad de 6\u2033 (15\u202fcm)<\/strong> que protege el antebrazo, refuerzos en palma y pulgar, forro interno de algod\u00f3n para mayor comodidad, costuras con hilo kevlar y juntas exteriores protegidas con carnaza. Resistentes al calor, chispas, fuego, abrasi\u00f3n y corte.<\/p>\n<hr data-start=\"686\" data-end=\"689\" \/>\n<h3 data-start=\"691\" data-end=\"723\">Caracter\u00edsticas principales<\/h3>\n<ul data-start=\"725\" data-end=\"1333\">\n<li data-start=\"725\" data-end=\"766\">\n<p data-start=\"727\" data-end=\"766\">Carnaza premium resistente y duradera<\/p>\n<\/li>\n<li data-start=\"767\" data-end=\"834\">\n<p data-start=\"769\" data-end=\"834\">Pu\u00f1o largo de 6\u2033 (15\u202fcm) para protecci\u00f3n extendida al antebrazo<\/p>\n<\/li>\n<li data-start=\"835\" data-end=\"894\">\n<p data-start=\"837\" data-end=\"894\">Refuerzos en palma y dedo pulgar para mayor durabilidad<\/p>\n<\/li>\n<li data-start=\"895\" data-end=\"960\">\n<p data-start=\"897\" data-end=\"960\">Forro interno de algod\u00f3n que mejora el confort durante el uso<\/p>\n<\/li>\n<li data-start=\"961\" data-end=\"1033\">\n<p data-start=\"963\" data-end=\"1033\">Costuras de hilo kevlar para alta resistencia a calor, fuego y corte<\/p>\n<\/li>\n<li data-start=\"1034\" data-end=\"1091\">\n<p data-start=\"1036\" data-end=\"1091\">Uniones protegidas con carnaza para mayor durabilidad<\/p>\n<\/li>\n<li data-start=\"1092\" data-end=\"1162\">\n<p data-start=\"1094\" data-end=\"1162\">Excelentes en trabajos de soldadura, herrer\u00eda y formaci\u00f3n met\u00e1lica<\/p>\n<\/li>\n<li data-start=\"1163\" data-end=\"1225\">\n<p data-start=\"1165\" data-end=\"1225\">Talla \u00fanica (unitalla) \u2013 Empaque individual tipo caballete<\/p>\n<\/li>\n<li data-start=\"1226\" data-end=\"1333\">\n<p data-start=\"1228\" data-end=\"1333\">Fabricados bajo estrictas especificaciones de Grupo Truper en China<\/p>\n<\/li>\n<\/ul>\n<hr data-start=\"1335\" data-end=\"1338\" \/>\n<h3 data-start=\"1340\" data-end=\"1370\">Especificaciones t\u00e9cnicas<\/h3>\n<div class=\"_tableContainer_1rjym_1\">\n<div class=\"_tableWrapper_1rjym_13 group flex w-fit flex-col-reverse\" tabindex=\"-1\">\n<table class=\"w-fit min-w-(--thread-content-width)\" data-start=\"1372\" data-end=\"1830\">\n<thead data-start=\"1372\" data-end=\"1414\">\n<tr data-start=\"1372\" data-end=\"1414\">\n<th data-start=\"1372\" data-end=\"1393\" data-col-size=\"sm\">Detalle<\/th>\n<th data-start=\"1393\" data-end=\"1414\" data-col-size=\"sm\">Especificaci\u00f3n<\/th>\n<\/tr>\n<\/thead>\n<tbody data-start=\"1458\" data-end=\"1830\">\n<tr data-start=\"1458\" data-end=\"1501\">\n<td data-start=\"1458\" data-end=\"1479\" data-col-size=\"sm\">Material<\/td>\n<td data-start=\"1479\" data-end=\"1501\" data-col-size=\"sm\">Carnaza premium<\/td>\n<\/tr>\n<tr data-start=\"1502\" data-end=\"1545\">\n<td data-start=\"1502\" data-end=\"1523\" data-col-size=\"sm\">Largo del pu\u00f1o<\/td>\n<td data-start=\"1523\" data-end=\"1545\" data-col-size=\"sm\">6\u2033 (15\u202fcm)<\/td>\n<\/tr>\n<tr data-start=\"1546\" data-end=\"1589\">\n<td data-start=\"1546\" data-end=\"1567\" data-col-size=\"sm\">Forro interno<\/td>\n<td data-start=\"1567\" data-end=\"1589\" data-col-size=\"sm\">Algod\u00f3n<\/td>\n<\/tr>\n<tr data-start=\"1590\" data-end=\"1633\">\n<td data-start=\"1590\" data-end=\"1611\" data-col-size=\"sm\">Costuras<\/td>\n<td data-start=\"1611\" data-end=\"1633\" data-col-size=\"sm\">Kevlar<\/td>\n<\/tr>\n<tr data-start=\"1634\" data-end=\"1677\">\n<td data-start=\"1634\" data-end=\"1655\" data-col-size=\"sm\">Refuerzos<\/td>\n<td data-start=\"1655\" data-end=\"1677\" data-col-size=\"sm\">Palma y pulgar<\/td>\n<\/tr>\n<tr data-start=\"1678\" data-end=\"1721\">\n<td data-start=\"1678\" data-end=\"1699\" data-col-size=\"sm\">Talla<\/td>\n<td data-col-size=\"sm\" data-start=\"1699\" data-end=\"1721\">Unitalla<\/td>\n<\/tr>\n<tr data-start=\"1722\" data-end=\"1767\">\n<td data-start=\"1722\" data-end=\"1743\" data-col-size=\"sm\">Empaque<\/td>\n<td data-start=\"1743\" data-end=\"1767\" data-col-size=\"sm\">Caballete individual<\/td>\n<\/tr>\n<tr data-start=\"1768\" data-end=\"1830\">\n<td data-start=\"1768\" data-end=\"1789\" data-col-size=\"sm\">Uso recomendado<\/td>\n<td data-start=\"1789\" data-end=\"1830\" data-col-size=\"sm\">Soldadura, herrer\u00eda, trabajos pesados<\/td>\n<\/tr>\n<\/tbody>\n<\/table>\n<p style=\"text-align: center;\">En\u00a0<strong data-start=\"82\" data-end=\"115\">Distribuidor Panel Rey M\u00e9xico<\/strong> encuentras calidad y confianza en productos <strong>Acero.<\/strong><br data-start=\"173\" data-end=\"176\" \/>\u2705 Env\u00edos a toda la Rep\u00fablica Mexicana. \u00a1Pregunta por nuestras promociones vigentes!<br data-start=\"259\" data-end=\"262\" data-is-only-node=\"\" \/>\u2705 Todos los precios incluyen IVA (sujetos a cambio sin previo aviso).<br data-start=\"331\" data-end=\"334\" \/>\u2705 Im\u00e1genes ilustrativas, el producto final puede presentar ligeras variaciones.<br data-start=\"413\" data-end=\"416\" \/>\ud83d\udcac \u00bfTienes dudas? Escr\u00edbenos por\u00a0<a href=\"https:\/\/www.facebook.com\/mexicopanelrey\">Facebook<\/a>\u00a0o\u00a0<a href=\"https:\/\/www.instagram.com\/panel_rey_mexico\/\">Instagram<\/a>.<br data-start=\"470\" data-end=\"473\" \/>\ud83d\udcde Tel:\u00a0<a href=\"tel:55 7397 6243\">55 7397 6243<\/a>\u00a0| WhatsApp:\u00a0<a href=\"https:\/\/api.whatsapp.com\/send?phone=525573976243\">5573976243<\/a><br data-start=\"518\" data-end=\"521\" \/>\ud83d\udce7\u00a0<a class=\"cursor-pointer\" href=\"mailto:ventas@distribuidorpanelrey.com\" rel=\"noopener\" data-start=\"524\" data-end=\"555\">ventas@distribuidorpanelrey.com<\/a><\/p>\n<\/div>\n<\/div>\n","protected":false},"excerpt":{"rendered":"<h4 style=\"text-align: center;\">Env\u00edos de 24 a 48 hr CDMX Y EDO MEX<\/h4>\n<p style=\"text-align: center;\">Rese\u00f1as\u00a0\u2605\u2605\u2605\u2605\u2605\u00a0 Env\u00edos Garantizados<\/p>\n<h4 style=\"text-align: center;\">\ud83d\udd25LOS MEJORES PRECIOS \ud83d\udd25<\/h4>\n","protected":false},"featured_media":5172,"comment_status":"closed","ping_status":"closed","template":"","meta":[],"product_brand":[562],"product_cat":[548,854],"product_tag":[866,885,884,886,878,361],"class_list":{"0":"post-5216","1":"product","2":"type-product","3":"status-publish","4":"has-post-thumbnail","6":"product_brand-truper","7":"product_cat-accesorios-y-herramientas","8":"product_cat-guantes","9":"product_tag-guantes","10":"product_tag-guantes-para-soldador","11":"product_tag-guantes-para-soldador-reforzados-azules","12":"product_tag-reforzados-azules","13":"product_tag-soldador","14":"product_tag-truper","16":"first","17":"instock","18":"shipping-taxable","19":"purchasable","20":"product-type-simple"},"yoast_head":"<!-- This site is optimized with the Yoast SEO plugin v27.1.1 - https:\/\/yoast.com\/product\/yoast-seo-wordpress\/ -->\n<title>GUANTES PARA SOLDADOR REFORZADOS AZULES - PANEL REY MEXICO<\/title>\n<meta name=\"description\" content=\"Guantes azules reforzados para soldador Truper GU\u2011515. Carnaza premium, pu\u00f1o largo de 6\u2033, refuerzos en palma y pulgar, forro de algod\u00f3n y costuras kevlar. Alta protecci\u00f3n contra calor, chispas y abrasi\u00f3n.\" \/>\n<meta name=\"robots\" content=\"index, follow, max-snippet:-1, max-image-preview:large, max-video-preview:-1\" \/>\n<link rel=\"canonical\" href=\"https:\/\/distribuidorpanelrey.com.mx\/producto\/guantes-para-soldador-reforzados-azules\/\" \/>\n<meta property=\"og:locale\" content=\"es_ES\" \/>\n<meta property=\"og:type\" content=\"article\" \/>\n<meta property=\"og:title\" content=\"GUANTES PARA SOLDADOR REFORZADOS AZULES - PANEL REY MEXICO\" \/>\n<meta property=\"og:description\" content=\"Guantes azules reforzados para soldador Truper GU\u2011515. Carnaza premium, pu\u00f1o largo de 6\u2033, refuerzos en palma y pulgar, forro de algod\u00f3n y costuras kevlar. Alta protecci\u00f3n contra calor, chispas y abrasi\u00f3n.\" \/>\n<meta property=\"og:url\" content=\"https:\/\/distribuidorpanelrey.com.mx\/producto\/guantes-para-soldador-reforzados-azules\/\" \/>\n<meta property=\"og:site_name\" content=\"PANEL REY MEXICO\" \/>\n<meta property=\"article:publisher\" content=\"https:\/\/www.facebook.com\/mexicopanelrey\/?locale=es_LA\" \/>\n<meta property=\"article:modified_time\" content=\"2025-08-18T04:26:54+00:00\" \/>\n<meta property=\"og:image\" content=\"https:\/\/distribuidorpanelrey.com.mx\/wp-content\/uploads\/2025\/08\/Guantes-15246.webp\" \/>\n\t<meta property=\"og:image:width\" content=\"1800\" \/>\n\t<meta property=\"og:image:height\" content=\"1800\" \/>\n\t<meta property=\"og:image:type\" content=\"image\/webp\" \/>\n<meta name=\"twitter:card\" content=\"summary_large_image\" \/>\n<meta name=\"twitter:label1\" content=\"Tiempo de lectura\" \/>\n\t<meta name=\"twitter:data1\" content=\"2 minutos\" \/>\n<script type=\"application\/ld+json\" class=\"yoast-schema-graph\">{\"@context\":\"https:\/\/schema.org\",\"@graph\":[{\"@type\":\"WebPage\",\"@id\":\"https:\/\/distribuidorpanelrey.com.mx\/producto\/guantes-para-soldador-reforzados-azules\/\",\"url\":\"https:\/\/distribuidorpanelrey.com.mx\/producto\/guantes-para-soldador-reforzados-azules\/\",\"name\":\"GUANTES PARA SOLDADOR REFORZADOS AZULES - PANEL REY MEXICO\",\"isPartOf\":{\"@id\":\"https:\/\/distribuidorpanelrey.com\/#website\"},\"primaryImageOfPage\":{\"@id\":\"https:\/\/distribuidorpanelrey.com.mx\/producto\/guantes-para-soldador-reforzados-azules\/#primaryimage\"},\"image\":{\"@id\":\"https:\/\/distribuidorpanelrey.com.mx\/producto\/guantes-para-soldador-reforzados-azules\/#primaryimage\"},\"thumbnailUrl\":\"https:\/\/distribuidorpanelrey.com.mx\/wp-content\/uploads\/2025\/08\/Guantes-15246.webp\",\"datePublished\":\"2025-08-08T20:34:18+00:00\",\"dateModified\":\"2025-08-18T04:26:54+00:00\",\"description\":\"Guantes azules reforzados para soldador Truper GU\u2011515. Carnaza premium, pu\u00f1o largo de 6\u2033, refuerzos en palma y pulgar, forro de algod\u00f3n y costuras kevlar. Alta protecci\u00f3n contra calor, chispas y abrasi\u00f3n.\",\"breadcrumb\":{\"@id\":\"https:\/\/distribuidorpanelrey.com.mx\/producto\/guantes-para-soldador-reforzados-azules\/#breadcrumb\"},\"inLanguage\":\"es\",\"potentialAction\":[{\"@type\":\"ReadAction\",\"target\":[\"https:\/\/distribuidorpanelrey.com.mx\/producto\/guantes-para-soldador-reforzados-azules\/\"]}]},{\"@type\":\"ImageObject\",\"inLanguage\":\"es\",\"@id\":\"https:\/\/distribuidorpanelrey.com.mx\/producto\/guantes-para-soldador-reforzados-azules\/#primaryimage\",\"url\":\"https:\/\/distribuidorpanelrey.com.mx\/wp-content\/uploads\/2025\/08\/Guantes-15246.webp\",\"contentUrl\":\"https:\/\/distribuidorpanelrey.com.mx\/wp-content\/uploads\/2025\/08\/Guantes-15246.webp\",\"width\":1800,\"height\":1800},{\"@type\":\"BreadcrumbList\",\"@id\":\"https:\/\/distribuidorpanelrey.com.mx\/producto\/guantes-para-soldador-reforzados-azules\/#breadcrumb\",\"itemListElement\":[{\"@type\":\"ListItem\",\"position\":1,\"name\":\"Portada\",\"item\":\"https:\/\/distribuidorpanelrey.com.mx\/\"},{\"@type\":\"ListItem\",\"position\":2,\"name\":\"Productos\",\"item\":\"https:\/\/distribuidorpanelrey.com\/tienda\/\"},{\"@type\":\"ListItem\",\"position\":3,\"name\":\"GUANTES PARA SOLDADOR REFORZADOS AZULES\"}]},{\"@type\":\"WebSite\",\"@id\":\"https:\/\/distribuidorpanelrey.com\/#website\",\"url\":\"https:\/\/distribuidorpanelrey.com\/\",\"name\":\"PANEL REY MEXICO\",\"description\":\"DISTRIBUIDOR PANEL REY\",\"publisher\":{\"@id\":\"https:\/\/distribuidorpanelrey.com\/#organization\"},\"alternateName\":\"DISTRIBUIDOR PANEL REY\",\"potentialAction\":[{\"@type\":\"SearchAction\",\"target\":{\"@type\":\"EntryPoint\",\"urlTemplate\":\"https:\/\/distribuidorpanelrey.com\/?s={search_term_string}\"},\"query-input\":{\"@type\":\"PropertyValueSpecification\",\"valueRequired\":true,\"valueName\":\"search_term_string\"}}],\"inLanguage\":\"es\"},{\"@type\":\"Organization\",\"@id\":\"https:\/\/distribuidorpanelrey.com\/#organization\",\"name\":\"PANEL REY MEXICO\",\"url\":\"https:\/\/distribuidorpanelrey.com\/\",\"logo\":{\"@type\":\"ImageObject\",\"inLanguage\":\"es\",\"@id\":\"https:\/\/distribuidorpanelrey.com\/#\/schema\/logo\/image\/\",\"url\":\"https:\/\/distribuidorpanelrey.com.mx\/wp-content\/uploads\/2023\/11\/panelrey.webp\",\"contentUrl\":\"https:\/\/distribuidorpanelrey.com.mx\/wp-content\/uploads\/2023\/11\/panelrey.webp\",\"width\":400,\"height\":150,\"caption\":\"PANEL REY MEXICO\"},\"image\":{\"@id\":\"https:\/\/distribuidorpanelrey.com\/#\/schema\/logo\/image\/\"},\"sameAs\":[\"https:\/\/www.facebook.com\/mexicopanelrey\/?locale=es_LA\",\"https:\/\/www.instagram.com\/panel_rey_mexico\/?hl=es\"]}]}<\/script>\n<!-- \/ Yoast SEO plugin. -->","yoast_head_json":{"title":"GUANTES PARA SOLDADOR REFORZADOS AZULES - PANEL REY MEXICO","description":"Guantes azules reforzados para soldador Truper GU\u2011515. Carnaza premium, pu\u00f1o largo de 6\u2033, refuerzos en palma y pulgar, forro de algod\u00f3n y costuras kevlar. Alta protecci\u00f3n contra calor, chispas y abrasi\u00f3n.","robots":{"index":"index","follow":"follow","max-snippet":"max-snippet:-1","max-image-preview":"max-image-preview:large","max-video-preview":"max-video-preview:-1"},"canonical":"https:\/\/distribuidorpanelrey.com.mx\/producto\/guantes-para-soldador-reforzados-azules\/","og_locale":"es_ES","og_type":"article","og_title":"GUANTES PARA SOLDADOR REFORZADOS AZULES - PANEL REY MEXICO","og_description":"Guantes azules reforzados para soldador Truper GU\u2011515. Carnaza premium, pu\u00f1o largo de 6\u2033, refuerzos en palma y pulgar, forro de algod\u00f3n y costuras kevlar. Alta protecci\u00f3n contra calor, chispas y abrasi\u00f3n.","og_url":"https:\/\/distribuidorpanelrey.com.mx\/producto\/guantes-para-soldador-reforzados-azules\/","og_site_name":"PANEL REY MEXICO","article_publisher":"https:\/\/www.facebook.com\/mexicopanelrey\/?locale=es_LA","article_modified_time":"2025-08-18T04:26:54+00:00","og_image":[{"width":1800,"height":1800,"url":"https:\/\/distribuidorpanelrey.com.mx\/wp-content\/uploads\/2025\/08\/Guantes-15246.webp","type":"image\/webp"}],"twitter_card":"summary_large_image","twitter_misc":{"Tiempo de lectura":"2 minutos"},"schema":{"@context":"https:\/\/schema.org","@graph":[{"@type":"WebPage","@id":"https:\/\/distribuidorpanelrey.com.mx\/producto\/guantes-para-soldador-reforzados-azules\/","url":"https:\/\/distribuidorpanelrey.com.mx\/producto\/guantes-para-soldador-reforzados-azules\/","name":"GUANTES PARA SOLDADOR REFORZADOS AZULES - PANEL REY MEXICO","isPartOf":{"@id":"https:\/\/distribuidorpanelrey.com\/#website"},"primaryImageOfPage":{"@id":"https:\/\/distribuidorpanelrey.com.mx\/producto\/guantes-para-soldador-reforzados-azules\/#primaryimage"},"image":{"@id":"https:\/\/distribuidorpanelrey.com.mx\/producto\/guantes-para-soldador-reforzados-azules\/#primaryimage"},"thumbnailUrl":"https:\/\/distribuidorpanelrey.com.mx\/wp-content\/uploads\/2025\/08\/Guantes-15246.webp","datePublished":"2025-08-08T20:34:18+00:00","dateModified":"2025-08-18T04:26:54+00:00","description":"Guantes azules reforzados para soldador Truper GU\u2011515. Carnaza premium, pu\u00f1o largo de 6\u2033, refuerzos en palma y pulgar, forro de algod\u00f3n y costuras kevlar. Alta protecci\u00f3n contra calor, chispas y abrasi\u00f3n.","breadcrumb":{"@id":"https:\/\/distribuidorpanelrey.com.mx\/producto\/guantes-para-soldador-reforzados-azules\/#breadcrumb"},"inLanguage":"es","potentialAction":[{"@type":"ReadAction","target":["https:\/\/distribuidorpanelrey.com.mx\/producto\/guantes-para-soldador-reforzados-azules\/"]}]},{"@type":"ImageObject","inLanguage":"es","@id":"https:\/\/distribuidorpanelrey.com.mx\/producto\/guantes-para-soldador-reforzados-azules\/#primaryimage","url":"https:\/\/distribuidorpanelrey.com.mx\/wp-content\/uploads\/2025\/08\/Guantes-15246.webp","contentUrl":"https:\/\/distribuidorpanelrey.com.mx\/wp-content\/uploads\/2025\/08\/Guantes-15246.webp","width":1800,"height":1800},{"@type":"BreadcrumbList","@id":"https:\/\/distribuidorpanelrey.com.mx\/producto\/guantes-para-soldador-reforzados-azules\/#breadcrumb","itemListElement":[{"@type":"ListItem","position":1,"name":"Portada","item":"https:\/\/distribuidorpanelrey.com.mx\/"},{"@type":"ListItem","position":2,"name":"Productos","item":"https:\/\/distribuidorpanelrey.com\/tienda\/"},{"@type":"ListItem","position":3,"name":"GUANTES PARA SOLDADOR REFORZADOS AZULES"}]},{"@type":"WebSite","@id":"https:\/\/distribuidorpanelrey.com\/#website","url":"https:\/\/distribuidorpanelrey.com\/","name":"PANEL REY MEXICO","description":"DISTRIBUIDOR PANEL REY","publisher":{"@id":"https:\/\/distribuidorpanelrey.com\/#organization"},"alternateName":"DISTRIBUIDOR PANEL REY","potentialAction":[{"@type":"SearchAction","target":{"@type":"EntryPoint","urlTemplate":"https:\/\/distribuidorpanelrey.com\/?s={search_term_string}"},"query-input":{"@type":"PropertyValueSpecification","valueRequired":true,"valueName":"search_term_string"}}],"inLanguage":"es"},{"@type":"Organization","@id":"https:\/\/distribuidorpanelrey.com\/#organization","name":"PANEL REY MEXICO","url":"https:\/\/distribuidorpanelrey.com\/","logo":{"@type":"ImageObject","inLanguage":"es","@id":"https:\/\/distribuidorpanelrey.com\/#\/schema\/logo\/image\/","url":"https:\/\/distribuidorpanelrey.com.mx\/wp-content\/uploads\/2023\/11\/panelrey.webp","contentUrl":"https:\/\/distribuidorpanelrey.com.mx\/wp-content\/uploads\/2023\/11\/panelrey.webp","width":400,"height":150,"caption":"PANEL REY MEXICO"},"image":{"@id":"https:\/\/distribuidorpanelrey.com\/#\/schema\/logo\/image\/"},"sameAs":["https:\/\/www.facebook.com\/mexicopanelrey\/?locale=es_LA","https:\/\/www.instagram.com\/panel_rey_mexico\/?hl=es"]}]}},"_links":{"self":[{"href":"https:\/\/distribuidorpanelrey.com.mx\/wp-json\/wp\/v2\/product\/5216","targetHints":{"allow":["GET"]}}],"collection":[{"href":"https:\/\/distribuidorpanelrey.com.mx\/wp-json\/wp\/v2\/product"}],"about":[{"href":"https:\/\/distribuidorpanelrey.com.mx\/wp-json\/wp\/v2\/types\/product"}],"replies":[{"embeddable":true,"href":"https:\/\/distribuidorpanelrey.com.mx\/wp-json\/wp\/v2\/comments?post=5216"}],"version-history":[{"count":1,"href":"https:\/\/distribuidorpanelrey.com.mx\/wp-json\/wp\/v2\/product\/5216\/revisions"}],"predecessor-version":[{"id":5217,"href":"https:\/\/distribuidorpanelrey.com.mx\/wp-json\/wp\/v2\/product\/5216\/revisions\/5217"}],"wp:featuredmedia":[{"embeddable":true,"href":"https:\/\/distribuidorpanelrey.com.mx\/wp-json\/wp\/v2\/media\/5172"}],"wp:attachment":[{"href":"https:\/\/distribuidorpanelrey.com.mx\/wp-json\/wp\/v2\/media?parent=5216"}],"wp:term":[{"taxonomy":"product_brand","embeddable":true,"href":"https:\/\/distribuidorpanelrey.com.mx\/wp-json\/wp\/v2\/product_brand?post=5216"},{"taxonomy":"product_cat","embeddable":true,"href":"https:\/\/distribuidorpanelrey.com.mx\/wp-json\/wp\/v2\/product_cat?post=5216"},{"taxonomy":"product_tag","embeddable":true,"href":"https:\/\/distribuidorpanelrey.com.mx\/wp-json\/wp\/v2\/product_tag?post=5216"}],"curies":[{"name":"wp","href":"https:\/\/api.w.org\/{rel}","templated":true}]}}