{"id":5221,"date":"2025-08-08T20:48:05","date_gmt":"2025-08-08T20:48:05","guid":{"rendered":"https:\/\/distribuidorpanelrey.com.mx\/?post_type=product&#038;p=5221"},"modified":"2025-08-18T04:26:46","modified_gmt":"2025-08-18T04:26:46","slug":"flexometro-gipper-contra-impactos","status":"publish","type":"product","link":"https:\/\/distribuidorpanelrey.com.mx\/producto\/flexometro-gipper-contra-impactos\/","title":{"rendered":"FLEXOMETRO GIPPER CONTRA IMPACTOS"},"content":{"rendered":"<h2 data-start=\"137\" data-end=\"190\">Flex\u00f3metro Gripper Truper \u2013 Resistente a Impactos<\/h2>\n<p data-start=\"192\" data-end=\"693\">Flex\u00f3metro profesional de alta resistencia con carcasa de ABS y cubierta de TPR que absorbe impactos. Su cinta met\u00e1lica est\u00e1 impresa por ambos lados, protegida con laca para una mayor durabilidad de la graduaci\u00f3n. Equipa gancho doble (excepto el modelo FH\u20113M) para mediciones desde ambos extremos y clip de palanca para una sujeci\u00f3n firme. Cumple con la norma <strong data-start=\"577\" data-end=\"593\">NOM\u2011046\u2011SCFI<\/strong>, fabricado bajo estrictas especificaciones de Grupo Truper.<span class=\"\" data-state=\"closed\"><span class=\"ms-1 inline-flex max-w-full items-center relative top-[-0.094rem] animate-[show_150ms_ease-in]\"><br \/>\n<\/span><\/span><\/p>\n<hr data-start=\"695\" data-end=\"698\" \/>\n<h3 data-start=\"700\" data-end=\"724\">Modelos disponibles<\/h3>\n<div class=\"_tableContainer_1rjym_1\">\n<div class=\"_tableWrapper_1rjym_13 group flex w-fit flex-col-reverse\" tabindex=\"-1\">\n<table class=\"w-fit min-w-(--thread-content-width)\" data-start=\"726\" data-end=\"1146\">\n<thead data-start=\"726\" data-end=\"801\">\n<tr data-start=\"726\" data-end=\"801\">\n<th data-start=\"726\" data-end=\"736\" data-col-size=\"sm\">Clave<\/th>\n<th data-start=\"736\" data-end=\"749\" data-col-size=\"sm\">Longitud<\/th>\n<th data-start=\"749\" data-end=\"762\" data-col-size=\"sm\">Ancho<\/th>\n<th data-start=\"762\" data-end=\"781\" data-col-size=\"sm\">Espesor de cinta<\/th>\n<th data-start=\"781\" data-end=\"801\" data-col-size=\"sm\">Extensi\u00f3n m\u00e1xima<\/th>\n<\/tr>\n<\/thead>\n<tbody data-start=\"878\" data-end=\"1146\">\n<tr data-start=\"878\" data-end=\"954\">\n<td data-start=\"878\" data-end=\"888\" data-col-size=\"sm\">FH\u20113M<\/td>\n<td data-start=\"888\" data-end=\"902\" data-col-size=\"sm\">3\u202fm (10\u202fft)<\/td>\n<td data-col-size=\"sm\" data-start=\"902\" data-end=\"915\">13\u202fmm<\/td>\n<td data-col-size=\"sm\" data-start=\"915\" data-end=\"934\">0.13\u202fmm<\/td>\n<td data-col-size=\"sm\" data-start=\"934\" data-end=\"954\">1\u202fm<\/td>\n<\/tr>\n<tr data-start=\"955\" data-end=\"1031\">\n<td data-start=\"955\" data-end=\"965\" data-col-size=\"sm\">FH\u20115M<\/td>\n<td data-col-size=\"sm\" data-start=\"965\" data-end=\"979\">5\u202fm (16\u202fft)<\/td>\n<td data-col-size=\"sm\" data-start=\"979\" data-end=\"992\">19\u202fmm<\/td>\n<td data-col-size=\"sm\" data-start=\"992\" data-end=\"1011\">0.13\u202fmm<\/td>\n<td data-col-size=\"sm\" data-start=\"1011\" data-end=\"1031\">2\u202fm<\/td>\n<\/tr>\n<tr data-start=\"1032\" data-end=\"1108\">\n<td data-start=\"1032\" data-end=\"1042\" data-col-size=\"sm\">FH\u20118M<\/td>\n<td data-start=\"1042\" data-end=\"1056\" data-col-size=\"sm\">8\u202fm (26\u202fft)<\/td>\n<td data-start=\"1056\" data-end=\"1069\" data-col-size=\"sm\">25\u202fmm<\/td>\n<td data-start=\"1069\" data-end=\"1088\" data-col-size=\"sm\">0.13\u202fmm<\/td>\n<td data-col-size=\"sm\" data-start=\"1088\" data-end=\"1108\">2.5\u202fm<\/td>\n<\/tr>\n<tr data-start=\"1109\" data-end=\"1146\">\n<td data-start=\"1109\" data-end=\"1146\" data-col-size=\"sm\"><\/td>\n<td data-col-size=\"sm\"><\/td>\n<td data-col-size=\"sm\"><\/td>\n<td data-col-size=\"sm\"><\/td>\n<td data-col-size=\"sm\"><\/td>\n<\/tr>\n<\/tbody>\n<\/table>\n<div class=\"sticky end-(--thread-content-margin) h-0 self-end select-none\">\n<div class=\"absolute end-0 flex items-end\"><\/div>\n<\/div>\n<\/div>\n<\/div>\n<hr data-start=\"1148\" data-end=\"1151\" \/>\n<h3 data-start=\"1153\" data-end=\"1184\">Caracter\u00edsticas destacadas<\/h3>\n<ul data-start=\"1186\" data-end=\"1567\">\n<li data-start=\"1186\" data-end=\"1244\">\n<p data-start=\"1188\" data-end=\"1244\">Carcasa externa de <strong data-start=\"1207\" data-end=\"1220\">ABS + TPR<\/strong> resistente a impactos<\/p>\n<\/li>\n<li data-start=\"1245\" data-end=\"1315\">\n<p data-start=\"1247\" data-end=\"1315\">Cinta visible en ambos lados, protegida con <strong data-start=\"1291\" data-end=\"1313\">laca anti-desgaste<\/strong><\/p>\n<\/li>\n<li data-start=\"1316\" data-end=\"1379\">\n<p data-start=\"1318\" data-end=\"1379\"><strong data-start=\"1318\" data-end=\"1334\">Gancho doble<\/strong> para mediciones vers\u00e1tiles (excluye FH\u20113M)<\/p>\n<\/li>\n<li data-start=\"1380\" data-end=\"1451\">\n<p data-start=\"1382\" data-end=\"1451\"><strong data-start=\"1382\" data-end=\"1401\">Clip de palanca<\/strong> para una fijaci\u00f3n segura en cintur\u00f3n o bolsillo<\/p>\n<\/li>\n<li data-start=\"1452\" data-end=\"1567\">\n<p data-start=\"1454\" data-end=\"1567\">Fabricado conforme a normas de calidad y durabilidad del <strong data-start=\"1511\" data-end=\"1527\">Grupo Truper<\/strong><\/p>\n<\/li>\n<\/ul>\n<p>&nbsp;<\/p>\n<p style=\"text-align: center;\">En\u00a0<strong data-start=\"82\" data-end=\"115\">Distribuidor Panel Rey M\u00e9xico<\/strong> encuentras calidad y confianza en productos <strong>Acero.<\/strong><br data-start=\"173\" data-end=\"176\" \/>\u2705 Env\u00edos a toda la Rep\u00fablica Mexicana. \u00a1Pregunta por nuestras promociones vigentes!<br data-start=\"259\" data-end=\"262\" data-is-only-node=\"\" \/>\u2705 Todos los precios incluyen IVA (sujetos a cambio sin previo aviso).<br data-start=\"331\" data-end=\"334\" \/>\u2705 Im\u00e1genes ilustrativas, el producto final puede presentar ligeras variaciones.<br data-start=\"413\" data-end=\"416\" \/>\ud83d\udcac \u00bfTienes dudas? Escr\u00edbenos por\u00a0<a href=\"https:\/\/www.facebook.com\/mexicopanelrey\">Facebook<\/a>\u00a0o\u00a0<a href=\"https:\/\/www.instagram.com\/panel_rey_mexico\/\">Instagram<\/a>.<br data-start=\"470\" data-end=\"473\" \/>\ud83d\udcde Tel:\u00a0<a href=\"tel:55 7397 6243\">55 7397 6243<\/a>\u00a0| WhatsApp:\u00a0<a href=\"https:\/\/api.whatsapp.com\/send?phone=525573976243\">5573976243<\/a><br data-start=\"518\" data-end=\"521\" \/>\ud83d\udce7\u00a0<a class=\"cursor-pointer\" href=\"mailto:ventas@distribuidorpanelrey.com\" rel=\"noopener\" data-start=\"524\" data-end=\"555\">ventas@distribuidorpanelrey.com<\/a><\/p>\n","protected":false},"excerpt":{"rendered":"<h4 style=\"text-align: center;\">Env\u00edos de 24 a 48 hr CDMX Y EDO MEX<\/h4>\n<p style=\"text-align: center;\">Rese\u00f1as\u00a0\u2605\u2605\u2605\u2605\u2605\u00a0 Env\u00edos Garantizados<\/p>\n<h4 style=\"text-align: center;\">\ud83d\udd25LOS MEJORES PRECIOS \ud83d\udd25<\/h4>\n","protected":false},"featured_media":5181,"comment_status":"closed","ping_status":"closed","template":"","meta":[],"product_brand":[562],"product_cat":[548,853],"product_tag":[895,896,897,893,892,894,891,361],"class_list":{"0":"post-5221","1":"product","2":"type-product","3":"status-publish","4":"has-post-thumbnail","6":"product_brand-truper","7":"product_cat-accesorios-y-herramientas","8":"product_cat-flexometros","9":"product_tag-3-m-cinta-13-mm","10":"product_tag-5-m-cinta-19-mm","11":"product_tag-8-m-cinta-25-mm","12":"product_tag-contra-impactos","13":"product_tag-flexometro","14":"product_tag-flexometro-gipper","15":"product_tag-flexometro-gipper-contra-impactos","16":"product_tag-truper","18":"first","19":"instock","20":"shipping-taxable","21":"purchasable","22":"product-type-variable"},"yoast_head":"<!-- This site is optimized with the Yoast SEO plugin v27.1.1 - https:\/\/yoast.com\/product\/yoast-seo-wordpress\/ -->\n<title>FLEXOMETRO GIPPER CONTRA IMPACTOS - PANEL REY MEXICO<\/title>\n<meta name=\"description\" content=\"Flex\u00f3metro Truper Gripper (3, 5 u 8\u202fm) con carcasa anti-impacto, cinta recubierta de laca y gancho doble para medici\u00f3n. Resistente, preciso y conforme a norma NOM\u2011046\u2011SCFI.\" \/>\n<meta name=\"robots\" content=\"index, follow, max-snippet:-1, max-image-preview:large, max-video-preview:-1\" \/>\n<link rel=\"canonical\" href=\"https:\/\/distribuidorpanelrey.com.mx\/producto\/flexometro-gipper-contra-impactos\/\" \/>\n<meta property=\"og:locale\" content=\"es_ES\" \/>\n<meta property=\"og:type\" content=\"article\" \/>\n<meta property=\"og:title\" content=\"FLEXOMETRO GIPPER CONTRA IMPACTOS - PANEL REY MEXICO\" \/>\n<meta property=\"og:description\" content=\"Flex\u00f3metro Truper Gripper (3, 5 u 8\u202fm) con carcasa anti-impacto, cinta recubierta de laca y gancho doble para medici\u00f3n. Resistente, preciso y conforme a norma NOM\u2011046\u2011SCFI.\" \/>\n<meta property=\"og:url\" content=\"https:\/\/distribuidorpanelrey.com.mx\/producto\/flexometro-gipper-contra-impactos\/\" \/>\n<meta property=\"og:site_name\" content=\"PANEL REY MEXICO\" \/>\n<meta property=\"article:publisher\" content=\"https:\/\/www.facebook.com\/mexicopanelrey\/?locale=es_LA\" \/>\n<meta property=\"article:modified_time\" content=\"2025-08-18T04:26:46+00:00\" \/>\n<meta property=\"og:image\" content=\"https:\/\/distribuidorpanelrey.com.mx\/wp-content\/uploads\/2025\/08\/flexometro-gripper-3m-cinta-13mm-14577.webp\" \/>\n\t<meta property=\"og:image:width\" content=\"1800\" \/>\n\t<meta property=\"og:image:height\" content=\"1800\" \/>\n\t<meta property=\"og:image:type\" content=\"image\/webp\" \/>\n<meta name=\"twitter:card\" content=\"summary_large_image\" \/>\n<meta name=\"twitter:label1\" content=\"Tiempo de lectura\" \/>\n\t<meta name=\"twitter:data1\" content=\"2 minutos\" \/>\n<script type=\"application\/ld+json\" class=\"yoast-schema-graph\">{\"@context\":\"https:\/\/schema.org\",\"@graph\":[{\"@type\":\"WebPage\",\"@id\":\"https:\/\/distribuidorpanelrey.com.mx\/producto\/flexometro-gipper-contra-impactos\/\",\"url\":\"https:\/\/distribuidorpanelrey.com.mx\/producto\/flexometro-gipper-contra-impactos\/\",\"name\":\"FLEXOMETRO GIPPER CONTRA IMPACTOS - PANEL REY MEXICO\",\"isPartOf\":{\"@id\":\"https:\/\/distribuidorpanelrey.com\/#website\"},\"primaryImageOfPage\":{\"@id\":\"https:\/\/distribuidorpanelrey.com.mx\/producto\/flexometro-gipper-contra-impactos\/#primaryimage\"},\"image\":{\"@id\":\"https:\/\/distribuidorpanelrey.com.mx\/producto\/flexometro-gipper-contra-impactos\/#primaryimage\"},\"thumbnailUrl\":\"https:\/\/distribuidorpanelrey.com.mx\/wp-content\/uploads\/2025\/08\/flexometro-gripper-3m-cinta-13mm-14577.webp\",\"datePublished\":\"2025-08-08T20:48:05+00:00\",\"dateModified\":\"2025-08-18T04:26:46+00:00\",\"description\":\"Flex\u00f3metro Truper Gripper (3, 5 u 8\u202fm) con carcasa anti-impacto, cinta recubierta de laca y gancho doble para medici\u00f3n. Resistente, preciso y conforme a norma NOM\u2011046\u2011SCFI.\",\"breadcrumb\":{\"@id\":\"https:\/\/distribuidorpanelrey.com.mx\/producto\/flexometro-gipper-contra-impactos\/#breadcrumb\"},\"inLanguage\":\"es\",\"potentialAction\":[{\"@type\":\"ReadAction\",\"target\":[\"https:\/\/distribuidorpanelrey.com.mx\/producto\/flexometro-gipper-contra-impactos\/\"]}]},{\"@type\":\"ImageObject\",\"inLanguage\":\"es\",\"@id\":\"https:\/\/distribuidorpanelrey.com.mx\/producto\/flexometro-gipper-contra-impactos\/#primaryimage\",\"url\":\"https:\/\/distribuidorpanelrey.com.mx\/wp-content\/uploads\/2025\/08\/flexometro-gripper-3m-cinta-13mm-14577.webp\",\"contentUrl\":\"https:\/\/distribuidorpanelrey.com.mx\/wp-content\/uploads\/2025\/08\/flexometro-gripper-3m-cinta-13mm-14577.webp\",\"width\":1800,\"height\":1800},{\"@type\":\"BreadcrumbList\",\"@id\":\"https:\/\/distribuidorpanelrey.com.mx\/producto\/flexometro-gipper-contra-impactos\/#breadcrumb\",\"itemListElement\":[{\"@type\":\"ListItem\",\"position\":1,\"name\":\"Portada\",\"item\":\"https:\/\/distribuidorpanelrey.com.mx\/\"},{\"@type\":\"ListItem\",\"position\":2,\"name\":\"Productos\",\"item\":\"https:\/\/distribuidorpanelrey.com\/tienda\/\"},{\"@type\":\"ListItem\",\"position\":3,\"name\":\"FLEXOMETRO GIPPER CONTRA IMPACTOS\"}]},{\"@type\":\"WebSite\",\"@id\":\"https:\/\/distribuidorpanelrey.com\/#website\",\"url\":\"https:\/\/distribuidorpanelrey.com\/\",\"name\":\"PANEL REY MEXICO\",\"description\":\"DISTRIBUIDOR PANEL REY\",\"publisher\":{\"@id\":\"https:\/\/distribuidorpanelrey.com\/#organization\"},\"alternateName\":\"DISTRIBUIDOR PANEL REY\",\"potentialAction\":[{\"@type\":\"SearchAction\",\"target\":{\"@type\":\"EntryPoint\",\"urlTemplate\":\"https:\/\/distribuidorpanelrey.com\/?s={search_term_string}\"},\"query-input\":{\"@type\":\"PropertyValueSpecification\",\"valueRequired\":true,\"valueName\":\"search_term_string\"}}],\"inLanguage\":\"es\"},{\"@type\":\"Organization\",\"@id\":\"https:\/\/distribuidorpanelrey.com\/#organization\",\"name\":\"PANEL REY MEXICO\",\"url\":\"https:\/\/distribuidorpanelrey.com\/\",\"logo\":{\"@type\":\"ImageObject\",\"inLanguage\":\"es\",\"@id\":\"https:\/\/distribuidorpanelrey.com\/#\/schema\/logo\/image\/\",\"url\":\"https:\/\/distribuidorpanelrey.com.mx\/wp-content\/uploads\/2023\/11\/panelrey.webp\",\"contentUrl\":\"https:\/\/distribuidorpanelrey.com.mx\/wp-content\/uploads\/2023\/11\/panelrey.webp\",\"width\":400,\"height\":150,\"caption\":\"PANEL REY MEXICO\"},\"image\":{\"@id\":\"https:\/\/distribuidorpanelrey.com\/#\/schema\/logo\/image\/\"},\"sameAs\":[\"https:\/\/www.facebook.com\/mexicopanelrey\/?locale=es_LA\",\"https:\/\/www.instagram.com\/panel_rey_mexico\/?hl=es\"]}]}<\/script>\n<!-- \/ Yoast SEO plugin. -->","yoast_head_json":{"title":"FLEXOMETRO GIPPER CONTRA IMPACTOS - PANEL REY MEXICO","description":"Flex\u00f3metro Truper Gripper (3, 5 u 8\u202fm) con carcasa anti-impacto, cinta recubierta de laca y gancho doble para medici\u00f3n. Resistente, preciso y conforme a norma NOM\u2011046\u2011SCFI.","robots":{"index":"index","follow":"follow","max-snippet":"max-snippet:-1","max-image-preview":"max-image-preview:large","max-video-preview":"max-video-preview:-1"},"canonical":"https:\/\/distribuidorpanelrey.com.mx\/producto\/flexometro-gipper-contra-impactos\/","og_locale":"es_ES","og_type":"article","og_title":"FLEXOMETRO GIPPER CONTRA IMPACTOS - PANEL REY MEXICO","og_description":"Flex\u00f3metro Truper Gripper (3, 5 u 8\u202fm) con carcasa anti-impacto, cinta recubierta de laca y gancho doble para medici\u00f3n. Resistente, preciso y conforme a norma NOM\u2011046\u2011SCFI.","og_url":"https:\/\/distribuidorpanelrey.com.mx\/producto\/flexometro-gipper-contra-impactos\/","og_site_name":"PANEL REY MEXICO","article_publisher":"https:\/\/www.facebook.com\/mexicopanelrey\/?locale=es_LA","article_modified_time":"2025-08-18T04:26:46+00:00","og_image":[{"width":1800,"height":1800,"url":"https:\/\/distribuidorpanelrey.com.mx\/wp-content\/uploads\/2025\/08\/flexometro-gripper-3m-cinta-13mm-14577.webp","type":"image\/webp"}],"twitter_card":"summary_large_image","twitter_misc":{"Tiempo de lectura":"2 minutos"},"schema":{"@context":"https:\/\/schema.org","@graph":[{"@type":"WebPage","@id":"https:\/\/distribuidorpanelrey.com.mx\/producto\/flexometro-gipper-contra-impactos\/","url":"https:\/\/distribuidorpanelrey.com.mx\/producto\/flexometro-gipper-contra-impactos\/","name":"FLEXOMETRO GIPPER CONTRA IMPACTOS - PANEL REY MEXICO","isPartOf":{"@id":"https:\/\/distribuidorpanelrey.com\/#website"},"primaryImageOfPage":{"@id":"https:\/\/distribuidorpanelrey.com.mx\/producto\/flexometro-gipper-contra-impactos\/#primaryimage"},"image":{"@id":"https:\/\/distribuidorpanelrey.com.mx\/producto\/flexometro-gipper-contra-impactos\/#primaryimage"},"thumbnailUrl":"https:\/\/distribuidorpanelrey.com.mx\/wp-content\/uploads\/2025\/08\/flexometro-gripper-3m-cinta-13mm-14577.webp","datePublished":"2025-08-08T20:48:05+00:00","dateModified":"2025-08-18T04:26:46+00:00","description":"Flex\u00f3metro Truper Gripper (3, 5 u 8\u202fm) con carcasa anti-impacto, cinta recubierta de laca y gancho doble para medici\u00f3n. Resistente, preciso y conforme a norma NOM\u2011046\u2011SCFI.","breadcrumb":{"@id":"https:\/\/distribuidorpanelrey.com.mx\/producto\/flexometro-gipper-contra-impactos\/#breadcrumb"},"inLanguage":"es","potentialAction":[{"@type":"ReadAction","target":["https:\/\/distribuidorpanelrey.com.mx\/producto\/flexometro-gipper-contra-impactos\/"]}]},{"@type":"ImageObject","inLanguage":"es","@id":"https:\/\/distribuidorpanelrey.com.mx\/producto\/flexometro-gipper-contra-impactos\/#primaryimage","url":"https:\/\/distribuidorpanelrey.com.mx\/wp-content\/uploads\/2025\/08\/flexometro-gripper-3m-cinta-13mm-14577.webp","contentUrl":"https:\/\/distribuidorpanelrey.com.mx\/wp-content\/uploads\/2025\/08\/flexometro-gripper-3m-cinta-13mm-14577.webp","width":1800,"height":1800},{"@type":"BreadcrumbList","@id":"https:\/\/distribuidorpanelrey.com.mx\/producto\/flexometro-gipper-contra-impactos\/#breadcrumb","itemListElement":[{"@type":"ListItem","position":1,"name":"Portada","item":"https:\/\/distribuidorpanelrey.com.mx\/"},{"@type":"ListItem","position":2,"name":"Productos","item":"https:\/\/distribuidorpanelrey.com\/tienda\/"},{"@type":"ListItem","position":3,"name":"FLEXOMETRO GIPPER CONTRA IMPACTOS"}]},{"@type":"WebSite","@id":"https:\/\/distribuidorpanelrey.com\/#website","url":"https:\/\/distribuidorpanelrey.com\/","name":"PANEL REY MEXICO","description":"DISTRIBUIDOR PANEL REY","publisher":{"@id":"https:\/\/distribuidorpanelrey.com\/#organization"},"alternateName":"DISTRIBUIDOR PANEL REY","potentialAction":[{"@type":"SearchAction","target":{"@type":"EntryPoint","urlTemplate":"https:\/\/distribuidorpanelrey.com\/?s={search_term_string}"},"query-input":{"@type":"PropertyValueSpecification","valueRequired":true,"valueName":"search_term_string"}}],"inLanguage":"es"},{"@type":"Organization","@id":"https:\/\/distribuidorpanelrey.com\/#organization","name":"PANEL REY MEXICO","url":"https:\/\/distribuidorpanelrey.com\/","logo":{"@type":"ImageObject","inLanguage":"es","@id":"https:\/\/distribuidorpanelrey.com\/#\/schema\/logo\/image\/","url":"https:\/\/distribuidorpanelrey.com.mx\/wp-content\/uploads\/2023\/11\/panelrey.webp","contentUrl":"https:\/\/distribuidorpanelrey.com.mx\/wp-content\/uploads\/2023\/11\/panelrey.webp","width":400,"height":150,"caption":"PANEL REY MEXICO"},"image":{"@id":"https:\/\/distribuidorpanelrey.com\/#\/schema\/logo\/image\/"},"sameAs":["https:\/\/www.facebook.com\/mexicopanelrey\/?locale=es_LA","https:\/\/www.instagram.com\/panel_rey_mexico\/?hl=es"]}]}},"_links":{"self":[{"href":"https:\/\/distribuidorpanelrey.com.mx\/wp-json\/wp\/v2\/product\/5221","targetHints":{"allow":["GET"]}}],"collection":[{"href":"https:\/\/distribuidorpanelrey.com.mx\/wp-json\/wp\/v2\/product"}],"about":[{"href":"https:\/\/distribuidorpanelrey.com.mx\/wp-json\/wp\/v2\/types\/product"}],"replies":[{"embeddable":true,"href":"https:\/\/distribuidorpanelrey.com.mx\/wp-json\/wp\/v2\/comments?post=5221"}],"version-history":[{"count":1,"href":"https:\/\/distribuidorpanelrey.com.mx\/wp-json\/wp\/v2\/product\/5221\/revisions"}],"predecessor-version":[{"id":5225,"href":"https:\/\/distribuidorpanelrey.com.mx\/wp-json\/wp\/v2\/product\/5221\/revisions\/5225"}],"wp:featuredmedia":[{"embeddable":true,"href":"https:\/\/distribuidorpanelrey.com.mx\/wp-json\/wp\/v2\/media\/5181"}],"wp:attachment":[{"href":"https:\/\/distribuidorpanelrey.com.mx\/wp-json\/wp\/v2\/media?parent=5221"}],"wp:term":[{"taxonomy":"product_brand","embeddable":true,"href":"https:\/\/distribuidorpanelrey.com.mx\/wp-json\/wp\/v2\/product_brand?post=5221"},{"taxonomy":"product_cat","embeddable":true,"href":"https:\/\/distribuidorpanelrey.com.mx\/wp-json\/wp\/v2\/product_cat?post=5221"},{"taxonomy":"product_tag","embeddable":true,"href":"https:\/\/distribuidorpanelrey.com.mx\/wp-json\/wp\/v2\/product_tag?post=5221"}],"curies":[{"name":"wp","href":"https:\/\/api.w.org\/{rel}","templated":true}]}}