{"id":5288,"date":"2025-08-08T23:56:16","date_gmt":"2025-08-08T23:56:16","guid":{"rendered":"https:\/\/distribuidorpanelrey.com.mx\/?post_type=product&#038;p=5288"},"modified":"2025-08-18T04:26:41","modified_gmt":"2025-08-18T04:26:41","slug":"cable-de-posicinamiento-cuerda-de-poliester-2m","status":"publish","type":"product","link":"https:\/\/distribuidorpanelrey.com.mx\/producto\/cable-de-posicinamiento-cuerda-de-poliester-2m\/","title":{"rendered":"CABLE DE POSICINAMIENTO CUERDA DE POLIESTER 2m"},"content":{"rendered":"<h3 data-start=\"148\" data-end=\"227\">Cable de Posicionamiento con 2 Ganchos de 2 m \u2013 Truper (C\u00f3digo 14436)<\/h3>\n<p data-start=\"229\" data-end=\"366\"><span class=\"relative -mx-px my-[-0.2rem] rounded px-px py-[0.2rem] transition-colors duration-100 ease-in-out\">Cable de posicionamiento de alta resistencia, ideal para trabajos en alturas. Con una longitud de 2 metros, est\u00e1 fabricado con cuerda trenzada de poli\u00e9ster de 17 mm de di\u00e1metro y equipado con dos ganchos de acero forjado con mecanismo de doble bloqueo para mayor seguridad. Dise\u00f1ado para conectarse a los anillos \u201cD\u201d laterales del arn\u00e9s, limitando el movimiento del usuario. No apto para escalar.<\/span><\/p>\n<hr data-start=\"368\" data-end=\"371\" \/>\n<h3 data-start=\"373\" data-end=\"407\">\ud83d\udd27 Caracter\u00edsticas principales<\/h3>\n<ul data-start=\"409\" data-end=\"1055\">\n<li data-start=\"409\" data-end=\"462\">\n<p data-start=\"411\" data-end=\"462\"><strong data-start=\"411\" data-end=\"424\">Material:<\/strong> <span class=\"relative -mx-px my-[-0.2rem] rounded px-px py-[0.2rem] transition-colors duration-100 ease-in-out\">Cuerda trenzada de poli\u00e9ster<\/span><\/p>\n<\/li>\n<li data-start=\"463\" data-end=\"529\">\n<p data-start=\"465\" data-end=\"529\"><strong data-start=\"465\" data-end=\"491\">Di\u00e1metro de la cuerda:<\/strong> <span class=\"relative -mx-px my-[-0.2rem] rounded px-px py-[0.2rem] transition-colors duration-100 ease-in-out\">17 mm<\/span><\/p>\n<\/li>\n<li data-start=\"530\" data-end=\"585\">\n<p data-start=\"532\" data-end=\"585\"><strong data-start=\"532\" data-end=\"545\">Longitud:<\/strong> <span class=\"relative -mx-px my-[-0.2rem] rounded px-px py-[0.2rem] transition-colors duration-100 ease-in-out\">2 metros<\/span><\/p>\n<\/li>\n<li data-start=\"586\" data-end=\"640\">\n<p data-start=\"588\" data-end=\"640\"><strong data-start=\"588\" data-end=\"600\">Ganchos:<\/strong> <span class=\"relative -mx-px my-[-0.2rem] rounded px-px py-[0.2rem] transition-colors duration-100 ease-in-out\">Acero forjado con doble bloqueo<\/span><\/p>\n<\/li>\n<li data-start=\"641\" data-end=\"712\">\n<p data-start=\"643\" data-end=\"712\"><strong data-start=\"643\" data-end=\"672\">Resistencia a la tensi\u00f3n:<\/strong> <span class=\"relative -mx-px my-[-0.2rem] rounded px-px py-[0.2rem] transition-colors duration-100 ease-in-out\">5,000 lb (2,268 kg)<\/span><\/p>\n<\/li>\n<li data-start=\"713\" data-end=\"783\">\n<p data-start=\"715\" data-end=\"783\"><strong data-start=\"715\" data-end=\"743\">Resistencia de linguete:<\/strong> <span class=\"relative -mx-px my-[-0.2rem] rounded px-px py-[0.2rem] transition-colors duration-100 ease-in-out\">350 lb (1.55 kN)<\/span><\/p>\n<\/li>\n<li data-start=\"784\" data-end=\"846\">\n<p data-start=\"786\" data-end=\"846\"><strong data-start=\"786\" data-end=\"806\">Uso recomendado:<\/strong> <span class=\"relative -mx-px my-[-0.2rem] rounded px-px py-[0.2rem] transition-colors duration-100 ease-in-out\">Conexi\u00f3n a anillos \u201cD\u201d laterales del arn\u00e9s para limitar el movimiento<\/span><\/p>\n<\/li>\n<li data-start=\"847\" data-end=\"905\">\n<p data-start=\"849\" data-end=\"905\"><strong data-start=\"849\" data-end=\"865\">Fabricaci\u00f3n:<\/strong> <span class=\"relative -mx-px my-[-0.2rem] rounded px-px py-[0.2rem] transition-colors duration-100 ease-in-out\">China, bajo las especificaciones de Grupo Truper<\/span><\/p>\n<\/li>\n<li data-start=\"906\" data-end=\"960\">\n<p data-start=\"908\" data-end=\"960\"><strong data-start=\"908\" data-end=\"920\">Empaque:<\/strong> <span class=\"relative -mx-px my-[-0.2rem] rounded px-px py-[0.2rem] transition-colors duration-100 ease-in-out\">Individual en bl\u00edster<\/span><\/p>\n<\/li>\n<li data-start=\"961\" data-end=\"1055\">\n<p data-start=\"963\" data-end=\"1055\"><strong data-start=\"963\" data-end=\"976\">Garant\u00eda:<\/strong> <span class=\"relative -mx-px my-[-0.2rem] rounded px-px py-[0.2rem] transition-colors duration-100 ease-in-out\">Contra defectos de fabricaci\u00f3n o mano de obra<\/span><\/p>\n<\/li>\n<\/ul>\n<hr data-start=\"1057\" data-end=\"1060\" \/>\n<h3 data-start=\"1062\" data-end=\"1094\">\ud83d\udce6 Especificaciones t\u00e9cnicas<\/h3>\n<div class=\"_tableContainer_1rjym_1\">\n<div class=\"_tableWrapper_1rjym_13 group flex w-fit flex-col-reverse\" tabindex=\"-1\">\n<table class=\"w-fit min-w-(--thread-content-width)\" data-start=\"1096\" data-end=\"2413\">\n<thead data-start=\"1096\" data-end=\"1158\">\n<tr data-start=\"1096\" data-end=\"1158\">\n<th data-start=\"1096\" data-end=\"1130\" data-col-size=\"sm\">Especificaci\u00f3n<\/th>\n<th data-start=\"1130\" data-end=\"1158\" data-col-size=\"sm\">Detalle<\/th>\n<\/tr>\n<\/thead>\n<tbody data-start=\"1222\" data-end=\"2413\">\n<tr data-start=\"1222\" data-end=\"1347\">\n<td data-start=\"1222\" data-end=\"1285\" data-col-size=\"sm\"><span class=\"relative -mx-px my-[-0.2rem] rounded px-px py-[0.2rem] transition-colors duration-100 ease-in-out\"><strong data-start=\"0\" data-end=\"10\" data-is-last-node=\"\" data-is-only-node=\"\">C\u00f3digo<\/strong><\/span><\/td>\n<td data-start=\"1285\" data-end=\"1347\" data-col-size=\"sm\"><span class=\"relative -mx-px my-[-0.2rem] rounded px-px py-[0.2rem] transition-colors duration-100 ease-in-out\">14436<\/span><\/td>\n<\/tr>\n<tr data-start=\"1348\" data-end=\"1468\">\n<td data-start=\"1348\" data-end=\"1412\" data-col-size=\"sm\"><span class=\"relative -mx-px my-[-0.2rem] rounded px-px py-[0.2rem] transition-colors duration-100 ease-in-out\"><strong data-start=\"0\" data-end=\"9\" data-is-last-node=\"\" data-is-only-node=\"\">Clave<\/strong><\/span><\/td>\n<td data-start=\"1412\" data-end=\"1468\" data-col-size=\"sm\"><span class=\"relative -mx-px my-[-0.2rem] rounded px-px py-[0.2rem] transition-colors duration-100 ease-in-out\">CAB-5489-20<\/span><\/td>\n<\/tr>\n<tr data-start=\"1469\" data-end=\"1558\">\n<td data-start=\"1469\" data-end=\"1530\" data-col-size=\"sm\"><span class=\"relative -mx-px my-[-0.2rem] rounded px-px py-[0.2rem] transition-colors duration-100 ease-in-out\"><strong data-start=\"0\" data-end=\"12\" data-is-last-node=\"\" data-is-only-node=\"\">Longitud<\/strong><\/span><\/td>\n<td data-start=\"1530\" data-end=\"1558\" data-col-size=\"sm\">2 m<\/td>\n<\/tr>\n<tr data-start=\"1559\" data-end=\"1669\">\n<td data-start=\"1559\" data-end=\"1607\" data-col-size=\"sm\"><span class=\"relative -mx-px my-[-0.2rem] rounded px-px py-[0.2rem] transition-colors duration-100 ease-in-out\"><strong data-start=\"0\" data-end=\"25\" data-is-last-node=\"\" data-is-only-node=\"\">Di\u00e1metro de la cuerda<\/strong><\/span><\/td>\n<td data-start=\"1607\" data-end=\"1669\" data-col-size=\"sm\"><span class=\"relative -mx-px my-[-0.2rem] rounded px-px py-[0.2rem] transition-colors duration-100 ease-in-out\">17 mm<\/span><\/td>\n<\/tr>\n<tr data-start=\"1670\" data-end=\"1763\">\n<td data-start=\"1670\" data-end=\"1715\" data-col-size=\"sm\"><span class=\"relative -mx-px my-[-0.2rem] rounded px-px py-[0.2rem] transition-colors duration-100 ease-in-out\"><strong data-start=\"0\" data-end=\"28\" data-is-last-node=\"\" data-is-only-node=\"\">Resistencia a la tensi\u00f3n<\/strong><\/span><\/td>\n<td data-start=\"1715\" data-end=\"1763\" data-col-size=\"sm\"><span class=\"relative -mx-px my-[-0.2rem] rounded px-px py-[0.2rem] transition-colors duration-100 ease-in-out\">5,000 lb (2,268 kg)<\/span><\/td>\n<\/tr>\n<tr data-start=\"1764\" data-end=\"1861\">\n<td data-start=\"1764\" data-end=\"1810\" data-col-size=\"sm\"><span class=\"relative -mx-px my-[-0.2rem] rounded px-px py-[0.2rem] transition-colors duration-100 ease-in-out\"><strong data-start=\"0\" data-end=\"27\" data-is-last-node=\"\" data-is-only-node=\"\">Resistencia de linguete<\/strong><\/span><\/td>\n<td data-start=\"1810\" data-end=\"1861\" data-col-size=\"sm\"><span class=\"relative -mx-px my-[-0.2rem] rounded px-px py-[0.2rem] transition-colors duration-100 ease-in-out\">350 lb (1.55 kN)<\/span><\/td>\n<\/tr>\n<tr data-start=\"1862\" data-end=\"1973\">\n<td data-start=\"1862\" data-end=\"1913\" data-col-size=\"sm\"><span class=\"relative -mx-px my-[-0.2rem] rounded px-px py-[0.2rem] transition-colors duration-100 ease-in-out\"><strong data-start=\"0\" data-end=\"22\" data-is-last-node=\"\" data-is-only-node=\"\">Empaque individual<\/strong><\/span><\/td>\n<td data-start=\"1913\" data-end=\"1973\" data-col-size=\"sm\"><span class=\"relative -mx-px my-[-0.2rem] rounded px-px py-[0.2rem] transition-colors duration-100 ease-in-out\">Bl\u00edster<\/span><\/td>\n<\/tr>\n<tr data-start=\"1974\" data-end=\"2095\">\n<td data-start=\"1974\" data-end=\"2038\" data-col-size=\"sm\"><span class=\"relative -mx-px my-[-0.2rem] rounded px-px py-[0.2rem] transition-colors duration-100 ease-in-out\"><strong data-start=\"0\" data-end=\"9\" data-is-last-node=\"\" data-is-only-node=\"\">Inner<\/strong><\/span><\/td>\n<td data-start=\"2038\" data-end=\"2095\" data-col-size=\"sm\"><span class=\"relative -mx-px my-[-0.2rem] rounded px-px py-[0.2rem] transition-colors duration-100 ease-in-out\">2 unidades<\/span><\/td>\n<\/tr>\n<tr data-start=\"2096\" data-end=\"2215\">\n<td data-start=\"2096\" data-end=\"2159\" data-col-size=\"sm\"><span class=\"relative -mx-px my-[-0.2rem] rounded px-px py-[0.2rem] transition-colors duration-100 ease-in-out\"><strong data-start=\"0\" data-end=\"10\" data-is-last-node=\"\" data-is-only-node=\"\">Master<\/strong><\/span><\/td>\n<td data-start=\"2159\" data-end=\"2215\" data-col-size=\"sm\"><span class=\"relative -mx-px my-[-0.2rem] rounded px-px py-[0.2rem] transition-colors duration-100 ease-in-out\">24 unidades<\/span><\/td>\n<\/tr>\n<tr data-start=\"2216\" data-end=\"2413\">\n<td data-start=\"2216\" data-end=\"2279\" data-col-size=\"sm\"><span class=\"relative -mx-px my-[-0.2rem] rounded px-px py-[0.2rem] transition-colors duration-100 ease-in-out\"><strong data-start=\"0\" data-end=\"10\" data-is-last-node=\"\" data-is-only-node=\"\">Pallet<\/strong><\/span><\/td>\n<td data-start=\"2279\" data-end=\"2333\" data-col-size=\"sm\"><span class=\"relative -mx-px my-[-0.2rem] rounded px-px py-[0.2rem] transition-colors duration-100 ease-in-out\">288 unidades<\/span><\/td>\n<\/tr>\n<\/tbody>\n<\/table>\n<p style=\"text-align: center;\">En\u00a0<strong data-start=\"82\" data-end=\"115\">Distribuidor Panel Rey M\u00e9xico<\/strong> encuentras calidad y confianza en productos <strong>Acero.<\/strong><br data-start=\"173\" data-end=\"176\" \/>\u2705 Env\u00edos a toda la Rep\u00fablica Mexicana. \u00a1Pregunta por nuestras promociones vigentes!<br data-start=\"259\" data-end=\"262\" data-is-only-node=\"\" \/>\u2705 Todos los precios incluyen IVA (sujetos a cambio sin previo aviso).<br data-start=\"331\" data-end=\"334\" \/>\u2705 Im\u00e1genes ilustrativas, el producto final puede presentar ligeras variaciones.<br data-start=\"413\" data-end=\"416\" \/>\ud83d\udcac \u00bfTienes dudas? Escr\u00edbenos por\u00a0<a href=\"https:\/\/www.facebook.com\/mexicopanelrey\">Facebook<\/a>\u00a0o\u00a0<a href=\"https:\/\/www.instagram.com\/panel_rey_mexico\/\">Instagram<\/a>.<br data-start=\"470\" data-end=\"473\" \/>\ud83d\udcde Tel:\u00a0<a href=\"tel:55 7397 6243\">55 7397 6243<\/a>\u00a0| WhatsApp:\u00a0<a href=\"https:\/\/api.whatsapp.com\/send?phone=525573976243\">5573976243<\/a><br data-start=\"518\" data-end=\"521\" \/>\ud83d\udce7\u00a0<a class=\"cursor-pointer\" href=\"mailto:ventas@distribuidorpanelrey.com\" rel=\"noopener\" data-start=\"524\" data-end=\"555\">ventas@distribuidorpanelrey.com<\/a><\/p>\n<\/div>\n<\/div>\n","protected":false},"excerpt":{"rendered":"<h4 style=\"text-align: center;\">Env\u00edos de 24 a 48 hr CDMX Y EDO MEX<\/h4>\n<p style=\"text-align: center;\">Rese\u00f1as\u00a0\u2605\u2605\u2605\u2605\u2605\u00a0 Env\u00edos Garantizados<\/p>\n<h4 style=\"text-align: center;\">\ud83d\udd25LOS MEJORES PRECIOS \ud83d\udd25<\/h4>\n","protected":false},"featured_media":5284,"comment_status":"closed","ping_status":"closed","template":"","meta":[],"product_brand":[562],"product_cat":[548,932],"product_tag":[939,934,938,940,935,361],"class_list":{"0":"post-5288","1":"product","2":"type-product","3":"status-publish","4":"has-post-thumbnail","6":"product_brand-truper","7":"product_cat-accesorios-y-herramientas","8":"product_cat-arnes-y-cable","9":"product_tag-2m","10":"product_tag-cable-de-posicinamiento","11":"product_tag-cable-de-posicinamiento-cuerda-de-poliester-2m","12":"product_tag-cuerda","13":"product_tag-cuerda-de-poliester","14":"product_tag-truper","16":"first","17":"instock","18":"shipping-taxable","19":"purchasable","20":"product-type-simple"},"yoast_head":"<!-- This site is optimized with the Yoast SEO plugin v27.1.1 - https:\/\/yoast.com\/product\/yoast-seo-wordpress\/ -->\n<title>CABLE DE POSICINAMIENTO CUERDA DE POLIESTER 2m - PANEL REY MEXICO<\/title>\n<meta name=\"description\" content=\"Cable Truper de 2 m con 2 ganchos de acero forjado para posicionamiento en trabajos en alturas. Resistencia de 5,000 lb, cuerda de poli\u00e9ster de 17 mm y mecanismo de doble bloqueo.\" \/>\n<meta name=\"robots\" content=\"index, follow, max-snippet:-1, max-image-preview:large, max-video-preview:-1\" \/>\n<link rel=\"canonical\" href=\"https:\/\/distribuidorpanelrey.com.mx\/producto\/cable-de-posicinamiento-cuerda-de-poliester-2m\/\" \/>\n<meta property=\"og:locale\" content=\"es_ES\" \/>\n<meta property=\"og:type\" content=\"article\" \/>\n<meta property=\"og:title\" content=\"CABLE DE POSICINAMIENTO CUERDA DE POLIESTER 2m - PANEL REY MEXICO\" \/>\n<meta property=\"og:description\" content=\"Cable Truper de 2 m con 2 ganchos de acero forjado para posicionamiento en trabajos en alturas. Resistencia de 5,000 lb, cuerda de poli\u00e9ster de 17 mm y mecanismo de doble bloqueo.\" \/>\n<meta property=\"og:url\" content=\"https:\/\/distribuidorpanelrey.com.mx\/producto\/cable-de-posicinamiento-cuerda-de-poliester-2m\/\" \/>\n<meta property=\"og:site_name\" content=\"PANEL REY MEXICO\" \/>\n<meta property=\"article:publisher\" content=\"https:\/\/www.facebook.com\/mexicopanelrey\/?locale=es_LA\" \/>\n<meta property=\"article:modified_time\" content=\"2025-08-18T04:26:41+00:00\" \/>\n<meta property=\"og:image\" content=\"https:\/\/distribuidorpanelrey.com.mx\/wp-content\/uploads\/2025\/08\/CABLE-14436.webp\" \/>\n\t<meta property=\"og:image:width\" content=\"1800\" \/>\n\t<meta property=\"og:image:height\" content=\"1800\" \/>\n\t<meta property=\"og:image:type\" content=\"image\/webp\" \/>\n<meta name=\"twitter:card\" content=\"summary_large_image\" \/>\n<meta name=\"twitter:label1\" content=\"Tiempo de lectura\" \/>\n\t<meta name=\"twitter:data1\" content=\"2 minutos\" \/>\n<script type=\"application\/ld+json\" class=\"yoast-schema-graph\">{\"@context\":\"https:\/\/schema.org\",\"@graph\":[{\"@type\":\"WebPage\",\"@id\":\"https:\/\/distribuidorpanelrey.com.mx\/producto\/cable-de-posicinamiento-cuerda-de-poliester-2m\/\",\"url\":\"https:\/\/distribuidorpanelrey.com.mx\/producto\/cable-de-posicinamiento-cuerda-de-poliester-2m\/\",\"name\":\"CABLE DE POSICINAMIENTO CUERDA DE POLIESTER 2m - PANEL REY MEXICO\",\"isPartOf\":{\"@id\":\"https:\/\/distribuidorpanelrey.com\/#website\"},\"primaryImageOfPage\":{\"@id\":\"https:\/\/distribuidorpanelrey.com.mx\/producto\/cable-de-posicinamiento-cuerda-de-poliester-2m\/#primaryimage\"},\"image\":{\"@id\":\"https:\/\/distribuidorpanelrey.com.mx\/producto\/cable-de-posicinamiento-cuerda-de-poliester-2m\/#primaryimage\"},\"thumbnailUrl\":\"https:\/\/distribuidorpanelrey.com.mx\/wp-content\/uploads\/2025\/08\/CABLE-14436.webp\",\"datePublished\":\"2025-08-08T23:56:16+00:00\",\"dateModified\":\"2025-08-18T04:26:41+00:00\",\"description\":\"Cable Truper de 2 m con 2 ganchos de acero forjado para posicionamiento en trabajos en alturas. Resistencia de 5,000 lb, cuerda de poli\u00e9ster de 17 mm y mecanismo de doble bloqueo.\",\"breadcrumb\":{\"@id\":\"https:\/\/distribuidorpanelrey.com.mx\/producto\/cable-de-posicinamiento-cuerda-de-poliester-2m\/#breadcrumb\"},\"inLanguage\":\"es\",\"potentialAction\":[{\"@type\":\"ReadAction\",\"target\":[\"https:\/\/distribuidorpanelrey.com.mx\/producto\/cable-de-posicinamiento-cuerda-de-poliester-2m\/\"]}]},{\"@type\":\"ImageObject\",\"inLanguage\":\"es\",\"@id\":\"https:\/\/distribuidorpanelrey.com.mx\/producto\/cable-de-posicinamiento-cuerda-de-poliester-2m\/#primaryimage\",\"url\":\"https:\/\/distribuidorpanelrey.com.mx\/wp-content\/uploads\/2025\/08\/CABLE-14436.webp\",\"contentUrl\":\"https:\/\/distribuidorpanelrey.com.mx\/wp-content\/uploads\/2025\/08\/CABLE-14436.webp\",\"width\":1800,\"height\":1800},{\"@type\":\"BreadcrumbList\",\"@id\":\"https:\/\/distribuidorpanelrey.com.mx\/producto\/cable-de-posicinamiento-cuerda-de-poliester-2m\/#breadcrumb\",\"itemListElement\":[{\"@type\":\"ListItem\",\"position\":1,\"name\":\"Portada\",\"item\":\"https:\/\/distribuidorpanelrey.com.mx\/\"},{\"@type\":\"ListItem\",\"position\":2,\"name\":\"Productos\",\"item\":\"https:\/\/distribuidorpanelrey.com\/tienda\/\"},{\"@type\":\"ListItem\",\"position\":3,\"name\":\"CABLE DE POSICINAMIENTO CUERDA DE POLIESTER 2m\"}]},{\"@type\":\"WebSite\",\"@id\":\"https:\/\/distribuidorpanelrey.com\/#website\",\"url\":\"https:\/\/distribuidorpanelrey.com\/\",\"name\":\"PANEL REY MEXICO\",\"description\":\"DISTRIBUIDOR PANEL REY\",\"publisher\":{\"@id\":\"https:\/\/distribuidorpanelrey.com\/#organization\"},\"alternateName\":\"DISTRIBUIDOR PANEL REY\",\"potentialAction\":[{\"@type\":\"SearchAction\",\"target\":{\"@type\":\"EntryPoint\",\"urlTemplate\":\"https:\/\/distribuidorpanelrey.com\/?s={search_term_string}\"},\"query-input\":{\"@type\":\"PropertyValueSpecification\",\"valueRequired\":true,\"valueName\":\"search_term_string\"}}],\"inLanguage\":\"es\"},{\"@type\":\"Organization\",\"@id\":\"https:\/\/distribuidorpanelrey.com\/#organization\",\"name\":\"PANEL REY MEXICO\",\"url\":\"https:\/\/distribuidorpanelrey.com\/\",\"logo\":{\"@type\":\"ImageObject\",\"inLanguage\":\"es\",\"@id\":\"https:\/\/distribuidorpanelrey.com\/#\/schema\/logo\/image\/\",\"url\":\"https:\/\/distribuidorpanelrey.com.mx\/wp-content\/uploads\/2023\/11\/panelrey.webp\",\"contentUrl\":\"https:\/\/distribuidorpanelrey.com.mx\/wp-content\/uploads\/2023\/11\/panelrey.webp\",\"width\":400,\"height\":150,\"caption\":\"PANEL REY MEXICO\"},\"image\":{\"@id\":\"https:\/\/distribuidorpanelrey.com\/#\/schema\/logo\/image\/\"},\"sameAs\":[\"https:\/\/www.facebook.com\/mexicopanelrey\/?locale=es_LA\",\"https:\/\/www.instagram.com\/panel_rey_mexico\/?hl=es\"]}]}<\/script>\n<!-- \/ Yoast SEO plugin. -->","yoast_head_json":{"title":"CABLE DE POSICINAMIENTO CUERDA DE POLIESTER 2m - PANEL REY MEXICO","description":"Cable Truper de 2 m con 2 ganchos de acero forjado para posicionamiento en trabajos en alturas. Resistencia de 5,000 lb, cuerda de poli\u00e9ster de 17 mm y mecanismo de doble bloqueo.","robots":{"index":"index","follow":"follow","max-snippet":"max-snippet:-1","max-image-preview":"max-image-preview:large","max-video-preview":"max-video-preview:-1"},"canonical":"https:\/\/distribuidorpanelrey.com.mx\/producto\/cable-de-posicinamiento-cuerda-de-poliester-2m\/","og_locale":"es_ES","og_type":"article","og_title":"CABLE DE POSICINAMIENTO CUERDA DE POLIESTER 2m - PANEL REY MEXICO","og_description":"Cable Truper de 2 m con 2 ganchos de acero forjado para posicionamiento en trabajos en alturas. Resistencia de 5,000 lb, cuerda de poli\u00e9ster de 17 mm y mecanismo de doble bloqueo.","og_url":"https:\/\/distribuidorpanelrey.com.mx\/producto\/cable-de-posicinamiento-cuerda-de-poliester-2m\/","og_site_name":"PANEL REY MEXICO","article_publisher":"https:\/\/www.facebook.com\/mexicopanelrey\/?locale=es_LA","article_modified_time":"2025-08-18T04:26:41+00:00","og_image":[{"width":1800,"height":1800,"url":"https:\/\/distribuidorpanelrey.com.mx\/wp-content\/uploads\/2025\/08\/CABLE-14436.webp","type":"image\/webp"}],"twitter_card":"summary_large_image","twitter_misc":{"Tiempo de lectura":"2 minutos"},"schema":{"@context":"https:\/\/schema.org","@graph":[{"@type":"WebPage","@id":"https:\/\/distribuidorpanelrey.com.mx\/producto\/cable-de-posicinamiento-cuerda-de-poliester-2m\/","url":"https:\/\/distribuidorpanelrey.com.mx\/producto\/cable-de-posicinamiento-cuerda-de-poliester-2m\/","name":"CABLE DE POSICINAMIENTO CUERDA DE POLIESTER 2m - PANEL REY MEXICO","isPartOf":{"@id":"https:\/\/distribuidorpanelrey.com\/#website"},"primaryImageOfPage":{"@id":"https:\/\/distribuidorpanelrey.com.mx\/producto\/cable-de-posicinamiento-cuerda-de-poliester-2m\/#primaryimage"},"image":{"@id":"https:\/\/distribuidorpanelrey.com.mx\/producto\/cable-de-posicinamiento-cuerda-de-poliester-2m\/#primaryimage"},"thumbnailUrl":"https:\/\/distribuidorpanelrey.com.mx\/wp-content\/uploads\/2025\/08\/CABLE-14436.webp","datePublished":"2025-08-08T23:56:16+00:00","dateModified":"2025-08-18T04:26:41+00:00","description":"Cable Truper de 2 m con 2 ganchos de acero forjado para posicionamiento en trabajos en alturas. Resistencia de 5,000 lb, cuerda de poli\u00e9ster de 17 mm y mecanismo de doble bloqueo.","breadcrumb":{"@id":"https:\/\/distribuidorpanelrey.com.mx\/producto\/cable-de-posicinamiento-cuerda-de-poliester-2m\/#breadcrumb"},"inLanguage":"es","potentialAction":[{"@type":"ReadAction","target":["https:\/\/distribuidorpanelrey.com.mx\/producto\/cable-de-posicinamiento-cuerda-de-poliester-2m\/"]}]},{"@type":"ImageObject","inLanguage":"es","@id":"https:\/\/distribuidorpanelrey.com.mx\/producto\/cable-de-posicinamiento-cuerda-de-poliester-2m\/#primaryimage","url":"https:\/\/distribuidorpanelrey.com.mx\/wp-content\/uploads\/2025\/08\/CABLE-14436.webp","contentUrl":"https:\/\/distribuidorpanelrey.com.mx\/wp-content\/uploads\/2025\/08\/CABLE-14436.webp","width":1800,"height":1800},{"@type":"BreadcrumbList","@id":"https:\/\/distribuidorpanelrey.com.mx\/producto\/cable-de-posicinamiento-cuerda-de-poliester-2m\/#breadcrumb","itemListElement":[{"@type":"ListItem","position":1,"name":"Portada","item":"https:\/\/distribuidorpanelrey.com.mx\/"},{"@type":"ListItem","position":2,"name":"Productos","item":"https:\/\/distribuidorpanelrey.com\/tienda\/"},{"@type":"ListItem","position":3,"name":"CABLE DE POSICINAMIENTO CUERDA DE POLIESTER 2m"}]},{"@type":"WebSite","@id":"https:\/\/distribuidorpanelrey.com\/#website","url":"https:\/\/distribuidorpanelrey.com\/","name":"PANEL REY MEXICO","description":"DISTRIBUIDOR PANEL REY","publisher":{"@id":"https:\/\/distribuidorpanelrey.com\/#organization"},"alternateName":"DISTRIBUIDOR PANEL REY","potentialAction":[{"@type":"SearchAction","target":{"@type":"EntryPoint","urlTemplate":"https:\/\/distribuidorpanelrey.com\/?s={search_term_string}"},"query-input":{"@type":"PropertyValueSpecification","valueRequired":true,"valueName":"search_term_string"}}],"inLanguage":"es"},{"@type":"Organization","@id":"https:\/\/distribuidorpanelrey.com\/#organization","name":"PANEL REY MEXICO","url":"https:\/\/distribuidorpanelrey.com\/","logo":{"@type":"ImageObject","inLanguage":"es","@id":"https:\/\/distribuidorpanelrey.com\/#\/schema\/logo\/image\/","url":"https:\/\/distribuidorpanelrey.com.mx\/wp-content\/uploads\/2023\/11\/panelrey.webp","contentUrl":"https:\/\/distribuidorpanelrey.com.mx\/wp-content\/uploads\/2023\/11\/panelrey.webp","width":400,"height":150,"caption":"PANEL REY MEXICO"},"image":{"@id":"https:\/\/distribuidorpanelrey.com\/#\/schema\/logo\/image\/"},"sameAs":["https:\/\/www.facebook.com\/mexicopanelrey\/?locale=es_LA","https:\/\/www.instagram.com\/panel_rey_mexico\/?hl=es"]}]}},"_links":{"self":[{"href":"https:\/\/distribuidorpanelrey.com.mx\/wp-json\/wp\/v2\/product\/5288","targetHints":{"allow":["GET"]}}],"collection":[{"href":"https:\/\/distribuidorpanelrey.com.mx\/wp-json\/wp\/v2\/product"}],"about":[{"href":"https:\/\/distribuidorpanelrey.com.mx\/wp-json\/wp\/v2\/types\/product"}],"replies":[{"embeddable":true,"href":"https:\/\/distribuidorpanelrey.com.mx\/wp-json\/wp\/v2\/comments?post=5288"}],"version-history":[{"count":1,"href":"https:\/\/distribuidorpanelrey.com.mx\/wp-json\/wp\/v2\/product\/5288\/revisions"}],"predecessor-version":[{"id":5289,"href":"https:\/\/distribuidorpanelrey.com.mx\/wp-json\/wp\/v2\/product\/5288\/revisions\/5289"}],"wp:featuredmedia":[{"embeddable":true,"href":"https:\/\/distribuidorpanelrey.com.mx\/wp-json\/wp\/v2\/media\/5284"}],"wp:attachment":[{"href":"https:\/\/distribuidorpanelrey.com.mx\/wp-json\/wp\/v2\/media?parent=5288"}],"wp:term":[{"taxonomy":"product_brand","embeddable":true,"href":"https:\/\/distribuidorpanelrey.com.mx\/wp-json\/wp\/v2\/product_brand?post=5288"},{"taxonomy":"product_cat","embeddable":true,"href":"https:\/\/distribuidorpanelrey.com.mx\/wp-json\/wp\/v2\/product_cat?post=5288"},{"taxonomy":"product_tag","embeddable":true,"href":"https:\/\/distribuidorpanelrey.com.mx\/wp-json\/wp\/v2\/product_tag?post=5288"}],"curies":[{"name":"wp","href":"https:\/\/api.w.org\/{rel}","templated":true}]}}