{"id":5292,"date":"2025-08-09T00:02:35","date_gmt":"2025-08-09T00:02:35","guid":{"rendered":"https:\/\/distribuidorpanelrey.com.mx\/?post_type=product&#038;p=5292"},"modified":"2025-08-18T04:26:41","modified_gmt":"2025-08-18T04:26:41","slug":"arnes-de-cuerpo-completo-1-anillo","status":"publish","type":"product","link":"https:\/\/distribuidorpanelrey.com.mx\/producto\/arnes-de-cuerpo-completo-1-anillo\/","title":{"rendered":"ARNES DE CUERPO COMPLETO 1 ANILLO"},"content":{"rendered":"<h3 data-start=\"140\" data-end=\"208\">Arn\u00e9s de Cuerpo Completo con 1 Anillo \u2013 Truper (C\u00f3digo 14432)<\/h3>\n<p data-start=\"210\" data-end=\"309\"><span class=\"relative -mx-px my-[-0.2rem] rounded px-px py-[0.2rem] transition-colors duration-100 ease-in-out\">Arn\u00e9s de seguridad profesional con 1 anillo \u201cD\u201d de acero forjado, dise\u00f1ado para trabajos en alturas. Fabricado con cinta de 44 mm de ancho y 100% poli\u00e9ster, ofrece una capacidad de carga m\u00e1xima de 140 kg (incluyendo herramienta). Cumple con las normas ANSI Z359.11 y EN 361, siendo ideal para la industria en general y la construcci\u00f3n.<\/span><\/p>\n<hr data-start=\"311\" data-end=\"314\" \/>\n<h3 data-start=\"316\" data-end=\"350\">\ud83d\udd27 Caracter\u00edsticas principales<\/h3>\n<ul data-start=\"352\" data-end=\"1008\">\n<li data-start=\"352\" data-end=\"405\">\n<p data-start=\"354\" data-end=\"405\"><strong data-start=\"354\" data-end=\"367\">Material:<\/strong> <span class=\"relative -mx-px my-[-0.2rem] rounded px-px py-[0.2rem] transition-colors duration-100 ease-in-out\">Cinta 100% poli\u00e9ster<\/span><\/p>\n<\/li>\n<li data-start=\"406\" data-end=\"457\">\n<p data-start=\"408\" data-end=\"457\"><strong data-start=\"408\" data-end=\"419\">Anillo:<\/strong> <span class=\"relative -mx-px my-[-0.2rem] rounded px-px py-[0.2rem] transition-colors duration-100 ease-in-out\">1 anillo \u201cD\u201d de acero forjado (en espalda)<\/span><\/p>\n<\/li>\n<li data-start=\"458\" data-end=\"519\">\n<p data-start=\"460\" data-end=\"519\"><strong data-start=\"460\" data-end=\"479\">Ancho de cinta:<\/strong> <span class=\"relative -mx-px my-[-0.2rem] rounded px-px py-[0.2rem] transition-colors duration-100 ease-in-out\">44 mm<\/span><\/p>\n<\/li>\n<li data-start=\"520\" data-end=\"585\">\n<p data-start=\"522\" data-end=\"585\"><strong data-start=\"522\" data-end=\"545\">Capacidad de carga:<\/strong> <span class=\"relative -mx-px my-[-0.2rem] rounded px-px py-[0.2rem] transition-colors duration-100 ease-in-out\">140 kg (incluyendo herramienta)<\/span><\/p>\n<\/li>\n<li data-start=\"586\" data-end=\"657\">\n<p data-start=\"588\" data-end=\"657\"><strong data-start=\"588\" data-end=\"617\">Resistencia a la tensi\u00f3n:<\/strong> <span class=\"relative -mx-px my-[-0.2rem] rounded px-px py-[0.2rem] transition-colors duration-100 ease-in-out\">5,000 lb (2,268 kg)<\/span><\/p>\n<\/li>\n<li data-start=\"658\" data-end=\"673\">\n<p data-start=\"660\" data-end=\"673\"><strong data-start=\"660\" data-end=\"670\">Talla:<\/strong> 40<\/p>\n<\/li>\n<li data-start=\"674\" data-end=\"736\">\n<p data-start=\"676\" data-end=\"736\"><strong data-start=\"676\" data-end=\"696\">Uso recomendado:<\/strong> <span class=\"relative -mx-px my-[-0.2rem] rounded px-px py-[0.2rem] transition-colors duration-100 ease-in-out\">Industria en general y construcci\u00f3n<\/span><\/p>\n<\/li>\n<li data-start=\"737\" data-end=\"799\">\n<p data-start=\"739\" data-end=\"799\"><strong data-start=\"739\" data-end=\"759\">Certificaciones:<\/strong> <span class=\"relative -mx-px my-[-0.2rem] rounded px-px py-[0.2rem] transition-colors duration-100 ease-in-out\">Cumple con las normas ANSI Z359.11 y EN 361 (certificado no disponible)<\/span><\/p>\n<\/li>\n<li data-start=\"800\" data-end=\"858\">\n<p data-start=\"802\" data-end=\"858\"><strong data-start=\"802\" data-end=\"818\">Fabricaci\u00f3n:<\/strong> <span class=\"relative -mx-px my-[-0.2rem] rounded px-px py-[0.2rem] transition-colors duration-100 ease-in-out\">China, bajo las estrictas especificaciones de Grupo Truper<\/span><\/p>\n<\/li>\n<li data-start=\"859\" data-end=\"913\">\n<p data-start=\"861\" data-end=\"913\"><strong data-start=\"861\" data-end=\"873\">Empaque:<\/strong> <span class=\"relative -mx-px my-[-0.2rem] rounded px-px py-[0.2rem] transition-colors duration-100 ease-in-out\">Individual en bl\u00edster<\/span><\/p>\n<\/li>\n<li data-start=\"914\" data-end=\"1008\">\n<p data-start=\"916\" data-end=\"1008\"><strong data-start=\"916\" data-end=\"929\">Garant\u00eda:<\/strong> <span class=\"relative -mx-px my-[-0.2rem] rounded px-px py-[0.2rem] transition-colors duration-100 ease-in-out\">Contra defectos de fabricaci\u00f3n o mano de obra<\/span><\/p>\n<\/li>\n<\/ul>\n<hr data-start=\"1010\" data-end=\"1013\" \/>\n<h3 data-start=\"1015\" data-end=\"1047\">\ud83d\udce6 Especificaciones t\u00e9cnicas<\/h3>\n<div class=\"_tableContainer_1rjym_1\">\n<div class=\"_tableWrapper_1rjym_13 group flex w-fit flex-col-reverse\" tabindex=\"-1\">\n<table class=\"w-fit min-w-(--thread-content-width)\" data-start=\"1049\" data-end=\"2355\">\n<thead data-start=\"1049\" data-end=\"1111\">\n<tr data-start=\"1049\" data-end=\"1111\">\n<th data-start=\"1049\" data-end=\"1083\" data-col-size=\"sm\">Especificaci\u00f3n<\/th>\n<th data-start=\"1083\" data-end=\"1111\" data-col-size=\"sm\">Detalle<\/th>\n<\/tr>\n<\/thead>\n<tbody data-start=\"1175\" data-end=\"2355\">\n<tr data-start=\"1175\" data-end=\"1300\">\n<td data-start=\"1175\" data-end=\"1238\" data-col-size=\"sm\"><span class=\"relative -mx-px my-[-0.2rem] rounded px-px py-[0.2rem] transition-colors duration-100 ease-in-out\"><strong data-start=\"0\" data-end=\"10\" data-is-last-node=\"\" data-is-only-node=\"\">C\u00f3digo<\/strong><\/span><\/td>\n<td data-start=\"1238\" data-end=\"1300\" data-col-size=\"sm\"><span class=\"relative -mx-px my-[-0.2rem] rounded px-px py-[0.2rem] transition-colors duration-100 ease-in-out\">14432<\/span><\/td>\n<\/tr>\n<tr data-start=\"1301\" data-end=\"1424\">\n<td data-start=\"1301\" data-end=\"1365\" data-col-size=\"sm\"><span class=\"relative -mx-px my-[-0.2rem] rounded px-px py-[0.2rem] transition-colors duration-100 ease-in-out\"><strong data-start=\"0\" data-end=\"9\" data-is-last-node=\"\" data-is-only-node=\"\">Clave<\/strong><\/span><\/td>\n<td data-start=\"1365\" data-end=\"1424\" data-col-size=\"sm\"><span class=\"relative -mx-px my-[-0.2rem] rounded px-px py-[0.2rem] transition-colors duration-100 ease-in-out\">ARN-5435<\/span><\/td>\n<\/tr>\n<tr data-start=\"1425\" data-end=\"1517\">\n<td data-start=\"1425\" data-end=\"1489\" data-col-size=\"sm\"><span class=\"relative -mx-px my-[-0.2rem] rounded px-px py-[0.2rem] transition-colors duration-100 ease-in-out\"><strong data-start=\"0\" data-end=\"9\" data-is-last-node=\"\" data-is-only-node=\"\">Talla<\/strong><\/span><\/td>\n<td data-start=\"1489\" data-end=\"1517\" data-col-size=\"sm\">40<\/td>\n<\/tr>\n<tr data-start=\"1518\" data-end=\"1635\">\n<td data-start=\"1518\" data-end=\"1573\" data-col-size=\"sm\"><span class=\"relative -mx-px my-[-0.2rem] rounded px-px py-[0.2rem] transition-colors duration-100 ease-in-out\"><strong data-start=\"0\" data-end=\"18\" data-is-last-node=\"\" data-is-only-node=\"\">Ancho de cinta<\/strong><\/span><\/td>\n<td data-start=\"1573\" data-end=\"1635\" data-col-size=\"sm\"><span class=\"relative -mx-px my-[-0.2rem] rounded px-px py-[0.2rem] transition-colors duration-100 ease-in-out\">44 mm<\/span><\/td>\n<\/tr>\n<tr data-start=\"1636\" data-end=\"1748\">\n<td data-start=\"1636\" data-end=\"1687\" data-col-size=\"sm\"><span class=\"relative -mx-px my-[-0.2rem] rounded px-px py-[0.2rem] transition-colors duration-100 ease-in-out\"><strong data-start=\"0\" data-end=\"22\" data-is-last-node=\"\" data-is-only-node=\"\">Capacidad de carga<\/strong><\/span><\/td>\n<td data-start=\"1687\" data-end=\"1748\" data-col-size=\"sm\"><span class=\"relative -mx-px my-[-0.2rem] rounded px-px py-[0.2rem] transition-colors duration-100 ease-in-out\">140 kg<\/span><\/td>\n<\/tr>\n<tr data-start=\"1749\" data-end=\"1842\">\n<td data-start=\"1749\" data-end=\"1794\" data-col-size=\"sm\"><span class=\"relative -mx-px my-[-0.2rem] rounded px-px py-[0.2rem] transition-colors duration-100 ease-in-out\"><strong data-start=\"0\" data-end=\"28\" data-is-last-node=\"\" data-is-only-node=\"\">Resistencia a la tensi\u00f3n<\/strong><\/span><\/td>\n<td data-start=\"1794\" data-end=\"1842\" data-col-size=\"sm\"><span class=\"relative -mx-px my-[-0.2rem] rounded px-px py-[0.2rem] transition-colors duration-100 ease-in-out\">5,000 lb (2,268 kg)<\/span><\/td>\n<\/tr>\n<tr data-start=\"1843\" data-end=\"1954\">\n<td data-start=\"1843\" data-end=\"1894\" data-col-size=\"sm\"><span class=\"relative -mx-px my-[-0.2rem] rounded px-px py-[0.2rem] transition-colors duration-100 ease-in-out\"><strong data-start=\"0\" data-end=\"22\" data-is-last-node=\"\" data-is-only-node=\"\">Empaque individual<\/strong><\/span><\/td>\n<td data-start=\"1894\" data-end=\"1954\" data-col-size=\"sm\"><span class=\"relative -mx-px my-[-0.2rem] rounded px-px py-[0.2rem] transition-colors duration-100 ease-in-out\">Bl\u00edster<\/span><\/td>\n<\/tr>\n<tr data-start=\"1955\" data-end=\"2076\">\n<td data-start=\"1955\" data-end=\"2019\" data-col-size=\"sm\"><span class=\"relative -mx-px my-[-0.2rem] rounded px-px py-[0.2rem] transition-colors duration-100 ease-in-out\"><strong data-start=\"0\" data-end=\"9\" data-is-last-node=\"\" data-is-only-node=\"\">Inner<\/strong><\/span><\/td>\n<td data-start=\"2019\" data-end=\"2076\" data-col-size=\"sm\"><span class=\"relative -mx-px my-[-0.2rem] rounded px-px py-[0.2rem] transition-colors duration-100 ease-in-out\">2 unidades<\/span><\/td>\n<\/tr>\n<tr data-start=\"2077\" data-end=\"2196\">\n<td data-start=\"2077\" data-end=\"2140\" data-col-size=\"sm\"><span class=\"relative -mx-px my-[-0.2rem] rounded px-px py-[0.2rem] transition-colors duration-100 ease-in-out\"><strong data-start=\"0\" data-end=\"10\" data-is-last-node=\"\" data-is-only-node=\"\">Master<\/strong><\/span><\/td>\n<td data-start=\"2140\" data-end=\"2196\" data-col-size=\"sm\"><span class=\"relative -mx-px my-[-0.2rem] rounded px-px py-[0.2rem] transition-colors duration-100 ease-in-out\">12 unidades<\/span><\/td>\n<\/tr>\n<tr data-start=\"2197\" data-end=\"2355\">\n<td data-start=\"2197\" data-end=\"2260\" data-col-size=\"sm\"><span class=\"relative -mx-px my-[-0.2rem] rounded px-px py-[0.2rem] transition-colors duration-100 ease-in-out\"><strong data-start=\"0\" data-end=\"10\" data-is-last-node=\"\" data-is-only-node=\"\">Pallet<\/strong><\/span><\/td>\n<td data-start=\"2260\" data-end=\"2315\" data-col-size=\"sm\"><span class=\"relative -mx-px my-[-0.2rem] rounded px-px py-[0.2rem] transition-colors duration-100 ease-in-out\">96 unidades<\/span><\/td>\n<\/tr>\n<\/tbody>\n<\/table>\n<p style=\"text-align: center;\">En\u00a0<strong data-start=\"82\" data-end=\"115\">Distribuidor Panel Rey M\u00e9xico<\/strong> encuentras calidad y confianza en productos <strong>Acero.<\/strong><br data-start=\"173\" data-end=\"176\" \/>\u2705 Env\u00edos a toda la Rep\u00fablica Mexicana. \u00a1Pregunta por nuestras promociones vigentes!<br data-start=\"259\" data-end=\"262\" data-is-only-node=\"\" \/>\u2705 Todos los precios incluyen IVA (sujetos a cambio sin previo aviso).<br data-start=\"331\" data-end=\"334\" \/>\u2705 Im\u00e1genes ilustrativas, el producto final puede presentar ligeras variaciones.<br data-start=\"413\" data-end=\"416\" \/>\ud83d\udcac \u00bfTienes dudas? Escr\u00edbenos por\u00a0<a href=\"https:\/\/www.facebook.com\/mexicopanelrey\">Facebook<\/a>\u00a0o\u00a0<a href=\"https:\/\/www.instagram.com\/panel_rey_mexico\/\">Instagram<\/a>.<br data-start=\"470\" data-end=\"473\" \/>\ud83d\udcde Tel:\u00a0<a href=\"tel:55 7397 6243\">55 7397 6243<\/a>\u00a0| WhatsApp:\u00a0<a href=\"https:\/\/api.whatsapp.com\/send?phone=525573976243\">5573976243<\/a><br data-start=\"518\" data-end=\"521\" \/>\ud83d\udce7\u00a0<a class=\"cursor-pointer\" href=\"mailto:ventas@distribuidorpanelrey.com\" rel=\"noopener\" data-start=\"524\" data-end=\"555\">ventas@distribuidorpanelrey.com<\/a><\/p>\n<\/div>\n<\/div>\n","protected":false},"excerpt":{"rendered":"<h4 style=\"text-align: center;\">Env\u00edos de 24 a 48 hr CDMX Y EDO MEX<\/h4>\n<p style=\"text-align: center;\">Rese\u00f1as\u00a0\u2605\u2605\u2605\u2605\u2605\u00a0 Env\u00edos Garantizados<\/p>\n<h4 style=\"text-align: center;\">\ud83d\udd25LOS MEJORES PRECIOS \ud83d\udd25<\/h4>\n","protected":false},"featured_media":5276,"comment_status":"closed","ping_status":"closed","template":"","meta":[],"product_brand":[562],"product_cat":[548,932],"product_tag":[946,944,942,945,361],"class_list":{"0":"post-5292","1":"product","2":"type-product","3":"status-publish","4":"has-post-thumbnail","6":"product_brand-truper","7":"product_cat-accesorios-y-herramientas","8":"product_cat-arnes-y-cable","9":"product_tag-1-anillo","10":"product_tag-arnes","11":"product_tag-arnes-de-cuerpo-completo","12":"product_tag-arnes-de-cuerpo-completo-1-anillo","13":"product_tag-truper","15":"first","16":"instock","17":"shipping-taxable","18":"purchasable","19":"product-type-simple"},"yoast_head":"<!-- This site is optimized with the Yoast SEO plugin v27.1.1 - https:\/\/yoast.com\/product\/yoast-seo-wordpress\/ -->\n<title>ARNES DE CUERPO COMPLETO 1 ANILLO - PANEL REY MEXICO<\/title>\n<meta name=\"description\" content=\"Arn\u00e9s Truper con 1 anillo \u201cD\u201d de acero forjado, cinta de 44 mm de poli\u00e9ster y capacidad de carga de 140 kg. Cumple con normas ANSI Z359.11 y EN 361. Ideal para trabajos en alturas en la industria y construcci\u00f3n.\" \/>\n<meta name=\"robots\" content=\"index, follow, max-snippet:-1, max-image-preview:large, max-video-preview:-1\" \/>\n<link rel=\"canonical\" href=\"https:\/\/distribuidorpanelrey.com.mx\/producto\/arnes-de-cuerpo-completo-1-anillo\/\" \/>\n<meta property=\"og:locale\" content=\"es_ES\" \/>\n<meta property=\"og:type\" content=\"article\" \/>\n<meta property=\"og:title\" content=\"ARNES DE CUERPO COMPLETO 1 ANILLO - PANEL REY MEXICO\" \/>\n<meta property=\"og:description\" content=\"Arn\u00e9s Truper con 1 anillo \u201cD\u201d de acero forjado, cinta de 44 mm de poli\u00e9ster y capacidad de carga de 140 kg. Cumple con normas ANSI Z359.11 y EN 361. Ideal para trabajos en alturas en la industria y construcci\u00f3n.\" \/>\n<meta property=\"og:url\" content=\"https:\/\/distribuidorpanelrey.com.mx\/producto\/arnes-de-cuerpo-completo-1-anillo\/\" \/>\n<meta property=\"og:site_name\" content=\"PANEL REY MEXICO\" \/>\n<meta property=\"article:publisher\" content=\"https:\/\/www.facebook.com\/mexicopanelrey\/?locale=es_LA\" \/>\n<meta property=\"article:modified_time\" content=\"2025-08-18T04:26:41+00:00\" \/>\n<meta property=\"og:image\" content=\"https:\/\/distribuidorpanelrey.com.mx\/wp-content\/uploads\/2025\/08\/ARNES-14432.webp\" \/>\n\t<meta property=\"og:image:width\" content=\"1800\" \/>\n\t<meta property=\"og:image:height\" content=\"1800\" \/>\n\t<meta property=\"og:image:type\" content=\"image\/webp\" \/>\n<meta name=\"twitter:card\" content=\"summary_large_image\" \/>\n<meta name=\"twitter:label1\" content=\"Tiempo de lectura\" \/>\n\t<meta name=\"twitter:data1\" content=\"2 minutos\" \/>\n<script type=\"application\/ld+json\" class=\"yoast-schema-graph\">{\"@context\":\"https:\/\/schema.org\",\"@graph\":[{\"@type\":\"WebPage\",\"@id\":\"https:\/\/distribuidorpanelrey.com.mx\/producto\/arnes-de-cuerpo-completo-1-anillo\/\",\"url\":\"https:\/\/distribuidorpanelrey.com.mx\/producto\/arnes-de-cuerpo-completo-1-anillo\/\",\"name\":\"ARNES DE CUERPO COMPLETO 1 ANILLO - PANEL REY MEXICO\",\"isPartOf\":{\"@id\":\"https:\/\/distribuidorpanelrey.com\/#website\"},\"primaryImageOfPage\":{\"@id\":\"https:\/\/distribuidorpanelrey.com.mx\/producto\/arnes-de-cuerpo-completo-1-anillo\/#primaryimage\"},\"image\":{\"@id\":\"https:\/\/distribuidorpanelrey.com.mx\/producto\/arnes-de-cuerpo-completo-1-anillo\/#primaryimage\"},\"thumbnailUrl\":\"https:\/\/distribuidorpanelrey.com.mx\/wp-content\/uploads\/2025\/08\/ARNES-14432.webp\",\"datePublished\":\"2025-08-09T00:02:35+00:00\",\"dateModified\":\"2025-08-18T04:26:41+00:00\",\"description\":\"Arn\u00e9s Truper con 1 anillo \u201cD\u201d de acero forjado, cinta de 44 mm de poli\u00e9ster y capacidad de carga de 140 kg. Cumple con normas ANSI Z359.11 y EN 361. Ideal para trabajos en alturas en la industria y construcci\u00f3n.\",\"breadcrumb\":{\"@id\":\"https:\/\/distribuidorpanelrey.com.mx\/producto\/arnes-de-cuerpo-completo-1-anillo\/#breadcrumb\"},\"inLanguage\":\"es\",\"potentialAction\":[{\"@type\":\"ReadAction\",\"target\":[\"https:\/\/distribuidorpanelrey.com.mx\/producto\/arnes-de-cuerpo-completo-1-anillo\/\"]}]},{\"@type\":\"ImageObject\",\"inLanguage\":\"es\",\"@id\":\"https:\/\/distribuidorpanelrey.com.mx\/producto\/arnes-de-cuerpo-completo-1-anillo\/#primaryimage\",\"url\":\"https:\/\/distribuidorpanelrey.com.mx\/wp-content\/uploads\/2025\/08\/ARNES-14432.webp\",\"contentUrl\":\"https:\/\/distribuidorpanelrey.com.mx\/wp-content\/uploads\/2025\/08\/ARNES-14432.webp\",\"width\":1800,\"height\":1800},{\"@type\":\"BreadcrumbList\",\"@id\":\"https:\/\/distribuidorpanelrey.com.mx\/producto\/arnes-de-cuerpo-completo-1-anillo\/#breadcrumb\",\"itemListElement\":[{\"@type\":\"ListItem\",\"position\":1,\"name\":\"Portada\",\"item\":\"https:\/\/distribuidorpanelrey.com.mx\/\"},{\"@type\":\"ListItem\",\"position\":2,\"name\":\"Productos\",\"item\":\"https:\/\/distribuidorpanelrey.com\/tienda\/\"},{\"@type\":\"ListItem\",\"position\":3,\"name\":\"ARNES DE CUERPO COMPLETO 1 ANILLO\"}]},{\"@type\":\"WebSite\",\"@id\":\"https:\/\/distribuidorpanelrey.com\/#website\",\"url\":\"https:\/\/distribuidorpanelrey.com\/\",\"name\":\"PANEL REY MEXICO\",\"description\":\"DISTRIBUIDOR PANEL REY\",\"publisher\":{\"@id\":\"https:\/\/distribuidorpanelrey.com\/#organization\"},\"alternateName\":\"DISTRIBUIDOR PANEL REY\",\"potentialAction\":[{\"@type\":\"SearchAction\",\"target\":{\"@type\":\"EntryPoint\",\"urlTemplate\":\"https:\/\/distribuidorpanelrey.com\/?s={search_term_string}\"},\"query-input\":{\"@type\":\"PropertyValueSpecification\",\"valueRequired\":true,\"valueName\":\"search_term_string\"}}],\"inLanguage\":\"es\"},{\"@type\":\"Organization\",\"@id\":\"https:\/\/distribuidorpanelrey.com\/#organization\",\"name\":\"PANEL REY MEXICO\",\"url\":\"https:\/\/distribuidorpanelrey.com\/\",\"logo\":{\"@type\":\"ImageObject\",\"inLanguage\":\"es\",\"@id\":\"https:\/\/distribuidorpanelrey.com\/#\/schema\/logo\/image\/\",\"url\":\"https:\/\/distribuidorpanelrey.com.mx\/wp-content\/uploads\/2023\/11\/panelrey.webp\",\"contentUrl\":\"https:\/\/distribuidorpanelrey.com.mx\/wp-content\/uploads\/2023\/11\/panelrey.webp\",\"width\":400,\"height\":150,\"caption\":\"PANEL REY MEXICO\"},\"image\":{\"@id\":\"https:\/\/distribuidorpanelrey.com\/#\/schema\/logo\/image\/\"},\"sameAs\":[\"https:\/\/www.facebook.com\/mexicopanelrey\/?locale=es_LA\",\"https:\/\/www.instagram.com\/panel_rey_mexico\/?hl=es\"]}]}<\/script>\n<!-- \/ Yoast SEO plugin. -->","yoast_head_json":{"title":"ARNES DE CUERPO COMPLETO 1 ANILLO - PANEL REY MEXICO","description":"Arn\u00e9s Truper con 1 anillo \u201cD\u201d de acero forjado, cinta de 44 mm de poli\u00e9ster y capacidad de carga de 140 kg. Cumple con normas ANSI Z359.11 y EN 361. Ideal para trabajos en alturas en la industria y construcci\u00f3n.","robots":{"index":"index","follow":"follow","max-snippet":"max-snippet:-1","max-image-preview":"max-image-preview:large","max-video-preview":"max-video-preview:-1"},"canonical":"https:\/\/distribuidorpanelrey.com.mx\/producto\/arnes-de-cuerpo-completo-1-anillo\/","og_locale":"es_ES","og_type":"article","og_title":"ARNES DE CUERPO COMPLETO 1 ANILLO - PANEL REY MEXICO","og_description":"Arn\u00e9s Truper con 1 anillo \u201cD\u201d de acero forjado, cinta de 44 mm de poli\u00e9ster y capacidad de carga de 140 kg. Cumple con normas ANSI Z359.11 y EN 361. Ideal para trabajos en alturas en la industria y construcci\u00f3n.","og_url":"https:\/\/distribuidorpanelrey.com.mx\/producto\/arnes-de-cuerpo-completo-1-anillo\/","og_site_name":"PANEL REY MEXICO","article_publisher":"https:\/\/www.facebook.com\/mexicopanelrey\/?locale=es_LA","article_modified_time":"2025-08-18T04:26:41+00:00","og_image":[{"width":1800,"height":1800,"url":"https:\/\/distribuidorpanelrey.com.mx\/wp-content\/uploads\/2025\/08\/ARNES-14432.webp","type":"image\/webp"}],"twitter_card":"summary_large_image","twitter_misc":{"Tiempo de lectura":"2 minutos"},"schema":{"@context":"https:\/\/schema.org","@graph":[{"@type":"WebPage","@id":"https:\/\/distribuidorpanelrey.com.mx\/producto\/arnes-de-cuerpo-completo-1-anillo\/","url":"https:\/\/distribuidorpanelrey.com.mx\/producto\/arnes-de-cuerpo-completo-1-anillo\/","name":"ARNES DE CUERPO COMPLETO 1 ANILLO - PANEL REY MEXICO","isPartOf":{"@id":"https:\/\/distribuidorpanelrey.com\/#website"},"primaryImageOfPage":{"@id":"https:\/\/distribuidorpanelrey.com.mx\/producto\/arnes-de-cuerpo-completo-1-anillo\/#primaryimage"},"image":{"@id":"https:\/\/distribuidorpanelrey.com.mx\/producto\/arnes-de-cuerpo-completo-1-anillo\/#primaryimage"},"thumbnailUrl":"https:\/\/distribuidorpanelrey.com.mx\/wp-content\/uploads\/2025\/08\/ARNES-14432.webp","datePublished":"2025-08-09T00:02:35+00:00","dateModified":"2025-08-18T04:26:41+00:00","description":"Arn\u00e9s Truper con 1 anillo \u201cD\u201d de acero forjado, cinta de 44 mm de poli\u00e9ster y capacidad de carga de 140 kg. Cumple con normas ANSI Z359.11 y EN 361. Ideal para trabajos en alturas en la industria y construcci\u00f3n.","breadcrumb":{"@id":"https:\/\/distribuidorpanelrey.com.mx\/producto\/arnes-de-cuerpo-completo-1-anillo\/#breadcrumb"},"inLanguage":"es","potentialAction":[{"@type":"ReadAction","target":["https:\/\/distribuidorpanelrey.com.mx\/producto\/arnes-de-cuerpo-completo-1-anillo\/"]}]},{"@type":"ImageObject","inLanguage":"es","@id":"https:\/\/distribuidorpanelrey.com.mx\/producto\/arnes-de-cuerpo-completo-1-anillo\/#primaryimage","url":"https:\/\/distribuidorpanelrey.com.mx\/wp-content\/uploads\/2025\/08\/ARNES-14432.webp","contentUrl":"https:\/\/distribuidorpanelrey.com.mx\/wp-content\/uploads\/2025\/08\/ARNES-14432.webp","width":1800,"height":1800},{"@type":"BreadcrumbList","@id":"https:\/\/distribuidorpanelrey.com.mx\/producto\/arnes-de-cuerpo-completo-1-anillo\/#breadcrumb","itemListElement":[{"@type":"ListItem","position":1,"name":"Portada","item":"https:\/\/distribuidorpanelrey.com.mx\/"},{"@type":"ListItem","position":2,"name":"Productos","item":"https:\/\/distribuidorpanelrey.com\/tienda\/"},{"@type":"ListItem","position":3,"name":"ARNES DE CUERPO COMPLETO 1 ANILLO"}]},{"@type":"WebSite","@id":"https:\/\/distribuidorpanelrey.com\/#website","url":"https:\/\/distribuidorpanelrey.com\/","name":"PANEL REY MEXICO","description":"DISTRIBUIDOR PANEL REY","publisher":{"@id":"https:\/\/distribuidorpanelrey.com\/#organization"},"alternateName":"DISTRIBUIDOR PANEL REY","potentialAction":[{"@type":"SearchAction","target":{"@type":"EntryPoint","urlTemplate":"https:\/\/distribuidorpanelrey.com\/?s={search_term_string}"},"query-input":{"@type":"PropertyValueSpecification","valueRequired":true,"valueName":"search_term_string"}}],"inLanguage":"es"},{"@type":"Organization","@id":"https:\/\/distribuidorpanelrey.com\/#organization","name":"PANEL REY MEXICO","url":"https:\/\/distribuidorpanelrey.com\/","logo":{"@type":"ImageObject","inLanguage":"es","@id":"https:\/\/distribuidorpanelrey.com\/#\/schema\/logo\/image\/","url":"https:\/\/distribuidorpanelrey.com.mx\/wp-content\/uploads\/2023\/11\/panelrey.webp","contentUrl":"https:\/\/distribuidorpanelrey.com.mx\/wp-content\/uploads\/2023\/11\/panelrey.webp","width":400,"height":150,"caption":"PANEL REY MEXICO"},"image":{"@id":"https:\/\/distribuidorpanelrey.com\/#\/schema\/logo\/image\/"},"sameAs":["https:\/\/www.facebook.com\/mexicopanelrey\/?locale=es_LA","https:\/\/www.instagram.com\/panel_rey_mexico\/?hl=es"]}]}},"_links":{"self":[{"href":"https:\/\/distribuidorpanelrey.com.mx\/wp-json\/wp\/v2\/product\/5292","targetHints":{"allow":["GET"]}}],"collection":[{"href":"https:\/\/distribuidorpanelrey.com.mx\/wp-json\/wp\/v2\/product"}],"about":[{"href":"https:\/\/distribuidorpanelrey.com.mx\/wp-json\/wp\/v2\/types\/product"}],"replies":[{"embeddable":true,"href":"https:\/\/distribuidorpanelrey.com.mx\/wp-json\/wp\/v2\/comments?post=5292"}],"version-history":[{"count":1,"href":"https:\/\/distribuidorpanelrey.com.mx\/wp-json\/wp\/v2\/product\/5292\/revisions"}],"predecessor-version":[{"id":5293,"href":"https:\/\/distribuidorpanelrey.com.mx\/wp-json\/wp\/v2\/product\/5292\/revisions\/5293"}],"wp:featuredmedia":[{"embeddable":true,"href":"https:\/\/distribuidorpanelrey.com.mx\/wp-json\/wp\/v2\/media\/5276"}],"wp:attachment":[{"href":"https:\/\/distribuidorpanelrey.com.mx\/wp-json\/wp\/v2\/media?parent=5292"}],"wp:term":[{"taxonomy":"product_brand","embeddable":true,"href":"https:\/\/distribuidorpanelrey.com.mx\/wp-json\/wp\/v2\/product_brand?post=5292"},{"taxonomy":"product_cat","embeddable":true,"href":"https:\/\/distribuidorpanelrey.com.mx\/wp-json\/wp\/v2\/product_cat?post=5292"},{"taxonomy":"product_tag","embeddable":true,"href":"https:\/\/distribuidorpanelrey.com.mx\/wp-json\/wp\/v2\/product_tag?post=5292"}],"curies":[{"name":"wp","href":"https:\/\/api.w.org\/{rel}","templated":true}]}}