{"id":5295,"date":"2025-08-09T00:05:06","date_gmt":"2025-08-09T00:05:06","guid":{"rendered":"https:\/\/distribuidorpanelrey.com.mx\/?post_type=product&#038;p=5295"},"modified":"2025-08-18T04:26:42","modified_gmt":"2025-08-18T04:26:42","slug":"arnes-de-cuerpo-completo-3-anillos-laterales","status":"publish","type":"product","link":"https:\/\/distribuidorpanelrey.com.mx\/producto\/arnes-de-cuerpo-completo-3-anillos-laterales\/","title":{"rendered":"ARNES DE CUERPO COMPLETO 3 ANILLOS LATERALES"},"content":{"rendered":"<h3 data-start=\"151\" data-end=\"230\">Arn\u00e9s de Cuerpo Completo con 3 Anillos Laterales \u2013 Truper (C\u00f3digo 14439)<\/h3>\n<p data-start=\"232\" data-end=\"331\"><span class=\"relative -mx-px my-[-0.2rem] rounded px-px py-[0.2rem] transition-colors duration-100 ease-in-out\">Arn\u00e9s de seguridad profesional con 3 anillos \u201cD\u201d de acero forjado (2 laterales en la cintura y 1 en la espalda), dise\u00f1ado para trabajos en alturas. Fabricado con cinta de 44 mm de ancho y 100% poli\u00e9ster, ofrece una capacidad de carga m\u00e1xima de 140 kg (incluyendo herramienta). Cumple con las normas ANSI Z359.11 y EN 361, siendo ideal para la industria en general y la construcci\u00f3n.<\/span><\/p>\n<hr data-start=\"333\" data-end=\"336\" \/>\n<h3 data-start=\"338\" data-end=\"372\">\ud83d\udd27 Caracter\u00edsticas principales<\/h3>\n<ul data-start=\"374\" data-end=\"1031\">\n<li data-start=\"374\" data-end=\"427\">\n<p data-start=\"376\" data-end=\"427\"><strong data-start=\"376\" data-end=\"389\">Material:<\/strong> <span class=\"relative -mx-px my-[-0.2rem] rounded px-px py-[0.2rem] transition-colors duration-100 ease-in-out\">Cinta 100% poli\u00e9ster<\/span><\/p>\n<\/li>\n<li data-start=\"428\" data-end=\"480\">\n<p data-start=\"430\" data-end=\"480\"><strong data-start=\"430\" data-end=\"442\">Anillos:<\/strong> <span class=\"relative -mx-px my-[-0.2rem] rounded px-px py-[0.2rem] transition-colors duration-100 ease-in-out\">3 anillos \u201cD\u201d de acero forjado (2 en la cintura, 1 en la espalda)<\/span><\/p>\n<\/li>\n<li data-start=\"481\" data-end=\"542\">\n<p data-start=\"483\" data-end=\"542\"><strong data-start=\"483\" data-end=\"502\">Ancho de cinta:<\/strong> <span class=\"relative -mx-px my-[-0.2rem] rounded px-px py-[0.2rem] transition-colors duration-100 ease-in-out\">44 mm<\/span><\/p>\n<\/li>\n<li data-start=\"543\" data-end=\"608\">\n<p data-start=\"545\" data-end=\"608\"><strong data-start=\"545\" data-end=\"568\">Capacidad de carga:<\/strong> <span class=\"relative -mx-px my-[-0.2rem] rounded px-px py-[0.2rem] transition-colors duration-100 ease-in-out\">140 kg (incluyendo herramienta)<\/span><\/p>\n<\/li>\n<li data-start=\"609\" data-end=\"680\">\n<p data-start=\"611\" data-end=\"680\"><strong data-start=\"611\" data-end=\"640\">Resistencia a la tensi\u00f3n:<\/strong> <span class=\"relative -mx-px my-[-0.2rem] rounded px-px py-[0.2rem] transition-colors duration-100 ease-in-out\">5,000 lb (2,268 kg)<\/span><\/p>\n<\/li>\n<li data-start=\"681\" data-end=\"696\">\n<p data-start=\"683\" data-end=\"696\"><strong data-start=\"683\" data-end=\"693\">Talla:<\/strong> 40<\/p>\n<\/li>\n<li data-start=\"697\" data-end=\"759\">\n<p data-start=\"699\" data-end=\"759\"><strong data-start=\"699\" data-end=\"719\">Uso recomendado:<\/strong> <span class=\"relative -mx-px my-[-0.2rem] rounded px-px py-[0.2rem] transition-colors duration-100 ease-in-out\">Industria en general y construcci\u00f3n<\/span><\/p>\n<\/li>\n<li data-start=\"760\" data-end=\"822\">\n<p data-start=\"762\" data-end=\"822\"><strong data-start=\"762\" data-end=\"782\">Certificaciones:<\/strong> <span class=\"relative -mx-px my-[-0.2rem] rounded px-px py-[0.2rem] transition-colors duration-100 ease-in-out\">Cumple con las normas ANSI Z359.11 y EN 361 (certificado no disponible)<\/span><\/p>\n<\/li>\n<li data-start=\"823\" data-end=\"881\">\n<p data-start=\"825\" data-end=\"881\"><strong data-start=\"825\" data-end=\"841\">Fabricaci\u00f3n:<\/strong> <span class=\"relative -mx-px my-[-0.2rem] rounded px-px py-[0.2rem] transition-colors duration-100 ease-in-out\">China, bajo las estrictas especificaciones de Grupo Truper<\/span><\/p>\n<\/li>\n<li data-start=\"882\" data-end=\"936\">\n<p data-start=\"884\" data-end=\"936\"><strong data-start=\"884\" data-end=\"896\">Empaque:<\/strong> <span class=\"relative -mx-px my-[-0.2rem] rounded px-px py-[0.2rem] transition-colors duration-100 ease-in-out\">Individual en bl\u00edster<\/span><\/p>\n<\/li>\n<li data-start=\"937\" data-end=\"1031\">\n<p data-start=\"939\" data-end=\"1031\"><strong data-start=\"939\" data-end=\"952\">Garant\u00eda:<\/strong> <span class=\"relative -mx-px my-[-0.2rem] rounded px-px py-[0.2rem] transition-colors duration-100 ease-in-out\">Contra defectos de fabricaci\u00f3n o mano de obra<\/span><\/p>\n<\/li>\n<\/ul>\n<hr data-start=\"1033\" data-end=\"1036\" \/>\n<h3 data-start=\"1038\" data-end=\"1070\">\ud83d\udce6 Especificaciones t\u00e9cnicas<\/h3>\n<div class=\"_tableContainer_1rjym_1\">\n<div class=\"_tableWrapper_1rjym_13 group flex w-fit flex-col-reverse\" tabindex=\"-1\">\n<table class=\"w-fit min-w-(--thread-content-width)\" data-start=\"1072\" data-end=\"2378\">\n<thead data-start=\"1072\" data-end=\"1134\">\n<tr data-start=\"1072\" data-end=\"1134\">\n<th data-start=\"1072\" data-end=\"1106\" data-col-size=\"sm\">Especificaci\u00f3n<\/th>\n<th data-start=\"1106\" data-end=\"1134\" data-col-size=\"sm\">Detalle<\/th>\n<\/tr>\n<\/thead>\n<tbody data-start=\"1198\" data-end=\"2378\">\n<tr data-start=\"1198\" data-end=\"1323\">\n<td data-start=\"1198\" data-end=\"1261\" data-col-size=\"sm\"><span class=\"relative -mx-px my-[-0.2rem] rounded px-px py-[0.2rem] transition-colors duration-100 ease-in-out\"><strong data-start=\"0\" data-end=\"10\" data-is-last-node=\"\" data-is-only-node=\"\">C\u00f3digo<\/strong><\/span><\/td>\n<td data-start=\"1261\" data-end=\"1323\" data-col-size=\"sm\"><span class=\"relative -mx-px my-[-0.2rem] rounded px-px py-[0.2rem] transition-colors duration-100 ease-in-out\">14439<\/span><\/td>\n<\/tr>\n<tr data-start=\"1324\" data-end=\"1447\">\n<td data-start=\"1324\" data-end=\"1388\" data-col-size=\"sm\"><span class=\"relative -mx-px my-[-0.2rem] rounded px-px py-[0.2rem] transition-colors duration-100 ease-in-out\"><strong data-start=\"0\" data-end=\"9\" data-is-last-node=\"\" data-is-only-node=\"\">Clave<\/strong><\/span><\/td>\n<td data-start=\"1388\" data-end=\"1447\" data-col-size=\"sm\"><span class=\"relative -mx-px my-[-0.2rem] rounded px-px py-[0.2rem] transition-colors duration-100 ease-in-out\">ARN-5436<\/span><\/td>\n<\/tr>\n<tr data-start=\"1448\" data-end=\"1540\">\n<td data-start=\"1448\" data-end=\"1512\" data-col-size=\"sm\"><span class=\"relative -mx-px my-[-0.2rem] rounded px-px py-[0.2rem] transition-colors duration-100 ease-in-out\"><strong data-start=\"0\" data-end=\"9\" data-is-last-node=\"\" data-is-only-node=\"\">Talla<\/strong><\/span><\/td>\n<td data-start=\"1512\" data-end=\"1540\" data-col-size=\"sm\">40<\/td>\n<\/tr>\n<tr data-start=\"1541\" data-end=\"1658\">\n<td data-start=\"1541\" data-end=\"1596\" data-col-size=\"sm\"><span class=\"relative -mx-px my-[-0.2rem] rounded px-px py-[0.2rem] transition-colors duration-100 ease-in-out\"><strong data-start=\"0\" data-end=\"18\" data-is-last-node=\"\" data-is-only-node=\"\">Ancho de cinta<\/strong><\/span><\/td>\n<td data-start=\"1596\" data-end=\"1658\" data-col-size=\"sm\"><span class=\"relative -mx-px my-[-0.2rem] rounded px-px py-[0.2rem] transition-colors duration-100 ease-in-out\">44 mm<\/span><\/td>\n<\/tr>\n<tr data-start=\"1659\" data-end=\"1771\">\n<td data-start=\"1659\" data-end=\"1710\" data-col-size=\"sm\"><span class=\"relative -mx-px my-[-0.2rem] rounded px-px py-[0.2rem] transition-colors duration-100 ease-in-out\"><strong data-start=\"0\" data-end=\"22\" data-is-last-node=\"\" data-is-only-node=\"\">Capacidad de carga<\/strong><\/span><\/td>\n<td data-start=\"1710\" data-end=\"1771\" data-col-size=\"sm\"><span class=\"relative -mx-px my-[-0.2rem] rounded px-px py-[0.2rem] transition-colors duration-100 ease-in-out\">140 kg<\/span><\/td>\n<\/tr>\n<tr data-start=\"1772\" data-end=\"1865\">\n<td data-start=\"1772\" data-end=\"1817\" data-col-size=\"sm\"><span class=\"relative -mx-px my-[-0.2rem] rounded px-px py-[0.2rem] transition-colors duration-100 ease-in-out\"><strong data-start=\"0\" data-end=\"28\" data-is-last-node=\"\" data-is-only-node=\"\">Resistencia a la tensi\u00f3n<\/strong><\/span><\/td>\n<td data-start=\"1817\" data-end=\"1865\" data-col-size=\"sm\"><span class=\"relative -mx-px my-[-0.2rem] rounded px-px py-[0.2rem] transition-colors duration-100 ease-in-out\">5,000 lb (2,268 kg)<\/span><\/td>\n<\/tr>\n<tr data-start=\"1866\" data-end=\"1977\">\n<td data-start=\"1866\" data-end=\"1917\" data-col-size=\"sm\"><span class=\"relative -mx-px my-[-0.2rem] rounded px-px py-[0.2rem] transition-colors duration-100 ease-in-out\"><strong data-start=\"0\" data-end=\"22\" data-is-last-node=\"\" data-is-only-node=\"\">Empaque individual<\/strong><\/span><\/td>\n<td data-start=\"1917\" data-end=\"1977\" data-col-size=\"sm\"><span class=\"relative -mx-px my-[-0.2rem] rounded px-px py-[0.2rem] transition-colors duration-100 ease-in-out\">Bl\u00edster<\/span><\/td>\n<\/tr>\n<tr data-start=\"1978\" data-end=\"2099\">\n<td data-start=\"1978\" data-end=\"2042\" data-col-size=\"sm\"><span class=\"relative -mx-px my-[-0.2rem] rounded px-px py-[0.2rem] transition-colors duration-100 ease-in-out\"><strong data-start=\"0\" data-end=\"9\" data-is-last-node=\"\" data-is-only-node=\"\">Inner<\/strong><\/span><\/td>\n<td data-start=\"2042\" data-end=\"2099\" data-col-size=\"sm\"><span class=\"relative -mx-px my-[-0.2rem] rounded px-px py-[0.2rem] transition-colors duration-100 ease-in-out\">2 unidades<\/span><\/td>\n<\/tr>\n<tr data-start=\"2100\" data-end=\"2219\">\n<td data-start=\"2100\" data-end=\"2163\" data-col-size=\"sm\"><span class=\"relative -mx-px my-[-0.2rem] rounded px-px py-[0.2rem] transition-colors duration-100 ease-in-out\"><strong data-start=\"0\" data-end=\"10\" data-is-last-node=\"\" data-is-only-node=\"\">Master<\/strong><\/span><\/td>\n<td data-start=\"2163\" data-end=\"2219\" data-col-size=\"sm\"><span class=\"relative -mx-px my-[-0.2rem] rounded px-px py-[0.2rem] transition-colors duration-100 ease-in-out\">12 unidades<\/span><\/td>\n<\/tr>\n<tr data-start=\"2220\" data-end=\"2378\">\n<td data-start=\"2220\" data-end=\"2283\" data-col-size=\"sm\"><span class=\"relative -mx-px my-[-0.2rem] rounded px-px py-[0.2rem] transition-colors duration-100 ease-in-out\"><strong data-start=\"0\" data-end=\"10\" data-is-last-node=\"\" data-is-only-node=\"\">Pallet<\/strong><\/span><\/td>\n<td data-start=\"2283\" data-end=\"2338\" data-col-size=\"sm\"><span class=\"relative -mx-px my-[-0.2rem] rounded px-px py-[0.2rem] transition-colors duration-100 ease-in-out\">96 unidades<\/span><\/td>\n<\/tr>\n<\/tbody>\n<\/table>\n<p>&nbsp;<\/p>\n<p style=\"text-align: center;\">En\u00a0<strong data-start=\"82\" data-end=\"115\">Distribuidor Panel Rey M\u00e9xico<\/strong> encuentras calidad y confianza en productos <strong>Acero.<\/strong><br data-start=\"173\" data-end=\"176\" \/>\u2705 Env\u00edos a toda la Rep\u00fablica Mexicana. \u00a1Pregunta por nuestras promociones vigentes!<br data-start=\"259\" data-end=\"262\" data-is-only-node=\"\" \/>\u2705 Todos los precios incluyen IVA (sujetos a cambio sin previo aviso).<br data-start=\"331\" data-end=\"334\" \/>\u2705 Im\u00e1genes ilustrativas, el producto final puede presentar ligeras variaciones.<br data-start=\"413\" data-end=\"416\" \/>\ud83d\udcac \u00bfTienes dudas? Escr\u00edbenos por\u00a0<a href=\"https:\/\/www.facebook.com\/mexicopanelrey\">Facebook<\/a>\u00a0o\u00a0<a href=\"https:\/\/www.instagram.com\/panel_rey_mexico\/\">Instagram<\/a>.<br data-start=\"470\" data-end=\"473\" \/>\ud83d\udcde Tel:\u00a0<a href=\"tel:55 7397 6243\">55 7397 6243<\/a>\u00a0| WhatsApp:\u00a0<a href=\"https:\/\/api.whatsapp.com\/send?phone=525573976243\">5573976243<\/a><br data-start=\"518\" data-end=\"521\" \/>\ud83d\udce7\u00a0<a class=\"cursor-pointer\" href=\"mailto:ventas@distribuidorpanelrey.com\" rel=\"noopener\" data-start=\"524\" data-end=\"555\">ventas@distribuidorpanelrey.com<\/a><\/p>\n<\/div>\n<\/div>\n","protected":false},"excerpt":{"rendered":"<h4 style=\"text-align: center;\">Env\u00edos de 24 a 48 hr CDMX Y EDO MEX<\/h4>\n<p style=\"text-align: center;\">Rese\u00f1as\u00a0\u2605\u2605\u2605\u2605\u2605\u00a0 Env\u00edos Garantizados<\/p>\n<h4 style=\"text-align: center;\">\ud83d\udd25LOS MEJORES PRECIOS \ud83d\udd25<\/h4>\n","protected":false},"featured_media":5278,"comment_status":"closed","ping_status":"closed","template":"","meta":[],"product_brand":[562],"product_cat":[932],"product_tag":[948,944,942,947,361],"class_list":{"0":"post-5295","1":"product","2":"type-product","3":"status-publish","4":"has-post-thumbnail","6":"product_brand-truper","7":"product_cat-arnes-y-cable","8":"product_tag-3-anillos-laterales","9":"product_tag-arnes","10":"product_tag-arnes-de-cuerpo-completo","11":"product_tag-arnes-de-cuerpo-completo-3-anillos-laterales","12":"product_tag-truper","14":"first","15":"instock","16":"shipping-taxable","17":"purchasable","18":"product-type-simple"},"yoast_head":"<!-- This site is optimized with the Yoast SEO plugin v27.1.1 - https:\/\/yoast.com\/product\/yoast-seo-wordpress\/ -->\n<title>ARNES DE CUERPO COMPLETO 3 ANILLOS LATERALES - PANEL REY MEXICO<\/title>\n<meta name=\"description\" content=\"Arn\u00e9s Truper con 3 anillos \u201cD\u201d de acero forjado, cinta de 44 mm de poli\u00e9ster y capacidad de carga de 140 kg. Cumple con normas ANSI Z359.11 y EN 361. Ideal para trabajos en alturas en la industria y construcci\u00f3n.\" \/>\n<meta name=\"robots\" content=\"index, follow, max-snippet:-1, max-image-preview:large, max-video-preview:-1\" \/>\n<link rel=\"canonical\" href=\"https:\/\/distribuidorpanelrey.com.mx\/producto\/arnes-de-cuerpo-completo-3-anillos-laterales\/\" \/>\n<meta property=\"og:locale\" content=\"es_ES\" \/>\n<meta property=\"og:type\" content=\"article\" \/>\n<meta property=\"og:title\" content=\"ARNES DE CUERPO COMPLETO 3 ANILLOS LATERALES - PANEL REY MEXICO\" \/>\n<meta property=\"og:description\" content=\"Arn\u00e9s Truper con 3 anillos \u201cD\u201d de acero forjado, cinta de 44 mm de poli\u00e9ster y capacidad de carga de 140 kg. Cumple con normas ANSI Z359.11 y EN 361. Ideal para trabajos en alturas en la industria y construcci\u00f3n.\" \/>\n<meta property=\"og:url\" content=\"https:\/\/distribuidorpanelrey.com.mx\/producto\/arnes-de-cuerpo-completo-3-anillos-laterales\/\" \/>\n<meta property=\"og:site_name\" content=\"PANEL REY MEXICO\" \/>\n<meta property=\"article:publisher\" content=\"https:\/\/www.facebook.com\/mexicopanelrey\/?locale=es_LA\" \/>\n<meta property=\"article:modified_time\" content=\"2025-08-18T04:26:42+00:00\" \/>\n<meta property=\"og:image\" content=\"https:\/\/distribuidorpanelrey.com.mx\/wp-content\/uploads\/2025\/08\/ARNES-14439.webp\" \/>\n\t<meta property=\"og:image:width\" content=\"1800\" \/>\n\t<meta property=\"og:image:height\" content=\"1800\" \/>\n\t<meta property=\"og:image:type\" content=\"image\/webp\" \/>\n<meta name=\"twitter:card\" content=\"summary_large_image\" \/>\n<meta name=\"twitter:label1\" content=\"Tiempo de lectura\" \/>\n\t<meta name=\"twitter:data1\" content=\"2 minutos\" \/>\n<script type=\"application\/ld+json\" class=\"yoast-schema-graph\">{\"@context\":\"https:\/\/schema.org\",\"@graph\":[{\"@type\":\"WebPage\",\"@id\":\"https:\/\/distribuidorpanelrey.com.mx\/producto\/arnes-de-cuerpo-completo-3-anillos-laterales\/\",\"url\":\"https:\/\/distribuidorpanelrey.com.mx\/producto\/arnes-de-cuerpo-completo-3-anillos-laterales\/\",\"name\":\"ARNES DE CUERPO COMPLETO 3 ANILLOS LATERALES - PANEL REY MEXICO\",\"isPartOf\":{\"@id\":\"https:\/\/distribuidorpanelrey.com\/#website\"},\"primaryImageOfPage\":{\"@id\":\"https:\/\/distribuidorpanelrey.com.mx\/producto\/arnes-de-cuerpo-completo-3-anillos-laterales\/#primaryimage\"},\"image\":{\"@id\":\"https:\/\/distribuidorpanelrey.com.mx\/producto\/arnes-de-cuerpo-completo-3-anillos-laterales\/#primaryimage\"},\"thumbnailUrl\":\"https:\/\/distribuidorpanelrey.com.mx\/wp-content\/uploads\/2025\/08\/ARNES-14439.webp\",\"datePublished\":\"2025-08-09T00:05:06+00:00\",\"dateModified\":\"2025-08-18T04:26:42+00:00\",\"description\":\"Arn\u00e9s Truper con 3 anillos \u201cD\u201d de acero forjado, cinta de 44 mm de poli\u00e9ster y capacidad de carga de 140 kg. Cumple con normas ANSI Z359.11 y EN 361. Ideal para trabajos en alturas en la industria y construcci\u00f3n.\",\"breadcrumb\":{\"@id\":\"https:\/\/distribuidorpanelrey.com.mx\/producto\/arnes-de-cuerpo-completo-3-anillos-laterales\/#breadcrumb\"},\"inLanguage\":\"es\",\"potentialAction\":[{\"@type\":\"ReadAction\",\"target\":[\"https:\/\/distribuidorpanelrey.com.mx\/producto\/arnes-de-cuerpo-completo-3-anillos-laterales\/\"]}]},{\"@type\":\"ImageObject\",\"inLanguage\":\"es\",\"@id\":\"https:\/\/distribuidorpanelrey.com.mx\/producto\/arnes-de-cuerpo-completo-3-anillos-laterales\/#primaryimage\",\"url\":\"https:\/\/distribuidorpanelrey.com.mx\/wp-content\/uploads\/2025\/08\/ARNES-14439.webp\",\"contentUrl\":\"https:\/\/distribuidorpanelrey.com.mx\/wp-content\/uploads\/2025\/08\/ARNES-14439.webp\",\"width\":1800,\"height\":1800},{\"@type\":\"BreadcrumbList\",\"@id\":\"https:\/\/distribuidorpanelrey.com.mx\/producto\/arnes-de-cuerpo-completo-3-anillos-laterales\/#breadcrumb\",\"itemListElement\":[{\"@type\":\"ListItem\",\"position\":1,\"name\":\"Portada\",\"item\":\"https:\/\/distribuidorpanelrey.com.mx\/\"},{\"@type\":\"ListItem\",\"position\":2,\"name\":\"Productos\",\"item\":\"https:\/\/distribuidorpanelrey.com\/tienda\/\"},{\"@type\":\"ListItem\",\"position\":3,\"name\":\"ARNES DE CUERPO COMPLETO 3 ANILLOS LATERALES\"}]},{\"@type\":\"WebSite\",\"@id\":\"https:\/\/distribuidorpanelrey.com\/#website\",\"url\":\"https:\/\/distribuidorpanelrey.com\/\",\"name\":\"PANEL REY MEXICO\",\"description\":\"DISTRIBUIDOR PANEL REY\",\"publisher\":{\"@id\":\"https:\/\/distribuidorpanelrey.com\/#organization\"},\"alternateName\":\"DISTRIBUIDOR PANEL REY\",\"potentialAction\":[{\"@type\":\"SearchAction\",\"target\":{\"@type\":\"EntryPoint\",\"urlTemplate\":\"https:\/\/distribuidorpanelrey.com\/?s={search_term_string}\"},\"query-input\":{\"@type\":\"PropertyValueSpecification\",\"valueRequired\":true,\"valueName\":\"search_term_string\"}}],\"inLanguage\":\"es\"},{\"@type\":\"Organization\",\"@id\":\"https:\/\/distribuidorpanelrey.com\/#organization\",\"name\":\"PANEL REY MEXICO\",\"url\":\"https:\/\/distribuidorpanelrey.com\/\",\"logo\":{\"@type\":\"ImageObject\",\"inLanguage\":\"es\",\"@id\":\"https:\/\/distribuidorpanelrey.com\/#\/schema\/logo\/image\/\",\"url\":\"https:\/\/distribuidorpanelrey.com.mx\/wp-content\/uploads\/2023\/11\/panelrey.webp\",\"contentUrl\":\"https:\/\/distribuidorpanelrey.com.mx\/wp-content\/uploads\/2023\/11\/panelrey.webp\",\"width\":400,\"height\":150,\"caption\":\"PANEL REY MEXICO\"},\"image\":{\"@id\":\"https:\/\/distribuidorpanelrey.com\/#\/schema\/logo\/image\/\"},\"sameAs\":[\"https:\/\/www.facebook.com\/mexicopanelrey\/?locale=es_LA\",\"https:\/\/www.instagram.com\/panel_rey_mexico\/?hl=es\"]}]}<\/script>\n<!-- \/ Yoast SEO plugin. -->","yoast_head_json":{"title":"ARNES DE CUERPO COMPLETO 3 ANILLOS LATERALES - PANEL REY MEXICO","description":"Arn\u00e9s Truper con 3 anillos \u201cD\u201d de acero forjado, cinta de 44 mm de poli\u00e9ster y capacidad de carga de 140 kg. Cumple con normas ANSI Z359.11 y EN 361. Ideal para trabajos en alturas en la industria y construcci\u00f3n.","robots":{"index":"index","follow":"follow","max-snippet":"max-snippet:-1","max-image-preview":"max-image-preview:large","max-video-preview":"max-video-preview:-1"},"canonical":"https:\/\/distribuidorpanelrey.com.mx\/producto\/arnes-de-cuerpo-completo-3-anillos-laterales\/","og_locale":"es_ES","og_type":"article","og_title":"ARNES DE CUERPO COMPLETO 3 ANILLOS LATERALES - PANEL REY MEXICO","og_description":"Arn\u00e9s Truper con 3 anillos \u201cD\u201d de acero forjado, cinta de 44 mm de poli\u00e9ster y capacidad de carga de 140 kg. Cumple con normas ANSI Z359.11 y EN 361. Ideal para trabajos en alturas en la industria y construcci\u00f3n.","og_url":"https:\/\/distribuidorpanelrey.com.mx\/producto\/arnes-de-cuerpo-completo-3-anillos-laterales\/","og_site_name":"PANEL REY MEXICO","article_publisher":"https:\/\/www.facebook.com\/mexicopanelrey\/?locale=es_LA","article_modified_time":"2025-08-18T04:26:42+00:00","og_image":[{"width":1800,"height":1800,"url":"https:\/\/distribuidorpanelrey.com.mx\/wp-content\/uploads\/2025\/08\/ARNES-14439.webp","type":"image\/webp"}],"twitter_card":"summary_large_image","twitter_misc":{"Tiempo de lectura":"2 minutos"},"schema":{"@context":"https:\/\/schema.org","@graph":[{"@type":"WebPage","@id":"https:\/\/distribuidorpanelrey.com.mx\/producto\/arnes-de-cuerpo-completo-3-anillos-laterales\/","url":"https:\/\/distribuidorpanelrey.com.mx\/producto\/arnes-de-cuerpo-completo-3-anillos-laterales\/","name":"ARNES DE CUERPO COMPLETO 3 ANILLOS LATERALES - PANEL REY MEXICO","isPartOf":{"@id":"https:\/\/distribuidorpanelrey.com\/#website"},"primaryImageOfPage":{"@id":"https:\/\/distribuidorpanelrey.com.mx\/producto\/arnes-de-cuerpo-completo-3-anillos-laterales\/#primaryimage"},"image":{"@id":"https:\/\/distribuidorpanelrey.com.mx\/producto\/arnes-de-cuerpo-completo-3-anillos-laterales\/#primaryimage"},"thumbnailUrl":"https:\/\/distribuidorpanelrey.com.mx\/wp-content\/uploads\/2025\/08\/ARNES-14439.webp","datePublished":"2025-08-09T00:05:06+00:00","dateModified":"2025-08-18T04:26:42+00:00","description":"Arn\u00e9s Truper con 3 anillos \u201cD\u201d de acero forjado, cinta de 44 mm de poli\u00e9ster y capacidad de carga de 140 kg. Cumple con normas ANSI Z359.11 y EN 361. Ideal para trabajos en alturas en la industria y construcci\u00f3n.","breadcrumb":{"@id":"https:\/\/distribuidorpanelrey.com.mx\/producto\/arnes-de-cuerpo-completo-3-anillos-laterales\/#breadcrumb"},"inLanguage":"es","potentialAction":[{"@type":"ReadAction","target":["https:\/\/distribuidorpanelrey.com.mx\/producto\/arnes-de-cuerpo-completo-3-anillos-laterales\/"]}]},{"@type":"ImageObject","inLanguage":"es","@id":"https:\/\/distribuidorpanelrey.com.mx\/producto\/arnes-de-cuerpo-completo-3-anillos-laterales\/#primaryimage","url":"https:\/\/distribuidorpanelrey.com.mx\/wp-content\/uploads\/2025\/08\/ARNES-14439.webp","contentUrl":"https:\/\/distribuidorpanelrey.com.mx\/wp-content\/uploads\/2025\/08\/ARNES-14439.webp","width":1800,"height":1800},{"@type":"BreadcrumbList","@id":"https:\/\/distribuidorpanelrey.com.mx\/producto\/arnes-de-cuerpo-completo-3-anillos-laterales\/#breadcrumb","itemListElement":[{"@type":"ListItem","position":1,"name":"Portada","item":"https:\/\/distribuidorpanelrey.com.mx\/"},{"@type":"ListItem","position":2,"name":"Productos","item":"https:\/\/distribuidorpanelrey.com\/tienda\/"},{"@type":"ListItem","position":3,"name":"ARNES DE CUERPO COMPLETO 3 ANILLOS LATERALES"}]},{"@type":"WebSite","@id":"https:\/\/distribuidorpanelrey.com\/#website","url":"https:\/\/distribuidorpanelrey.com\/","name":"PANEL REY MEXICO","description":"DISTRIBUIDOR PANEL REY","publisher":{"@id":"https:\/\/distribuidorpanelrey.com\/#organization"},"alternateName":"DISTRIBUIDOR PANEL REY","potentialAction":[{"@type":"SearchAction","target":{"@type":"EntryPoint","urlTemplate":"https:\/\/distribuidorpanelrey.com\/?s={search_term_string}"},"query-input":{"@type":"PropertyValueSpecification","valueRequired":true,"valueName":"search_term_string"}}],"inLanguage":"es"},{"@type":"Organization","@id":"https:\/\/distribuidorpanelrey.com\/#organization","name":"PANEL REY MEXICO","url":"https:\/\/distribuidorpanelrey.com\/","logo":{"@type":"ImageObject","inLanguage":"es","@id":"https:\/\/distribuidorpanelrey.com\/#\/schema\/logo\/image\/","url":"https:\/\/distribuidorpanelrey.com.mx\/wp-content\/uploads\/2023\/11\/panelrey.webp","contentUrl":"https:\/\/distribuidorpanelrey.com.mx\/wp-content\/uploads\/2023\/11\/panelrey.webp","width":400,"height":150,"caption":"PANEL REY MEXICO"},"image":{"@id":"https:\/\/distribuidorpanelrey.com\/#\/schema\/logo\/image\/"},"sameAs":["https:\/\/www.facebook.com\/mexicopanelrey\/?locale=es_LA","https:\/\/www.instagram.com\/panel_rey_mexico\/?hl=es"]}]}},"_links":{"self":[{"href":"https:\/\/distribuidorpanelrey.com.mx\/wp-json\/wp\/v2\/product\/5295","targetHints":{"allow":["GET"]}}],"collection":[{"href":"https:\/\/distribuidorpanelrey.com.mx\/wp-json\/wp\/v2\/product"}],"about":[{"href":"https:\/\/distribuidorpanelrey.com.mx\/wp-json\/wp\/v2\/types\/product"}],"replies":[{"embeddable":true,"href":"https:\/\/distribuidorpanelrey.com.mx\/wp-json\/wp\/v2\/comments?post=5295"}],"version-history":[{"count":1,"href":"https:\/\/distribuidorpanelrey.com.mx\/wp-json\/wp\/v2\/product\/5295\/revisions"}],"predecessor-version":[{"id":5296,"href":"https:\/\/distribuidorpanelrey.com.mx\/wp-json\/wp\/v2\/product\/5295\/revisions\/5296"}],"wp:featuredmedia":[{"embeddable":true,"href":"https:\/\/distribuidorpanelrey.com.mx\/wp-json\/wp\/v2\/media\/5278"}],"wp:attachment":[{"href":"https:\/\/distribuidorpanelrey.com.mx\/wp-json\/wp\/v2\/media?parent=5295"}],"wp:term":[{"taxonomy":"product_brand","embeddable":true,"href":"https:\/\/distribuidorpanelrey.com.mx\/wp-json\/wp\/v2\/product_brand?post=5295"},{"taxonomy":"product_cat","embeddable":true,"href":"https:\/\/distribuidorpanelrey.com.mx\/wp-json\/wp\/v2\/product_cat?post=5295"},{"taxonomy":"product_tag","embeddable":true,"href":"https:\/\/distribuidorpanelrey.com.mx\/wp-json\/wp\/v2\/product_tag?post=5295"}],"curies":[{"name":"wp","href":"https:\/\/api.w.org\/{rel}","templated":true}]}}