{"id":5304,"date":"2025-08-09T00:15:45","date_gmt":"2025-08-09T00:15:45","guid":{"rendered":"https:\/\/distribuidorpanelrey.com.mx\/?post_type=product&#038;p=5304"},"modified":"2025-08-18T04:26:58","modified_gmt":"2025-08-18T04:26:58","slug":"bota-de-seguridad-negra-dielectica-antifatiga","status":"publish","type":"product","link":"https:\/\/distribuidorpanelrey.com.mx\/producto\/bota-de-seguridad-negra-dielectica-antifatiga\/","title":{"rendered":"BOTA DE SEGURIDAD NEGRA DIELECTICA ANTIFATIGA"},"content":{"rendered":"<h3 data-start=\"136\" data-end=\"222\">Botas Industriales Diel\u00e9ctricos Negros \u2013 Truper (C\u00f3digo 15479, Clave ZC-425N)<\/h3>\n<p data-start=\"224\" data-end=\"683\">Botas\u00a0industriales con dise\u00f1o diel\u00e9ctrico modelo 400 en color negro, fabricados en piel de vacuno de alta calidad. Incorporan casquillo de poliamida y suela antiderrapante de doble densidad termopl\u00e1stica con burbuja antifatiga para una excelente amortiguaci\u00f3n y confort. Cumplen con la normativa NOM-113-STPS y resisten aceites, solventes y abrasi\u00f3n, ideales para entornos de trabajo exigentes.<\/p>\n<hr data-start=\"685\" data-end=\"688\" \/>\n<h3 data-start=\"690\" data-end=\"722\">Caracter\u00edsticas principales<\/h3>\n<ul data-start=\"724\" data-end=\"1453\">\n<li data-start=\"724\" data-end=\"820\">\n<p data-start=\"726\" data-end=\"820\"><strong data-start=\"726\" data-end=\"739\">Material:<\/strong> Corte en piel de vacuno con forro textil<\/p>\n<\/li>\n<li data-start=\"821\" data-end=\"924\">\n<p data-start=\"823\" data-end=\"924\"><strong data-start=\"823\" data-end=\"837\">Casquillo:<\/strong> Poliamida resistente para protecci\u00f3n adicional<\/p>\n<\/li>\n<li data-start=\"925\" data-end=\"1064\">\n<p data-start=\"927\" data-end=\"1064\"><strong data-start=\"927\" data-end=\"937\">Suela:<\/strong> Doble densidad de poliuretano termopl\u00e1stico inyectado al corte, con burbuja antifatiga<\/p>\n<\/li>\n<li data-start=\"1065\" data-end=\"1191\">\n<p data-start=\"1067\" data-end=\"1191\"><strong data-start=\"1067\" data-end=\"1081\">Plantilla:<\/strong> Antimic\u00f3tica, con perforaciones de transpiraci\u00f3n para mayor comodidad<\/p>\n<\/li>\n<li data-start=\"1192\" data-end=\"1364\">\n<p data-start=\"1194\" data-end=\"1364\"><strong data-start=\"1194\" data-end=\"1210\">Resistencia:<\/strong> Alta durabilidad frente a aceites, solventes y con el doble de resistencia a la abrasi\u00f3n que otros modelos Pretul<\/p>\n<\/li>\n<li data-start=\"1365\" data-end=\"1453\">\n<p data-start=\"1367\" data-end=\"1453\"><strong data-start=\"1367\" data-end=\"1377\">Suela:<\/strong> Antiderrapante para mayor seguridad<\/p>\n<\/li>\n<\/ul>\n<hr data-start=\"1455\" data-end=\"1458\" \/>\n<h3 data-start=\"1460\" data-end=\"1490\">Especificaciones t\u00e9cnicas<\/h3>\n<div class=\"_tableContainer_1rjym_1\">\n<div class=\"_tableWrapper_1rjym_13 group flex w-fit flex-col-reverse\" tabindex=\"-1\">\n<table class=\"w-fit min-w-(--thread-content-width)\" data-start=\"1492\" data-end=\"1946\">\n<thead data-start=\"1492\" data-end=\"1543\">\n<tr data-start=\"1492\" data-end=\"1543\">\n<th data-start=\"1492\" data-end=\"1517\" data-col-size=\"sm\">Especificaci\u00f3n<\/th>\n<th data-start=\"1517\" data-end=\"1543\" data-col-size=\"sm\">Detalle<\/th>\n<\/tr>\n<\/thead>\n<tbody data-start=\"1596\" data-end=\"1946\">\n<tr data-start=\"1596\" data-end=\"1647\">\n<td data-start=\"1596\" data-end=\"1621\" data-col-size=\"sm\"><strong data-start=\"1598\" data-end=\"1608\">C\u00f3digo<\/strong><\/td>\n<td data-start=\"1621\" data-end=\"1647\" data-col-size=\"sm\">15479<\/td>\n<\/tr>\n<tr data-start=\"1648\" data-end=\"1699\">\n<td data-start=\"1648\" data-end=\"1673\" data-col-size=\"sm\"><strong data-start=\"1650\" data-end=\"1659\">Clave<\/strong><\/td>\n<td data-start=\"1673\" data-end=\"1699\" data-col-size=\"sm\">ZC-425N<\/td>\n<\/tr>\n<tr data-start=\"1700\" data-end=\"1750\">\n<td data-start=\"1700\" data-end=\"1729\" data-col-size=\"sm\"><strong data-start=\"1702\" data-end=\"1728\">Talla M\u00c9X. \/ EUA \/ EUR<\/strong><\/td>\n<td data-col-size=\"sm\" data-start=\"1729\" data-end=\"1750\">25 \/ 7 \/ 40<\/td>\n<\/tr>\n<tr data-start=\"1751\" data-end=\"1802\">\n<td data-start=\"1751\" data-end=\"1776\" data-col-size=\"sm\"><strong data-start=\"1753\" data-end=\"1775\">Empaque individual<\/strong><\/td>\n<td data-start=\"1776\" data-end=\"1802\" data-col-size=\"sm\">Caja<\/td>\n<\/tr>\n<tr data-start=\"1803\" data-end=\"1854\">\n<td data-start=\"1803\" data-end=\"1828\" data-col-size=\"sm\"><strong data-start=\"1805\" data-end=\"1815\">Pallet<\/strong><\/td>\n<td data-col-size=\"sm\" data-start=\"1828\" data-end=\"1854\">108 unidades<\/td>\n<\/tr>\n<tr data-start=\"1855\" data-end=\"1908\">\n<td data-start=\"1855\" data-end=\"1880\" data-col-size=\"sm\"><strong data-start=\"1857\" data-end=\"1866\">Norma<\/strong><\/td>\n<td data-start=\"1880\" data-end=\"1908\" data-col-size=\"sm\">NOM-113-STPS<\/td>\n<\/tr>\n<\/tbody>\n<\/table>\n<p style=\"text-align: center;\">En\u00a0<strong data-start=\"82\" data-end=\"115\">Distribuidor Panel Rey M\u00e9xico<\/strong> encuentras calidad y confianza en productos <strong>Acero.<\/strong><br data-start=\"173\" data-end=\"176\" \/>\u2705 Env\u00edos a toda la Rep\u00fablica Mexicana. \u00a1Pregunta por nuestras promociones vigentes!<br data-start=\"259\" data-end=\"262\" data-is-only-node=\"\" \/>\u2705 Todos los precios incluyen IVA (sujetos a cambio sin previo aviso).<br data-start=\"331\" data-end=\"334\" \/>\u2705 Im\u00e1genes ilustrativas, el producto final puede presentar ligeras variaciones.<br data-start=\"413\" data-end=\"416\" \/>\ud83d\udcac \u00bfTienes dudas? Escr\u00edbenos por\u00a0<a href=\"https:\/\/www.facebook.com\/mexicopanelrey\">Facebook<\/a>\u00a0o\u00a0<a href=\"https:\/\/www.instagram.com\/panel_rey_mexico\/\">Instagram<\/a>.<br data-start=\"470\" data-end=\"473\" \/>\ud83d\udcde Tel:\u00a0<a href=\"tel:55 7397 6243\">55 7397 6243<\/a>\u00a0| WhatsApp:\u00a0<a href=\"https:\/\/api.whatsapp.com\/send?phone=525573976243\">5573976243<\/a><br data-start=\"518\" data-end=\"521\" \/>\ud83d\udce7\u00a0<a class=\"cursor-pointer\" href=\"mailto:ventas@distribuidorpanelrey.com\" rel=\"noopener\" data-start=\"524\" data-end=\"555\">ventas@distribuidorpanelrey.com<\/a><\/p>\n<\/div>\n<\/div>\n","protected":false},"excerpt":{"rendered":"<h4 style=\"text-align: center;\">Env\u00edos de 24 a 48 hr CDMX Y EDO MEX<\/h4>\n<p style=\"text-align: center;\">Rese\u00f1as\u00a0\u2605\u2605\u2605\u2605\u2605\u00a0 Env\u00edos Garantizados<\/p>\n<h4 style=\"text-align: center;\">\ud83d\udd25LOS MEJORES PRECIOS \ud83d\udd25<\/h4>\n","protected":false},"featured_media":5298,"comment_status":"closed","ping_status":"closed","template":"","meta":[],"product_brand":[562],"product_cat":[548,949],"product_tag":[956,950,954,955,953,361],"class_list":{"0":"post-5304","1":"product","2":"type-product","3":"status-publish","4":"has-post-thumbnail","6":"product_brand-truper","7":"product_cat-accesorios-y-herramientas","8":"product_cat-botas","9":"product_tag-antifatiga","10":"product_tag-bota-de-seguridad-negra","11":"product_tag-bota-de-seguridad-negra-dielectica-antifatiga","12":"product_tag-dielectica","13":"product_tag-negra","14":"product_tag-truper","16":"first","17":"instock","18":"shipping-taxable","19":"purchasable","20":"product-type-simple"},"yoast_head":"<!-- This site is optimized with the Yoast SEO plugin v27.1.1 - https:\/\/yoast.com\/product\/yoast-seo-wordpress\/ -->\n<title>BOTA DE SEGURIDAD NEGRA DIELECTICA ANTIFATIGA - PANEL REY MEXICO<\/title>\n<meta name=\"description\" content=\"Bota industrial diel\u00e9ctrico Truper modelo 400 negro, con casquillo de poliamida y suela antiderrapante de doble densidad. Plantilla antifatiga y resistencia superior. Cumple con NOM-113-STPS.\" \/>\n<meta name=\"robots\" content=\"index, follow, max-snippet:-1, max-image-preview:large, max-video-preview:-1\" \/>\n<link rel=\"canonical\" href=\"https:\/\/distribuidorpanelrey.com.mx\/producto\/bota-de-seguridad-negra-dielectica-antifatiga\/\" \/>\n<meta property=\"og:locale\" content=\"es_ES\" \/>\n<meta property=\"og:type\" content=\"article\" \/>\n<meta property=\"og:title\" content=\"BOTA DE SEGURIDAD NEGRA DIELECTICA ANTIFATIGA - PANEL REY MEXICO\" \/>\n<meta property=\"og:description\" content=\"Bota industrial diel\u00e9ctrico Truper modelo 400 negro, con casquillo de poliamida y suela antiderrapante de doble densidad. Plantilla antifatiga y resistencia superior. Cumple con NOM-113-STPS.\" \/>\n<meta property=\"og:url\" content=\"https:\/\/distribuidorpanelrey.com.mx\/producto\/bota-de-seguridad-negra-dielectica-antifatiga\/\" \/>\n<meta property=\"og:site_name\" content=\"PANEL REY MEXICO\" \/>\n<meta property=\"article:publisher\" content=\"https:\/\/www.facebook.com\/mexicopanelrey\/?locale=es_LA\" \/>\n<meta property=\"article:modified_time\" content=\"2025-08-18T04:26:58+00:00\" \/>\n<meta property=\"og:image\" content=\"https:\/\/distribuidorpanelrey.com.mx\/wp-content\/uploads\/2025\/08\/BOTAS-15479.webp\" \/>\n\t<meta property=\"og:image:width\" content=\"1800\" \/>\n\t<meta property=\"og:image:height\" content=\"1800\" \/>\n\t<meta property=\"og:image:type\" content=\"image\/webp\" \/>\n<meta name=\"twitter:card\" content=\"summary_large_image\" \/>\n<meta name=\"twitter:label1\" content=\"Tiempo de lectura\" \/>\n\t<meta name=\"twitter:data1\" content=\"2 minutos\" \/>\n<script type=\"application\/ld+json\" class=\"yoast-schema-graph\">{\"@context\":\"https:\/\/schema.org\",\"@graph\":[{\"@type\":\"WebPage\",\"@id\":\"https:\/\/distribuidorpanelrey.com.mx\/producto\/bota-de-seguridad-negra-dielectica-antifatiga\/\",\"url\":\"https:\/\/distribuidorpanelrey.com.mx\/producto\/bota-de-seguridad-negra-dielectica-antifatiga\/\",\"name\":\"BOTA DE SEGURIDAD NEGRA DIELECTICA ANTIFATIGA - PANEL REY MEXICO\",\"isPartOf\":{\"@id\":\"https:\/\/distribuidorpanelrey.com\/#website\"},\"primaryImageOfPage\":{\"@id\":\"https:\/\/distribuidorpanelrey.com.mx\/producto\/bota-de-seguridad-negra-dielectica-antifatiga\/#primaryimage\"},\"image\":{\"@id\":\"https:\/\/distribuidorpanelrey.com.mx\/producto\/bota-de-seguridad-negra-dielectica-antifatiga\/#primaryimage\"},\"thumbnailUrl\":\"https:\/\/distribuidorpanelrey.com.mx\/wp-content\/uploads\/2025\/08\/BOTAS-15479.webp\",\"datePublished\":\"2025-08-09T00:15:45+00:00\",\"dateModified\":\"2025-08-18T04:26:58+00:00\",\"description\":\"Bota industrial diel\u00e9ctrico Truper modelo 400 negro, con casquillo de poliamida y suela antiderrapante de doble densidad. Plantilla antifatiga y resistencia superior. Cumple con NOM-113-STPS.\",\"breadcrumb\":{\"@id\":\"https:\/\/distribuidorpanelrey.com.mx\/producto\/bota-de-seguridad-negra-dielectica-antifatiga\/#breadcrumb\"},\"inLanguage\":\"es\",\"potentialAction\":[{\"@type\":\"ReadAction\",\"target\":[\"https:\/\/distribuidorpanelrey.com.mx\/producto\/bota-de-seguridad-negra-dielectica-antifatiga\/\"]}]},{\"@type\":\"ImageObject\",\"inLanguage\":\"es\",\"@id\":\"https:\/\/distribuidorpanelrey.com.mx\/producto\/bota-de-seguridad-negra-dielectica-antifatiga\/#primaryimage\",\"url\":\"https:\/\/distribuidorpanelrey.com.mx\/wp-content\/uploads\/2025\/08\/BOTAS-15479.webp\",\"contentUrl\":\"https:\/\/distribuidorpanelrey.com.mx\/wp-content\/uploads\/2025\/08\/BOTAS-15479.webp\",\"width\":1800,\"height\":1800},{\"@type\":\"BreadcrumbList\",\"@id\":\"https:\/\/distribuidorpanelrey.com.mx\/producto\/bota-de-seguridad-negra-dielectica-antifatiga\/#breadcrumb\",\"itemListElement\":[{\"@type\":\"ListItem\",\"position\":1,\"name\":\"Portada\",\"item\":\"https:\/\/distribuidorpanelrey.com.mx\/\"},{\"@type\":\"ListItem\",\"position\":2,\"name\":\"Productos\",\"item\":\"https:\/\/distribuidorpanelrey.com\/tienda\/\"},{\"@type\":\"ListItem\",\"position\":3,\"name\":\"BOTA DE SEGURIDAD NEGRA DIELECTICA ANTIFATIGA\"}]},{\"@type\":\"WebSite\",\"@id\":\"https:\/\/distribuidorpanelrey.com\/#website\",\"url\":\"https:\/\/distribuidorpanelrey.com\/\",\"name\":\"PANEL REY MEXICO\",\"description\":\"DISTRIBUIDOR PANEL REY\",\"publisher\":{\"@id\":\"https:\/\/distribuidorpanelrey.com\/#organization\"},\"alternateName\":\"DISTRIBUIDOR PANEL REY\",\"potentialAction\":[{\"@type\":\"SearchAction\",\"target\":{\"@type\":\"EntryPoint\",\"urlTemplate\":\"https:\/\/distribuidorpanelrey.com\/?s={search_term_string}\"},\"query-input\":{\"@type\":\"PropertyValueSpecification\",\"valueRequired\":true,\"valueName\":\"search_term_string\"}}],\"inLanguage\":\"es\"},{\"@type\":\"Organization\",\"@id\":\"https:\/\/distribuidorpanelrey.com\/#organization\",\"name\":\"PANEL REY MEXICO\",\"url\":\"https:\/\/distribuidorpanelrey.com\/\",\"logo\":{\"@type\":\"ImageObject\",\"inLanguage\":\"es\",\"@id\":\"https:\/\/distribuidorpanelrey.com\/#\/schema\/logo\/image\/\",\"url\":\"https:\/\/distribuidorpanelrey.com.mx\/wp-content\/uploads\/2023\/11\/panelrey.webp\",\"contentUrl\":\"https:\/\/distribuidorpanelrey.com.mx\/wp-content\/uploads\/2023\/11\/panelrey.webp\",\"width\":400,\"height\":150,\"caption\":\"PANEL REY MEXICO\"},\"image\":{\"@id\":\"https:\/\/distribuidorpanelrey.com\/#\/schema\/logo\/image\/\"},\"sameAs\":[\"https:\/\/www.facebook.com\/mexicopanelrey\/?locale=es_LA\",\"https:\/\/www.instagram.com\/panel_rey_mexico\/?hl=es\"]}]}<\/script>\n<!-- \/ Yoast SEO plugin. -->","yoast_head_json":{"title":"BOTA DE SEGURIDAD NEGRA DIELECTICA ANTIFATIGA - PANEL REY MEXICO","description":"Bota industrial diel\u00e9ctrico Truper modelo 400 negro, con casquillo de poliamida y suela antiderrapante de doble densidad. Plantilla antifatiga y resistencia superior. Cumple con NOM-113-STPS.","robots":{"index":"index","follow":"follow","max-snippet":"max-snippet:-1","max-image-preview":"max-image-preview:large","max-video-preview":"max-video-preview:-1"},"canonical":"https:\/\/distribuidorpanelrey.com.mx\/producto\/bota-de-seguridad-negra-dielectica-antifatiga\/","og_locale":"es_ES","og_type":"article","og_title":"BOTA DE SEGURIDAD NEGRA DIELECTICA ANTIFATIGA - PANEL REY MEXICO","og_description":"Bota industrial diel\u00e9ctrico Truper modelo 400 negro, con casquillo de poliamida y suela antiderrapante de doble densidad. Plantilla antifatiga y resistencia superior. Cumple con NOM-113-STPS.","og_url":"https:\/\/distribuidorpanelrey.com.mx\/producto\/bota-de-seguridad-negra-dielectica-antifatiga\/","og_site_name":"PANEL REY MEXICO","article_publisher":"https:\/\/www.facebook.com\/mexicopanelrey\/?locale=es_LA","article_modified_time":"2025-08-18T04:26:58+00:00","og_image":[{"width":1800,"height":1800,"url":"https:\/\/distribuidorpanelrey.com.mx\/wp-content\/uploads\/2025\/08\/BOTAS-15479.webp","type":"image\/webp"}],"twitter_card":"summary_large_image","twitter_misc":{"Tiempo de lectura":"2 minutos"},"schema":{"@context":"https:\/\/schema.org","@graph":[{"@type":"WebPage","@id":"https:\/\/distribuidorpanelrey.com.mx\/producto\/bota-de-seguridad-negra-dielectica-antifatiga\/","url":"https:\/\/distribuidorpanelrey.com.mx\/producto\/bota-de-seguridad-negra-dielectica-antifatiga\/","name":"BOTA DE SEGURIDAD NEGRA DIELECTICA ANTIFATIGA - PANEL REY MEXICO","isPartOf":{"@id":"https:\/\/distribuidorpanelrey.com\/#website"},"primaryImageOfPage":{"@id":"https:\/\/distribuidorpanelrey.com.mx\/producto\/bota-de-seguridad-negra-dielectica-antifatiga\/#primaryimage"},"image":{"@id":"https:\/\/distribuidorpanelrey.com.mx\/producto\/bota-de-seguridad-negra-dielectica-antifatiga\/#primaryimage"},"thumbnailUrl":"https:\/\/distribuidorpanelrey.com.mx\/wp-content\/uploads\/2025\/08\/BOTAS-15479.webp","datePublished":"2025-08-09T00:15:45+00:00","dateModified":"2025-08-18T04:26:58+00:00","description":"Bota industrial diel\u00e9ctrico Truper modelo 400 negro, con casquillo de poliamida y suela antiderrapante de doble densidad. Plantilla antifatiga y resistencia superior. Cumple con NOM-113-STPS.","breadcrumb":{"@id":"https:\/\/distribuidorpanelrey.com.mx\/producto\/bota-de-seguridad-negra-dielectica-antifatiga\/#breadcrumb"},"inLanguage":"es","potentialAction":[{"@type":"ReadAction","target":["https:\/\/distribuidorpanelrey.com.mx\/producto\/bota-de-seguridad-negra-dielectica-antifatiga\/"]}]},{"@type":"ImageObject","inLanguage":"es","@id":"https:\/\/distribuidorpanelrey.com.mx\/producto\/bota-de-seguridad-negra-dielectica-antifatiga\/#primaryimage","url":"https:\/\/distribuidorpanelrey.com.mx\/wp-content\/uploads\/2025\/08\/BOTAS-15479.webp","contentUrl":"https:\/\/distribuidorpanelrey.com.mx\/wp-content\/uploads\/2025\/08\/BOTAS-15479.webp","width":1800,"height":1800},{"@type":"BreadcrumbList","@id":"https:\/\/distribuidorpanelrey.com.mx\/producto\/bota-de-seguridad-negra-dielectica-antifatiga\/#breadcrumb","itemListElement":[{"@type":"ListItem","position":1,"name":"Portada","item":"https:\/\/distribuidorpanelrey.com.mx\/"},{"@type":"ListItem","position":2,"name":"Productos","item":"https:\/\/distribuidorpanelrey.com\/tienda\/"},{"@type":"ListItem","position":3,"name":"BOTA DE SEGURIDAD NEGRA DIELECTICA ANTIFATIGA"}]},{"@type":"WebSite","@id":"https:\/\/distribuidorpanelrey.com\/#website","url":"https:\/\/distribuidorpanelrey.com\/","name":"PANEL REY MEXICO","description":"DISTRIBUIDOR PANEL REY","publisher":{"@id":"https:\/\/distribuidorpanelrey.com\/#organization"},"alternateName":"DISTRIBUIDOR PANEL REY","potentialAction":[{"@type":"SearchAction","target":{"@type":"EntryPoint","urlTemplate":"https:\/\/distribuidorpanelrey.com\/?s={search_term_string}"},"query-input":{"@type":"PropertyValueSpecification","valueRequired":true,"valueName":"search_term_string"}}],"inLanguage":"es"},{"@type":"Organization","@id":"https:\/\/distribuidorpanelrey.com\/#organization","name":"PANEL REY MEXICO","url":"https:\/\/distribuidorpanelrey.com\/","logo":{"@type":"ImageObject","inLanguage":"es","@id":"https:\/\/distribuidorpanelrey.com\/#\/schema\/logo\/image\/","url":"https:\/\/distribuidorpanelrey.com.mx\/wp-content\/uploads\/2023\/11\/panelrey.webp","contentUrl":"https:\/\/distribuidorpanelrey.com.mx\/wp-content\/uploads\/2023\/11\/panelrey.webp","width":400,"height":150,"caption":"PANEL REY MEXICO"},"image":{"@id":"https:\/\/distribuidorpanelrey.com\/#\/schema\/logo\/image\/"},"sameAs":["https:\/\/www.facebook.com\/mexicopanelrey\/?locale=es_LA","https:\/\/www.instagram.com\/panel_rey_mexico\/?hl=es"]}]}},"_links":{"self":[{"href":"https:\/\/distribuidorpanelrey.com.mx\/wp-json\/wp\/v2\/product\/5304","targetHints":{"allow":["GET"]}}],"collection":[{"href":"https:\/\/distribuidorpanelrey.com.mx\/wp-json\/wp\/v2\/product"}],"about":[{"href":"https:\/\/distribuidorpanelrey.com.mx\/wp-json\/wp\/v2\/types\/product"}],"replies":[{"embeddable":true,"href":"https:\/\/distribuidorpanelrey.com.mx\/wp-json\/wp\/v2\/comments?post=5304"}],"version-history":[{"count":1,"href":"https:\/\/distribuidorpanelrey.com.mx\/wp-json\/wp\/v2\/product\/5304\/revisions"}],"predecessor-version":[{"id":5305,"href":"https:\/\/distribuidorpanelrey.com.mx\/wp-json\/wp\/v2\/product\/5304\/revisions\/5305"}],"wp:featuredmedia":[{"embeddable":true,"href":"https:\/\/distribuidorpanelrey.com.mx\/wp-json\/wp\/v2\/media\/5298"}],"wp:attachment":[{"href":"https:\/\/distribuidorpanelrey.com.mx\/wp-json\/wp\/v2\/media?parent=5304"}],"wp:term":[{"taxonomy":"product_brand","embeddable":true,"href":"https:\/\/distribuidorpanelrey.com.mx\/wp-json\/wp\/v2\/product_brand?post=5304"},{"taxonomy":"product_cat","embeddable":true,"href":"https:\/\/distribuidorpanelrey.com.mx\/wp-json\/wp\/v2\/product_cat?post=5304"},{"taxonomy":"product_tag","embeddable":true,"href":"https:\/\/distribuidorpanelrey.com.mx\/wp-json\/wp\/v2\/product_tag?post=5304"}],"curies":[{"name":"wp","href":"https:\/\/api.w.org\/{rel}","templated":true}]}}