{"id":534,"date":"2018-12-05T17:18:03","date_gmt":"2018-12-05T17:18:03","guid":{"rendered":"http:\/\/distribuidorpanelrey.com\/?post_type=product&#038;p=534"},"modified":"2025-08-18T04:15:20","modified_gmt":"2025-08-18T04:15:20","slug":"fibra-de-vidrio-aislante","status":"publish","type":"product","link":"https:\/\/distribuidorpanelrey.com.mx\/producto\/fibra-de-vidrio-aislante\/","title":{"rendered":"AISLANTE TERMO-ACUSTICO AISLAHOGAR"},"content":{"rendered":"<h2>Fibra de vidrio aislante<\/h2>\n<p>Aislante termo-ac\u00fastico Aislahogar<\/p>\n<p>Fibra de vidrio aislante\u00a0es proporcionar una barrera efectiva contra la transferencia de calor y sonido en espacios residenciales y comerciales. Este producto est\u00e1 dise\u00f1ado espec\u00edficamente para mejorar el confort t\u00e9rmico y ac\u00fastico de los ambientes, reduciendo la p\u00e9rdida de calor en invierno y el ingreso de calor en verano, as\u00ed como mitigando la propagaci\u00f3n del ruido entre diferentes \u00e1reas de una estructura.<\/p>\n<p>El <strong>aislante termo-ac\u00fastico Aislahogar<\/strong> se caracteriza por su capacidad para mejorar la eficiencia energ\u00e9tica de los edificios al reducir la necesidad de calefacci\u00f3n y refrigeraci\u00f3n, lo que a su vez puede traducirse en ahorros significativos en costos de energ\u00eda. Adem\u00e1s, proporciona un ambiente m\u00e1s confortable al reducir los niveles de ruido exterior e interior, promoviendo un espacio habitable m\u00e1s tranquilo y agradable.<\/p>\n<p>Fibra de vidrio aislante\u00a0es una soluci\u00f3n integral para mejorar el confort y la eficiencia energ\u00e9tica en edificaciones, contribuyendo al bienestar de sus ocupantes al controlar la temperatura y reducir el ruido, asegurando as\u00ed un ambiente interior m\u00e1s saludable y confortable.<\/p>\n<p>&nbsp;<\/p>\n<p><span style=\"font-size: 12px; color: #000080;\"><b>CARACTER\u00cdSTICAS<\/b><\/span><\/p>\n<ul>\n<li>Aislamiento termo-ac\u00fastico fabricado con fibra de vidrio de baja densidad, aglutinada con resina fen\u00f3lica de fraguado t\u00e9rmico.<\/li>\n<li>En rollos de color rosa con o sin barrera de vapor de papel kraft asfaltado.<\/li>\n<\/ul>\n<p>&nbsp;<\/p>\n<p>Este producto esta hecho con los mejores materiales y de la mayor calidad as\u00cd como todos nuestros productos, Fibra de vidrio aislante, Fibra de vidrio aislante<\/p>\n<p>R8 MX 6.4 X 061 X 1524 cm<\/p>\n<p style=\"text-align: center;\">En\u00a0<strong data-start=\"82\" data-end=\"115\">Distribuidor Panel Rey M\u00e9xico<\/strong> encuentras calidad y confianza en productos <strong>PANEL REY<\/strong>.<br data-start=\"173\" data-end=\"176\" \/><img decoding=\"async\" class=\"emoji\" role=\"img\" draggable=\"false\" src=\"https:\/\/s.w.org\/images\/core\/emoji\/16.0.1\/svg\/2705.svg\" alt=\"\u2705\" \/>\u00a0Env\u00edos a toda la Rep\u00fablica Mexicana. \u00a1Pregunta por nuestras promociones vigentes!<br data-start=\"259\" data-end=\"262\" data-is-only-node=\"\" \/><img decoding=\"async\" class=\"emoji\" role=\"img\" draggable=\"false\" src=\"https:\/\/s.w.org\/images\/core\/emoji\/16.0.1\/svg\/2705.svg\" alt=\"\u2705\" \/>\u00a0Todos los precios incluyen IVA (sujetos a cambio sin previo aviso).<br data-start=\"331\" data-end=\"334\" \/><img decoding=\"async\" class=\"emoji\" role=\"img\" draggable=\"false\" src=\"https:\/\/s.w.org\/images\/core\/emoji\/16.0.1\/svg\/2705.svg\" alt=\"\u2705\" \/>\u00a0Im\u00e1genes ilustrativas, el producto final puede presentar ligeras variaciones.<br data-start=\"413\" data-end=\"416\" \/><img decoding=\"async\" class=\"emoji\" role=\"img\" draggable=\"false\" src=\"https:\/\/s.w.org\/images\/core\/emoji\/16.0.1\/svg\/1f4ac.svg\" alt=\"\ud83d\udcac\" \/>\u00a0\u00bfTienes dudas? Escr\u00edbenos por\u00a0<a href=\"https:\/\/www.facebook.com\/mexicopanelrey\">Facebook<\/a>\u00a0o\u00a0<a href=\"https:\/\/www.instagram.com\/panel_rey_mexico\/\">Instagram<\/a>.<br data-start=\"470\" data-end=\"473\" \/><img decoding=\"async\" class=\"emoji\" role=\"img\" draggable=\"false\" src=\"https:\/\/s.w.org\/images\/core\/emoji\/16.0.1\/svg\/1f4de.svg\" alt=\"\ud83d\udcde\" \/>\u00a0Tel:\u00a0<a href=\"tel:55 7397 6243\">55 7397 6243<\/a>\u00a0| WhatsApp:\u00a0<a href=\"https:\/\/api.whatsapp.com\/send?phone=525573976243\">5573976243<\/a><br data-start=\"518\" data-end=\"521\" \/><img decoding=\"async\" class=\"emoji\" role=\"img\" draggable=\"false\" src=\"https:\/\/s.w.org\/images\/core\/emoji\/16.0.1\/svg\/1f4e7.svg\" alt=\"\ud83d\udce7\" \/>\u00a0<a class=\"cursor-pointer\" href=\"mailto:ventas@distribuidorpanelrey.com\" rel=\"noopener\" data-start=\"524\" data-end=\"555\">ventas@distribuidorpanelrey.com<\/a><\/p>\n","protected":false},"excerpt":{"rendered":"<h4 style=\"text-align: center;\">Env\u00edos de 24 a 48 hr CDMX Y EDO MEX<\/h4>\n<p style=\"text-align: center;\">Rese\u00f1as\u00a0\u2605\u2605\u2605\u2605\u2605\u00a0 Env\u00edos Garantizados<\/p>\n<h4 style=\"text-align: center;\">\ud83d\udd25LOS MEJORES PRECIOS \ud83d\udd25<\/h4>\n","protected":false},"featured_media":903,"comment_status":"closed","ping_status":"closed","template":"","meta":[],"product_brand":[549],"product_cat":[100],"product_tag":[251,102,250,101,252,21,111],"class_list":{"0":"post-534","1":"product","2":"type-product","3":"status-publish","4":"has-post-thumbnail","6":"product_brand-panel-rey","7":"product_cat-aislamiento-termoacustico","8":"product_tag-aislahohar","9":"product_tag-aislamiento-termoacustico","10":"product_tag-asilante","11":"product_tag-fibra-de-vidrio-aislante","12":"product_tag-fibra-rosa","13":"product_tag-panel-de-yeso","14":"product_tag-panel-rey","16":"first","17":"instock","18":"shipping-taxable","19":"purchasable","20":"product-type-simple"},"yoast_head":"<!-- This site is optimized with the Yoast SEO plugin v27.1.1 - https:\/\/yoast.com\/product\/yoast-seo-wordpress\/ -->\n<title>AISLANTE TERMO-ACUSTICO AISLAHOGAR - PANEL REY MEXICO<\/title>\n<meta name=\"description\" content=\"Aislante termo-ac\u00fastico Aislahogar, fabricado con fibra de vidrio de baja densidad, aglutinada con resina fen\u00f3lica de fraguado t\u00e9rmico!\" \/>\n<meta name=\"robots\" content=\"index, follow, max-snippet:-1, max-image-preview:large, max-video-preview:-1\" \/>\n<link rel=\"canonical\" href=\"https:\/\/distribuidorpanelrey.com.mx\/producto\/fibra-de-vidrio-aislante\/\" \/>\n<meta property=\"og:locale\" content=\"es_ES\" \/>\n<meta property=\"og:type\" content=\"article\" \/>\n<meta property=\"og:title\" content=\"AISLANTE TERMO-ACUSTICO AISLAHOGAR - PANEL REY MEXICO\" \/>\n<meta property=\"og:description\" content=\"Aislante termo-ac\u00fastico Aislahogar, fabricado con fibra de vidrio de baja densidad, aglutinada con resina fen\u00f3lica de fraguado t\u00e9rmico!\" \/>\n<meta property=\"og:url\" content=\"https:\/\/distribuidorpanelrey.com.mx\/producto\/fibra-de-vidrio-aislante\/\" \/>\n<meta property=\"og:site_name\" content=\"PANEL REY MEXICO\" \/>\n<meta property=\"article:publisher\" content=\"https:\/\/www.facebook.com\/mexicopanelrey\/?locale=es_LA\" \/>\n<meta property=\"article:modified_time\" content=\"2025-08-18T04:15:20+00:00\" \/>\n<meta property=\"og:image\" content=\"https:\/\/distribuidorpanelrey.com.mx\/wp-content\/uploads\/2018\/12\/Fibra-de-vidrio-aislante-distribuidor-panel-rey-mexico-1-1.png\" \/>\n\t<meta property=\"og:image:width\" content=\"500\" \/>\n\t<meta property=\"og:image:height\" content=\"500\" \/>\n\t<meta property=\"og:image:type\" content=\"image\/png\" \/>\n<meta name=\"twitter:card\" content=\"summary_large_image\" \/>\n<meta name=\"twitter:label1\" content=\"Tiempo de lectura\" \/>\n\t<meta name=\"twitter:data1\" content=\"3 minutos\" \/>\n<script type=\"application\/ld+json\" class=\"yoast-schema-graph\">{\"@context\":\"https:\/\/schema.org\",\"@graph\":[{\"@type\":\"WebPage\",\"@id\":\"https:\/\/distribuidorpanelrey.com.mx\/producto\/fibra-de-vidrio-aislante\/\",\"url\":\"https:\/\/distribuidorpanelrey.com.mx\/producto\/fibra-de-vidrio-aislante\/\",\"name\":\"AISLANTE TERMO-ACUSTICO AISLAHOGAR - PANEL REY MEXICO\",\"isPartOf\":{\"@id\":\"https:\/\/distribuidorpanelrey.com\/#website\"},\"primaryImageOfPage\":{\"@id\":\"https:\/\/distribuidorpanelrey.com.mx\/producto\/fibra-de-vidrio-aislante\/#primaryimage\"},\"image\":{\"@id\":\"https:\/\/distribuidorpanelrey.com.mx\/producto\/fibra-de-vidrio-aislante\/#primaryimage\"},\"thumbnailUrl\":\"https:\/\/distribuidorpanelrey.com.mx\/wp-content\/uploads\/2018\/12\/Fibra-de-vidrio-aislante-distribuidor-panel-rey-mexico-1-1.png\",\"datePublished\":\"2018-12-05T17:18:03+00:00\",\"dateModified\":\"2025-08-18T04:15:20+00:00\",\"description\":\"Aislante termo-ac\u00fastico Aislahogar, fabricado con fibra de vidrio de baja densidad, aglutinada con resina fen\u00f3lica de fraguado t\u00e9rmico!\",\"breadcrumb\":{\"@id\":\"https:\/\/distribuidorpanelrey.com.mx\/producto\/fibra-de-vidrio-aislante\/#breadcrumb\"},\"inLanguage\":\"es\",\"potentialAction\":[{\"@type\":\"ReadAction\",\"target\":[\"https:\/\/distribuidorpanelrey.com.mx\/producto\/fibra-de-vidrio-aislante\/\"]}]},{\"@type\":\"ImageObject\",\"inLanguage\":\"es\",\"@id\":\"https:\/\/distribuidorpanelrey.com.mx\/producto\/fibra-de-vidrio-aislante\/#primaryimage\",\"url\":\"https:\/\/distribuidorpanelrey.com.mx\/wp-content\/uploads\/2018\/12\/Fibra-de-vidrio-aislante-distribuidor-panel-rey-mexico-1-1.png\",\"contentUrl\":\"https:\/\/distribuidorpanelrey.com.mx\/wp-content\/uploads\/2018\/12\/Fibra-de-vidrio-aislante-distribuidor-panel-rey-mexico-1-1.png\",\"width\":500,\"height\":500,\"caption\":\"Fibra-de-vidrio-aislante-distribuidor-panel-rey-mexico\"},{\"@type\":\"BreadcrumbList\",\"@id\":\"https:\/\/distribuidorpanelrey.com.mx\/producto\/fibra-de-vidrio-aislante\/#breadcrumb\",\"itemListElement\":[{\"@type\":\"ListItem\",\"position\":1,\"name\":\"Portada\",\"item\":\"https:\/\/distribuidorpanelrey.com.mx\/\"},{\"@type\":\"ListItem\",\"position\":2,\"name\":\"Productos\",\"item\":\"https:\/\/distribuidorpanelrey.com\/tienda\/\"},{\"@type\":\"ListItem\",\"position\":3,\"name\":\"AISLANTE TERMO-ACUSTICO AISLAHOGAR\"}]},{\"@type\":\"WebSite\",\"@id\":\"https:\/\/distribuidorpanelrey.com\/#website\",\"url\":\"https:\/\/distribuidorpanelrey.com\/\",\"name\":\"PANEL REY MEXICO\",\"description\":\"DISTRIBUIDOR PANEL REY\",\"publisher\":{\"@id\":\"https:\/\/distribuidorpanelrey.com\/#organization\"},\"alternateName\":\"DISTRIBUIDOR PANEL REY\",\"potentialAction\":[{\"@type\":\"SearchAction\",\"target\":{\"@type\":\"EntryPoint\",\"urlTemplate\":\"https:\/\/distribuidorpanelrey.com\/?s={search_term_string}\"},\"query-input\":{\"@type\":\"PropertyValueSpecification\",\"valueRequired\":true,\"valueName\":\"search_term_string\"}}],\"inLanguage\":\"es\"},{\"@type\":\"Organization\",\"@id\":\"https:\/\/distribuidorpanelrey.com\/#organization\",\"name\":\"PANEL REY MEXICO\",\"url\":\"https:\/\/distribuidorpanelrey.com\/\",\"logo\":{\"@type\":\"ImageObject\",\"inLanguage\":\"es\",\"@id\":\"https:\/\/distribuidorpanelrey.com\/#\/schema\/logo\/image\/\",\"url\":\"https:\/\/distribuidorpanelrey.com.mx\/wp-content\/uploads\/2023\/11\/panelrey.webp\",\"contentUrl\":\"https:\/\/distribuidorpanelrey.com.mx\/wp-content\/uploads\/2023\/11\/panelrey.webp\",\"width\":400,\"height\":150,\"caption\":\"PANEL REY MEXICO\"},\"image\":{\"@id\":\"https:\/\/distribuidorpanelrey.com\/#\/schema\/logo\/image\/\"},\"sameAs\":[\"https:\/\/www.facebook.com\/mexicopanelrey\/?locale=es_LA\",\"https:\/\/www.instagram.com\/panel_rey_mexico\/?hl=es\"]}]}<\/script>\n<!-- \/ Yoast SEO plugin. -->","yoast_head_json":{"title":"AISLANTE TERMO-ACUSTICO AISLAHOGAR - PANEL REY MEXICO","description":"Aislante termo-ac\u00fastico Aislahogar, fabricado con fibra de vidrio de baja densidad, aglutinada con resina fen\u00f3lica de fraguado t\u00e9rmico!","robots":{"index":"index","follow":"follow","max-snippet":"max-snippet:-1","max-image-preview":"max-image-preview:large","max-video-preview":"max-video-preview:-1"},"canonical":"https:\/\/distribuidorpanelrey.com.mx\/producto\/fibra-de-vidrio-aislante\/","og_locale":"es_ES","og_type":"article","og_title":"AISLANTE TERMO-ACUSTICO AISLAHOGAR - PANEL REY MEXICO","og_description":"Aislante termo-ac\u00fastico Aislahogar, fabricado con fibra de vidrio de baja densidad, aglutinada con resina fen\u00f3lica de fraguado t\u00e9rmico!","og_url":"https:\/\/distribuidorpanelrey.com.mx\/producto\/fibra-de-vidrio-aislante\/","og_site_name":"PANEL REY MEXICO","article_publisher":"https:\/\/www.facebook.com\/mexicopanelrey\/?locale=es_LA","article_modified_time":"2025-08-18T04:15:20+00:00","og_image":[{"width":500,"height":500,"url":"https:\/\/distribuidorpanelrey.com.mx\/wp-content\/uploads\/2018\/12\/Fibra-de-vidrio-aislante-distribuidor-panel-rey-mexico-1-1.png","type":"image\/png"}],"twitter_card":"summary_large_image","twitter_misc":{"Tiempo de lectura":"3 minutos"},"schema":{"@context":"https:\/\/schema.org","@graph":[{"@type":"WebPage","@id":"https:\/\/distribuidorpanelrey.com.mx\/producto\/fibra-de-vidrio-aislante\/","url":"https:\/\/distribuidorpanelrey.com.mx\/producto\/fibra-de-vidrio-aislante\/","name":"AISLANTE TERMO-ACUSTICO AISLAHOGAR - PANEL REY MEXICO","isPartOf":{"@id":"https:\/\/distribuidorpanelrey.com\/#website"},"primaryImageOfPage":{"@id":"https:\/\/distribuidorpanelrey.com.mx\/producto\/fibra-de-vidrio-aislante\/#primaryimage"},"image":{"@id":"https:\/\/distribuidorpanelrey.com.mx\/producto\/fibra-de-vidrio-aislante\/#primaryimage"},"thumbnailUrl":"https:\/\/distribuidorpanelrey.com.mx\/wp-content\/uploads\/2018\/12\/Fibra-de-vidrio-aislante-distribuidor-panel-rey-mexico-1-1.png","datePublished":"2018-12-05T17:18:03+00:00","dateModified":"2025-08-18T04:15:20+00:00","description":"Aislante termo-ac\u00fastico Aislahogar, fabricado con fibra de vidrio de baja densidad, aglutinada con resina fen\u00f3lica de fraguado t\u00e9rmico!","breadcrumb":{"@id":"https:\/\/distribuidorpanelrey.com.mx\/producto\/fibra-de-vidrio-aislante\/#breadcrumb"},"inLanguage":"es","potentialAction":[{"@type":"ReadAction","target":["https:\/\/distribuidorpanelrey.com.mx\/producto\/fibra-de-vidrio-aislante\/"]}]},{"@type":"ImageObject","inLanguage":"es","@id":"https:\/\/distribuidorpanelrey.com.mx\/producto\/fibra-de-vidrio-aislante\/#primaryimage","url":"https:\/\/distribuidorpanelrey.com.mx\/wp-content\/uploads\/2018\/12\/Fibra-de-vidrio-aislante-distribuidor-panel-rey-mexico-1-1.png","contentUrl":"https:\/\/distribuidorpanelrey.com.mx\/wp-content\/uploads\/2018\/12\/Fibra-de-vidrio-aislante-distribuidor-panel-rey-mexico-1-1.png","width":500,"height":500,"caption":"Fibra-de-vidrio-aislante-distribuidor-panel-rey-mexico"},{"@type":"BreadcrumbList","@id":"https:\/\/distribuidorpanelrey.com.mx\/producto\/fibra-de-vidrio-aislante\/#breadcrumb","itemListElement":[{"@type":"ListItem","position":1,"name":"Portada","item":"https:\/\/distribuidorpanelrey.com.mx\/"},{"@type":"ListItem","position":2,"name":"Productos","item":"https:\/\/distribuidorpanelrey.com\/tienda\/"},{"@type":"ListItem","position":3,"name":"AISLANTE TERMO-ACUSTICO AISLAHOGAR"}]},{"@type":"WebSite","@id":"https:\/\/distribuidorpanelrey.com\/#website","url":"https:\/\/distribuidorpanelrey.com\/","name":"PANEL REY MEXICO","description":"DISTRIBUIDOR PANEL REY","publisher":{"@id":"https:\/\/distribuidorpanelrey.com\/#organization"},"alternateName":"DISTRIBUIDOR PANEL REY","potentialAction":[{"@type":"SearchAction","target":{"@type":"EntryPoint","urlTemplate":"https:\/\/distribuidorpanelrey.com\/?s={search_term_string}"},"query-input":{"@type":"PropertyValueSpecification","valueRequired":true,"valueName":"search_term_string"}}],"inLanguage":"es"},{"@type":"Organization","@id":"https:\/\/distribuidorpanelrey.com\/#organization","name":"PANEL REY MEXICO","url":"https:\/\/distribuidorpanelrey.com\/","logo":{"@type":"ImageObject","inLanguage":"es","@id":"https:\/\/distribuidorpanelrey.com\/#\/schema\/logo\/image\/","url":"https:\/\/distribuidorpanelrey.com.mx\/wp-content\/uploads\/2023\/11\/panelrey.webp","contentUrl":"https:\/\/distribuidorpanelrey.com.mx\/wp-content\/uploads\/2023\/11\/panelrey.webp","width":400,"height":150,"caption":"PANEL REY MEXICO"},"image":{"@id":"https:\/\/distribuidorpanelrey.com\/#\/schema\/logo\/image\/"},"sameAs":["https:\/\/www.facebook.com\/mexicopanelrey\/?locale=es_LA","https:\/\/www.instagram.com\/panel_rey_mexico\/?hl=es"]}]}},"_links":{"self":[{"href":"https:\/\/distribuidorpanelrey.com.mx\/wp-json\/wp\/v2\/product\/534","targetHints":{"allow":["GET"]}}],"collection":[{"href":"https:\/\/distribuidorpanelrey.com.mx\/wp-json\/wp\/v2\/product"}],"about":[{"href":"https:\/\/distribuidorpanelrey.com.mx\/wp-json\/wp\/v2\/types\/product"}],"replies":[{"embeddable":true,"href":"https:\/\/distribuidorpanelrey.com.mx\/wp-json\/wp\/v2\/comments?post=534"}],"version-history":[{"count":8,"href":"https:\/\/distribuidorpanelrey.com.mx\/wp-json\/wp\/v2\/product\/534\/revisions"}],"predecessor-version":[{"id":4345,"href":"https:\/\/distribuidorpanelrey.com.mx\/wp-json\/wp\/v2\/product\/534\/revisions\/4345"}],"wp:featuredmedia":[{"embeddable":true,"href":"https:\/\/distribuidorpanelrey.com.mx\/wp-json\/wp\/v2\/media\/903"}],"wp:attachment":[{"href":"https:\/\/distribuidorpanelrey.com.mx\/wp-json\/wp\/v2\/media?parent=534"}],"wp:term":[{"taxonomy":"product_brand","embeddable":true,"href":"https:\/\/distribuidorpanelrey.com.mx\/wp-json\/wp\/v2\/product_brand?post=534"},{"taxonomy":"product_cat","embeddable":true,"href":"https:\/\/distribuidorpanelrey.com.mx\/wp-json\/wp\/v2\/product_cat?post=534"},{"taxonomy":"product_tag","embeddable":true,"href":"https:\/\/distribuidorpanelrey.com.mx\/wp-json\/wp\/v2\/product_tag?post=534"}],"curies":[{"name":"wp","href":"https:\/\/api.w.org\/{rel}","templated":true}]}}