{"id":5428,"date":"2025-08-09T20:47:22","date_gmt":"2025-08-09T20:47:22","guid":{"rendered":"https:\/\/distribuidorpanelrey.com.mx\/?post_type=product&#038;p=5428"},"modified":"2025-08-18T04:24:31","modified_gmt":"2025-08-18T04:24:31","slug":"baston-luminoso-de-53cm-con-luz-led","status":"publish","type":"product","link":"https:\/\/distribuidorpanelrey.com.mx\/producto\/baston-luminoso-de-53cm-con-luz-led\/","title":{"rendered":"BASTON LUMINOSO DE 53cm CON LUZ LED"},"content":{"rendered":"<h2 data-start=\"188\" data-end=\"257\">Bast\u00f3n de Seguridad con Luz LED de 53 cm \u2013 Truper (C\u00f3digo 101219)<\/h2>\n<p data-start=\"259\" data-end=\"476\"><span class=\"relative -mx-px my-[-0.2rem] rounded px-px py-[0.2rem] transition-colors duration-100 ease-in-out\">Bast\u00f3n luminoso de 53 cm con luz LED, dise\u00f1ado para mejorar la visibilidad en condiciones de poca luz.<\/span> <span class=\"relative -mx-px my-[-0.2rem] rounded px-px py-[0.2rem] transition-colors duration-100 ease-in-out\">Fabricado con cuerpo de policarbonato y mango de ABS con sujetador de mu\u00f1eca, ofrece dos modos de iluminaci\u00f3n: fijo e intermitente.<\/span> <span class=\"relative -mx-px my-[-0.2rem] rounded px-px py-[0.2rem] transition-colors duration-100 ease-in-out\">Ideal para tr\u00e1nsito vial, obras en construcci\u00f3n y estacionamientos.<\/span> <span class=\"relative -mx-px my-[-0.2rem] rounded px-px py-[0.2rem] transition-colors duration-100 ease-in-out\">Utiliza 2 pilas D (no incluidas).<\/span><\/p>\n<hr data-start=\"478\" data-end=\"481\" \/>\n<h3 data-start=\"483\" data-end=\"514\">Caracter\u00edsticas principales<\/h3>\n<ul data-start=\"516\" data-end=\"921\">\n<li data-start=\"516\" data-end=\"584\">\n<p data-start=\"518\" data-end=\"584\"><strong data-start=\"518\" data-end=\"542\">Material del cuerpo:<\/strong> <span class=\"relative -mx-px my-[-0.2rem] rounded px-px py-[0.2rem] transition-colors duration-100 ease-in-out\">Policarbonato.<\/span><\/p>\n<\/li>\n<li data-start=\"585\" data-end=\"652\">\n<p data-start=\"587\" data-end=\"652\"><strong data-start=\"587\" data-end=\"610\">Material del mango:<\/strong> <span class=\"relative -mx-px my-[-0.2rem] rounded px-px py-[0.2rem] transition-colors duration-100 ease-in-out\">ABS con sujetador de mu\u00f1eca.<\/span><\/p>\n<\/li>\n<li data-start=\"653\" data-end=\"722\">\n<p data-start=\"655\" data-end=\"722\"><strong data-start=\"655\" data-end=\"680\">Modos de iluminaci\u00f3n:<\/strong> <span class=\"relative -mx-px my-[-0.2rem] rounded px-px py-[0.2rem] transition-colors duration-100 ease-in-out\">Fijo e intermitente.<\/span><\/p>\n<\/li>\n<li data-start=\"723\" data-end=\"789\">\n<p data-start=\"725\" data-end=\"789\"><strong data-start=\"725\" data-end=\"747\">Fuente de energ\u00eda:<\/strong> <span class=\"relative -mx-px my-[-0.2rem] rounded px-px py-[0.2rem] transition-colors duration-100 ease-in-out\">2 pilas D (no incluidas).<\/span><\/p>\n<\/li>\n<li data-start=\"790\" data-end=\"821\">\n<p data-start=\"792\" data-end=\"821\"><strong data-start=\"792\" data-end=\"815\">Clip para cintur\u00f3n:<\/strong> S\u00ed.<\/p>\n<\/li>\n<li data-start=\"822\" data-end=\"921\">\n<p data-start=\"824\" data-end=\"921\"><strong data-start=\"824\" data-end=\"842\">Certificaci\u00f3n:<\/strong> <span class=\"relative -mx-px my-[-0.2rem] rounded px-px py-[0.2rem] transition-colors duration-100 ease-in-out\">Cumple con la norma NOM-001-SCFI.<\/span><\/p>\n<\/li>\n<\/ul>\n<hr data-start=\"923\" data-end=\"926\" \/>\n<h3 data-start=\"928\" data-end=\"957\">Especificaciones t\u00e9cnicas<\/h3>\n<div class=\"_tableContainer_1rjym_1\">\n<div class=\"_tableWrapper_1rjym_13 group flex w-fit flex-col-reverse\" tabindex=\"-1\">\n<table class=\"w-fit min-w-(--thread-content-width)\" data-start=\"959\" data-end=\"1845\">\n<thead data-start=\"959\" data-end=\"1039\">\n<tr data-start=\"959\" data-end=\"1039\">\n<th data-start=\"959\" data-end=\"991\" data-col-size=\"sm\">Especificaci\u00f3n<\/th>\n<th data-start=\"991\" data-end=\"1039\" data-col-size=\"sm\">Detalle<\/th>\n<\/tr>\n<\/thead>\n<tbody data-start=\"1121\" data-end=\"1845\">\n<tr data-start=\"1121\" data-end=\"1264\">\n<td data-start=\"1121\" data-end=\"1182\" data-col-size=\"sm\"><span class=\"relative -mx-px my-[-0.2rem] rounded px-px py-[0.2rem] transition-colors duration-100 ease-in-out\"><strong data-start=\"0\" data-end=\"10\" data-is-last-node=\"\" data-is-only-node=\"\">C\u00f3digo<\/strong><\/span><\/td>\n<td data-col-size=\"sm\" data-start=\"1182\" data-end=\"1264\"><span class=\"relative -mx-px my-[-0.2rem] rounded px-px py-[0.2rem] transition-colors duration-100 ease-in-out\">101219<\/span><\/td>\n<\/tr>\n<tr data-start=\"1265\" data-end=\"1408\">\n<td data-start=\"1265\" data-end=\"1327\" data-col-size=\"sm\"><span class=\"relative -mx-px my-[-0.2rem] rounded px-px py-[0.2rem] transition-colors duration-100 ease-in-out\"><strong data-start=\"0\" data-end=\"9\" data-is-last-node=\"\" data-is-only-node=\"\">Clave<\/strong><\/span><\/td>\n<td data-col-size=\"sm\" data-start=\"1327\" data-end=\"1408\"><span class=\"relative -mx-px my-[-0.2rem] rounded px-px py-[0.2rem] transition-colors duration-100 ease-in-out\">BADE-52<\/span><\/td>\n<\/tr>\n<tr data-start=\"1409\" data-end=\"1551\">\n<td data-start=\"1409\" data-end=\"1468\" data-col-size=\"sm\"><span class=\"relative -mx-px my-[-0.2rem] rounded px-px py-[0.2rem] transition-colors duration-100 ease-in-out\"><strong data-start=\"0\" data-end=\"12\" data-is-last-node=\"\" data-is-only-node=\"\">Longitud<\/strong><\/span><\/td>\n<td data-col-size=\"sm\" data-start=\"1468\" data-end=\"1551\"><span class=\"relative -mx-px my-[-0.2rem] rounded px-px py-[0.2rem] transition-colors duration-100 ease-in-out\">53 cm<\/span><\/td>\n<\/tr>\n<tr data-start=\"1552\" data-end=\"1660\">\n<td data-start=\"1552\" data-end=\"1611\" data-col-size=\"sm\"><span class=\"relative -mx-px my-[-0.2rem] rounded px-px py-[0.2rem] transition-colors duration-100 ease-in-out\"><strong data-start=\"0\" data-end=\"12\" data-is-last-node=\"\" data-is-only-node=\"\">Di\u00e1metro<\/strong><\/span><\/td>\n<td data-col-size=\"sm\" data-start=\"1611\" data-end=\"1660\">4 cm<\/td>\n<\/tr>\n<tr data-start=\"1661\" data-end=\"1845\">\n<td data-start=\"1661\" data-end=\"1724\" data-col-size=\"sm\"><span class=\"relative -mx-px my-[-0.2rem] rounded px-px py-[0.2rem] transition-colors duration-100 ease-in-out\"><strong data-start=\"0\" data-end=\"8\" data-is-last-node=\"\" data-is-only-node=\"\">Peso<\/strong><\/span><\/td>\n<td data-col-size=\"sm\" data-start=\"1724\" data-end=\"1805\"><span class=\"relative -mx-px my-[-0.2rem] rounded px-px py-[0.2rem] transition-colors duration-100 ease-in-out\">0.3 kg<\/span><\/td>\n<\/tr>\n<\/tbody>\n<\/table>\n<p style=\"text-align: center;\">En\u00a0<strong data-start=\"82\" data-end=\"115\">Distribuidor Panel Rey M\u00e9xico<\/strong> encuentras calidad y confianza en productos <strong>Acero.<\/strong><br data-start=\"173\" data-end=\"176\" \/>\u2705 Env\u00edos a toda la Rep\u00fablica Mexicana. \u00a1Pregunta por nuestras promociones vigentes!<br data-start=\"259\" data-end=\"262\" data-is-only-node=\"\" \/>\u2705 Todos los precios incluyen IVA (sujetos a cambio sin previo aviso).<br data-start=\"331\" data-end=\"334\" \/>\u2705 Im\u00e1genes ilustrativas, el producto final puede presentar ligeras variaciones.<br data-start=\"413\" data-end=\"416\" \/>\ud83d\udcac \u00bfTienes dudas? Escr\u00edbenos por\u00a0<a href=\"https:\/\/www.facebook.com\/mexicopanelrey\">Facebook<\/a>\u00a0o\u00a0<a href=\"https:\/\/www.instagram.com\/panel_rey_mexico\/\">Instagram<\/a>.<br data-start=\"470\" data-end=\"473\" \/>\ud83d\udcde Tel:\u00a0<a href=\"tel:55 7397 6243\">55 7397 6243<\/a>\u00a0| WhatsApp:\u00a0<a href=\"https:\/\/api.whatsapp.com\/send?phone=525573976243\">5573976243<\/a><br data-start=\"518\" data-end=\"521\" \/>\ud83d\udce7\u00a0<a class=\"cursor-pointer\" href=\"mailto:ventas@distribuidorpanelrey.com\" rel=\"noopener\" data-start=\"524\" data-end=\"555\">ventas@distribuidorpanelrey.com<\/a><\/p>\n<\/div>\n<\/div>\n","protected":false},"excerpt":{"rendered":"<h4 style=\"text-align: center;\">Env\u00edos de 24 a 48 hr CDMX Y EDO MEX<\/h4>\n<p style=\"text-align: center;\">Rese\u00f1as\u00a0\u2605\u2605\u2605\u2605\u2605\u00a0 Env\u00edos Garantizados<\/p>\n<h4 style=\"text-align: center;\">\ud83d\udd25LOS MEJORES PRECIOS \ud83d\udd25<\/h4>\n","protected":false},"featured_media":5420,"comment_status":"closed","ping_status":"closed","template":"","meta":[],"product_brand":[562],"product_cat":[548,1013],"product_tag":[1022,1020,1019,1024,1021,1023],"class_list":{"0":"post-5428","1":"product","2":"type-product","3":"status-publish","4":"has-post-thumbnail","6":"product_brand-truper","7":"product_cat-accesorios-y-herramientas","8":"product_cat-seguridad","9":"product_tag-53cm","10":"product_tag-baston","11":"product_tag-baston-luminoso-de-53cm-con-luz-led-y-clip-para-cinturon","12":"product_tag-clip-para-cinturon","13":"product_tag-luminoso","14":"product_tag-luz-led","16":"first","17":"instock","18":"shipping-taxable","19":"purchasable","20":"product-type-simple"},"yoast_head":"<!-- This site is optimized with the Yoast SEO plugin v27.1.1 - https:\/\/yoast.com\/product\/yoast-seo-wordpress\/ -->\n<title>BASTON LUMINOSO DE 53cm CON LUZ LED - PANEL REY MEXICO<\/title>\n<meta name=\"description\" content=\"Bast\u00f3n luminoso Truper de 53 cm con luz LED, dos modos de iluminaci\u00f3n y clip para cintur\u00f3n. Ideal para mejorar la visibilidad en condiciones de poca luz. C\u00f3digo 101219\" \/>\n<meta name=\"robots\" content=\"index, follow, max-snippet:-1, max-image-preview:large, max-video-preview:-1\" \/>\n<link rel=\"canonical\" href=\"https:\/\/distribuidorpanelrey.com.mx\/producto\/baston-luminoso-de-53cm-con-luz-led\/\" \/>\n<meta property=\"og:locale\" content=\"es_ES\" \/>\n<meta property=\"og:type\" content=\"article\" \/>\n<meta property=\"og:title\" content=\"BASTON LUMINOSO DE 53cm CON LUZ LED - PANEL REY MEXICO\" \/>\n<meta property=\"og:description\" content=\"Bast\u00f3n luminoso Truper de 53 cm con luz LED, dos modos de iluminaci\u00f3n y clip para cintur\u00f3n. Ideal para mejorar la visibilidad en condiciones de poca luz. C\u00f3digo 101219\" \/>\n<meta property=\"og:url\" content=\"https:\/\/distribuidorpanelrey.com.mx\/producto\/baston-luminoso-de-53cm-con-luz-led\/\" \/>\n<meta property=\"og:site_name\" content=\"PANEL REY MEXICO\" \/>\n<meta property=\"article:publisher\" content=\"https:\/\/www.facebook.com\/mexicopanelrey\/?locale=es_LA\" \/>\n<meta property=\"article:modified_time\" content=\"2025-08-18T04:24:31+00:00\" \/>\n<meta property=\"og:image\" content=\"https:\/\/distribuidorpanelrey.com.mx\/wp-content\/uploads\/2025\/08\/BASTON-101219.webp\" \/>\n\t<meta property=\"og:image:width\" content=\"1800\" \/>\n\t<meta property=\"og:image:height\" content=\"1800\" \/>\n\t<meta property=\"og:image:type\" content=\"image\/webp\" \/>\n<meta name=\"twitter:card\" content=\"summary_large_image\" \/>\n<meta name=\"twitter:label1\" content=\"Tiempo de lectura\" \/>\n\t<meta name=\"twitter:data1\" content=\"2 minutos\" \/>\n<script type=\"application\/ld+json\" class=\"yoast-schema-graph\">{\"@context\":\"https:\/\/schema.org\",\"@graph\":[{\"@type\":\"WebPage\",\"@id\":\"https:\/\/distribuidorpanelrey.com.mx\/producto\/baston-luminoso-de-53cm-con-luz-led\/\",\"url\":\"https:\/\/distribuidorpanelrey.com.mx\/producto\/baston-luminoso-de-53cm-con-luz-led\/\",\"name\":\"BASTON LUMINOSO DE 53cm CON LUZ LED - PANEL REY MEXICO\",\"isPartOf\":{\"@id\":\"https:\/\/distribuidorpanelrey.com\/#website\"},\"primaryImageOfPage\":{\"@id\":\"https:\/\/distribuidorpanelrey.com.mx\/producto\/baston-luminoso-de-53cm-con-luz-led\/#primaryimage\"},\"image\":{\"@id\":\"https:\/\/distribuidorpanelrey.com.mx\/producto\/baston-luminoso-de-53cm-con-luz-led\/#primaryimage\"},\"thumbnailUrl\":\"https:\/\/distribuidorpanelrey.com.mx\/wp-content\/uploads\/2025\/08\/BASTON-101219.webp\",\"datePublished\":\"2025-08-09T20:47:22+00:00\",\"dateModified\":\"2025-08-18T04:24:31+00:00\",\"description\":\"Bast\u00f3n luminoso Truper de 53 cm con luz LED, dos modos de iluminaci\u00f3n y clip para cintur\u00f3n. Ideal para mejorar la visibilidad en condiciones de poca luz. C\u00f3digo 101219\",\"breadcrumb\":{\"@id\":\"https:\/\/distribuidorpanelrey.com.mx\/producto\/baston-luminoso-de-53cm-con-luz-led\/#breadcrumb\"},\"inLanguage\":\"es\",\"potentialAction\":[{\"@type\":\"ReadAction\",\"target\":[\"https:\/\/distribuidorpanelrey.com.mx\/producto\/baston-luminoso-de-53cm-con-luz-led\/\"]}]},{\"@type\":\"ImageObject\",\"inLanguage\":\"es\",\"@id\":\"https:\/\/distribuidorpanelrey.com.mx\/producto\/baston-luminoso-de-53cm-con-luz-led\/#primaryimage\",\"url\":\"https:\/\/distribuidorpanelrey.com.mx\/wp-content\/uploads\/2025\/08\/BASTON-101219.webp\",\"contentUrl\":\"https:\/\/distribuidorpanelrey.com.mx\/wp-content\/uploads\/2025\/08\/BASTON-101219.webp\",\"width\":1800,\"height\":1800},{\"@type\":\"BreadcrumbList\",\"@id\":\"https:\/\/distribuidorpanelrey.com.mx\/producto\/baston-luminoso-de-53cm-con-luz-led\/#breadcrumb\",\"itemListElement\":[{\"@type\":\"ListItem\",\"position\":1,\"name\":\"Portada\",\"item\":\"https:\/\/distribuidorpanelrey.com.mx\/\"},{\"@type\":\"ListItem\",\"position\":2,\"name\":\"Productos\",\"item\":\"https:\/\/distribuidorpanelrey.com\/tienda\/\"},{\"@type\":\"ListItem\",\"position\":3,\"name\":\"BASTON LUMINOSO DE 53cm CON LUZ LED\"}]},{\"@type\":\"WebSite\",\"@id\":\"https:\/\/distribuidorpanelrey.com\/#website\",\"url\":\"https:\/\/distribuidorpanelrey.com\/\",\"name\":\"PANEL REY MEXICO\",\"description\":\"DISTRIBUIDOR PANEL REY\",\"publisher\":{\"@id\":\"https:\/\/distribuidorpanelrey.com\/#organization\"},\"alternateName\":\"DISTRIBUIDOR PANEL REY\",\"potentialAction\":[{\"@type\":\"SearchAction\",\"target\":{\"@type\":\"EntryPoint\",\"urlTemplate\":\"https:\/\/distribuidorpanelrey.com\/?s={search_term_string}\"},\"query-input\":{\"@type\":\"PropertyValueSpecification\",\"valueRequired\":true,\"valueName\":\"search_term_string\"}}],\"inLanguage\":\"es\"},{\"@type\":\"Organization\",\"@id\":\"https:\/\/distribuidorpanelrey.com\/#organization\",\"name\":\"PANEL REY MEXICO\",\"url\":\"https:\/\/distribuidorpanelrey.com\/\",\"logo\":{\"@type\":\"ImageObject\",\"inLanguage\":\"es\",\"@id\":\"https:\/\/distribuidorpanelrey.com\/#\/schema\/logo\/image\/\",\"url\":\"https:\/\/distribuidorpanelrey.com.mx\/wp-content\/uploads\/2023\/11\/panelrey.webp\",\"contentUrl\":\"https:\/\/distribuidorpanelrey.com.mx\/wp-content\/uploads\/2023\/11\/panelrey.webp\",\"width\":400,\"height\":150,\"caption\":\"PANEL REY MEXICO\"},\"image\":{\"@id\":\"https:\/\/distribuidorpanelrey.com\/#\/schema\/logo\/image\/\"},\"sameAs\":[\"https:\/\/www.facebook.com\/mexicopanelrey\/?locale=es_LA\",\"https:\/\/www.instagram.com\/panel_rey_mexico\/?hl=es\"]}]}<\/script>\n<!-- \/ Yoast SEO plugin. -->","yoast_head_json":{"title":"BASTON LUMINOSO DE 53cm CON LUZ LED - PANEL REY MEXICO","description":"Bast\u00f3n luminoso Truper de 53 cm con luz LED, dos modos de iluminaci\u00f3n y clip para cintur\u00f3n. Ideal para mejorar la visibilidad en condiciones de poca luz. C\u00f3digo 101219","robots":{"index":"index","follow":"follow","max-snippet":"max-snippet:-1","max-image-preview":"max-image-preview:large","max-video-preview":"max-video-preview:-1"},"canonical":"https:\/\/distribuidorpanelrey.com.mx\/producto\/baston-luminoso-de-53cm-con-luz-led\/","og_locale":"es_ES","og_type":"article","og_title":"BASTON LUMINOSO DE 53cm CON LUZ LED - PANEL REY MEXICO","og_description":"Bast\u00f3n luminoso Truper de 53 cm con luz LED, dos modos de iluminaci\u00f3n y clip para cintur\u00f3n. Ideal para mejorar la visibilidad en condiciones de poca luz. C\u00f3digo 101219","og_url":"https:\/\/distribuidorpanelrey.com.mx\/producto\/baston-luminoso-de-53cm-con-luz-led\/","og_site_name":"PANEL REY MEXICO","article_publisher":"https:\/\/www.facebook.com\/mexicopanelrey\/?locale=es_LA","article_modified_time":"2025-08-18T04:24:31+00:00","og_image":[{"width":1800,"height":1800,"url":"https:\/\/distribuidorpanelrey.com.mx\/wp-content\/uploads\/2025\/08\/BASTON-101219.webp","type":"image\/webp"}],"twitter_card":"summary_large_image","twitter_misc":{"Tiempo de lectura":"2 minutos"},"schema":{"@context":"https:\/\/schema.org","@graph":[{"@type":"WebPage","@id":"https:\/\/distribuidorpanelrey.com.mx\/producto\/baston-luminoso-de-53cm-con-luz-led\/","url":"https:\/\/distribuidorpanelrey.com.mx\/producto\/baston-luminoso-de-53cm-con-luz-led\/","name":"BASTON LUMINOSO DE 53cm CON LUZ LED - PANEL REY MEXICO","isPartOf":{"@id":"https:\/\/distribuidorpanelrey.com\/#website"},"primaryImageOfPage":{"@id":"https:\/\/distribuidorpanelrey.com.mx\/producto\/baston-luminoso-de-53cm-con-luz-led\/#primaryimage"},"image":{"@id":"https:\/\/distribuidorpanelrey.com.mx\/producto\/baston-luminoso-de-53cm-con-luz-led\/#primaryimage"},"thumbnailUrl":"https:\/\/distribuidorpanelrey.com.mx\/wp-content\/uploads\/2025\/08\/BASTON-101219.webp","datePublished":"2025-08-09T20:47:22+00:00","dateModified":"2025-08-18T04:24:31+00:00","description":"Bast\u00f3n luminoso Truper de 53 cm con luz LED, dos modos de iluminaci\u00f3n y clip para cintur\u00f3n. Ideal para mejorar la visibilidad en condiciones de poca luz. C\u00f3digo 101219","breadcrumb":{"@id":"https:\/\/distribuidorpanelrey.com.mx\/producto\/baston-luminoso-de-53cm-con-luz-led\/#breadcrumb"},"inLanguage":"es","potentialAction":[{"@type":"ReadAction","target":["https:\/\/distribuidorpanelrey.com.mx\/producto\/baston-luminoso-de-53cm-con-luz-led\/"]}]},{"@type":"ImageObject","inLanguage":"es","@id":"https:\/\/distribuidorpanelrey.com.mx\/producto\/baston-luminoso-de-53cm-con-luz-led\/#primaryimage","url":"https:\/\/distribuidorpanelrey.com.mx\/wp-content\/uploads\/2025\/08\/BASTON-101219.webp","contentUrl":"https:\/\/distribuidorpanelrey.com.mx\/wp-content\/uploads\/2025\/08\/BASTON-101219.webp","width":1800,"height":1800},{"@type":"BreadcrumbList","@id":"https:\/\/distribuidorpanelrey.com.mx\/producto\/baston-luminoso-de-53cm-con-luz-led\/#breadcrumb","itemListElement":[{"@type":"ListItem","position":1,"name":"Portada","item":"https:\/\/distribuidorpanelrey.com.mx\/"},{"@type":"ListItem","position":2,"name":"Productos","item":"https:\/\/distribuidorpanelrey.com\/tienda\/"},{"@type":"ListItem","position":3,"name":"BASTON LUMINOSO DE 53cm CON LUZ LED"}]},{"@type":"WebSite","@id":"https:\/\/distribuidorpanelrey.com\/#website","url":"https:\/\/distribuidorpanelrey.com\/","name":"PANEL REY MEXICO","description":"DISTRIBUIDOR PANEL REY","publisher":{"@id":"https:\/\/distribuidorpanelrey.com\/#organization"},"alternateName":"DISTRIBUIDOR PANEL REY","potentialAction":[{"@type":"SearchAction","target":{"@type":"EntryPoint","urlTemplate":"https:\/\/distribuidorpanelrey.com\/?s={search_term_string}"},"query-input":{"@type":"PropertyValueSpecification","valueRequired":true,"valueName":"search_term_string"}}],"inLanguage":"es"},{"@type":"Organization","@id":"https:\/\/distribuidorpanelrey.com\/#organization","name":"PANEL REY MEXICO","url":"https:\/\/distribuidorpanelrey.com\/","logo":{"@type":"ImageObject","inLanguage":"es","@id":"https:\/\/distribuidorpanelrey.com\/#\/schema\/logo\/image\/","url":"https:\/\/distribuidorpanelrey.com.mx\/wp-content\/uploads\/2023\/11\/panelrey.webp","contentUrl":"https:\/\/distribuidorpanelrey.com.mx\/wp-content\/uploads\/2023\/11\/panelrey.webp","width":400,"height":150,"caption":"PANEL REY MEXICO"},"image":{"@id":"https:\/\/distribuidorpanelrey.com\/#\/schema\/logo\/image\/"},"sameAs":["https:\/\/www.facebook.com\/mexicopanelrey\/?locale=es_LA","https:\/\/www.instagram.com\/panel_rey_mexico\/?hl=es"]}]}},"_links":{"self":[{"href":"https:\/\/distribuidorpanelrey.com.mx\/wp-json\/wp\/v2\/product\/5428","targetHints":{"allow":["GET"]}}],"collection":[{"href":"https:\/\/distribuidorpanelrey.com.mx\/wp-json\/wp\/v2\/product"}],"about":[{"href":"https:\/\/distribuidorpanelrey.com.mx\/wp-json\/wp\/v2\/types\/product"}],"replies":[{"embeddable":true,"href":"https:\/\/distribuidorpanelrey.com.mx\/wp-json\/wp\/v2\/comments?post=5428"}],"version-history":[{"count":1,"href":"https:\/\/distribuidorpanelrey.com.mx\/wp-json\/wp\/v2\/product\/5428\/revisions"}],"predecessor-version":[{"id":5429,"href":"https:\/\/distribuidorpanelrey.com.mx\/wp-json\/wp\/v2\/product\/5428\/revisions\/5429"}],"wp:featuredmedia":[{"embeddable":true,"href":"https:\/\/distribuidorpanelrey.com.mx\/wp-json\/wp\/v2\/media\/5420"}],"wp:attachment":[{"href":"https:\/\/distribuidorpanelrey.com.mx\/wp-json\/wp\/v2\/media?parent=5428"}],"wp:term":[{"taxonomy":"product_brand","embeddable":true,"href":"https:\/\/distribuidorpanelrey.com.mx\/wp-json\/wp\/v2\/product_brand?post=5428"},{"taxonomy":"product_cat","embeddable":true,"href":"https:\/\/distribuidorpanelrey.com.mx\/wp-json\/wp\/v2\/product_cat?post=5428"},{"taxonomy":"product_tag","embeddable":true,"href":"https:\/\/distribuidorpanelrey.com.mx\/wp-json\/wp\/v2\/product_tag?post=5428"}],"curies":[{"name":"wp","href":"https:\/\/api.w.org\/{rel}","templated":true}]}}