{"id":5507,"date":"2025-08-10T18:44:10","date_gmt":"2025-08-10T18:44:10","guid":{"rendered":"https:\/\/distribuidorpanelrey.com.mx\/?post_type=product&#038;p=5507"},"modified":"2025-08-18T04:25:51","modified_gmt":"2025-08-18T04:25:51","slug":"carretilla-5-5-ft3-neumatica-bastidor-tubular","status":"publish","type":"product","link":"https:\/\/distribuidorpanelrey.com.mx\/producto\/carretilla-5-5-ft3-neumatica-bastidor-tubular\/","title":{"rendered":"CARRETILLA 5.5 FT3 NEUMATICA BASTIDOR TUBULAR"},"content":{"rendered":"<h2 data-start=\"136\" data-end=\"230\">Carretilla 5.5 ft\u00b3 Neum\u00e1tica con Bastidor Tubular \u2013 Truper (C\u00f3digo 11752, Clave CAT-50ND)<\/h2>\n<p data-start=\"232\" data-end=\"692\">Carretilla de alto rendimiento con capacidad de 5.5 ft\u00b3 (156 L), equipada con llanta neum\u00e1tica reforzada de rin de 3 aspas que ofrece mayor estabilidad y resistencia al desgaste. Su bastidor tubular con grips antiderrapantes y tac\u00f3n estabilizador brinda robustez y confort para trabajos exigentes en construcci\u00f3n y jardiner\u00eda. Excede la norma federal KKK-W-291f, garantizando calidad y durabilidad.<\/p>\n<hr data-start=\"694\" data-end=\"697\" \/>\n<h3 data-start=\"699\" data-end=\"731\">Caracter\u00edsticas principales<\/h3>\n<ul data-start=\"733\" data-end=\"1169\">\n<li data-start=\"733\" data-end=\"811\">\n<p data-start=\"735\" data-end=\"811\"><strong data-start=\"735\" data-end=\"746\">Llanta:<\/strong> Neum\u00e1tica reforzada con rin de 3 aspas para mayor estabilidad.<\/p>\n<\/li>\n<li data-start=\"812\" data-end=\"872\">\n<p data-start=\"814\" data-end=\"872\"><strong data-start=\"814\" data-end=\"825\">Concha:<\/strong> L\u00e1mina de 0.9 mm de espesor para uso pesado.<\/p>\n<\/li>\n<li data-start=\"873\" data-end=\"948\">\n<p data-start=\"875\" data-end=\"948\"><strong data-start=\"875\" data-end=\"888\">Bastidor:<\/strong> Tubular de calibre 16 (1.5 mm) con grips antiderrapantes.<\/p>\n<\/li>\n<li data-start=\"949\" data-end=\"1020\">\n<p data-start=\"951\" data-end=\"1020\"><strong data-start=\"951\" data-end=\"975\">Tac\u00f3n estabilizador:<\/strong> Aporta firmeza en superficies irregulares.<\/p>\n<\/li>\n<li data-start=\"1021\" data-end=\"1090\">\n<p data-start=\"1023\" data-end=\"1090\"><strong data-start=\"1023\" data-end=\"1037\">Capacidad:<\/strong> 5.5 ft\u00b3 (156 L) copeteada \/ 2.8 ft\u00b3 (80 L) al ras.<\/p>\n<\/li>\n<li data-start=\"1091\" data-end=\"1169\">\n<p data-start=\"1093\" data-end=\"1169\"><strong data-start=\"1093\" data-end=\"1118\">Resistencia de carga:<\/strong> Hasta 580 kg.<\/p>\n<\/li>\n<\/ul>\n<hr data-start=\"1171\" data-end=\"1174\" \/>\n<h3 data-start=\"1176\" data-end=\"1206\">Especificaciones t\u00e9cnicas<\/h3>\n<div class=\"_tableContainer_1rjym_1\">\n<div class=\"_tableWrapper_1rjym_13 group flex w-fit flex-col-reverse\" tabindex=\"-1\">\n<table class=\"w-fit min-w-(--thread-content-width)\" data-start=\"1208\" data-end=\"1795\">\n<thead data-start=\"1208\" data-end=\"1275\">\n<tr data-start=\"1208\" data-end=\"1275\">\n<th data-start=\"1208\" data-end=\"1232\" data-col-size=\"sm\">Especificaci\u00f3n<\/th>\n<th data-start=\"1232\" data-end=\"1275\" data-col-size=\"sm\">Detalle<\/th>\n<\/tr>\n<\/thead>\n<tbody data-start=\"1345\" data-end=\"1795\">\n<tr data-start=\"1345\" data-end=\"1413\">\n<td data-start=\"1345\" data-end=\"1369\" data-col-size=\"sm\">Medidas de la concha<\/td>\n<td data-start=\"1369\" data-end=\"1413\" data-col-size=\"sm\">27&#8243; \u00d7 36\u00bd\u00bb \u00d7 11&#8243; (69 cm \u00d7 93 cm \u00d7 28 cm)<\/td>\n<\/tr>\n<tr data-start=\"1414\" data-end=\"1482\">\n<td data-start=\"1414\" data-end=\"1438\" data-col-size=\"sm\">Medidas de la llanta<\/td>\n<td data-start=\"1438\" data-end=\"1482\" data-col-size=\"sm\">4&#8243; \u00d7 16&#8243; (10 cm \u00d7 40 cm)<\/td>\n<\/tr>\n<tr data-start=\"1483\" data-end=\"1551\">\n<td data-start=\"1483\" data-end=\"1507\" data-col-size=\"sm\">Puente<\/td>\n<td data-start=\"1507\" data-end=\"1551\" data-col-size=\"sm\">Doble tornillo (calibre 18 \/ 1.2 mm)<\/td>\n<\/tr>\n<tr data-start=\"1552\" data-end=\"1620\">\n<td data-start=\"1552\" data-end=\"1576\" data-col-size=\"sm\">Soporte y tac\u00f3n<\/td>\n<td data-col-size=\"sm\" data-start=\"1576\" data-end=\"1620\">Calibre 15 (1.7 mm)<\/td>\n<\/tr>\n<tr data-start=\"1621\" data-end=\"1689\">\n<td data-start=\"1621\" data-end=\"1645\" data-col-size=\"sm\">Normativa<\/td>\n<td data-start=\"1645\" data-end=\"1689\" data-col-size=\"sm\">Excede KKK-W-291f<\/td>\n<\/tr>\n<tr data-start=\"1690\" data-end=\"1795\">\n<td data-start=\"1690\" data-end=\"1714\" data-col-size=\"sm\">Fabricaci\u00f3n<\/td>\n<td data-start=\"1714\" data-end=\"1757\" data-col-size=\"sm\">M\u00e9xico (especificaciones GRUPO TRUPER)<\/td>\n<\/tr>\n<\/tbody>\n<\/table>\n<p>&nbsp;<\/p>\n<p style=\"text-align: center;\">En\u00a0<strong data-start=\"82\" data-end=\"115\">Distribuidor Panel Rey M\u00e9xico<\/strong> encuentras calidad y confianza en productos <strong>Acero.<\/strong><br data-start=\"173\" data-end=\"176\" \/>\u2705 Env\u00edos a toda la Rep\u00fablica Mexicana. \u00a1Pregunta por nuestras promociones vigentes!<br data-start=\"259\" data-end=\"262\" data-is-only-node=\"\" \/>\u2705 Todos los precios incluyen IVA (sujetos a cambio sin previo aviso).<br data-start=\"331\" data-end=\"334\" \/>\u2705 Im\u00e1genes ilustrativas, el producto final puede presentar ligeras variaciones.<br data-start=\"413\" data-end=\"416\" \/>\ud83d\udcac \u00bfTienes dudas? Escr\u00edbenos por\u00a0<a href=\"https:\/\/www.facebook.com\/mexicopanelrey\">Facebook<\/a>\u00a0o\u00a0<a href=\"https:\/\/www.instagram.com\/panel_rey_mexico\/\">Instagram<\/a>.<br data-start=\"470\" data-end=\"473\" \/>\ud83d\udcde Tel:\u00a0<a href=\"tel:55 7397 6243\">55 7397 6243<\/a>\u00a0| WhatsApp:\u00a0<a href=\"https:\/\/api.whatsapp.com\/send?phone=525573976243\">5573976243<\/a><br data-start=\"518\" data-end=\"521\" \/>\ud83d\udce7\u00a0<a class=\"cursor-pointer\" href=\"mailto:ventas@distribuidorpanelrey.com\" rel=\"noopener\" data-start=\"524\" data-end=\"555\">ventas@distribuidorpanelrey.com<\/a><\/p>\n<\/div>\n<\/div>\n","protected":false},"excerpt":{"rendered":"<h4 style=\"text-align: center;\">Env\u00edos de 24 a 48 hr CDMX Y EDO MEX<\/h4>\n<p style=\"text-align: center;\">Rese\u00f1as\u00a0\u2605\u2605\u2605\u2605\u2605\u00a0 Env\u00edos Garantizados<\/p>\n<h4 style=\"text-align: center;\">\ud83d\udd25LOS MEJORES PRECIOS \ud83d\udd25<\/h4>\n","protected":false},"featured_media":5499,"comment_status":"closed","ping_status":"closed","template":"","meta":[],"product_brand":[562],"product_cat":[1076],"product_tag":[1080,1078,1077,1079,361],"class_list":{"0":"post-5507","1":"product","2":"type-product","3":"status-publish","4":"has-post-thumbnail","6":"product_brand-truper","7":"product_cat-carretillas","8":"product_tag-bastidor-tubular","9":"product_tag-carretilla-5-5","10":"product_tag-carretilla-5-5-ft3-neumatica-bastidor-tubular","11":"product_tag-ft3-neumatica","12":"product_tag-truper","14":"first","15":"instock","16":"shipping-taxable","17":"purchasable","18":"product-type-simple"},"yoast_head":"<!-- This site is optimized with the Yoast SEO plugin v27.1.1 - https:\/\/yoast.com\/product\/yoast-seo-wordpress\/ -->\n<title>CARRETILLA 5.5 FT3 NEUMATICA BASTIDOR TUBULAR - PANEL REY MEXICO<\/title>\n<meta name=\"description\" content=\"Carretilla Truper 5.5 ft\u00b3 con llanta neum\u00e1tica reforzada, bastidor tubular y tac\u00f3n estabilizador. Capacidad de 156 L, carga hasta 580 kg. Ideal para uso profesional.\" \/>\n<meta name=\"robots\" content=\"index, follow, max-snippet:-1, max-image-preview:large, max-video-preview:-1\" \/>\n<link rel=\"canonical\" href=\"https:\/\/distribuidorpanelrey.com.mx\/producto\/carretilla-5-5-ft3-neumatica-bastidor-tubular\/\" \/>\n<meta property=\"og:locale\" content=\"es_ES\" \/>\n<meta property=\"og:type\" content=\"article\" \/>\n<meta property=\"og:title\" content=\"CARRETILLA 5.5 FT3 NEUMATICA BASTIDOR TUBULAR - PANEL REY MEXICO\" \/>\n<meta property=\"og:description\" content=\"Carretilla Truper 5.5 ft\u00b3 con llanta neum\u00e1tica reforzada, bastidor tubular y tac\u00f3n estabilizador. Capacidad de 156 L, carga hasta 580 kg. Ideal para uso profesional.\" \/>\n<meta property=\"og:url\" content=\"https:\/\/distribuidorpanelrey.com.mx\/producto\/carretilla-5-5-ft3-neumatica-bastidor-tubular\/\" \/>\n<meta property=\"og:site_name\" content=\"PANEL REY MEXICO\" \/>\n<meta property=\"article:publisher\" content=\"https:\/\/www.facebook.com\/mexicopanelrey\/?locale=es_LA\" \/>\n<meta property=\"article:modified_time\" content=\"2025-08-18T04:25:51+00:00\" \/>\n<meta property=\"og:image\" content=\"https:\/\/distribuidorpanelrey.com.mx\/wp-content\/uploads\/2025\/08\/carretilla-11752.webp\" \/>\n\t<meta property=\"og:image:width\" content=\"1800\" \/>\n\t<meta property=\"og:image:height\" content=\"1800\" \/>\n\t<meta property=\"og:image:type\" content=\"image\/webp\" \/>\n<meta name=\"twitter:card\" content=\"summary_large_image\" \/>\n<meta name=\"twitter:label1\" content=\"Tiempo de lectura\" \/>\n\t<meta name=\"twitter:data1\" content=\"2 minutos\" \/>\n<script type=\"application\/ld+json\" class=\"yoast-schema-graph\">{\"@context\":\"https:\/\/schema.org\",\"@graph\":[{\"@type\":\"WebPage\",\"@id\":\"https:\/\/distribuidorpanelrey.com.mx\/producto\/carretilla-5-5-ft3-neumatica-bastidor-tubular\/\",\"url\":\"https:\/\/distribuidorpanelrey.com.mx\/producto\/carretilla-5-5-ft3-neumatica-bastidor-tubular\/\",\"name\":\"CARRETILLA 5.5 FT3 NEUMATICA BASTIDOR TUBULAR - PANEL REY MEXICO\",\"isPartOf\":{\"@id\":\"https:\/\/distribuidorpanelrey.com\/#website\"},\"primaryImageOfPage\":{\"@id\":\"https:\/\/distribuidorpanelrey.com.mx\/producto\/carretilla-5-5-ft3-neumatica-bastidor-tubular\/#primaryimage\"},\"image\":{\"@id\":\"https:\/\/distribuidorpanelrey.com.mx\/producto\/carretilla-5-5-ft3-neumatica-bastidor-tubular\/#primaryimage\"},\"thumbnailUrl\":\"https:\/\/distribuidorpanelrey.com.mx\/wp-content\/uploads\/2025\/08\/carretilla-11752.webp\",\"datePublished\":\"2025-08-10T18:44:10+00:00\",\"dateModified\":\"2025-08-18T04:25:51+00:00\",\"description\":\"Carretilla Truper 5.5 ft\u00b3 con llanta neum\u00e1tica reforzada, bastidor tubular y tac\u00f3n estabilizador. Capacidad de 156 L, carga hasta 580 kg. Ideal para uso profesional.\",\"breadcrumb\":{\"@id\":\"https:\/\/distribuidorpanelrey.com.mx\/producto\/carretilla-5-5-ft3-neumatica-bastidor-tubular\/#breadcrumb\"},\"inLanguage\":\"es\",\"potentialAction\":[{\"@type\":\"ReadAction\",\"target\":[\"https:\/\/distribuidorpanelrey.com.mx\/producto\/carretilla-5-5-ft3-neumatica-bastidor-tubular\/\"]}]},{\"@type\":\"ImageObject\",\"inLanguage\":\"es\",\"@id\":\"https:\/\/distribuidorpanelrey.com.mx\/producto\/carretilla-5-5-ft3-neumatica-bastidor-tubular\/#primaryimage\",\"url\":\"https:\/\/distribuidorpanelrey.com.mx\/wp-content\/uploads\/2025\/08\/carretilla-11752.webp\",\"contentUrl\":\"https:\/\/distribuidorpanelrey.com.mx\/wp-content\/uploads\/2025\/08\/carretilla-11752.webp\",\"width\":1800,\"height\":1800},{\"@type\":\"BreadcrumbList\",\"@id\":\"https:\/\/distribuidorpanelrey.com.mx\/producto\/carretilla-5-5-ft3-neumatica-bastidor-tubular\/#breadcrumb\",\"itemListElement\":[{\"@type\":\"ListItem\",\"position\":1,\"name\":\"Portada\",\"item\":\"https:\/\/distribuidorpanelrey.com.mx\/\"},{\"@type\":\"ListItem\",\"position\":2,\"name\":\"Productos\",\"item\":\"https:\/\/distribuidorpanelrey.com\/tienda\/\"},{\"@type\":\"ListItem\",\"position\":3,\"name\":\"CARRETILLA 5.5 FT3 NEUMATICA BASTIDOR TUBULAR\"}]},{\"@type\":\"WebSite\",\"@id\":\"https:\/\/distribuidorpanelrey.com\/#website\",\"url\":\"https:\/\/distribuidorpanelrey.com\/\",\"name\":\"PANEL REY MEXICO\",\"description\":\"DISTRIBUIDOR PANEL REY\",\"publisher\":{\"@id\":\"https:\/\/distribuidorpanelrey.com\/#organization\"},\"alternateName\":\"DISTRIBUIDOR PANEL REY\",\"potentialAction\":[{\"@type\":\"SearchAction\",\"target\":{\"@type\":\"EntryPoint\",\"urlTemplate\":\"https:\/\/distribuidorpanelrey.com\/?s={search_term_string}\"},\"query-input\":{\"@type\":\"PropertyValueSpecification\",\"valueRequired\":true,\"valueName\":\"search_term_string\"}}],\"inLanguage\":\"es\"},{\"@type\":\"Organization\",\"@id\":\"https:\/\/distribuidorpanelrey.com\/#organization\",\"name\":\"PANEL REY MEXICO\",\"url\":\"https:\/\/distribuidorpanelrey.com\/\",\"logo\":{\"@type\":\"ImageObject\",\"inLanguage\":\"es\",\"@id\":\"https:\/\/distribuidorpanelrey.com\/#\/schema\/logo\/image\/\",\"url\":\"https:\/\/distribuidorpanelrey.com.mx\/wp-content\/uploads\/2023\/11\/panelrey.webp\",\"contentUrl\":\"https:\/\/distribuidorpanelrey.com.mx\/wp-content\/uploads\/2023\/11\/panelrey.webp\",\"width\":400,\"height\":150,\"caption\":\"PANEL REY MEXICO\"},\"image\":{\"@id\":\"https:\/\/distribuidorpanelrey.com\/#\/schema\/logo\/image\/\"},\"sameAs\":[\"https:\/\/www.facebook.com\/mexicopanelrey\/?locale=es_LA\",\"https:\/\/www.instagram.com\/panel_rey_mexico\/?hl=es\"]}]}<\/script>\n<!-- \/ Yoast SEO plugin. -->","yoast_head_json":{"title":"CARRETILLA 5.5 FT3 NEUMATICA BASTIDOR TUBULAR - PANEL REY MEXICO","description":"Carretilla Truper 5.5 ft\u00b3 con llanta neum\u00e1tica reforzada, bastidor tubular y tac\u00f3n estabilizador. Capacidad de 156 L, carga hasta 580 kg. Ideal para uso profesional.","robots":{"index":"index","follow":"follow","max-snippet":"max-snippet:-1","max-image-preview":"max-image-preview:large","max-video-preview":"max-video-preview:-1"},"canonical":"https:\/\/distribuidorpanelrey.com.mx\/producto\/carretilla-5-5-ft3-neumatica-bastidor-tubular\/","og_locale":"es_ES","og_type":"article","og_title":"CARRETILLA 5.5 FT3 NEUMATICA BASTIDOR TUBULAR - PANEL REY MEXICO","og_description":"Carretilla Truper 5.5 ft\u00b3 con llanta neum\u00e1tica reforzada, bastidor tubular y tac\u00f3n estabilizador. Capacidad de 156 L, carga hasta 580 kg. Ideal para uso profesional.","og_url":"https:\/\/distribuidorpanelrey.com.mx\/producto\/carretilla-5-5-ft3-neumatica-bastidor-tubular\/","og_site_name":"PANEL REY MEXICO","article_publisher":"https:\/\/www.facebook.com\/mexicopanelrey\/?locale=es_LA","article_modified_time":"2025-08-18T04:25:51+00:00","og_image":[{"width":1800,"height":1800,"url":"https:\/\/distribuidorpanelrey.com.mx\/wp-content\/uploads\/2025\/08\/carretilla-11752.webp","type":"image\/webp"}],"twitter_card":"summary_large_image","twitter_misc":{"Tiempo de lectura":"2 minutos"},"schema":{"@context":"https:\/\/schema.org","@graph":[{"@type":"WebPage","@id":"https:\/\/distribuidorpanelrey.com.mx\/producto\/carretilla-5-5-ft3-neumatica-bastidor-tubular\/","url":"https:\/\/distribuidorpanelrey.com.mx\/producto\/carretilla-5-5-ft3-neumatica-bastidor-tubular\/","name":"CARRETILLA 5.5 FT3 NEUMATICA BASTIDOR TUBULAR - PANEL REY MEXICO","isPartOf":{"@id":"https:\/\/distribuidorpanelrey.com\/#website"},"primaryImageOfPage":{"@id":"https:\/\/distribuidorpanelrey.com.mx\/producto\/carretilla-5-5-ft3-neumatica-bastidor-tubular\/#primaryimage"},"image":{"@id":"https:\/\/distribuidorpanelrey.com.mx\/producto\/carretilla-5-5-ft3-neumatica-bastidor-tubular\/#primaryimage"},"thumbnailUrl":"https:\/\/distribuidorpanelrey.com.mx\/wp-content\/uploads\/2025\/08\/carretilla-11752.webp","datePublished":"2025-08-10T18:44:10+00:00","dateModified":"2025-08-18T04:25:51+00:00","description":"Carretilla Truper 5.5 ft\u00b3 con llanta neum\u00e1tica reforzada, bastidor tubular y tac\u00f3n estabilizador. Capacidad de 156 L, carga hasta 580 kg. Ideal para uso profesional.","breadcrumb":{"@id":"https:\/\/distribuidorpanelrey.com.mx\/producto\/carretilla-5-5-ft3-neumatica-bastidor-tubular\/#breadcrumb"},"inLanguage":"es","potentialAction":[{"@type":"ReadAction","target":["https:\/\/distribuidorpanelrey.com.mx\/producto\/carretilla-5-5-ft3-neumatica-bastidor-tubular\/"]}]},{"@type":"ImageObject","inLanguage":"es","@id":"https:\/\/distribuidorpanelrey.com.mx\/producto\/carretilla-5-5-ft3-neumatica-bastidor-tubular\/#primaryimage","url":"https:\/\/distribuidorpanelrey.com.mx\/wp-content\/uploads\/2025\/08\/carretilla-11752.webp","contentUrl":"https:\/\/distribuidorpanelrey.com.mx\/wp-content\/uploads\/2025\/08\/carretilla-11752.webp","width":1800,"height":1800},{"@type":"BreadcrumbList","@id":"https:\/\/distribuidorpanelrey.com.mx\/producto\/carretilla-5-5-ft3-neumatica-bastidor-tubular\/#breadcrumb","itemListElement":[{"@type":"ListItem","position":1,"name":"Portada","item":"https:\/\/distribuidorpanelrey.com.mx\/"},{"@type":"ListItem","position":2,"name":"Productos","item":"https:\/\/distribuidorpanelrey.com\/tienda\/"},{"@type":"ListItem","position":3,"name":"CARRETILLA 5.5 FT3 NEUMATICA BASTIDOR TUBULAR"}]},{"@type":"WebSite","@id":"https:\/\/distribuidorpanelrey.com\/#website","url":"https:\/\/distribuidorpanelrey.com\/","name":"PANEL REY MEXICO","description":"DISTRIBUIDOR PANEL REY","publisher":{"@id":"https:\/\/distribuidorpanelrey.com\/#organization"},"alternateName":"DISTRIBUIDOR PANEL REY","potentialAction":[{"@type":"SearchAction","target":{"@type":"EntryPoint","urlTemplate":"https:\/\/distribuidorpanelrey.com\/?s={search_term_string}"},"query-input":{"@type":"PropertyValueSpecification","valueRequired":true,"valueName":"search_term_string"}}],"inLanguage":"es"},{"@type":"Organization","@id":"https:\/\/distribuidorpanelrey.com\/#organization","name":"PANEL REY MEXICO","url":"https:\/\/distribuidorpanelrey.com\/","logo":{"@type":"ImageObject","inLanguage":"es","@id":"https:\/\/distribuidorpanelrey.com\/#\/schema\/logo\/image\/","url":"https:\/\/distribuidorpanelrey.com.mx\/wp-content\/uploads\/2023\/11\/panelrey.webp","contentUrl":"https:\/\/distribuidorpanelrey.com.mx\/wp-content\/uploads\/2023\/11\/panelrey.webp","width":400,"height":150,"caption":"PANEL REY MEXICO"},"image":{"@id":"https:\/\/distribuidorpanelrey.com\/#\/schema\/logo\/image\/"},"sameAs":["https:\/\/www.facebook.com\/mexicopanelrey\/?locale=es_LA","https:\/\/www.instagram.com\/panel_rey_mexico\/?hl=es"]}]}},"_links":{"self":[{"href":"https:\/\/distribuidorpanelrey.com.mx\/wp-json\/wp\/v2\/product\/5507","targetHints":{"allow":["GET"]}}],"collection":[{"href":"https:\/\/distribuidorpanelrey.com.mx\/wp-json\/wp\/v2\/product"}],"about":[{"href":"https:\/\/distribuidorpanelrey.com.mx\/wp-json\/wp\/v2\/types\/product"}],"replies":[{"embeddable":true,"href":"https:\/\/distribuidorpanelrey.com.mx\/wp-json\/wp\/v2\/comments?post=5507"}],"version-history":[{"count":2,"href":"https:\/\/distribuidorpanelrey.com.mx\/wp-json\/wp\/v2\/product\/5507\/revisions"}],"predecessor-version":[{"id":5509,"href":"https:\/\/distribuidorpanelrey.com.mx\/wp-json\/wp\/v2\/product\/5507\/revisions\/5509"}],"wp:featuredmedia":[{"embeddable":true,"href":"https:\/\/distribuidorpanelrey.com.mx\/wp-json\/wp\/v2\/media\/5499"}],"wp:attachment":[{"href":"https:\/\/distribuidorpanelrey.com.mx\/wp-json\/wp\/v2\/media?parent=5507"}],"wp:term":[{"taxonomy":"product_brand","embeddable":true,"href":"https:\/\/distribuidorpanelrey.com.mx\/wp-json\/wp\/v2\/product_brand?post=5507"},{"taxonomy":"product_cat","embeddable":true,"href":"https:\/\/distribuidorpanelrey.com.mx\/wp-json\/wp\/v2\/product_cat?post=5507"},{"taxonomy":"product_tag","embeddable":true,"href":"https:\/\/distribuidorpanelrey.com.mx\/wp-json\/wp\/v2\/product_tag?post=5507"}],"curies":[{"name":"wp","href":"https:\/\/api.w.org\/{rel}","templated":true}]}}