{"id":5514,"date":"2025-08-10T20:31:27","date_gmt":"2025-08-10T20:31:27","guid":{"rendered":"https:\/\/distribuidorpanelrey.com.mx\/?post_type=product&#038;p=5514"},"modified":"2025-08-18T04:25:51","modified_gmt":"2025-08-18T04:25:51","slug":"carretilla-4-75-ft3-neumatica-bastidor-tubular","status":"publish","type":"product","link":"https:\/\/distribuidorpanelrey.com.mx\/producto\/carretilla-4-75-ft3-neumatica-bastidor-tubular\/","title":{"rendered":"CARRETILLA 4.75 FT3 NEUMATICA BASTIDOR TUBULAR"},"content":{"rendered":"<h2 data-start=\"72\" data-end=\"167\">Carretilla 4.75 ft\u00b3 Neum\u00e1tica con Bastidor Tubular \u2013 Truper (C\u00f3digo 11761, Clave CAT-55ND)<\/h2>\n<p data-start=\"169\" data-end=\"604\">Carretilla eficiente de <strong data-start=\"218\" data-end=\"230\">4.75 ft\u00b3<\/strong> (\u2248 135 L) con dise\u00f1o angosto ideal para espacios reducidos. Equipada con <strong data-start=\"304\" data-end=\"352\">llanta neum\u00e1tica reforzada de rin de 3 aspas<\/strong>, brinda mayor estabilidad y resistencia al desgaste. Su robusto bastidor tubular y soporte de uso rudo aseguran durabilidad en trabajos pesados como construcci\u00f3n y jardiner\u00eda. Excede la norma federal KKK-W-291f.<\/p>\n<hr data-start=\"606\" data-end=\"609\" \/>\n<h3 data-start=\"611\" data-end=\"643\">Caracter\u00edsticas principales<\/h3>\n<ul data-start=\"645\" data-end=\"1079\">\n<li data-start=\"645\" data-end=\"734\">\n<p data-start=\"647\" data-end=\"734\"><strong data-start=\"647\" data-end=\"658\">Llanta:<\/strong> Neum\u00e1tica reforzada con rin de 3 aspas, optimizada para alta estabilidad.<\/p>\n<\/li>\n<li data-start=\"735\" data-end=\"793\">\n<p data-start=\"737\" data-end=\"793\"><strong data-start=\"737\" data-end=\"748\">Concha:<\/strong> L\u00e1mina met\u00e1lica con espesor de <strong data-start=\"780\" data-end=\"790\">0.7 mm<\/strong>.<\/p>\n<\/li>\n<li data-start=\"794\" data-end=\"888\">\n<p data-start=\"796\" data-end=\"888\"><strong data-start=\"796\" data-end=\"809\">Bastidor:<\/strong> Tubular de tres componentes calibre 16 (\u2248 1.5 mm) con grips antiderrapantes.<\/p>\n<\/li>\n<li data-start=\"889\" data-end=\"961\">\n<p data-start=\"891\" data-end=\"961\"><strong data-start=\"891\" data-end=\"904\">Soportes:<\/strong> De uso pesado para mayor firmeza en terreno irregular.<\/p>\n<\/li>\n<li data-start=\"962\" data-end=\"1079\">\n<p data-start=\"964\" data-end=\"1079\"><strong data-start=\"964\" data-end=\"988\">Tac\u00f3n estabilizador:<\/strong> Ayuda a mantener el equilibrio con cargas pesadas.<span class=\"\" data-state=\"closed\"><span class=\"ms-1 inline-flex max-w-full items-center relative top-[-0.094rem] animate-[show_150ms_ease-in]\"><br \/>\n<\/span><\/span><\/p>\n<\/li>\n<\/ul>\n<hr data-start=\"1081\" data-end=\"1084\" \/>\n<h3 data-start=\"1086\" data-end=\"1116\">Especificaciones t\u00e9cnicas<\/h3>\n<div class=\"_tableContainer_1rjym_1\">\n<div class=\"_tableWrapper_1rjym_13 group flex w-fit flex-col-reverse\" tabindex=\"-1\">\n<table class=\"w-fit min-w-(--thread-content-width)\" data-start=\"1118\" data-end=\"1941\">\n<thead data-start=\"1118\" data-end=\"1193\">\n<tr data-start=\"1118\" data-end=\"1193\">\n<th data-start=\"1118\" data-end=\"1147\" data-col-size=\"sm\">Detalle<\/th>\n<th data-start=\"1147\" data-end=\"1193\" data-col-size=\"md\">Valor<\/th>\n<\/tr>\n<\/thead>\n<tbody data-start=\"1270\" data-end=\"1941\">\n<tr data-start=\"1270\" data-end=\"1349\">\n<td data-start=\"1270\" data-end=\"1298\" data-col-size=\"sm\"><strong data-start=\"1272\" data-end=\"1285\">Capacidad<\/strong><\/td>\n<td data-start=\"1298\" data-end=\"1349\" data-col-size=\"md\">4.75 ft\u00b3 (135 L) copeteada \/ 2.5 ft\u00b3 (70 L) ras<\/td>\n<\/tr>\n<tr data-start=\"1350\" data-end=\"1428\">\n<td data-start=\"1350\" data-end=\"1381\" data-col-size=\"sm\"><strong data-start=\"1352\" data-end=\"1380\">Dimensiones de la concha<\/strong><\/td>\n<td data-start=\"1381\" data-end=\"1428\" data-col-size=\"md\">24&#8243; \u00d7 36&#8243; \u00d7 13&#8243; (\u2248 60 \u00d7 91 \u00d7 32 cm)<\/td>\n<\/tr>\n<tr data-start=\"1429\" data-end=\"1505\">\n<td data-start=\"1429\" data-end=\"1457\" data-col-size=\"sm\"><strong data-start=\"1431\" data-end=\"1455\">Medidas de la llanta<\/strong><\/td>\n<td data-start=\"1457\" data-end=\"1505\" data-col-size=\"md\">4&#8243; \u00d7 16&#8243; (\u2248 10 \u00d7 41 cm)<\/td>\n<\/tr>\n<tr data-start=\"1506\" data-end=\"1581\">\n<td data-start=\"1506\" data-end=\"1534\" data-col-size=\"sm\"><strong data-start=\"1508\" data-end=\"1532\">Resistencia de carga<\/strong><\/td>\n<td data-start=\"1534\" data-end=\"1581\" data-col-size=\"md\">Hasta 580 kg<\/td>\n<\/tr>\n<tr data-start=\"1582\" data-end=\"1658\">\n<td data-start=\"1582\" data-end=\"1610\" data-col-size=\"sm\"><strong data-start=\"1584\" data-end=\"1594\">Puente<\/strong><\/td>\n<td data-col-size=\"md\" data-start=\"1610\" data-end=\"1658\">Doble tornillo, calibre 19 (\u2248 1 mm)<\/td>\n<\/tr>\n<tr data-start=\"1659\" data-end=\"1735\">\n<td data-start=\"1659\" data-end=\"1687\" data-col-size=\"sm\"><strong data-start=\"1661\" data-end=\"1680\">Soporte y Tac\u00f3n<\/strong><\/td>\n<td data-start=\"1687\" data-end=\"1735\" data-col-size=\"md\">Calibre 15 (\u2248 1.7 mm)<\/td>\n<\/tr>\n<tr data-start=\"1736\" data-end=\"1812\">\n<td data-start=\"1736\" data-end=\"1764\" data-col-size=\"sm\"><strong data-start=\"1738\" data-end=\"1751\">Normativa<\/strong><\/td>\n<td data-start=\"1764\" data-end=\"1812\" data-col-size=\"md\">Excede especificaci\u00f3n federal KKK-W-291f<\/td>\n<\/tr>\n<tr data-start=\"1813\" data-end=\"1903\">\n<td data-start=\"1813\" data-end=\"1841\" data-col-size=\"sm\"><strong data-start=\"1815\" data-end=\"1825\">Origen<\/strong><\/td>\n<td data-start=\"1841\" data-end=\"1903\" data-col-size=\"md\">Fabricado en M\u00e9xico, bajo especificaciones de Grupo Truper<\/td>\n<\/tr>\n<\/tbody>\n<\/table>\n<p style=\"text-align: center;\">En\u00a0<strong data-start=\"82\" data-end=\"115\">Distribuidor Panel Rey M\u00e9xico<\/strong> encuentras calidad y confianza en productos <strong>Acero.<\/strong><br data-start=\"173\" data-end=\"176\" \/>\u2705 Env\u00edos a toda la Rep\u00fablica Mexicana. \u00a1Pregunta por nuestras promociones vigentes!<br data-start=\"259\" data-end=\"262\" data-is-only-node=\"\" \/>\u2705 Todos los precios incluyen IVA (sujetos a cambio sin previo aviso).<br data-start=\"331\" data-end=\"334\" \/>\u2705 Im\u00e1genes ilustrativas, el producto final puede presentar ligeras variaciones.<br data-start=\"413\" data-end=\"416\" \/>\ud83d\udcac \u00bfTienes dudas? Escr\u00edbenos por\u00a0<a href=\"https:\/\/www.facebook.com\/mexicopanelrey\">Facebook<\/a>\u00a0o\u00a0<a href=\"https:\/\/www.instagram.com\/panel_rey_mexico\/\">Instagram<\/a>.<br data-start=\"470\" data-end=\"473\" \/>\ud83d\udcde Tel:\u00a0<a href=\"tel:55 7397 6243\">55 7397 6243<\/a>\u00a0| WhatsApp:\u00a0<a href=\"https:\/\/api.whatsapp.com\/send?phone=525573976243\">5573976243<\/a><br data-start=\"518\" data-end=\"521\" \/>\ud83d\udce7\u00a0<a class=\"cursor-pointer\" href=\"mailto:ventas@distribuidorpanelrey.com\" rel=\"noopener\" data-start=\"524\" data-end=\"555\">ventas@distribuidorpanelrey.com<\/a><\/p>\n<\/div>\n<\/div>\n","protected":false},"excerpt":{"rendered":"<h4 style=\"text-align: center;\">Env\u00edos de 24 a 48 hr CDMX Y EDO MEX<\/h4>\n<p style=\"text-align: center;\">Rese\u00f1as\u00a0\u2605\u2605\u2605\u2605\u2605\u00a0 Env\u00edos Garantizados<\/p>\n<h4 style=\"text-align: center;\">\ud83d\udd25LOS MEJORES PRECIOS \ud83d\udd25<\/h4>\n","protected":false},"featured_media":5506,"comment_status":"closed","ping_status":"closed","template":"","meta":[],"product_brand":[562],"product_cat":[1076],"product_tag":[1080,1086,1088,1087,1079,361],"class_list":{"0":"post-5514","1":"product","2":"type-product","3":"status-publish","4":"has-post-thumbnail","6":"product_brand-truper","7":"product_cat-carretillas","8":"product_tag-bastidor-tubular","9":"product_tag-carretilla","10":"product_tag-carretilla-4-75","11":"product_tag-carretilla-4-75-ft3-neumatica-bastidor-tubular","12":"product_tag-ft3-neumatica","13":"product_tag-truper","15":"first","16":"instock","17":"shipping-taxable","18":"purchasable","19":"product-type-simple"},"yoast_head":"<!-- This site is optimized with the Yoast SEO plugin v27.1.1 - https:\/\/yoast.com\/product\/yoast-seo-wordpress\/ -->\n<title>CARRETILLA 4.75 FT3 NEUMATICA BASTIDOR TUBULAR - PANEL REY MEXICO<\/title>\n<meta name=\"description\" content=\"Carretilla Truper 4.75 ft\u00b3 (\u2248 135 L), con llanta neum\u00e1tica reforzada, bastidor tubular y tac\u00f3n estabilizador. Alta resistencia, carga hasta 580 kg. C\u00f3digo 11761.\" \/>\n<meta name=\"robots\" content=\"index, follow, max-snippet:-1, max-image-preview:large, max-video-preview:-1\" \/>\n<link rel=\"canonical\" href=\"https:\/\/distribuidorpanelrey.com.mx\/producto\/carretilla-4-75-ft3-neumatica-bastidor-tubular\/\" \/>\n<meta property=\"og:locale\" content=\"es_ES\" \/>\n<meta property=\"og:type\" content=\"article\" \/>\n<meta property=\"og:title\" content=\"CARRETILLA 4.75 FT3 NEUMATICA BASTIDOR TUBULAR - PANEL REY MEXICO\" \/>\n<meta property=\"og:description\" content=\"Carretilla Truper 4.75 ft\u00b3 (\u2248 135 L), con llanta neum\u00e1tica reforzada, bastidor tubular y tac\u00f3n estabilizador. Alta resistencia, carga hasta 580 kg. C\u00f3digo 11761.\" \/>\n<meta property=\"og:url\" content=\"https:\/\/distribuidorpanelrey.com.mx\/producto\/carretilla-4-75-ft3-neumatica-bastidor-tubular\/\" \/>\n<meta property=\"og:site_name\" content=\"PANEL REY MEXICO\" \/>\n<meta property=\"article:publisher\" content=\"https:\/\/www.facebook.com\/mexicopanelrey\/?locale=es_LA\" \/>\n<meta property=\"article:modified_time\" content=\"2025-08-18T04:25:51+00:00\" \/>\n<meta property=\"og:image\" content=\"https:\/\/distribuidorpanelrey.com.mx\/wp-content\/uploads\/2025\/08\/carretilla-11761.webp\" \/>\n\t<meta property=\"og:image:width\" content=\"1800\" \/>\n\t<meta property=\"og:image:height\" content=\"1800\" \/>\n\t<meta property=\"og:image:type\" content=\"image\/webp\" \/>\n<meta name=\"twitter:card\" content=\"summary_large_image\" \/>\n<meta name=\"twitter:label1\" content=\"Tiempo de lectura\" \/>\n\t<meta name=\"twitter:data1\" content=\"2 minutos\" \/>\n<script type=\"application\/ld+json\" class=\"yoast-schema-graph\">{\"@context\":\"https:\/\/schema.org\",\"@graph\":[{\"@type\":\"WebPage\",\"@id\":\"https:\/\/distribuidorpanelrey.com.mx\/producto\/carretilla-4-75-ft3-neumatica-bastidor-tubular\/\",\"url\":\"https:\/\/distribuidorpanelrey.com.mx\/producto\/carretilla-4-75-ft3-neumatica-bastidor-tubular\/\",\"name\":\"CARRETILLA 4.75 FT3 NEUMATICA BASTIDOR TUBULAR - PANEL REY MEXICO\",\"isPartOf\":{\"@id\":\"https:\/\/distribuidorpanelrey.com\/#website\"},\"primaryImageOfPage\":{\"@id\":\"https:\/\/distribuidorpanelrey.com.mx\/producto\/carretilla-4-75-ft3-neumatica-bastidor-tubular\/#primaryimage\"},\"image\":{\"@id\":\"https:\/\/distribuidorpanelrey.com.mx\/producto\/carretilla-4-75-ft3-neumatica-bastidor-tubular\/#primaryimage\"},\"thumbnailUrl\":\"https:\/\/distribuidorpanelrey.com.mx\/wp-content\/uploads\/2025\/08\/carretilla-11761.webp\",\"datePublished\":\"2025-08-10T20:31:27+00:00\",\"dateModified\":\"2025-08-18T04:25:51+00:00\",\"description\":\"Carretilla Truper 4.75 ft\u00b3 (\u2248 135 L), con llanta neum\u00e1tica reforzada, bastidor tubular y tac\u00f3n estabilizador. Alta resistencia, carga hasta 580 kg. C\u00f3digo 11761.\",\"breadcrumb\":{\"@id\":\"https:\/\/distribuidorpanelrey.com.mx\/producto\/carretilla-4-75-ft3-neumatica-bastidor-tubular\/#breadcrumb\"},\"inLanguage\":\"es\",\"potentialAction\":[{\"@type\":\"ReadAction\",\"target\":[\"https:\/\/distribuidorpanelrey.com.mx\/producto\/carretilla-4-75-ft3-neumatica-bastidor-tubular\/\"]}]},{\"@type\":\"ImageObject\",\"inLanguage\":\"es\",\"@id\":\"https:\/\/distribuidorpanelrey.com.mx\/producto\/carretilla-4-75-ft3-neumatica-bastidor-tubular\/#primaryimage\",\"url\":\"https:\/\/distribuidorpanelrey.com.mx\/wp-content\/uploads\/2025\/08\/carretilla-11761.webp\",\"contentUrl\":\"https:\/\/distribuidorpanelrey.com.mx\/wp-content\/uploads\/2025\/08\/carretilla-11761.webp\",\"width\":1800,\"height\":1800},{\"@type\":\"BreadcrumbList\",\"@id\":\"https:\/\/distribuidorpanelrey.com.mx\/producto\/carretilla-4-75-ft3-neumatica-bastidor-tubular\/#breadcrumb\",\"itemListElement\":[{\"@type\":\"ListItem\",\"position\":1,\"name\":\"Portada\",\"item\":\"https:\/\/distribuidorpanelrey.com.mx\/\"},{\"@type\":\"ListItem\",\"position\":2,\"name\":\"Productos\",\"item\":\"https:\/\/distribuidorpanelrey.com\/tienda\/\"},{\"@type\":\"ListItem\",\"position\":3,\"name\":\"CARRETILLA 4.75 FT3 NEUMATICA BASTIDOR TUBULAR\"}]},{\"@type\":\"WebSite\",\"@id\":\"https:\/\/distribuidorpanelrey.com\/#website\",\"url\":\"https:\/\/distribuidorpanelrey.com\/\",\"name\":\"PANEL REY MEXICO\",\"description\":\"DISTRIBUIDOR PANEL REY\",\"publisher\":{\"@id\":\"https:\/\/distribuidorpanelrey.com\/#organization\"},\"alternateName\":\"DISTRIBUIDOR PANEL REY\",\"potentialAction\":[{\"@type\":\"SearchAction\",\"target\":{\"@type\":\"EntryPoint\",\"urlTemplate\":\"https:\/\/distribuidorpanelrey.com\/?s={search_term_string}\"},\"query-input\":{\"@type\":\"PropertyValueSpecification\",\"valueRequired\":true,\"valueName\":\"search_term_string\"}}],\"inLanguage\":\"es\"},{\"@type\":\"Organization\",\"@id\":\"https:\/\/distribuidorpanelrey.com\/#organization\",\"name\":\"PANEL REY MEXICO\",\"url\":\"https:\/\/distribuidorpanelrey.com\/\",\"logo\":{\"@type\":\"ImageObject\",\"inLanguage\":\"es\",\"@id\":\"https:\/\/distribuidorpanelrey.com\/#\/schema\/logo\/image\/\",\"url\":\"https:\/\/distribuidorpanelrey.com.mx\/wp-content\/uploads\/2023\/11\/panelrey.webp\",\"contentUrl\":\"https:\/\/distribuidorpanelrey.com.mx\/wp-content\/uploads\/2023\/11\/panelrey.webp\",\"width\":400,\"height\":150,\"caption\":\"PANEL REY MEXICO\"},\"image\":{\"@id\":\"https:\/\/distribuidorpanelrey.com\/#\/schema\/logo\/image\/\"},\"sameAs\":[\"https:\/\/www.facebook.com\/mexicopanelrey\/?locale=es_LA\",\"https:\/\/www.instagram.com\/panel_rey_mexico\/?hl=es\"]}]}<\/script>\n<!-- \/ Yoast SEO plugin. -->","yoast_head_json":{"title":"CARRETILLA 4.75 FT3 NEUMATICA BASTIDOR TUBULAR - PANEL REY MEXICO","description":"Carretilla Truper 4.75 ft\u00b3 (\u2248 135 L), con llanta neum\u00e1tica reforzada, bastidor tubular y tac\u00f3n estabilizador. Alta resistencia, carga hasta 580 kg. C\u00f3digo 11761.","robots":{"index":"index","follow":"follow","max-snippet":"max-snippet:-1","max-image-preview":"max-image-preview:large","max-video-preview":"max-video-preview:-1"},"canonical":"https:\/\/distribuidorpanelrey.com.mx\/producto\/carretilla-4-75-ft3-neumatica-bastidor-tubular\/","og_locale":"es_ES","og_type":"article","og_title":"CARRETILLA 4.75 FT3 NEUMATICA BASTIDOR TUBULAR - PANEL REY MEXICO","og_description":"Carretilla Truper 4.75 ft\u00b3 (\u2248 135 L), con llanta neum\u00e1tica reforzada, bastidor tubular y tac\u00f3n estabilizador. Alta resistencia, carga hasta 580 kg. C\u00f3digo 11761.","og_url":"https:\/\/distribuidorpanelrey.com.mx\/producto\/carretilla-4-75-ft3-neumatica-bastidor-tubular\/","og_site_name":"PANEL REY MEXICO","article_publisher":"https:\/\/www.facebook.com\/mexicopanelrey\/?locale=es_LA","article_modified_time":"2025-08-18T04:25:51+00:00","og_image":[{"width":1800,"height":1800,"url":"https:\/\/distribuidorpanelrey.com.mx\/wp-content\/uploads\/2025\/08\/carretilla-11761.webp","type":"image\/webp"}],"twitter_card":"summary_large_image","twitter_misc":{"Tiempo de lectura":"2 minutos"},"schema":{"@context":"https:\/\/schema.org","@graph":[{"@type":"WebPage","@id":"https:\/\/distribuidorpanelrey.com.mx\/producto\/carretilla-4-75-ft3-neumatica-bastidor-tubular\/","url":"https:\/\/distribuidorpanelrey.com.mx\/producto\/carretilla-4-75-ft3-neumatica-bastidor-tubular\/","name":"CARRETILLA 4.75 FT3 NEUMATICA BASTIDOR TUBULAR - PANEL REY MEXICO","isPartOf":{"@id":"https:\/\/distribuidorpanelrey.com\/#website"},"primaryImageOfPage":{"@id":"https:\/\/distribuidorpanelrey.com.mx\/producto\/carretilla-4-75-ft3-neumatica-bastidor-tubular\/#primaryimage"},"image":{"@id":"https:\/\/distribuidorpanelrey.com.mx\/producto\/carretilla-4-75-ft3-neumatica-bastidor-tubular\/#primaryimage"},"thumbnailUrl":"https:\/\/distribuidorpanelrey.com.mx\/wp-content\/uploads\/2025\/08\/carretilla-11761.webp","datePublished":"2025-08-10T20:31:27+00:00","dateModified":"2025-08-18T04:25:51+00:00","description":"Carretilla Truper 4.75 ft\u00b3 (\u2248 135 L), con llanta neum\u00e1tica reforzada, bastidor tubular y tac\u00f3n estabilizador. Alta resistencia, carga hasta 580 kg. C\u00f3digo 11761.","breadcrumb":{"@id":"https:\/\/distribuidorpanelrey.com.mx\/producto\/carretilla-4-75-ft3-neumatica-bastidor-tubular\/#breadcrumb"},"inLanguage":"es","potentialAction":[{"@type":"ReadAction","target":["https:\/\/distribuidorpanelrey.com.mx\/producto\/carretilla-4-75-ft3-neumatica-bastidor-tubular\/"]}]},{"@type":"ImageObject","inLanguage":"es","@id":"https:\/\/distribuidorpanelrey.com.mx\/producto\/carretilla-4-75-ft3-neumatica-bastidor-tubular\/#primaryimage","url":"https:\/\/distribuidorpanelrey.com.mx\/wp-content\/uploads\/2025\/08\/carretilla-11761.webp","contentUrl":"https:\/\/distribuidorpanelrey.com.mx\/wp-content\/uploads\/2025\/08\/carretilla-11761.webp","width":1800,"height":1800},{"@type":"BreadcrumbList","@id":"https:\/\/distribuidorpanelrey.com.mx\/producto\/carretilla-4-75-ft3-neumatica-bastidor-tubular\/#breadcrumb","itemListElement":[{"@type":"ListItem","position":1,"name":"Portada","item":"https:\/\/distribuidorpanelrey.com.mx\/"},{"@type":"ListItem","position":2,"name":"Productos","item":"https:\/\/distribuidorpanelrey.com\/tienda\/"},{"@type":"ListItem","position":3,"name":"CARRETILLA 4.75 FT3 NEUMATICA BASTIDOR TUBULAR"}]},{"@type":"WebSite","@id":"https:\/\/distribuidorpanelrey.com\/#website","url":"https:\/\/distribuidorpanelrey.com\/","name":"PANEL REY MEXICO","description":"DISTRIBUIDOR PANEL REY","publisher":{"@id":"https:\/\/distribuidorpanelrey.com\/#organization"},"alternateName":"DISTRIBUIDOR PANEL REY","potentialAction":[{"@type":"SearchAction","target":{"@type":"EntryPoint","urlTemplate":"https:\/\/distribuidorpanelrey.com\/?s={search_term_string}"},"query-input":{"@type":"PropertyValueSpecification","valueRequired":true,"valueName":"search_term_string"}}],"inLanguage":"es"},{"@type":"Organization","@id":"https:\/\/distribuidorpanelrey.com\/#organization","name":"PANEL REY MEXICO","url":"https:\/\/distribuidorpanelrey.com\/","logo":{"@type":"ImageObject","inLanguage":"es","@id":"https:\/\/distribuidorpanelrey.com\/#\/schema\/logo\/image\/","url":"https:\/\/distribuidorpanelrey.com.mx\/wp-content\/uploads\/2023\/11\/panelrey.webp","contentUrl":"https:\/\/distribuidorpanelrey.com.mx\/wp-content\/uploads\/2023\/11\/panelrey.webp","width":400,"height":150,"caption":"PANEL REY MEXICO"},"image":{"@id":"https:\/\/distribuidorpanelrey.com\/#\/schema\/logo\/image\/"},"sameAs":["https:\/\/www.facebook.com\/mexicopanelrey\/?locale=es_LA","https:\/\/www.instagram.com\/panel_rey_mexico\/?hl=es"]}]}},"_links":{"self":[{"href":"https:\/\/distribuidorpanelrey.com.mx\/wp-json\/wp\/v2\/product\/5514","targetHints":{"allow":["GET"]}}],"collection":[{"href":"https:\/\/distribuidorpanelrey.com.mx\/wp-json\/wp\/v2\/product"}],"about":[{"href":"https:\/\/distribuidorpanelrey.com.mx\/wp-json\/wp\/v2\/types\/product"}],"replies":[{"embeddable":true,"href":"https:\/\/distribuidorpanelrey.com.mx\/wp-json\/wp\/v2\/comments?post=5514"}],"version-history":[{"count":1,"href":"https:\/\/distribuidorpanelrey.com.mx\/wp-json\/wp\/v2\/product\/5514\/revisions"}],"predecessor-version":[{"id":5515,"href":"https:\/\/distribuidorpanelrey.com.mx\/wp-json\/wp\/v2\/product\/5514\/revisions\/5515"}],"wp:featuredmedia":[{"embeddable":true,"href":"https:\/\/distribuidorpanelrey.com.mx\/wp-json\/wp\/v2\/media\/5506"}],"wp:attachment":[{"href":"https:\/\/distribuidorpanelrey.com.mx\/wp-json\/wp\/v2\/media?parent=5514"}],"wp:term":[{"taxonomy":"product_brand","embeddable":true,"href":"https:\/\/distribuidorpanelrey.com.mx\/wp-json\/wp\/v2\/product_brand?post=5514"},{"taxonomy":"product_cat","embeddable":true,"href":"https:\/\/distribuidorpanelrey.com.mx\/wp-json\/wp\/v2\/product_cat?post=5514"},{"taxonomy":"product_tag","embeddable":true,"href":"https:\/\/distribuidorpanelrey.com.mx\/wp-json\/wp\/v2\/product_tag?post=5514"}],"curies":[{"name":"wp","href":"https:\/\/api.w.org\/{rel}","templated":true}]}}