{"id":5848,"date":"2025-08-17T21:08:36","date_gmt":"2025-08-17T21:08:36","guid":{"rendered":"https:\/\/distribuidorpanelrey.com.mx\/?post_type=product&#038;p=5848"},"modified":"2025-08-18T04:24:20","modified_gmt":"2025-08-18T04:24:20","slug":"escalera-de-extension-28-peldanos-fibra-de-vidrio","status":"publish","type":"product","link":"https:\/\/distribuidorpanelrey.com.mx\/producto\/escalera-de-extension-28-peldanos-fibra-de-vidrio\/","title":{"rendered":"ESCALERA DE EXTENSION, 28 PELDA\u00d1OS, FIBRA DE VIDRIO"},"content":{"rendered":"<h3 data-start=\"225\" data-end=\"301\">Escalera de Extensi\u00f3n Tipo II \u2013 Truper (C\u00f3digo 100229, Clave ESE-228FV)<\/h3>\n<p data-start=\"303\" data-end=\"711\">Escalera de extensi\u00f3n profesional en fibra de vidrio, con <strong data-start=\"386\" data-end=\"430\">28 pelda\u00f1os antiderrapantes en forma \u00abD\u00bb<\/strong>, dise\u00f1ada para ofrecer seguridad y durabilidad. Incluye doble seguro de gravedad de cierre r\u00e1pido, sistema de polea y cuerda, tacones pl\u00e1sticos antideslizantes y rieles laterales no conductores de electricidad, ideal para trabajos cerca de fuentes el\u00e9ctricas.<\/p>\n<hr data-start=\"713\" data-end=\"716\" \/>\n<h3 data-start=\"718\" data-end=\"750\">Caracter\u00edsticas principales<\/h3>\n<ul data-start=\"752\" data-end=\"1170\">\n<li data-start=\"752\" data-end=\"800\">\n<p data-start=\"754\" data-end=\"800\"><strong data-start=\"754\" data-end=\"767\">Material:<\/strong> Fibra de vidrio (no conductora).<\/p>\n<\/li>\n<li data-start=\"801\" data-end=\"842\">\n<p data-start=\"803\" data-end=\"842\"><strong data-start=\"803\" data-end=\"816\">Pelda\u00f1os:<\/strong> Antiderrapantes tipo \u201cD\u201d.<\/p>\n<\/li>\n<li data-start=\"843\" data-end=\"906\">\n<p data-start=\"845\" data-end=\"906\"><strong data-start=\"845\" data-end=\"859\">Seguridad:<\/strong> Doble seguro de gravedad para fijaci\u00f3n r\u00e1pida.<\/p>\n<\/li>\n<li data-start=\"907\" data-end=\"965\">\n<p data-start=\"909\" data-end=\"965\"><strong data-start=\"909\" data-end=\"936\">Mecanismo de extensi\u00f3n:<\/strong> Sistema de polea con cuerda.<\/p>\n<\/li>\n<li data-start=\"966\" data-end=\"1007\">\n<p data-start=\"968\" data-end=\"1007\"><strong data-start=\"968\" data-end=\"980\">Tacones:<\/strong> Pl\u00e1sticos antideslizantes.<\/p>\n<\/li>\n<li data-start=\"1008\" data-end=\"1060\">\n<p data-start=\"1010\" data-end=\"1060\"><strong data-start=\"1010\" data-end=\"1027\">Electricidad:<\/strong> Rieles laterales no conductores.<\/p>\n<\/li>\n<li data-start=\"1061\" data-end=\"1170\">\n<p data-start=\"1063\" data-end=\"1170\"><strong data-start=\"1063\" data-end=\"1077\">Normativa:<\/strong> Cumple con ANSI-ASC A14.2 (certificado no disponible).<\/p>\n<\/li>\n<\/ul>\n<hr data-start=\"1172\" data-end=\"1175\" \/>\n<h3 data-start=\"1177\" data-end=\"1207\">Especificaciones t\u00e9cnicas<\/h3>\n<div class=\"_tableContainer_1rjym_1\">\n<div class=\"_tableWrapper_1rjym_13 group flex w-fit flex-col-reverse\" tabindex=\"-1\">\n<table class=\"w-fit min-w-(--thread-content-width)\" data-start=\"1209\" data-end=\"2369\">\n<thead data-start=\"1209\" data-end=\"1286\">\n<tr data-start=\"1209\" data-end=\"1286\">\n<th data-start=\"1209\" data-end=\"1240\" data-col-size=\"sm\">Especificaci\u00f3n<\/th>\n<th data-start=\"1240\" data-end=\"1286\" data-col-size=\"md\">Detalle<\/th>\n<\/tr>\n<\/thead>\n<tbody data-start=\"1364\" data-end=\"2369\">\n<tr data-start=\"1364\" data-end=\"1441\">\n<td data-start=\"1364\" data-end=\"1394\" data-col-size=\"sm\"><strong data-start=\"1366\" data-end=\"1378\">Pelda\u00f1os<\/strong><\/td>\n<td data-start=\"1394\" data-end=\"1441\" data-col-size=\"md\">28<\/td>\n<\/tr>\n<tr data-start=\"1442\" data-end=\"1518\">\n<td data-start=\"1442\" data-end=\"1472\" data-col-size=\"sm\"><strong data-start=\"1444\" data-end=\"1466\">Capacidad de carga<\/strong><\/td>\n<td data-col-size=\"md\" data-start=\"1472\" data-end=\"1518\">175 kg<\/td>\n<\/tr>\n<tr data-start=\"1519\" data-end=\"1595\">\n<td data-start=\"1519\" data-end=\"1549\" data-col-size=\"sm\"><strong data-start=\"1521\" data-end=\"1539\">Alcance m\u00e1ximo<\/strong><\/td>\n<td data-start=\"1549\" data-end=\"1595\" data-col-size=\"md\">Aprox. 8.4 m (28 ft) ampliado<\/td>\n<\/tr>\n<tr data-start=\"1596\" data-end=\"1672\">\n<td data-start=\"1596\" data-end=\"1626\" data-col-size=\"sm\"><strong data-start=\"1598\" data-end=\"1613\">Peso aprox.<\/strong><\/td>\n<td data-start=\"1626\" data-end=\"1672\" data-col-size=\"md\">23.3 kg<\/td>\n<\/tr>\n<tr data-start=\"1673\" data-end=\"1749\">\n<td data-start=\"1673\" data-end=\"1703\" data-col-size=\"sm\"><strong data-start=\"1675\" data-end=\"1687\">Material<\/strong><\/td>\n<td data-col-size=\"md\" data-start=\"1703\" data-end=\"1749\">Fibra de vidrio<\/td>\n<\/tr>\n<tr data-start=\"1750\" data-end=\"1827\">\n<td data-start=\"1750\" data-end=\"1780\" data-col-size=\"sm\"><strong data-start=\"1752\" data-end=\"1772\">Tipo de pelda\u00f1os<\/strong><\/td>\n<td data-start=\"1780\" data-end=\"1827\" data-col-size=\"md\">Antiderrapantes en \u00abD\u00bb<\/td>\n<\/tr>\n<tr data-start=\"1828\" data-end=\"1905\">\n<td data-start=\"1828\" data-end=\"1858\" data-col-size=\"sm\"><strong data-start=\"1830\" data-end=\"1843\">Seguridad<\/strong><\/td>\n<td data-start=\"1858\" data-end=\"1905\" data-col-size=\"md\">Doble seguro de gravedad<\/td>\n<\/tr>\n<tr data-start=\"1906\" data-end=\"1982\">\n<td data-start=\"1906\" data-end=\"1936\" data-col-size=\"sm\"><strong data-start=\"1908\" data-end=\"1931\">Sistema de maniobra<\/strong><\/td>\n<td data-start=\"1936\" data-end=\"1982\" data-col-size=\"md\">Polea y cuerda<\/td>\n<\/tr>\n<tr data-start=\"1983\" data-end=\"2059\">\n<td data-start=\"1983\" data-end=\"2013\" data-col-size=\"sm\"><strong data-start=\"1985\" data-end=\"1996\">Tacones<\/strong><\/td>\n<td data-start=\"2013\" data-end=\"2059\" data-col-size=\"md\">Pl\u00e1sticos antideslizantes<\/td>\n<\/tr>\n<tr data-start=\"2060\" data-end=\"2136\">\n<td data-start=\"2060\" data-end=\"2090\" data-col-size=\"sm\"><strong data-start=\"2062\" data-end=\"2072\">Rieles<\/strong><\/td>\n<td data-col-size=\"md\" data-start=\"2090\" data-end=\"2136\">No conductores (aislantes)<\/td>\n<\/tr>\n<tr data-start=\"2137\" data-end=\"2213\">\n<td data-start=\"2137\" data-end=\"2167\" data-col-size=\"sm\"><strong data-start=\"2139\" data-end=\"2148\">Norma<\/strong><\/td>\n<td data-col-size=\"md\" data-start=\"2167\" data-end=\"2213\">ANSI-ASC A14.2<\/td>\n<\/tr>\n<tr data-start=\"2214\" data-end=\"2291\">\n<td data-start=\"2214\" data-end=\"2244\" data-col-size=\"sm\"><strong data-start=\"2216\" data-end=\"2235\">Uso recomendado<\/strong><\/td>\n<td data-start=\"2244\" data-end=\"2291\" data-col-size=\"md\">Trabajos en altura con exposici\u00f3n el\u00e9ctrica<\/td>\n<\/tr>\n<tr data-start=\"2292\" data-end=\"2369\">\n<td data-start=\"2292\" data-end=\"2322\" data-col-size=\"sm\"><strong data-start=\"2294\" data-end=\"2304\">Origen<\/strong><\/td>\n<td data-start=\"2322\" data-end=\"2369\" data-col-size=\"md\">Fabricada en M\u00e9xico (Grupo Truper)<\/td>\n<\/tr>\n<\/tbody>\n<\/table>\n<\/div>\n<\/div>\n<p data-start=\"2372\" data-end=\"2506\">Datos adicionales obtenidos de listing informativo: altura m\u00e1xima alrededor de 8.4 m, peso aproximado de 23.32 kg.<\/p>\n<p style=\"text-align: center;\" data-start=\"2372\" data-end=\"2506\">En\u00a0<strong data-start=\"82\" data-end=\"115\">Distribuidor Panel Rey M\u00e9xico<\/strong> encuentras calidad y confianza en productos <strong>Acero.<\/strong><br data-start=\"173\" data-end=\"176\" \/>\u2705 Env\u00edos a toda la Rep\u00fablica Mexicana. \u00a1Pregunta por nuestras promociones vigentes!<br data-start=\"259\" data-end=\"262\" data-is-only-node=\"\" \/>\u2705 Todos los precios incluyen IVA (sujetos a cambio sin previo aviso).<br data-start=\"331\" data-end=\"334\" \/>\u2705 Im\u00e1genes ilustrativas, el producto final puede presentar ligeras variaciones.<br data-start=\"413\" data-end=\"416\" \/>\ud83d\udcac \u00bfTienes dudas? Escr\u00edbenos por\u00a0<a href=\"https:\/\/www.facebook.com\/mexicopanelrey\">Facebook<\/a>\u00a0o\u00a0<a href=\"https:\/\/www.instagram.com\/panel_rey_mexico\/\">Instagram<\/a>.<br data-start=\"470\" data-end=\"473\" \/>\ud83d\udcde Tel:\u00a0<a href=\"tel:55 7397 6243\">55 7397 6243<\/a>\u00a0| WhatsApp:\u00a0<a href=\"https:\/\/api.whatsapp.com\/send?phone=525573976243\">5573976243<\/a><br data-start=\"518\" data-end=\"521\" \/>\ud83d\udce7\u00a0<a class=\"cursor-pointer\" href=\"mailto:ventas@distribuidorpanelrey.com\" rel=\"noopener\" data-start=\"524\" data-end=\"555\">ventas@distribuidorpanelrey.com<\/a><\/p>\n","protected":false},"excerpt":{"rendered":"<h4 style=\"text-align: center;\">Env\u00edos de 24 a 48 hr CDMX Y EDO MEX<\/h4>\n<p style=\"text-align: center;\">Rese\u00f1as\u00a0\u2605\u2605\u2605\u2605\u2605\u00a0 Env\u00edos Garantizados<\/p>\n<h4 style=\"text-align: center;\">\ud83d\udd25LOS MEJORES PRECIOS \ud83d\udd25<\/h4>\n","protected":false},"featured_media":5776,"comment_status":"closed","ping_status":"closed","template":"","meta":[],"product_brand":[562],"product_cat":[368],"product_tag":[1098,1097,1099,254],"class_list":{"0":"post-5848","1":"product","2":"type-product","3":"status-publish","4":"has-post-thumbnail","6":"product_brand-truper","7":"product_cat-escaleras","8":"product_tag-28-peldanos","9":"product_tag-escalera-de-extension-tipo-ll","10":"product_tag-escalera-de-extension-tipo-ll-28-peldanos-fibra-de-vidrio","11":"product_tag-fibra-de-vidrio","13":"first","14":"instock","15":"shipping-taxable","16":"purchasable","17":"product-type-simple"},"yoast_head":"<!-- This site is optimized with the Yoast SEO plugin v27.1.1 - https:\/\/yoast.com\/product\/yoast-seo-wordpress\/ -->\n<title>ESCALERA DE EXTENSION, 28 PELDA\u00d1OS, FIBRA DE VIDRIO - PANEL REY MEXICO<\/title>\n<meta name=\"description\" content=\"Escalera de extensi\u00f3n Truper 28 pelda\u00f1os en fibra de vidrio (ESE-228FV), seguridad Tipo II con polea, doble seguro y rieles no conductores. Capacidad para 175 kg. Ideal para trabajos el\u00e9ctricos.\" \/>\n<meta name=\"robots\" content=\"index, follow, max-snippet:-1, max-image-preview:large, max-video-preview:-1\" \/>\n<link rel=\"canonical\" href=\"https:\/\/distribuidorpanelrey.com.mx\/producto\/escalera-de-extension-28-peldanos-fibra-de-vidrio\/\" \/>\n<meta property=\"og:locale\" content=\"es_ES\" \/>\n<meta property=\"og:type\" content=\"article\" \/>\n<meta property=\"og:title\" content=\"ESCALERA DE EXTENSION, 28 PELDA\u00d1OS, FIBRA DE VIDRIO - PANEL REY MEXICO\" \/>\n<meta property=\"og:description\" content=\"Escalera de extensi\u00f3n Truper 28 pelda\u00f1os en fibra de vidrio (ESE-228FV), seguridad Tipo II con polea, doble seguro y rieles no conductores. Capacidad para 175 kg. Ideal para trabajos el\u00e9ctricos.\" \/>\n<meta property=\"og:url\" content=\"https:\/\/distribuidorpanelrey.com.mx\/producto\/escalera-de-extension-28-peldanos-fibra-de-vidrio\/\" \/>\n<meta property=\"og:site_name\" content=\"PANEL REY MEXICO\" \/>\n<meta property=\"article:publisher\" content=\"https:\/\/www.facebook.com\/mexicopanelrey\/?locale=es_LA\" \/>\n<meta property=\"article:modified_time\" content=\"2025-08-18T04:24:20+00:00\" \/>\n<meta property=\"og:image\" content=\"https:\/\/distribuidorpanelrey.com.mx\/wp-content\/uploads\/2025\/08\/escalera-100229.webp\" \/>\n\t<meta property=\"og:image:width\" content=\"1800\" \/>\n\t<meta property=\"og:image:height\" content=\"1800\" \/>\n\t<meta property=\"og:image:type\" content=\"image\/webp\" \/>\n<meta name=\"twitter:card\" content=\"summary_large_image\" \/>\n<meta name=\"twitter:label1\" content=\"Tiempo de lectura\" \/>\n\t<meta name=\"twitter:data1\" content=\"2 minutos\" \/>\n<script type=\"application\/ld+json\" class=\"yoast-schema-graph\">{\"@context\":\"https:\/\/schema.org\",\"@graph\":[{\"@type\":\"WebPage\",\"@id\":\"https:\/\/distribuidorpanelrey.com.mx\/producto\/escalera-de-extension-28-peldanos-fibra-de-vidrio\/\",\"url\":\"https:\/\/distribuidorpanelrey.com.mx\/producto\/escalera-de-extension-28-peldanos-fibra-de-vidrio\/\",\"name\":\"ESCALERA DE EXTENSION, 28 PELDA\u00d1OS, FIBRA DE VIDRIO - PANEL REY MEXICO\",\"isPartOf\":{\"@id\":\"https:\/\/distribuidorpanelrey.com\/#website\"},\"primaryImageOfPage\":{\"@id\":\"https:\/\/distribuidorpanelrey.com.mx\/producto\/escalera-de-extension-28-peldanos-fibra-de-vidrio\/#primaryimage\"},\"image\":{\"@id\":\"https:\/\/distribuidorpanelrey.com.mx\/producto\/escalera-de-extension-28-peldanos-fibra-de-vidrio\/#primaryimage\"},\"thumbnailUrl\":\"https:\/\/distribuidorpanelrey.com.mx\/wp-content\/uploads\/2025\/08\/escalera-100229.webp\",\"datePublished\":\"2025-08-17T21:08:36+00:00\",\"dateModified\":\"2025-08-18T04:24:20+00:00\",\"description\":\"Escalera de extensi\u00f3n Truper 28 pelda\u00f1os en fibra de vidrio (ESE-228FV), seguridad Tipo II con polea, doble seguro y rieles no conductores. Capacidad para 175 kg. Ideal para trabajos el\u00e9ctricos.\",\"breadcrumb\":{\"@id\":\"https:\/\/distribuidorpanelrey.com.mx\/producto\/escalera-de-extension-28-peldanos-fibra-de-vidrio\/#breadcrumb\"},\"inLanguage\":\"es\",\"potentialAction\":[{\"@type\":\"ReadAction\",\"target\":[\"https:\/\/distribuidorpanelrey.com.mx\/producto\/escalera-de-extension-28-peldanos-fibra-de-vidrio\/\"]}]},{\"@type\":\"ImageObject\",\"inLanguage\":\"es\",\"@id\":\"https:\/\/distribuidorpanelrey.com.mx\/producto\/escalera-de-extension-28-peldanos-fibra-de-vidrio\/#primaryimage\",\"url\":\"https:\/\/distribuidorpanelrey.com.mx\/wp-content\/uploads\/2025\/08\/escalera-100229.webp\",\"contentUrl\":\"https:\/\/distribuidorpanelrey.com.mx\/wp-content\/uploads\/2025\/08\/escalera-100229.webp\",\"width\":1800,\"height\":1800},{\"@type\":\"BreadcrumbList\",\"@id\":\"https:\/\/distribuidorpanelrey.com.mx\/producto\/escalera-de-extension-28-peldanos-fibra-de-vidrio\/#breadcrumb\",\"itemListElement\":[{\"@type\":\"ListItem\",\"position\":1,\"name\":\"Portada\",\"item\":\"https:\/\/distribuidorpanelrey.com.mx\/\"},{\"@type\":\"ListItem\",\"position\":2,\"name\":\"Productos\",\"item\":\"https:\/\/distribuidorpanelrey.com\/tienda\/\"},{\"@type\":\"ListItem\",\"position\":3,\"name\":\"ESCALERA DE EXTENSION, 28 PELDA\u00d1OS, FIBRA DE VIDRIO\"}]},{\"@type\":\"WebSite\",\"@id\":\"https:\/\/distribuidorpanelrey.com\/#website\",\"url\":\"https:\/\/distribuidorpanelrey.com\/\",\"name\":\"PANEL REY MEXICO\",\"description\":\"DISTRIBUIDOR PANEL REY\",\"publisher\":{\"@id\":\"https:\/\/distribuidorpanelrey.com\/#organization\"},\"alternateName\":\"DISTRIBUIDOR PANEL REY\",\"potentialAction\":[{\"@type\":\"SearchAction\",\"target\":{\"@type\":\"EntryPoint\",\"urlTemplate\":\"https:\/\/distribuidorpanelrey.com\/?s={search_term_string}\"},\"query-input\":{\"@type\":\"PropertyValueSpecification\",\"valueRequired\":true,\"valueName\":\"search_term_string\"}}],\"inLanguage\":\"es\"},{\"@type\":\"Organization\",\"@id\":\"https:\/\/distribuidorpanelrey.com\/#organization\",\"name\":\"PANEL REY MEXICO\",\"url\":\"https:\/\/distribuidorpanelrey.com\/\",\"logo\":{\"@type\":\"ImageObject\",\"inLanguage\":\"es\",\"@id\":\"https:\/\/distribuidorpanelrey.com\/#\/schema\/logo\/image\/\",\"url\":\"https:\/\/distribuidorpanelrey.com.mx\/wp-content\/uploads\/2023\/11\/panelrey.webp\",\"contentUrl\":\"https:\/\/distribuidorpanelrey.com.mx\/wp-content\/uploads\/2023\/11\/panelrey.webp\",\"width\":400,\"height\":150,\"caption\":\"PANEL REY MEXICO\"},\"image\":{\"@id\":\"https:\/\/distribuidorpanelrey.com\/#\/schema\/logo\/image\/\"},\"sameAs\":[\"https:\/\/www.facebook.com\/mexicopanelrey\/?locale=es_LA\",\"https:\/\/www.instagram.com\/panel_rey_mexico\/?hl=es\"]}]}<\/script>\n<!-- \/ Yoast SEO plugin. -->","yoast_head_json":{"title":"ESCALERA DE EXTENSION, 28 PELDA\u00d1OS, FIBRA DE VIDRIO - PANEL REY MEXICO","description":"Escalera de extensi\u00f3n Truper 28 pelda\u00f1os en fibra de vidrio (ESE-228FV), seguridad Tipo II con polea, doble seguro y rieles no conductores. Capacidad para 175 kg. Ideal para trabajos el\u00e9ctricos.","robots":{"index":"index","follow":"follow","max-snippet":"max-snippet:-1","max-image-preview":"max-image-preview:large","max-video-preview":"max-video-preview:-1"},"canonical":"https:\/\/distribuidorpanelrey.com.mx\/producto\/escalera-de-extension-28-peldanos-fibra-de-vidrio\/","og_locale":"es_ES","og_type":"article","og_title":"ESCALERA DE EXTENSION, 28 PELDA\u00d1OS, FIBRA DE VIDRIO - PANEL REY MEXICO","og_description":"Escalera de extensi\u00f3n Truper 28 pelda\u00f1os en fibra de vidrio (ESE-228FV), seguridad Tipo II con polea, doble seguro y rieles no conductores. Capacidad para 175 kg. Ideal para trabajos el\u00e9ctricos.","og_url":"https:\/\/distribuidorpanelrey.com.mx\/producto\/escalera-de-extension-28-peldanos-fibra-de-vidrio\/","og_site_name":"PANEL REY MEXICO","article_publisher":"https:\/\/www.facebook.com\/mexicopanelrey\/?locale=es_LA","article_modified_time":"2025-08-18T04:24:20+00:00","og_image":[{"width":1800,"height":1800,"url":"https:\/\/distribuidorpanelrey.com.mx\/wp-content\/uploads\/2025\/08\/escalera-100229.webp","type":"image\/webp"}],"twitter_card":"summary_large_image","twitter_misc":{"Tiempo de lectura":"2 minutos"},"schema":{"@context":"https:\/\/schema.org","@graph":[{"@type":"WebPage","@id":"https:\/\/distribuidorpanelrey.com.mx\/producto\/escalera-de-extension-28-peldanos-fibra-de-vidrio\/","url":"https:\/\/distribuidorpanelrey.com.mx\/producto\/escalera-de-extension-28-peldanos-fibra-de-vidrio\/","name":"ESCALERA DE EXTENSION, 28 PELDA\u00d1OS, FIBRA DE VIDRIO - PANEL REY MEXICO","isPartOf":{"@id":"https:\/\/distribuidorpanelrey.com\/#website"},"primaryImageOfPage":{"@id":"https:\/\/distribuidorpanelrey.com.mx\/producto\/escalera-de-extension-28-peldanos-fibra-de-vidrio\/#primaryimage"},"image":{"@id":"https:\/\/distribuidorpanelrey.com.mx\/producto\/escalera-de-extension-28-peldanos-fibra-de-vidrio\/#primaryimage"},"thumbnailUrl":"https:\/\/distribuidorpanelrey.com.mx\/wp-content\/uploads\/2025\/08\/escalera-100229.webp","datePublished":"2025-08-17T21:08:36+00:00","dateModified":"2025-08-18T04:24:20+00:00","description":"Escalera de extensi\u00f3n Truper 28 pelda\u00f1os en fibra de vidrio (ESE-228FV), seguridad Tipo II con polea, doble seguro y rieles no conductores. Capacidad para 175 kg. Ideal para trabajos el\u00e9ctricos.","breadcrumb":{"@id":"https:\/\/distribuidorpanelrey.com.mx\/producto\/escalera-de-extension-28-peldanos-fibra-de-vidrio\/#breadcrumb"},"inLanguage":"es","potentialAction":[{"@type":"ReadAction","target":["https:\/\/distribuidorpanelrey.com.mx\/producto\/escalera-de-extension-28-peldanos-fibra-de-vidrio\/"]}]},{"@type":"ImageObject","inLanguage":"es","@id":"https:\/\/distribuidorpanelrey.com.mx\/producto\/escalera-de-extension-28-peldanos-fibra-de-vidrio\/#primaryimage","url":"https:\/\/distribuidorpanelrey.com.mx\/wp-content\/uploads\/2025\/08\/escalera-100229.webp","contentUrl":"https:\/\/distribuidorpanelrey.com.mx\/wp-content\/uploads\/2025\/08\/escalera-100229.webp","width":1800,"height":1800},{"@type":"BreadcrumbList","@id":"https:\/\/distribuidorpanelrey.com.mx\/producto\/escalera-de-extension-28-peldanos-fibra-de-vidrio\/#breadcrumb","itemListElement":[{"@type":"ListItem","position":1,"name":"Portada","item":"https:\/\/distribuidorpanelrey.com.mx\/"},{"@type":"ListItem","position":2,"name":"Productos","item":"https:\/\/distribuidorpanelrey.com\/tienda\/"},{"@type":"ListItem","position":3,"name":"ESCALERA DE EXTENSION, 28 PELDA\u00d1OS, FIBRA DE VIDRIO"}]},{"@type":"WebSite","@id":"https:\/\/distribuidorpanelrey.com\/#website","url":"https:\/\/distribuidorpanelrey.com\/","name":"PANEL REY MEXICO","description":"DISTRIBUIDOR PANEL REY","publisher":{"@id":"https:\/\/distribuidorpanelrey.com\/#organization"},"alternateName":"DISTRIBUIDOR PANEL REY","potentialAction":[{"@type":"SearchAction","target":{"@type":"EntryPoint","urlTemplate":"https:\/\/distribuidorpanelrey.com\/?s={search_term_string}"},"query-input":{"@type":"PropertyValueSpecification","valueRequired":true,"valueName":"search_term_string"}}],"inLanguage":"es"},{"@type":"Organization","@id":"https:\/\/distribuidorpanelrey.com\/#organization","name":"PANEL REY MEXICO","url":"https:\/\/distribuidorpanelrey.com\/","logo":{"@type":"ImageObject","inLanguage":"es","@id":"https:\/\/distribuidorpanelrey.com\/#\/schema\/logo\/image\/","url":"https:\/\/distribuidorpanelrey.com.mx\/wp-content\/uploads\/2023\/11\/panelrey.webp","contentUrl":"https:\/\/distribuidorpanelrey.com.mx\/wp-content\/uploads\/2023\/11\/panelrey.webp","width":400,"height":150,"caption":"PANEL REY MEXICO"},"image":{"@id":"https:\/\/distribuidorpanelrey.com\/#\/schema\/logo\/image\/"},"sameAs":["https:\/\/www.facebook.com\/mexicopanelrey\/?locale=es_LA","https:\/\/www.instagram.com\/panel_rey_mexico\/?hl=es"]}]}},"_links":{"self":[{"href":"https:\/\/distribuidorpanelrey.com.mx\/wp-json\/wp\/v2\/product\/5848","targetHints":{"allow":["GET"]}}],"collection":[{"href":"https:\/\/distribuidorpanelrey.com.mx\/wp-json\/wp\/v2\/product"}],"about":[{"href":"https:\/\/distribuidorpanelrey.com.mx\/wp-json\/wp\/v2\/types\/product"}],"replies":[{"embeddable":true,"href":"https:\/\/distribuidorpanelrey.com.mx\/wp-json\/wp\/v2\/comments?post=5848"}],"version-history":[{"count":1,"href":"https:\/\/distribuidorpanelrey.com.mx\/wp-json\/wp\/v2\/product\/5848\/revisions"}],"predecessor-version":[{"id":5849,"href":"https:\/\/distribuidorpanelrey.com.mx\/wp-json\/wp\/v2\/product\/5848\/revisions\/5849"}],"wp:featuredmedia":[{"embeddable":true,"href":"https:\/\/distribuidorpanelrey.com.mx\/wp-json\/wp\/v2\/media\/5776"}],"wp:attachment":[{"href":"https:\/\/distribuidorpanelrey.com.mx\/wp-json\/wp\/v2\/media?parent=5848"}],"wp:term":[{"taxonomy":"product_brand","embeddable":true,"href":"https:\/\/distribuidorpanelrey.com.mx\/wp-json\/wp\/v2\/product_brand?post=5848"},{"taxonomy":"product_cat","embeddable":true,"href":"https:\/\/distribuidorpanelrey.com.mx\/wp-json\/wp\/v2\/product_cat?post=5848"},{"taxonomy":"product_tag","embeddable":true,"href":"https:\/\/distribuidorpanelrey.com.mx\/wp-json\/wp\/v2\/product_tag?post=5848"}],"curies":[{"name":"wp","href":"https:\/\/api.w.org\/{rel}","templated":true}]}}