{"id":5850,"date":"2025-08-17T21:12:39","date_gmt":"2025-08-17T21:12:39","guid":{"rendered":"https:\/\/distribuidorpanelrey.com.mx\/?post_type=product&#038;p=5850"},"modified":"2025-08-18T04:27:09","modified_gmt":"2025-08-18T04:27:09","slug":"escalera-de-extension-24-peldanos-fibra-de-vidrio","status":"publish","type":"product","link":"https:\/\/distribuidorpanelrey.com.mx\/producto\/escalera-de-extension-24-peldanos-fibra-de-vidrio\/","title":{"rendered":"ESCALERA DE EXTENSION 24 PELDA\u00d1OS, FIBRA DE VIDRIO"},"content":{"rendered":"<h3 data-start=\"183\" data-end=\"258\">Escalera de Extensi\u00f3n Tipo II \u2013 Truper (C\u00f3digo 16757, Clave ESE-224FV)<\/h3>\n<p data-start=\"260\" data-end=\"694\">Escalera de extensi\u00f3n fabricada en fibra de vidrio con capacidad de carga de <strong data-start=\"362\" data-end=\"372\">175 kg<\/strong>. Cuenta con <strong data-start=\"385\" data-end=\"425\">24 pelda\u00f1os antiderrapantes tipo \u201cD\u201d<\/strong>, <strong data-start=\"427\" data-end=\"455\">doble seguro de gravedad<\/strong> para cierre r\u00e1pido, sistema de <strong data-start=\"487\" data-end=\"505\">polea y cuerda<\/strong>, tacones pl\u00e1sticos antideslizantes y <strong data-start=\"543\" data-end=\"573\">rieles laterales aislantes<\/strong>, ideal para trabajos con riesgo el\u00e9ctrico. Cumple con la norma <strong data-start=\"637\" data-end=\"655\">ANSI-ASC A14.2<\/strong>.<\/p>\n<hr data-start=\"696\" data-end=\"699\" \/>\n<h3 data-start=\"701\" data-end=\"733\">Caracter\u00edsticas principales<\/h3>\n<ul data-start=\"735\" data-end=\"1499\">\n<li data-start=\"735\" data-end=\"822\">\n<p data-start=\"737\" data-end=\"822\"><strong data-start=\"737\" data-end=\"750\">Material:<\/strong> Fibra de vidrio, no conductora.<\/p>\n<\/li>\n<li data-start=\"735\" data-end=\"822\">\n<p data-start=\"737\" data-end=\"822\"><strong data-start=\"825\" data-end=\"838\">Pelda\u00f1os:<\/strong> Antiderrapantes en forma \u201cD\u201d para mayor seguridad.<\/p>\n<\/li>\n<li data-start=\"930\" data-end=\"1051\">\n<p data-start=\"932\" data-end=\"1051\"><strong data-start=\"932\" data-end=\"946\">Seguridad:<\/strong> Doble seguro de gravedad que asegura el bloqueo de forma r\u00e1pida.<\/p>\n<\/li>\n<li data-start=\"1052\" data-end=\"1163\">\n<p data-start=\"1054\" data-end=\"1163\"><strong data-start=\"1054\" data-end=\"1068\">Extensi\u00f3n:<\/strong> Sistema de polea y cuerda para uso f\u00e1cil y controlado.<\/p>\n<\/li>\n<li data-start=\"1164\" data-end=\"1262\">\n<p data-start=\"1166\" data-end=\"1262\"><strong data-start=\"1166\" data-end=\"1178\">Tacones:<\/strong> Pl\u00e1sticos antideslizantes para estabilidad.<\/p>\n<\/li>\n<li data-start=\"1263\" data-end=\"1391\">\n<p data-start=\"1265\" data-end=\"1391\"><strong data-start=\"1265\" data-end=\"1286\">Rieles laterales:<\/strong> No conductores, dise\u00f1ados para seguridad en entornos el\u00e9ctricos.<\/p>\n<\/li>\n<li data-start=\"1392\" data-end=\"1499\">\n<p data-start=\"1394\" data-end=\"1499\"><strong data-start=\"1394\" data-end=\"1404\">Norma:<\/strong> Cumple con ANSI-ASC A14.2 (certificado no disponible).<\/p>\n<\/li>\n<\/ul>\n<hr data-start=\"1501\" data-end=\"1504\" \/>\n<h3 data-start=\"1506\" data-end=\"1536\">Especificaciones t\u00e9cnicas<\/h3>\n<div class=\"_tableContainer_1rjym_1\">\n<div class=\"_tableWrapper_1rjym_13 group flex w-fit flex-col-reverse\" tabindex=\"-1\">\n<table class=\"w-fit min-w-(--thread-content-width)\" data-start=\"1538\" data-end=\"2686\">\n<thead data-start=\"1538\" data-end=\"1616\">\n<tr data-start=\"1538\" data-end=\"1616\">\n<th data-start=\"1538\" data-end=\"1574\" data-col-size=\"sm\">Especificaci\u00f3n<\/th>\n<th data-start=\"1574\" data-end=\"1616\" data-col-size=\"md\">Detalle<\/th>\n<\/tr>\n<\/thead>\n<tbody data-start=\"1695\" data-end=\"2686\">\n<tr data-start=\"1695\" data-end=\"1772\">\n<td data-start=\"1695\" data-end=\"1730\" data-col-size=\"sm\"><strong data-start=\"1697\" data-end=\"1705\">Tipo<\/strong><\/td>\n<td data-col-size=\"md\" data-start=\"1730\" data-end=\"1772\">II<\/td>\n<\/tr>\n<tr data-start=\"1773\" data-end=\"1850\">\n<td data-start=\"1773\" data-end=\"1808\" data-col-size=\"sm\"><strong data-start=\"1775\" data-end=\"1797\">Capacidad de carga<\/strong><\/td>\n<td data-start=\"1808\" data-end=\"1850\" data-col-size=\"md\">175 kg<\/td>\n<\/tr>\n<tr data-start=\"1851\" data-end=\"1928\">\n<td data-start=\"1851\" data-end=\"1886\" data-col-size=\"sm\"><strong data-start=\"1853\" data-end=\"1865\">Pelda\u00f1os<\/strong><\/td>\n<td data-start=\"1886\" data-end=\"1928\" data-col-size=\"md\">24<\/td>\n<\/tr>\n<tr data-start=\"1929\" data-end=\"2006\">\n<td data-start=\"1929\" data-end=\"1964\" data-col-size=\"sm\"><strong data-start=\"1931\" data-end=\"1954\">Altura sin extender<\/strong><\/td>\n<td data-col-size=\"md\" data-start=\"1964\" data-end=\"2006\">4 m (13.1 ft)<\/td>\n<\/tr>\n<tr data-start=\"2007\" data-end=\"2084\">\n<td data-start=\"2007\" data-end=\"2042\" data-col-size=\"sm\"><strong data-start=\"2009\" data-end=\"2029\">Altura extendida<\/strong><\/td>\n<td data-start=\"2042\" data-end=\"2084\" data-col-size=\"md\">6.5 m (21.3 ft)<\/td>\n<\/tr>\n<tr data-start=\"2085\" data-end=\"2162\">\n<td data-start=\"2085\" data-end=\"2120\" data-col-size=\"sm\"><strong data-start=\"2087\" data-end=\"2118\">Alcance m\u00e1ximo sin extender<\/strong><\/td>\n<td data-start=\"2120\" data-end=\"2162\" data-col-size=\"md\">4.8 m (15.7 ft)<\/td>\n<\/tr>\n<tr data-start=\"2163\" data-end=\"2240\">\n<td data-start=\"2163\" data-end=\"2198\" data-col-size=\"sm\"><strong data-start=\"2165\" data-end=\"2193\">Alcance m\u00e1ximo extendida<\/strong>*<\/td>\n<td data-col-size=\"md\" data-start=\"2198\" data-end=\"2240\">7.2 m (23.6 ft)<\/td>\n<\/tr>\n<tr data-start=\"2241\" data-end=\"2318\">\n<td data-start=\"2241\" data-end=\"2276\" data-col-size=\"sm\"><strong data-start=\"2243\" data-end=\"2262\">Volumen ocupado<\/strong><\/td>\n<td data-col-size=\"md\" data-start=\"2276\" data-end=\"2318\">0.25 m\u00b3<\/td>\n<\/tr>\n<tr data-start=\"2319\" data-end=\"2396\">\n<td data-start=\"2319\" data-end=\"2354\" data-col-size=\"sm\"><strong data-start=\"2321\" data-end=\"2340\">Peso aproximado<\/strong><\/td>\n<td data-start=\"2354\" data-end=\"2396\" data-col-size=\"md\">21 kg<\/td>\n<\/tr>\n<tr data-start=\"2397\" data-end=\"2474\">\n<td data-start=\"2397\" data-end=\"2432\" data-col-size=\"sm\"><strong data-start=\"2399\" data-end=\"2421\">Empaque individual<\/strong><\/td>\n<td data-col-size=\"md\" data-start=\"2432\" data-end=\"2474\">Etiqueta<\/td>\n<\/tr>\n<tr data-start=\"2475\" data-end=\"2552\">\n<td data-start=\"2475\" data-end=\"2510\" data-col-size=\"sm\"><strong data-start=\"2477\" data-end=\"2500\">Unidades por pallet<\/strong><\/td>\n<td data-start=\"2510\" data-end=\"2552\" data-col-size=\"md\">14<\/td>\n<\/tr>\n<tr data-start=\"2553\" data-end=\"2686\">\n<td data-start=\"2553\" data-end=\"2588\" data-col-size=\"sm\"><strong data-start=\"2555\" data-end=\"2565\">Origen<\/strong><\/td>\n<td data-start=\"2588\" data-end=\"2686\" data-col-size=\"md\">Fabricada en China bajo especificaciones de Grupo Truper<\/td>\n<\/tr>\n<\/tbody>\n<\/table>\n<\/div>\n<\/div>\n<p data-start=\"2688\" data-end=\"2787\">*Alturas calculadas para una persona con estatura de 1.68 m.<\/p>\n<p style=\"text-align: center;\" data-start=\"2688\" data-end=\"2787\">En\u00a0<strong data-start=\"82\" data-end=\"115\">Distribuidor Panel Rey M\u00e9xico<\/strong> encuentras calidad y confianza en productos <strong>Acero.<\/strong><br data-start=\"173\" data-end=\"176\" \/>\u2705 Env\u00edos a toda la Rep\u00fablica Mexicana. \u00a1Pregunta por nuestras promociones vigentes!<br data-start=\"259\" data-end=\"262\" data-is-only-node=\"\" \/>\u2705 Todos los precios incluyen IVA (sujetos a cambio sin previo aviso).<br data-start=\"331\" data-end=\"334\" \/>\u2705 Im\u00e1genes ilustrativas, el producto final puede presentar ligeras variaciones.<br data-start=\"413\" data-end=\"416\" \/>\ud83d\udcac \u00bfTienes dudas? Escr\u00edbenos por\u00a0<a href=\"https:\/\/www.facebook.com\/mexicopanelrey\">Facebook<\/a>\u00a0o\u00a0<a href=\"https:\/\/www.instagram.com\/panel_rey_mexico\/\">Instagram<\/a>.<br data-start=\"470\" data-end=\"473\" \/>\ud83d\udcde Tel:\u00a0<a href=\"tel:55 7397 6243\">55 7397 6243<\/a>\u00a0| WhatsApp:\u00a0<a href=\"https:\/\/api.whatsapp.com\/send?phone=525573976243\">5573976243<\/a><br data-start=\"518\" data-end=\"521\" \/>\ud83d\udce7\u00a0<a class=\"cursor-pointer\" href=\"mailto:ventas@distribuidorpanelrey.com\" rel=\"noopener\" data-start=\"524\" data-end=\"555\">ventas@distribuidorpanelrey.com<\/a><\/p>\n","protected":false},"excerpt":{"rendered":"<h4 style=\"text-align: center;\">Env\u00edos de 24 a 48 hr CDMX Y EDO MEX<\/h4>\n<p style=\"text-align: center;\">Rese\u00f1as\u00a0\u2605\u2605\u2605\u2605\u2605\u00a0 Env\u00edos Garantizados<\/p>\n<h4 style=\"text-align: center;\">\ud83d\udd25LOS MEJORES PRECIOS \ud83d\udd25<\/h4>\n","protected":false},"featured_media":5784,"comment_status":"closed","ping_status":"closed","template":"","meta":[],"product_brand":[562],"product_cat":[368],"product_tag":[1094,1097,1100,254],"class_list":{"0":"post-5850","1":"product","2":"type-product","3":"status-publish","4":"has-post-thumbnail","6":"product_brand-truper","7":"product_cat-escaleras","8":"product_tag-24-peldanos","9":"product_tag-escalera-de-extension-tipo-ll","10":"product_tag-escalera-de-extension-tipo-ll-24-peldanos-fibra-de-vidrio","11":"product_tag-fibra-de-vidrio","13":"first","14":"instock","15":"shipping-taxable","16":"purchasable","17":"product-type-simple"},"yoast_head":"<!-- This site is optimized with the Yoast SEO plugin v27.1.1 - https:\/\/yoast.com\/product\/yoast-seo-wordpress\/ -->\n<title>ESCALERA DE EXTENSION 24 PELDA\u00d1OS, FIBRA DE VIDRIO - PANEL REY MEXICO<\/title>\n<meta name=\"description\" content=\"Escalera de extensi\u00f3n Truper Tipo II (ESE-224FV), 24 pelda\u00f1os en fibra de vidrio, 175 kg, con cierre r\u00e1pido, polea y aislante el\u00e9ctrico. Alta seguridad y durabilidad.\" \/>\n<meta name=\"robots\" content=\"index, follow, max-snippet:-1, max-image-preview:large, max-video-preview:-1\" \/>\n<link rel=\"canonical\" href=\"https:\/\/distribuidorpanelrey.com.mx\/producto\/escalera-de-extension-24-peldanos-fibra-de-vidrio\/\" \/>\n<meta property=\"og:locale\" content=\"es_ES\" \/>\n<meta property=\"og:type\" content=\"article\" \/>\n<meta property=\"og:title\" content=\"ESCALERA DE EXTENSION 24 PELDA\u00d1OS, FIBRA DE VIDRIO - PANEL REY MEXICO\" \/>\n<meta property=\"og:description\" content=\"Escalera de extensi\u00f3n Truper Tipo II (ESE-224FV), 24 pelda\u00f1os en fibra de vidrio, 175 kg, con cierre r\u00e1pido, polea y aislante el\u00e9ctrico. Alta seguridad y durabilidad.\" \/>\n<meta property=\"og:url\" content=\"https:\/\/distribuidorpanelrey.com.mx\/producto\/escalera-de-extension-24-peldanos-fibra-de-vidrio\/\" \/>\n<meta property=\"og:site_name\" content=\"PANEL REY MEXICO\" \/>\n<meta property=\"article:publisher\" content=\"https:\/\/www.facebook.com\/mexicopanelrey\/?locale=es_LA\" \/>\n<meta property=\"article:modified_time\" content=\"2025-08-18T04:27:09+00:00\" \/>\n<meta property=\"og:image\" content=\"https:\/\/distribuidorpanelrey.com.mx\/wp-content\/uploads\/2025\/08\/escalera-16757.webp\" \/>\n\t<meta property=\"og:image:width\" content=\"1800\" \/>\n\t<meta property=\"og:image:height\" content=\"1800\" \/>\n\t<meta property=\"og:image:type\" content=\"image\/webp\" \/>\n<meta name=\"twitter:card\" content=\"summary_large_image\" \/>\n<meta name=\"twitter:label1\" content=\"Tiempo de lectura\" \/>\n\t<meta name=\"twitter:data1\" content=\"2 minutos\" \/>\n<script type=\"application\/ld+json\" class=\"yoast-schema-graph\">{\"@context\":\"https:\/\/schema.org\",\"@graph\":[{\"@type\":\"WebPage\",\"@id\":\"https:\/\/distribuidorpanelrey.com.mx\/producto\/escalera-de-extension-24-peldanos-fibra-de-vidrio\/\",\"url\":\"https:\/\/distribuidorpanelrey.com.mx\/producto\/escalera-de-extension-24-peldanos-fibra-de-vidrio\/\",\"name\":\"ESCALERA DE EXTENSION 24 PELDA\u00d1OS, FIBRA DE VIDRIO - PANEL REY MEXICO\",\"isPartOf\":{\"@id\":\"https:\/\/distribuidorpanelrey.com\/#website\"},\"primaryImageOfPage\":{\"@id\":\"https:\/\/distribuidorpanelrey.com.mx\/producto\/escalera-de-extension-24-peldanos-fibra-de-vidrio\/#primaryimage\"},\"image\":{\"@id\":\"https:\/\/distribuidorpanelrey.com.mx\/producto\/escalera-de-extension-24-peldanos-fibra-de-vidrio\/#primaryimage\"},\"thumbnailUrl\":\"https:\/\/distribuidorpanelrey.com.mx\/wp-content\/uploads\/2025\/08\/escalera-16757.webp\",\"datePublished\":\"2025-08-17T21:12:39+00:00\",\"dateModified\":\"2025-08-18T04:27:09+00:00\",\"description\":\"Escalera de extensi\u00f3n Truper Tipo II (ESE-224FV), 24 pelda\u00f1os en fibra de vidrio, 175 kg, con cierre r\u00e1pido, polea y aislante el\u00e9ctrico. Alta seguridad y durabilidad.\",\"breadcrumb\":{\"@id\":\"https:\/\/distribuidorpanelrey.com.mx\/producto\/escalera-de-extension-24-peldanos-fibra-de-vidrio\/#breadcrumb\"},\"inLanguage\":\"es\",\"potentialAction\":[{\"@type\":\"ReadAction\",\"target\":[\"https:\/\/distribuidorpanelrey.com.mx\/producto\/escalera-de-extension-24-peldanos-fibra-de-vidrio\/\"]}]},{\"@type\":\"ImageObject\",\"inLanguage\":\"es\",\"@id\":\"https:\/\/distribuidorpanelrey.com.mx\/producto\/escalera-de-extension-24-peldanos-fibra-de-vidrio\/#primaryimage\",\"url\":\"https:\/\/distribuidorpanelrey.com.mx\/wp-content\/uploads\/2025\/08\/escalera-16757.webp\",\"contentUrl\":\"https:\/\/distribuidorpanelrey.com.mx\/wp-content\/uploads\/2025\/08\/escalera-16757.webp\",\"width\":1800,\"height\":1800},{\"@type\":\"BreadcrumbList\",\"@id\":\"https:\/\/distribuidorpanelrey.com.mx\/producto\/escalera-de-extension-24-peldanos-fibra-de-vidrio\/#breadcrumb\",\"itemListElement\":[{\"@type\":\"ListItem\",\"position\":1,\"name\":\"Portada\",\"item\":\"https:\/\/distribuidorpanelrey.com.mx\/\"},{\"@type\":\"ListItem\",\"position\":2,\"name\":\"Productos\",\"item\":\"https:\/\/distribuidorpanelrey.com\/tienda\/\"},{\"@type\":\"ListItem\",\"position\":3,\"name\":\"ESCALERA DE EXTENSION 24 PELDA\u00d1OS, FIBRA DE VIDRIO\"}]},{\"@type\":\"WebSite\",\"@id\":\"https:\/\/distribuidorpanelrey.com\/#website\",\"url\":\"https:\/\/distribuidorpanelrey.com\/\",\"name\":\"PANEL REY MEXICO\",\"description\":\"DISTRIBUIDOR PANEL REY\",\"publisher\":{\"@id\":\"https:\/\/distribuidorpanelrey.com\/#organization\"},\"alternateName\":\"DISTRIBUIDOR PANEL REY\",\"potentialAction\":[{\"@type\":\"SearchAction\",\"target\":{\"@type\":\"EntryPoint\",\"urlTemplate\":\"https:\/\/distribuidorpanelrey.com\/?s={search_term_string}\"},\"query-input\":{\"@type\":\"PropertyValueSpecification\",\"valueRequired\":true,\"valueName\":\"search_term_string\"}}],\"inLanguage\":\"es\"},{\"@type\":\"Organization\",\"@id\":\"https:\/\/distribuidorpanelrey.com\/#organization\",\"name\":\"PANEL REY MEXICO\",\"url\":\"https:\/\/distribuidorpanelrey.com\/\",\"logo\":{\"@type\":\"ImageObject\",\"inLanguage\":\"es\",\"@id\":\"https:\/\/distribuidorpanelrey.com\/#\/schema\/logo\/image\/\",\"url\":\"https:\/\/distribuidorpanelrey.com.mx\/wp-content\/uploads\/2023\/11\/panelrey.webp\",\"contentUrl\":\"https:\/\/distribuidorpanelrey.com.mx\/wp-content\/uploads\/2023\/11\/panelrey.webp\",\"width\":400,\"height\":150,\"caption\":\"PANEL REY MEXICO\"},\"image\":{\"@id\":\"https:\/\/distribuidorpanelrey.com\/#\/schema\/logo\/image\/\"},\"sameAs\":[\"https:\/\/www.facebook.com\/mexicopanelrey\/?locale=es_LA\",\"https:\/\/www.instagram.com\/panel_rey_mexico\/?hl=es\"]}]}<\/script>\n<!-- \/ Yoast SEO plugin. -->","yoast_head_json":{"title":"ESCALERA DE EXTENSION 24 PELDA\u00d1OS, FIBRA DE VIDRIO - PANEL REY MEXICO","description":"Escalera de extensi\u00f3n Truper Tipo II (ESE-224FV), 24 pelda\u00f1os en fibra de vidrio, 175 kg, con cierre r\u00e1pido, polea y aislante el\u00e9ctrico. Alta seguridad y durabilidad.","robots":{"index":"index","follow":"follow","max-snippet":"max-snippet:-1","max-image-preview":"max-image-preview:large","max-video-preview":"max-video-preview:-1"},"canonical":"https:\/\/distribuidorpanelrey.com.mx\/producto\/escalera-de-extension-24-peldanos-fibra-de-vidrio\/","og_locale":"es_ES","og_type":"article","og_title":"ESCALERA DE EXTENSION 24 PELDA\u00d1OS, FIBRA DE VIDRIO - PANEL REY MEXICO","og_description":"Escalera de extensi\u00f3n Truper Tipo II (ESE-224FV), 24 pelda\u00f1os en fibra de vidrio, 175 kg, con cierre r\u00e1pido, polea y aislante el\u00e9ctrico. Alta seguridad y durabilidad.","og_url":"https:\/\/distribuidorpanelrey.com.mx\/producto\/escalera-de-extension-24-peldanos-fibra-de-vidrio\/","og_site_name":"PANEL REY MEXICO","article_publisher":"https:\/\/www.facebook.com\/mexicopanelrey\/?locale=es_LA","article_modified_time":"2025-08-18T04:27:09+00:00","og_image":[{"width":1800,"height":1800,"url":"https:\/\/distribuidorpanelrey.com.mx\/wp-content\/uploads\/2025\/08\/escalera-16757.webp","type":"image\/webp"}],"twitter_card":"summary_large_image","twitter_misc":{"Tiempo de lectura":"2 minutos"},"schema":{"@context":"https:\/\/schema.org","@graph":[{"@type":"WebPage","@id":"https:\/\/distribuidorpanelrey.com.mx\/producto\/escalera-de-extension-24-peldanos-fibra-de-vidrio\/","url":"https:\/\/distribuidorpanelrey.com.mx\/producto\/escalera-de-extension-24-peldanos-fibra-de-vidrio\/","name":"ESCALERA DE EXTENSION 24 PELDA\u00d1OS, FIBRA DE VIDRIO - PANEL REY MEXICO","isPartOf":{"@id":"https:\/\/distribuidorpanelrey.com\/#website"},"primaryImageOfPage":{"@id":"https:\/\/distribuidorpanelrey.com.mx\/producto\/escalera-de-extension-24-peldanos-fibra-de-vidrio\/#primaryimage"},"image":{"@id":"https:\/\/distribuidorpanelrey.com.mx\/producto\/escalera-de-extension-24-peldanos-fibra-de-vidrio\/#primaryimage"},"thumbnailUrl":"https:\/\/distribuidorpanelrey.com.mx\/wp-content\/uploads\/2025\/08\/escalera-16757.webp","datePublished":"2025-08-17T21:12:39+00:00","dateModified":"2025-08-18T04:27:09+00:00","description":"Escalera de extensi\u00f3n Truper Tipo II (ESE-224FV), 24 pelda\u00f1os en fibra de vidrio, 175 kg, con cierre r\u00e1pido, polea y aislante el\u00e9ctrico. Alta seguridad y durabilidad.","breadcrumb":{"@id":"https:\/\/distribuidorpanelrey.com.mx\/producto\/escalera-de-extension-24-peldanos-fibra-de-vidrio\/#breadcrumb"},"inLanguage":"es","potentialAction":[{"@type":"ReadAction","target":["https:\/\/distribuidorpanelrey.com.mx\/producto\/escalera-de-extension-24-peldanos-fibra-de-vidrio\/"]}]},{"@type":"ImageObject","inLanguage":"es","@id":"https:\/\/distribuidorpanelrey.com.mx\/producto\/escalera-de-extension-24-peldanos-fibra-de-vidrio\/#primaryimage","url":"https:\/\/distribuidorpanelrey.com.mx\/wp-content\/uploads\/2025\/08\/escalera-16757.webp","contentUrl":"https:\/\/distribuidorpanelrey.com.mx\/wp-content\/uploads\/2025\/08\/escalera-16757.webp","width":1800,"height":1800},{"@type":"BreadcrumbList","@id":"https:\/\/distribuidorpanelrey.com.mx\/producto\/escalera-de-extension-24-peldanos-fibra-de-vidrio\/#breadcrumb","itemListElement":[{"@type":"ListItem","position":1,"name":"Portada","item":"https:\/\/distribuidorpanelrey.com.mx\/"},{"@type":"ListItem","position":2,"name":"Productos","item":"https:\/\/distribuidorpanelrey.com\/tienda\/"},{"@type":"ListItem","position":3,"name":"ESCALERA DE EXTENSION 24 PELDA\u00d1OS, FIBRA DE VIDRIO"}]},{"@type":"WebSite","@id":"https:\/\/distribuidorpanelrey.com\/#website","url":"https:\/\/distribuidorpanelrey.com\/","name":"PANEL REY MEXICO","description":"DISTRIBUIDOR PANEL REY","publisher":{"@id":"https:\/\/distribuidorpanelrey.com\/#organization"},"alternateName":"DISTRIBUIDOR PANEL REY","potentialAction":[{"@type":"SearchAction","target":{"@type":"EntryPoint","urlTemplate":"https:\/\/distribuidorpanelrey.com\/?s={search_term_string}"},"query-input":{"@type":"PropertyValueSpecification","valueRequired":true,"valueName":"search_term_string"}}],"inLanguage":"es"},{"@type":"Organization","@id":"https:\/\/distribuidorpanelrey.com\/#organization","name":"PANEL REY MEXICO","url":"https:\/\/distribuidorpanelrey.com\/","logo":{"@type":"ImageObject","inLanguage":"es","@id":"https:\/\/distribuidorpanelrey.com\/#\/schema\/logo\/image\/","url":"https:\/\/distribuidorpanelrey.com.mx\/wp-content\/uploads\/2023\/11\/panelrey.webp","contentUrl":"https:\/\/distribuidorpanelrey.com.mx\/wp-content\/uploads\/2023\/11\/panelrey.webp","width":400,"height":150,"caption":"PANEL REY MEXICO"},"image":{"@id":"https:\/\/distribuidorpanelrey.com\/#\/schema\/logo\/image\/"},"sameAs":["https:\/\/www.facebook.com\/mexicopanelrey\/?locale=es_LA","https:\/\/www.instagram.com\/panel_rey_mexico\/?hl=es"]}]}},"_links":{"self":[{"href":"https:\/\/distribuidorpanelrey.com.mx\/wp-json\/wp\/v2\/product\/5850","targetHints":{"allow":["GET"]}}],"collection":[{"href":"https:\/\/distribuidorpanelrey.com.mx\/wp-json\/wp\/v2\/product"}],"about":[{"href":"https:\/\/distribuidorpanelrey.com.mx\/wp-json\/wp\/v2\/types\/product"}],"replies":[{"embeddable":true,"href":"https:\/\/distribuidorpanelrey.com.mx\/wp-json\/wp\/v2\/comments?post=5850"}],"version-history":[{"count":1,"href":"https:\/\/distribuidorpanelrey.com.mx\/wp-json\/wp\/v2\/product\/5850\/revisions"}],"predecessor-version":[{"id":5851,"href":"https:\/\/distribuidorpanelrey.com.mx\/wp-json\/wp\/v2\/product\/5850\/revisions\/5851"}],"wp:featuredmedia":[{"embeddable":true,"href":"https:\/\/distribuidorpanelrey.com.mx\/wp-json\/wp\/v2\/media\/5784"}],"wp:attachment":[{"href":"https:\/\/distribuidorpanelrey.com.mx\/wp-json\/wp\/v2\/media?parent=5850"}],"wp:term":[{"taxonomy":"product_brand","embeddable":true,"href":"https:\/\/distribuidorpanelrey.com.mx\/wp-json\/wp\/v2\/product_brand?post=5850"},{"taxonomy":"product_cat","embeddable":true,"href":"https:\/\/distribuidorpanelrey.com.mx\/wp-json\/wp\/v2\/product_cat?post=5850"},{"taxonomy":"product_tag","embeddable":true,"href":"https:\/\/distribuidorpanelrey.com.mx\/wp-json\/wp\/v2\/product_tag?post=5850"}],"curies":[{"name":"wp","href":"https:\/\/api.w.org\/{rel}","templated":true}]}}