{"id":5852,"date":"2025-08-17T21:17:16","date_gmt":"2025-08-17T21:17:16","guid":{"rendered":"https:\/\/distribuidorpanelrey.com.mx\/?post_type=product&#038;p=5852"},"modified":"2025-08-18T04:24:20","modified_gmt":"2025-08-18T04:24:20","slug":"escalera-de-extension-20-peldanos-fibra-de-vidrio","status":"publish","type":"product","link":"https:\/\/distribuidorpanelrey.com.mx\/producto\/escalera-de-extension-20-peldanos-fibra-de-vidrio\/","title":{"rendered":"ESCALERA DE EXTENSION  20 PELDA\u00d1OS, FIBRA DE VIDRIO"},"content":{"rendered":"<h3 data-start=\"167\" data-end=\"243\">Escalera de Extensi\u00f3n Tipo II \u2013 Truper (C\u00f3digo 100228, Clave ESE-220FV)<\/h3>\n<p data-start=\"245\" data-end=\"683\">Escalera de extensi\u00f3n fabricada en fibra de vidrio, altamente segura para uso en entornos el\u00e9ctricos, gracias a sus <strong data-start=\"386\" data-end=\"416\">rieles laterales aislantes<\/strong>. Cuenta con <strong data-start=\"429\" data-end=\"473\">20 pelda\u00f1os antiderrapantes en forma \u201cD\u201d<\/strong>, <strong data-start=\"475\" data-end=\"503\">doble seguro de gravedad<\/strong> para un cierre firme y r\u00e1pido, sistema de <strong data-start=\"546\" data-end=\"564\">polea y cuerda<\/strong>, y <strong data-start=\"568\" data-end=\"605\">tacones pl\u00e1sticos antideslizantes<\/strong>. Cumple con la norma <strong data-start=\"627\" data-end=\"645\">ANSI-ASC A14.2<\/strong>.<\/p>\n<hr data-start=\"685\" data-end=\"688\" \/>\n<h3 data-start=\"690\" data-end=\"722\">Caracter\u00edsticas principales<\/h3>\n<ul data-start=\"724\" data-end=\"1521\">\n<li data-start=\"724\" data-end=\"842\">\n<p data-start=\"726\" data-end=\"842\"><strong data-start=\"726\" data-end=\"739\">Material:<\/strong> Fibra de vidrio, no conductora, ideal para seguridad el\u00e9ctrica.<\/p>\n<\/li>\n<li data-start=\"843\" data-end=\"945\">\n<p data-start=\"845\" data-end=\"945\"><strong data-start=\"845\" data-end=\"858\">Pelda\u00f1os:<\/strong> Antiderrapantes en forma \u201cD\u201d para mejor agarre.<\/p>\n<\/li>\n<li data-start=\"946\" data-end=\"1060\">\n<p data-start=\"948\" data-end=\"1060\"><strong data-start=\"948\" data-end=\"962\">Seguridad:<\/strong> Doble seguro de gravedad para fijaci\u00f3n r\u00e1pida y confiable.<\/p>\n<\/li>\n<li data-start=\"1061\" data-end=\"1177\">\n<p data-start=\"1063\" data-end=\"1177\"><strong data-start=\"1063\" data-end=\"1077\">Extensi\u00f3n:<\/strong> Sistema de polea y cuerda para operaci\u00f3n suave y controlada.<\/p>\n<\/li>\n<li data-start=\"1178\" data-end=\"1295\">\n<p data-start=\"1180\" data-end=\"1295\"><strong data-start=\"1180\" data-end=\"1192\">Tacones:<\/strong> Pl\u00e1sticos antideslizantes que mejoran la estabilidad en el uso.<\/p>\n<\/li>\n<li data-start=\"1296\" data-end=\"1416\">\n<p data-start=\"1298\" data-end=\"1416\"><strong data-start=\"1298\" data-end=\"1319\">Rieles laterales:<\/strong> No conductores, protegen al usuario en zonas energizadas.<\/p>\n<\/li>\n<li data-start=\"1417\" data-end=\"1521\">\n<p data-start=\"1419\" data-end=\"1521\"><strong data-start=\"1419\" data-end=\"1429\">Norma:<\/strong> Cumple con ANSI-ASC A14.2 (certificado no disponible).<\/p>\n<\/li>\n<\/ul>\n<hr data-start=\"1523\" data-end=\"1526\" \/>\n<h3 data-start=\"1528\" data-end=\"1558\">Especificaciones t\u00e9cnicas<\/h3>\n<div class=\"_tableContainer_1rjym_1\">\n<div class=\"_tableWrapper_1rjym_13 group flex w-fit flex-col-reverse\" tabindex=\"-1\">\n<table class=\"w-fit min-w-(--thread-content-width)\" data-start=\"1560\" data-end=\"2718\">\n<thead data-start=\"1560\" data-end=\"1638\">\n<tr data-start=\"1560\" data-end=\"1638\">\n<th data-start=\"1560\" data-end=\"1593\" data-col-size=\"sm\">Especificaci\u00f3n<\/th>\n<th data-start=\"1593\" data-end=\"1638\" data-col-size=\"md\">Detalle<\/th>\n<\/tr>\n<\/thead>\n<tbody data-start=\"1718\" data-end=\"2718\">\n<tr data-start=\"1718\" data-end=\"1796\">\n<td data-start=\"1718\" data-end=\"1751\" data-col-size=\"sm\"><strong data-start=\"1720\" data-end=\"1738\">C\u00f3digo \/ Clave<\/strong><\/td>\n<td data-start=\"1751\" data-end=\"1796\" data-col-size=\"md\">100228 \/ ESE-220FV<\/td>\n<\/tr>\n<tr data-start=\"1797\" data-end=\"1875\">\n<td data-start=\"1797\" data-end=\"1830\" data-col-size=\"sm\"><strong data-start=\"1799\" data-end=\"1807\">Tipo<\/strong><\/td>\n<td data-start=\"1830\" data-end=\"1875\" data-col-size=\"md\">II<\/td>\n<\/tr>\n<tr data-start=\"1876\" data-end=\"1954\">\n<td data-start=\"1876\" data-end=\"1909\" data-col-size=\"sm\"><strong data-start=\"1878\" data-end=\"1900\">Capacidad de carga<\/strong><\/td>\n<td data-start=\"1909\" data-end=\"1954\" data-col-size=\"md\">175 kg<\/td>\n<\/tr>\n<tr data-start=\"1955\" data-end=\"2033\">\n<td data-start=\"1955\" data-end=\"1988\" data-col-size=\"sm\"><strong data-start=\"1957\" data-end=\"1969\">Pelda\u00f1os<\/strong><\/td>\n<td data-col-size=\"md\" data-start=\"1988\" data-end=\"2033\">20<\/td>\n<\/tr>\n<tr data-start=\"2034\" data-end=\"2112\">\n<td data-start=\"2034\" data-end=\"2067\" data-col-size=\"sm\"><strong data-start=\"2036\" data-end=\"2059\">Altura sin extender<\/strong><\/td>\n<td data-start=\"2067\" data-end=\"2112\" data-col-size=\"md\">3.4 m (11.2 ft)<\/td>\n<\/tr>\n<tr data-start=\"2113\" data-end=\"2191\">\n<td data-start=\"2113\" data-end=\"2146\" data-col-size=\"sm\"><strong data-start=\"2115\" data-end=\"2135\">Altura extendida<\/strong><\/td>\n<td data-start=\"2146\" data-end=\"2191\" data-col-size=\"md\">5.3 m (17.4 ft)<\/td>\n<\/tr>\n<tr data-start=\"2192\" data-end=\"2270\">\n<td data-start=\"2192\" data-end=\"2225\" data-col-size=\"sm\"><strong data-start=\"2194\" data-end=\"2225\">Alcance m\u00e1ximo sin extender<\/strong><\/td>\n<td data-start=\"2225\" data-end=\"2270\" data-col-size=\"md\">4.2 m (13.8 ft)<\/td>\n<\/tr>\n<tr data-start=\"2271\" data-end=\"2349\">\n<td data-start=\"2271\" data-end=\"2304\" data-col-size=\"sm\"><strong data-start=\"2273\" data-end=\"2301\">Alcance m\u00e1ximo extendido<\/strong>*<\/td>\n<td data-start=\"2304\" data-end=\"2349\" data-col-size=\"md\">6 m (19.7 ft)<\/td>\n<\/tr>\n<tr data-start=\"2350\" data-end=\"2428\">\n<td data-start=\"2350\" data-end=\"2383\" data-col-size=\"sm\"><strong data-start=\"2352\" data-end=\"2373\">Volumen (ocupado)<\/strong><\/td>\n<td data-start=\"2383\" data-end=\"2428\" data-col-size=\"md\">0.21 m\u00b3<\/td>\n<\/tr>\n<tr data-start=\"2429\" data-end=\"2507\">\n<td data-start=\"2429\" data-end=\"2462\" data-col-size=\"sm\"><strong data-start=\"2431\" data-end=\"2439\">Peso<\/strong><\/td>\n<td data-start=\"2462\" data-end=\"2507\" data-col-size=\"md\">18 kg<\/td>\n<\/tr>\n<tr data-start=\"2508\" data-end=\"2586\">\n<td data-start=\"2508\" data-end=\"2541\" data-col-size=\"sm\"><strong data-start=\"2510\" data-end=\"2533\">Unidades por pallet<\/strong><\/td>\n<td data-col-size=\"md\" data-start=\"2541\" data-end=\"2586\">14<\/td>\n<\/tr>\n<tr data-start=\"2587\" data-end=\"2718\">\n<td data-start=\"2587\" data-end=\"2620\" data-col-size=\"sm\"><strong data-start=\"2589\" data-end=\"2599\">Origen<\/strong><\/td>\n<td data-start=\"2620\" data-end=\"2718\" data-col-size=\"md\">Fabricada en China bajo especificaciones de Grupo Truper<\/td>\n<\/tr>\n<\/tbody>\n<\/table>\n<\/div>\n<\/div>\n<p data-start=\"2720\" data-end=\"2788\">* Alturas estimadas considerando una persona de 1.68 m de estatura.<\/p>\n<p style=\"text-align: center;\" data-start=\"2720\" data-end=\"2788\">En\u00a0<strong data-start=\"82\" data-end=\"115\">Distribuidor Panel Rey M\u00e9xico<\/strong> encuentras calidad y confianza en productos <strong>Acero.<\/strong><br data-start=\"173\" data-end=\"176\" \/>\u2705 Env\u00edos a toda la Rep\u00fablica Mexicana. \u00a1Pregunta por nuestras promociones vigentes!<br data-start=\"259\" data-end=\"262\" data-is-only-node=\"\" \/>\u2705 Todos los precios incluyen IVA (sujetos a cambio sin previo aviso).<br data-start=\"331\" data-end=\"334\" \/>\u2705 Im\u00e1genes ilustrativas, el producto final puede presentar ligeras variaciones.<br data-start=\"413\" data-end=\"416\" \/>\ud83d\udcac \u00bfTienes dudas? Escr\u00edbenos por\u00a0<a href=\"https:\/\/www.facebook.com\/mexicopanelrey\">Facebook<\/a>\u00a0o\u00a0<a href=\"https:\/\/www.instagram.com\/panel_rey_mexico\/\">Instagram<\/a>.<br data-start=\"470\" data-end=\"473\" \/>\ud83d\udcde Tel:\u00a0<a href=\"tel:55 7397 6243\">55 7397 6243<\/a>\u00a0| WhatsApp:\u00a0<a href=\"https:\/\/api.whatsapp.com\/send?phone=525573976243\">5573976243<\/a><br data-start=\"518\" data-end=\"521\" \/>\ud83d\udce7\u00a0<a class=\"cursor-pointer\" href=\"mailto:ventas@distribuidorpanelrey.com\" rel=\"noopener\" data-start=\"524\" data-end=\"555\">ventas@distribuidorpanelrey.com<\/a><\/p>\n","protected":false},"excerpt":{"rendered":"<h4 style=\"text-align: center;\">Env\u00edos de 24 a 48 hr CDMX Y EDO MEX<\/h4>\n<p style=\"text-align: center;\">Rese\u00f1as\u00a0\u2605\u2605\u2605\u2605\u2605\u00a0 Env\u00edos Garantizados<\/p>\n<h4 style=\"text-align: center;\">\ud83d\udd25LOS MEJORES PRECIOS \ud83d\udd25<\/h4>\n","protected":false},"featured_media":5783,"comment_status":"closed","ping_status":"closed","template":"","meta":[],"product_brand":[562],"product_cat":[368],"product_tag":[1096,1097,1102,254,1101],"class_list":{"0":"post-5852","1":"product","2":"type-product","3":"status-publish","4":"has-post-thumbnail","6":"product_brand-truper","7":"product_cat-escaleras","8":"product_tag-20-peldanos","9":"product_tag-escalera-de-extension-tipo-ll","10":"product_tag-escalera-de-extension-tipo-ll-20-peldanos-fibra-de-vidrio","11":"product_tag-fibra-de-vidrio","12":"product_tag-tipo-ll","14":"first","15":"instock","16":"shipping-taxable","17":"purchasable","18":"product-type-simple"},"yoast_head":"<!-- This site is optimized with the Yoast SEO plugin v27.1.1 - https:\/\/yoast.com\/product\/yoast-seo-wordpress\/ -->\n<title>ESCALERA DE EXTENSION 20 PELDA\u00d1OS, FIBRA DE VIDRIO - PANEL REY MEXICO<\/title>\n<meta name=\"description\" content=\"Escalera de extensi\u00f3n Truper tipo II, 20 pelda\u00f1os en fibra de vidrio (ESE-220FV). Seguridad el\u00e9ctrica garantizada, doble seguro, polea, y rieles aislantes. Capacidad 175 kg.\" \/>\n<meta name=\"robots\" content=\"index, follow, max-snippet:-1, max-image-preview:large, max-video-preview:-1\" \/>\n<link rel=\"canonical\" href=\"https:\/\/distribuidorpanelrey.com.mx\/producto\/escalera-de-extension-20-peldanos-fibra-de-vidrio\/\" \/>\n<meta property=\"og:locale\" content=\"es_ES\" \/>\n<meta property=\"og:type\" content=\"article\" \/>\n<meta property=\"og:title\" content=\"ESCALERA DE EXTENSION 20 PELDA\u00d1OS, FIBRA DE VIDRIO - PANEL REY MEXICO\" \/>\n<meta property=\"og:description\" content=\"Escalera de extensi\u00f3n Truper tipo II, 20 pelda\u00f1os en fibra de vidrio (ESE-220FV). Seguridad el\u00e9ctrica garantizada, doble seguro, polea, y rieles aislantes. Capacidad 175 kg.\" \/>\n<meta property=\"og:url\" content=\"https:\/\/distribuidorpanelrey.com.mx\/producto\/escalera-de-extension-20-peldanos-fibra-de-vidrio\/\" \/>\n<meta property=\"og:site_name\" content=\"PANEL REY MEXICO\" \/>\n<meta property=\"article:publisher\" content=\"https:\/\/www.facebook.com\/mexicopanelrey\/?locale=es_LA\" \/>\n<meta property=\"article:modified_time\" content=\"2025-08-18T04:24:20+00:00\" \/>\n<meta property=\"og:image\" content=\"https:\/\/distribuidorpanelrey.com.mx\/wp-content\/uploads\/2025\/08\/escalera-100228.webp\" \/>\n\t<meta property=\"og:image:width\" content=\"1800\" \/>\n\t<meta property=\"og:image:height\" content=\"1800\" \/>\n\t<meta property=\"og:image:type\" content=\"image\/webp\" \/>\n<meta name=\"twitter:card\" content=\"summary_large_image\" \/>\n<meta name=\"twitter:label1\" content=\"Tiempo de lectura\" \/>\n\t<meta name=\"twitter:data1\" content=\"2 minutos\" \/>\n<script type=\"application\/ld+json\" class=\"yoast-schema-graph\">{\"@context\":\"https:\/\/schema.org\",\"@graph\":[{\"@type\":\"WebPage\",\"@id\":\"https:\/\/distribuidorpanelrey.com.mx\/producto\/escalera-de-extension-20-peldanos-fibra-de-vidrio\/\",\"url\":\"https:\/\/distribuidorpanelrey.com.mx\/producto\/escalera-de-extension-20-peldanos-fibra-de-vidrio\/\",\"name\":\"ESCALERA DE EXTENSION 20 PELDA\u00d1OS, FIBRA DE VIDRIO - PANEL REY MEXICO\",\"isPartOf\":{\"@id\":\"https:\/\/distribuidorpanelrey.com\/#website\"},\"primaryImageOfPage\":{\"@id\":\"https:\/\/distribuidorpanelrey.com.mx\/producto\/escalera-de-extension-20-peldanos-fibra-de-vidrio\/#primaryimage\"},\"image\":{\"@id\":\"https:\/\/distribuidorpanelrey.com.mx\/producto\/escalera-de-extension-20-peldanos-fibra-de-vidrio\/#primaryimage\"},\"thumbnailUrl\":\"https:\/\/distribuidorpanelrey.com.mx\/wp-content\/uploads\/2025\/08\/escalera-100228.webp\",\"datePublished\":\"2025-08-17T21:17:16+00:00\",\"dateModified\":\"2025-08-18T04:24:20+00:00\",\"description\":\"Escalera de extensi\u00f3n Truper tipo II, 20 pelda\u00f1os en fibra de vidrio (ESE-220FV). Seguridad el\u00e9ctrica garantizada, doble seguro, polea, y rieles aislantes. Capacidad 175 kg.\",\"breadcrumb\":{\"@id\":\"https:\/\/distribuidorpanelrey.com.mx\/producto\/escalera-de-extension-20-peldanos-fibra-de-vidrio\/#breadcrumb\"},\"inLanguage\":\"es\",\"potentialAction\":[{\"@type\":\"ReadAction\",\"target\":[\"https:\/\/distribuidorpanelrey.com.mx\/producto\/escalera-de-extension-20-peldanos-fibra-de-vidrio\/\"]}]},{\"@type\":\"ImageObject\",\"inLanguage\":\"es\",\"@id\":\"https:\/\/distribuidorpanelrey.com.mx\/producto\/escalera-de-extension-20-peldanos-fibra-de-vidrio\/#primaryimage\",\"url\":\"https:\/\/distribuidorpanelrey.com.mx\/wp-content\/uploads\/2025\/08\/escalera-100228.webp\",\"contentUrl\":\"https:\/\/distribuidorpanelrey.com.mx\/wp-content\/uploads\/2025\/08\/escalera-100228.webp\",\"width\":1800,\"height\":1800},{\"@type\":\"BreadcrumbList\",\"@id\":\"https:\/\/distribuidorpanelrey.com.mx\/producto\/escalera-de-extension-20-peldanos-fibra-de-vidrio\/#breadcrumb\",\"itemListElement\":[{\"@type\":\"ListItem\",\"position\":1,\"name\":\"Portada\",\"item\":\"https:\/\/distribuidorpanelrey.com.mx\/\"},{\"@type\":\"ListItem\",\"position\":2,\"name\":\"Productos\",\"item\":\"https:\/\/distribuidorpanelrey.com\/tienda\/\"},{\"@type\":\"ListItem\",\"position\":3,\"name\":\"ESCALERA DE EXTENSION 20 PELDA\u00d1OS, FIBRA DE VIDRIO\"}]},{\"@type\":\"WebSite\",\"@id\":\"https:\/\/distribuidorpanelrey.com\/#website\",\"url\":\"https:\/\/distribuidorpanelrey.com\/\",\"name\":\"PANEL REY MEXICO\",\"description\":\"DISTRIBUIDOR PANEL REY\",\"publisher\":{\"@id\":\"https:\/\/distribuidorpanelrey.com\/#organization\"},\"alternateName\":\"DISTRIBUIDOR PANEL REY\",\"potentialAction\":[{\"@type\":\"SearchAction\",\"target\":{\"@type\":\"EntryPoint\",\"urlTemplate\":\"https:\/\/distribuidorpanelrey.com\/?s={search_term_string}\"},\"query-input\":{\"@type\":\"PropertyValueSpecification\",\"valueRequired\":true,\"valueName\":\"search_term_string\"}}],\"inLanguage\":\"es\"},{\"@type\":\"Organization\",\"@id\":\"https:\/\/distribuidorpanelrey.com\/#organization\",\"name\":\"PANEL REY MEXICO\",\"url\":\"https:\/\/distribuidorpanelrey.com\/\",\"logo\":{\"@type\":\"ImageObject\",\"inLanguage\":\"es\",\"@id\":\"https:\/\/distribuidorpanelrey.com\/#\/schema\/logo\/image\/\",\"url\":\"https:\/\/distribuidorpanelrey.com.mx\/wp-content\/uploads\/2023\/11\/panelrey.webp\",\"contentUrl\":\"https:\/\/distribuidorpanelrey.com.mx\/wp-content\/uploads\/2023\/11\/panelrey.webp\",\"width\":400,\"height\":150,\"caption\":\"PANEL REY MEXICO\"},\"image\":{\"@id\":\"https:\/\/distribuidorpanelrey.com\/#\/schema\/logo\/image\/\"},\"sameAs\":[\"https:\/\/www.facebook.com\/mexicopanelrey\/?locale=es_LA\",\"https:\/\/www.instagram.com\/panel_rey_mexico\/?hl=es\"]}]}<\/script>\n<!-- \/ Yoast SEO plugin. -->","yoast_head_json":{"title":"ESCALERA DE EXTENSION 20 PELDA\u00d1OS, FIBRA DE VIDRIO - PANEL REY MEXICO","description":"Escalera de extensi\u00f3n Truper tipo II, 20 pelda\u00f1os en fibra de vidrio (ESE-220FV). Seguridad el\u00e9ctrica garantizada, doble seguro, polea, y rieles aislantes. Capacidad 175 kg.","robots":{"index":"index","follow":"follow","max-snippet":"max-snippet:-1","max-image-preview":"max-image-preview:large","max-video-preview":"max-video-preview:-1"},"canonical":"https:\/\/distribuidorpanelrey.com.mx\/producto\/escalera-de-extension-20-peldanos-fibra-de-vidrio\/","og_locale":"es_ES","og_type":"article","og_title":"ESCALERA DE EXTENSION 20 PELDA\u00d1OS, FIBRA DE VIDRIO - PANEL REY MEXICO","og_description":"Escalera de extensi\u00f3n Truper tipo II, 20 pelda\u00f1os en fibra de vidrio (ESE-220FV). Seguridad el\u00e9ctrica garantizada, doble seguro, polea, y rieles aislantes. Capacidad 175 kg.","og_url":"https:\/\/distribuidorpanelrey.com.mx\/producto\/escalera-de-extension-20-peldanos-fibra-de-vidrio\/","og_site_name":"PANEL REY MEXICO","article_publisher":"https:\/\/www.facebook.com\/mexicopanelrey\/?locale=es_LA","article_modified_time":"2025-08-18T04:24:20+00:00","og_image":[{"width":1800,"height":1800,"url":"https:\/\/distribuidorpanelrey.com.mx\/wp-content\/uploads\/2025\/08\/escalera-100228.webp","type":"image\/webp"}],"twitter_card":"summary_large_image","twitter_misc":{"Tiempo de lectura":"2 minutos"},"schema":{"@context":"https:\/\/schema.org","@graph":[{"@type":"WebPage","@id":"https:\/\/distribuidorpanelrey.com.mx\/producto\/escalera-de-extension-20-peldanos-fibra-de-vidrio\/","url":"https:\/\/distribuidorpanelrey.com.mx\/producto\/escalera-de-extension-20-peldanos-fibra-de-vidrio\/","name":"ESCALERA DE EXTENSION 20 PELDA\u00d1OS, FIBRA DE VIDRIO - PANEL REY MEXICO","isPartOf":{"@id":"https:\/\/distribuidorpanelrey.com\/#website"},"primaryImageOfPage":{"@id":"https:\/\/distribuidorpanelrey.com.mx\/producto\/escalera-de-extension-20-peldanos-fibra-de-vidrio\/#primaryimage"},"image":{"@id":"https:\/\/distribuidorpanelrey.com.mx\/producto\/escalera-de-extension-20-peldanos-fibra-de-vidrio\/#primaryimage"},"thumbnailUrl":"https:\/\/distribuidorpanelrey.com.mx\/wp-content\/uploads\/2025\/08\/escalera-100228.webp","datePublished":"2025-08-17T21:17:16+00:00","dateModified":"2025-08-18T04:24:20+00:00","description":"Escalera de extensi\u00f3n Truper tipo II, 20 pelda\u00f1os en fibra de vidrio (ESE-220FV). Seguridad el\u00e9ctrica garantizada, doble seguro, polea, y rieles aislantes. Capacidad 175 kg.","breadcrumb":{"@id":"https:\/\/distribuidorpanelrey.com.mx\/producto\/escalera-de-extension-20-peldanos-fibra-de-vidrio\/#breadcrumb"},"inLanguage":"es","potentialAction":[{"@type":"ReadAction","target":["https:\/\/distribuidorpanelrey.com.mx\/producto\/escalera-de-extension-20-peldanos-fibra-de-vidrio\/"]}]},{"@type":"ImageObject","inLanguage":"es","@id":"https:\/\/distribuidorpanelrey.com.mx\/producto\/escalera-de-extension-20-peldanos-fibra-de-vidrio\/#primaryimage","url":"https:\/\/distribuidorpanelrey.com.mx\/wp-content\/uploads\/2025\/08\/escalera-100228.webp","contentUrl":"https:\/\/distribuidorpanelrey.com.mx\/wp-content\/uploads\/2025\/08\/escalera-100228.webp","width":1800,"height":1800},{"@type":"BreadcrumbList","@id":"https:\/\/distribuidorpanelrey.com.mx\/producto\/escalera-de-extension-20-peldanos-fibra-de-vidrio\/#breadcrumb","itemListElement":[{"@type":"ListItem","position":1,"name":"Portada","item":"https:\/\/distribuidorpanelrey.com.mx\/"},{"@type":"ListItem","position":2,"name":"Productos","item":"https:\/\/distribuidorpanelrey.com\/tienda\/"},{"@type":"ListItem","position":3,"name":"ESCALERA DE EXTENSION 20 PELDA\u00d1OS, FIBRA DE VIDRIO"}]},{"@type":"WebSite","@id":"https:\/\/distribuidorpanelrey.com\/#website","url":"https:\/\/distribuidorpanelrey.com\/","name":"PANEL REY MEXICO","description":"DISTRIBUIDOR PANEL REY","publisher":{"@id":"https:\/\/distribuidorpanelrey.com\/#organization"},"alternateName":"DISTRIBUIDOR PANEL REY","potentialAction":[{"@type":"SearchAction","target":{"@type":"EntryPoint","urlTemplate":"https:\/\/distribuidorpanelrey.com\/?s={search_term_string}"},"query-input":{"@type":"PropertyValueSpecification","valueRequired":true,"valueName":"search_term_string"}}],"inLanguage":"es"},{"@type":"Organization","@id":"https:\/\/distribuidorpanelrey.com\/#organization","name":"PANEL REY MEXICO","url":"https:\/\/distribuidorpanelrey.com\/","logo":{"@type":"ImageObject","inLanguage":"es","@id":"https:\/\/distribuidorpanelrey.com\/#\/schema\/logo\/image\/","url":"https:\/\/distribuidorpanelrey.com.mx\/wp-content\/uploads\/2023\/11\/panelrey.webp","contentUrl":"https:\/\/distribuidorpanelrey.com.mx\/wp-content\/uploads\/2023\/11\/panelrey.webp","width":400,"height":150,"caption":"PANEL REY MEXICO"},"image":{"@id":"https:\/\/distribuidorpanelrey.com\/#\/schema\/logo\/image\/"},"sameAs":["https:\/\/www.facebook.com\/mexicopanelrey\/?locale=es_LA","https:\/\/www.instagram.com\/panel_rey_mexico\/?hl=es"]}]}},"_links":{"self":[{"href":"https:\/\/distribuidorpanelrey.com.mx\/wp-json\/wp\/v2\/product\/5852","targetHints":{"allow":["GET"]}}],"collection":[{"href":"https:\/\/distribuidorpanelrey.com.mx\/wp-json\/wp\/v2\/product"}],"about":[{"href":"https:\/\/distribuidorpanelrey.com.mx\/wp-json\/wp\/v2\/types\/product"}],"replies":[{"embeddable":true,"href":"https:\/\/distribuidorpanelrey.com.mx\/wp-json\/wp\/v2\/comments?post=5852"}],"version-history":[{"count":1,"href":"https:\/\/distribuidorpanelrey.com.mx\/wp-json\/wp\/v2\/product\/5852\/revisions"}],"predecessor-version":[{"id":5853,"href":"https:\/\/distribuidorpanelrey.com.mx\/wp-json\/wp\/v2\/product\/5852\/revisions\/5853"}],"wp:featuredmedia":[{"embeddable":true,"href":"https:\/\/distribuidorpanelrey.com.mx\/wp-json\/wp\/v2\/media\/5783"}],"wp:attachment":[{"href":"https:\/\/distribuidorpanelrey.com.mx\/wp-json\/wp\/v2\/media?parent=5852"}],"wp:term":[{"taxonomy":"product_brand","embeddable":true,"href":"https:\/\/distribuidorpanelrey.com.mx\/wp-json\/wp\/v2\/product_brand?post=5852"},{"taxonomy":"product_cat","embeddable":true,"href":"https:\/\/distribuidorpanelrey.com.mx\/wp-json\/wp\/v2\/product_cat?post=5852"},{"taxonomy":"product_tag","embeddable":true,"href":"https:\/\/distribuidorpanelrey.com.mx\/wp-json\/wp\/v2\/product_tag?post=5852"}],"curies":[{"name":"wp","href":"https:\/\/api.w.org\/{rel}","templated":true}]}}