{"id":5884,"date":"2025-08-17T22:21:43","date_gmt":"2025-08-17T22:21:43","guid":{"rendered":"https:\/\/distribuidorpanelrey.com.mx\/?post_type=product&#038;p=5884"},"modified":"2025-08-18T04:20:02","modified_gmt":"2025-08-18T04:20:02","slug":"jalador-con-base-de-lamina-de-40cm","status":"publish","type":"product","link":"https:\/\/distribuidorpanelrey.com.mx\/producto\/jalador-con-base-de-lamina-de-40cm\/","title":{"rendered":"JALADOR CON BASE DE LAMINA DE 40cm"},"content":{"rendered":"<h3 data-start=\"172\" data-end=\"255\">\ud83e\uddf9 Jalador de L\u00e1mina Reforzada de 40 cm \u2013 Truper (C\u00f3digo 57018, Clave JALI-40A)<\/h3>\n<p data-start=\"257\" data-end=\"716\">Jalador Truper con base de l\u00e1mina de <strong data-start=\"319\" data-end=\"328\">40 cm<\/strong>, ideal para eliminar exceso de agua en pisos. Fabricado en <strong data-start=\"388\" data-end=\"411\">l\u00e1mina y hule suave<\/strong> que no raya las superficies. Incluye un <strong data-start=\"452\" data-end=\"482\">bast\u00f3n de madera de 120 cm<\/strong>. Se surte en dos piezas por separado (bast\u00f3n y jalador). Fabricado en M\u00e9xico bajo las estrictas especificaciones del Grupo Truper.<\/p>\n<hr data-start=\"718\" data-end=\"721\" \/>\n<h3 data-start=\"723\" data-end=\"757\">\ud83d\udd27 Caracter\u00edsticas principales<\/h3>\n<ul data-start=\"759\" data-end=\"1111\">\n<li data-start=\"759\" data-end=\"819\">\n<p data-start=\"761\" data-end=\"819\"><strong data-start=\"761\" data-end=\"786\">Material del jalador:<\/strong> Base de l\u00e1mina con hule suave.<\/p>\n<\/li>\n<li data-start=\"820\" data-end=\"877\">\n<p data-start=\"822\" data-end=\"877\"><strong data-start=\"822\" data-end=\"846\">Material del bast\u00f3n:<\/strong> Madera de 120 cm (incluido).<\/p>\n<\/li>\n<li data-start=\"878\" data-end=\"942\">\n<p data-start=\"880\" data-end=\"942\"><strong data-start=\"880\" data-end=\"900\">Uso recomendado:<\/strong> Eliminaci\u00f3n de exceso de agua en pisos.<\/p>\n<\/li>\n<li data-start=\"943\" data-end=\"1111\">\n<p data-start=\"945\" data-end=\"1111\"><strong data-start=\"945\" data-end=\"961\">Fabricaci\u00f3n:<\/strong> M\u00e9xico bajo especificaciones del Grupo Truper.<\/p>\n<\/li>\n<\/ul>\n<hr data-start=\"1113\" data-end=\"1116\" \/>\n<h3 data-start=\"1118\" data-end=\"1150\">\ud83d\udcca Especificaciones t\u00e9cnicas<\/h3>\n<div class=\"_tableContainer_1rjym_1\">\n<div class=\"_tableWrapper_1rjym_13 group flex w-fit flex-col-reverse\" tabindex=\"-1\">\n<table class=\"w-fit min-w-(--thread-content-width)\" data-start=\"1152\" data-end=\"1900\">\n<thead data-start=\"1152\" data-end=\"1213\">\n<tr data-start=\"1152\" data-end=\"1213\">\n<th data-start=\"1152\" data-end=\"1179\" data-col-size=\"sm\">Especificaci\u00f3n<\/th>\n<th data-start=\"1179\" data-end=\"1213\" data-col-size=\"md\">Detalle<\/th>\n<\/tr>\n<\/thead>\n<tbody data-start=\"1276\" data-end=\"1900\">\n<tr data-start=\"1276\" data-end=\"1341\">\n<td data-start=\"1276\" data-end=\"1306\" data-col-size=\"sm\"><strong data-start=\"1278\" data-end=\"1305\">Dimensiones del jalador<\/strong><\/td>\n<td data-start=\"1306\" data-end=\"1341\" data-col-size=\"md\">40 cm x 9 mm x 4 cm<\/td>\n<\/tr>\n<tr data-start=\"1342\" data-end=\"1403\">\n<td data-start=\"1342\" data-end=\"1369\" data-col-size=\"sm\"><strong data-start=\"1344\" data-end=\"1364\">Largo del bast\u00f3n<\/strong><\/td>\n<td data-start=\"1369\" data-end=\"1403\" data-col-size=\"md\">120 cm<\/td>\n<\/tr>\n<tr data-start=\"1404\" data-end=\"1472\">\n<td data-start=\"1404\" data-end=\"1431\" data-col-size=\"sm\"><strong data-start=\"1406\" data-end=\"1428\">Empaque individual<\/strong><\/td>\n<td data-start=\"1431\" data-end=\"1472\" data-col-size=\"md\">Bolsa (trapeador) y etiqueta (bast\u00f3n)<\/td>\n<\/tr>\n<tr data-start=\"1473\" data-end=\"1534\">\n<td data-start=\"1473\" data-end=\"1500\" data-col-size=\"sm\"><strong data-start=\"1475\" data-end=\"1484\">Inner<\/strong><\/td>\n<td data-start=\"1500\" data-end=\"1534\" data-col-size=\"md\">12 unidades<\/td>\n<\/tr>\n<tr data-start=\"1535\" data-end=\"1596\">\n<td data-start=\"1535\" data-end=\"1562\" data-col-size=\"sm\"><strong data-start=\"1537\" data-end=\"1547\">Master<\/strong><\/td>\n<td data-start=\"1562\" data-end=\"1596\" data-col-size=\"md\">48 unidades<\/td>\n<\/tr>\n<tr data-start=\"1597\" data-end=\"1658\">\n<td data-start=\"1597\" data-end=\"1624\" data-col-size=\"sm\"><strong data-start=\"1599\" data-end=\"1609\">Pallet<\/strong><\/td>\n<td data-start=\"1624\" data-end=\"1658\" data-col-size=\"md\">480 unidades<\/td>\n<\/tr>\n<tr data-start=\"1659\" data-end=\"1735\">\n<td data-start=\"1659\" data-end=\"1686\" data-col-size=\"sm\"><strong data-start=\"1661\" data-end=\"1673\">Garant\u00eda<\/strong><\/td>\n<td data-start=\"1686\" data-end=\"1735\" data-col-size=\"md\">Contra defectos de fabricaci\u00f3n o mano de obra<\/td>\n<\/tr>\n<tr data-start=\"1736\" data-end=\"1799\">\n<td data-start=\"1736\" data-end=\"1763\" data-col-size=\"sm\"><strong data-start=\"1738\" data-end=\"1756\">Pa\u00eds de origen<\/strong><\/td>\n<td data-start=\"1763\" data-end=\"1799\" data-col-size=\"md\">M\u00e9xico<\/td>\n<\/tr>\n<\/tbody>\n<\/table>\n<p style=\"text-align: center;\">En\u00a0<strong data-start=\"82\" data-end=\"115\">Distribuidor Panel Rey M\u00e9xico<\/strong> encuentras calidad y confianza en productos <strong>Acero.<\/strong><br data-start=\"173\" data-end=\"176\" \/>\u2705 Env\u00edos a toda la Rep\u00fablica Mexicana. \u00a1Pregunta por nuestras promociones vigentes!<br data-start=\"259\" data-end=\"262\" data-is-only-node=\"\" \/>\u2705 Todos los precios incluyen IVA (sujetos a cambio sin previo aviso).<br data-start=\"331\" data-end=\"334\" \/>\u2705 Im\u00e1genes ilustrativas, el producto final puede presentar ligeras variaciones.<br data-start=\"413\" data-end=\"416\" \/>\ud83d\udcac \u00bfTienes dudas? Escr\u00edbenos por\u00a0<a href=\"https:\/\/www.facebook.com\/mexicopanelrey\">Facebook<\/a>\u00a0o\u00a0<a href=\"https:\/\/www.instagram.com\/panel_rey_mexico\/\">Instagram<\/a>.<br data-start=\"470\" data-end=\"473\" \/>\ud83d\udcde Tel:\u00a0<a href=\"tel:55 7397 6243\">55 7397 6243<\/a>\u00a0| WhatsApp:\u00a0<a href=\"https:\/\/api.whatsapp.com\/send?phone=525573976243\">5573976243<\/a><br data-start=\"518\" data-end=\"521\" \/>\ud83d\udce7\u00a0<a class=\"cursor-pointer\" href=\"mailto:ventas@distribuidorpanelrey.com\" rel=\"noopener\" data-start=\"524\" data-end=\"555\">ventas@distribuidorpanelrey.com<\/a><\/p>\n<\/div>\n<\/div>\n","protected":false},"excerpt":{"rendered":"<h4 style=\"text-align: center;\">Env\u00edos de 24 a 48 hr CDMX Y EDO MEX<\/h4>\n<p style=\"text-align: center;\">Rese\u00f1as\u00a0\u2605\u2605\u2605\u2605\u2605\u00a0 Env\u00edos Garantizados<\/p>\n<h4 style=\"text-align: center;\">\ud83d\udd25LOS MEJORES PRECIOS \ud83d\udd25<\/h4>\n","protected":false},"featured_media":5872,"comment_status":"closed","ping_status":"closed","template":"","meta":[],"product_brand":[1115],"product_cat":[1114],"product_tag":[],"class_list":{"0":"post-5884","1":"product","2":"type-product","3":"status-publish","4":"has-post-thumbnail","6":"product_brand-klintek","7":"product_cat-limpieza","9":"first","10":"instock","11":"shipping-taxable","12":"purchasable","13":"product-type-simple"},"yoast_head":"<!-- This site is optimized with the Yoast SEO plugin v27.1.1 - https:\/\/yoast.com\/product\/yoast-seo-wordpress\/ -->\n<title>JALADOR CON BASE DE LAMINA DE 40cm - PANEL REY MEXICO<\/title>\n<meta name=\"description\" content=\"Jalador Truper JALI-40A de 40 cm con base de l\u00e1mina y hule suave, bast\u00f3n de madera de 120 cm. Ideal para eliminar exceso de agua en pisos. C\u00f3digo 57018.\" \/>\n<meta name=\"robots\" content=\"index, follow, max-snippet:-1, max-image-preview:large, max-video-preview:-1\" \/>\n<link rel=\"canonical\" href=\"https:\/\/distribuidorpanelrey.com.mx\/producto\/jalador-con-base-de-lamina-de-40cm\/\" \/>\n<meta property=\"og:locale\" content=\"es_ES\" \/>\n<meta property=\"og:type\" content=\"article\" \/>\n<meta property=\"og:title\" content=\"JALADOR CON BASE DE LAMINA DE 40cm - PANEL REY MEXICO\" \/>\n<meta property=\"og:description\" content=\"Jalador Truper JALI-40A de 40 cm con base de l\u00e1mina y hule suave, bast\u00f3n de madera de 120 cm. Ideal para eliminar exceso de agua en pisos. C\u00f3digo 57018.\" \/>\n<meta property=\"og:url\" content=\"https:\/\/distribuidorpanelrey.com.mx\/producto\/jalador-con-base-de-lamina-de-40cm\/\" \/>\n<meta property=\"og:site_name\" content=\"PANEL REY MEXICO\" \/>\n<meta property=\"article:publisher\" content=\"https:\/\/www.facebook.com\/mexicopanelrey\/?locale=es_LA\" \/>\n<meta property=\"article:modified_time\" content=\"2025-08-18T04:20:02+00:00\" \/>\n<meta property=\"og:image\" content=\"https:\/\/distribuidorpanelrey.com.mx\/wp-content\/uploads\/2025\/08\/57018.webp\" \/>\n\t<meta property=\"og:image:width\" content=\"1800\" \/>\n\t<meta property=\"og:image:height\" content=\"1800\" \/>\n\t<meta property=\"og:image:type\" content=\"image\/webp\" \/>\n<meta name=\"twitter:card\" content=\"summary_large_image\" \/>\n<meta name=\"twitter:label1\" content=\"Tiempo de lectura\" \/>\n\t<meta name=\"twitter:data1\" content=\"2 minutos\" \/>\n<script type=\"application\/ld+json\" class=\"yoast-schema-graph\">{\"@context\":\"https:\/\/schema.org\",\"@graph\":[{\"@type\":\"WebPage\",\"@id\":\"https:\/\/distribuidorpanelrey.com.mx\/producto\/jalador-con-base-de-lamina-de-40cm\/\",\"url\":\"https:\/\/distribuidorpanelrey.com.mx\/producto\/jalador-con-base-de-lamina-de-40cm\/\",\"name\":\"JALADOR CON BASE DE LAMINA DE 40cm - PANEL REY MEXICO\",\"isPartOf\":{\"@id\":\"https:\/\/distribuidorpanelrey.com\/#website\"},\"primaryImageOfPage\":{\"@id\":\"https:\/\/distribuidorpanelrey.com.mx\/producto\/jalador-con-base-de-lamina-de-40cm\/#primaryimage\"},\"image\":{\"@id\":\"https:\/\/distribuidorpanelrey.com.mx\/producto\/jalador-con-base-de-lamina-de-40cm\/#primaryimage\"},\"thumbnailUrl\":\"https:\/\/distribuidorpanelrey.com.mx\/wp-content\/uploads\/2025\/08\/57018.webp\",\"datePublished\":\"2025-08-17T22:21:43+00:00\",\"dateModified\":\"2025-08-18T04:20:02+00:00\",\"description\":\"Jalador Truper JALI-40A de 40 cm con base de l\u00e1mina y hule suave, bast\u00f3n de madera de 120 cm. Ideal para eliminar exceso de agua en pisos. C\u00f3digo 57018.\",\"breadcrumb\":{\"@id\":\"https:\/\/distribuidorpanelrey.com.mx\/producto\/jalador-con-base-de-lamina-de-40cm\/#breadcrumb\"},\"inLanguage\":\"es\",\"potentialAction\":[{\"@type\":\"ReadAction\",\"target\":[\"https:\/\/distribuidorpanelrey.com.mx\/producto\/jalador-con-base-de-lamina-de-40cm\/\"]}]},{\"@type\":\"ImageObject\",\"inLanguage\":\"es\",\"@id\":\"https:\/\/distribuidorpanelrey.com.mx\/producto\/jalador-con-base-de-lamina-de-40cm\/#primaryimage\",\"url\":\"https:\/\/distribuidorpanelrey.com.mx\/wp-content\/uploads\/2025\/08\/57018.webp\",\"contentUrl\":\"https:\/\/distribuidorpanelrey.com.mx\/wp-content\/uploads\/2025\/08\/57018.webp\",\"width\":1800,\"height\":1800},{\"@type\":\"BreadcrumbList\",\"@id\":\"https:\/\/distribuidorpanelrey.com.mx\/producto\/jalador-con-base-de-lamina-de-40cm\/#breadcrumb\",\"itemListElement\":[{\"@type\":\"ListItem\",\"position\":1,\"name\":\"Portada\",\"item\":\"https:\/\/distribuidorpanelrey.com.mx\/\"},{\"@type\":\"ListItem\",\"position\":2,\"name\":\"Productos\",\"item\":\"https:\/\/distribuidorpanelrey.com\/tienda\/\"},{\"@type\":\"ListItem\",\"position\":3,\"name\":\"JALADOR CON BASE DE LAMINA DE 40cm\"}]},{\"@type\":\"WebSite\",\"@id\":\"https:\/\/distribuidorpanelrey.com\/#website\",\"url\":\"https:\/\/distribuidorpanelrey.com\/\",\"name\":\"PANEL REY MEXICO\",\"description\":\"DISTRIBUIDOR PANEL REY\",\"publisher\":{\"@id\":\"https:\/\/distribuidorpanelrey.com\/#organization\"},\"alternateName\":\"DISTRIBUIDOR PANEL REY\",\"potentialAction\":[{\"@type\":\"SearchAction\",\"target\":{\"@type\":\"EntryPoint\",\"urlTemplate\":\"https:\/\/distribuidorpanelrey.com\/?s={search_term_string}\"},\"query-input\":{\"@type\":\"PropertyValueSpecification\",\"valueRequired\":true,\"valueName\":\"search_term_string\"}}],\"inLanguage\":\"es\"},{\"@type\":\"Organization\",\"@id\":\"https:\/\/distribuidorpanelrey.com\/#organization\",\"name\":\"PANEL REY MEXICO\",\"url\":\"https:\/\/distribuidorpanelrey.com\/\",\"logo\":{\"@type\":\"ImageObject\",\"inLanguage\":\"es\",\"@id\":\"https:\/\/distribuidorpanelrey.com\/#\/schema\/logo\/image\/\",\"url\":\"https:\/\/distribuidorpanelrey.com.mx\/wp-content\/uploads\/2023\/11\/panelrey.webp\",\"contentUrl\":\"https:\/\/distribuidorpanelrey.com.mx\/wp-content\/uploads\/2023\/11\/panelrey.webp\",\"width\":400,\"height\":150,\"caption\":\"PANEL REY MEXICO\"},\"image\":{\"@id\":\"https:\/\/distribuidorpanelrey.com\/#\/schema\/logo\/image\/\"},\"sameAs\":[\"https:\/\/www.facebook.com\/mexicopanelrey\/?locale=es_LA\",\"https:\/\/www.instagram.com\/panel_rey_mexico\/?hl=es\"]}]}<\/script>\n<!-- \/ Yoast SEO plugin. -->","yoast_head_json":{"title":"JALADOR CON BASE DE LAMINA DE 40cm - PANEL REY MEXICO","description":"Jalador Truper JALI-40A de 40 cm con base de l\u00e1mina y hule suave, bast\u00f3n de madera de 120 cm. Ideal para eliminar exceso de agua en pisos. C\u00f3digo 57018.","robots":{"index":"index","follow":"follow","max-snippet":"max-snippet:-1","max-image-preview":"max-image-preview:large","max-video-preview":"max-video-preview:-1"},"canonical":"https:\/\/distribuidorpanelrey.com.mx\/producto\/jalador-con-base-de-lamina-de-40cm\/","og_locale":"es_ES","og_type":"article","og_title":"JALADOR CON BASE DE LAMINA DE 40cm - PANEL REY MEXICO","og_description":"Jalador Truper JALI-40A de 40 cm con base de l\u00e1mina y hule suave, bast\u00f3n de madera de 120 cm. Ideal para eliminar exceso de agua en pisos. C\u00f3digo 57018.","og_url":"https:\/\/distribuidorpanelrey.com.mx\/producto\/jalador-con-base-de-lamina-de-40cm\/","og_site_name":"PANEL REY MEXICO","article_publisher":"https:\/\/www.facebook.com\/mexicopanelrey\/?locale=es_LA","article_modified_time":"2025-08-18T04:20:02+00:00","og_image":[{"width":1800,"height":1800,"url":"https:\/\/distribuidorpanelrey.com.mx\/wp-content\/uploads\/2025\/08\/57018.webp","type":"image\/webp"}],"twitter_card":"summary_large_image","twitter_misc":{"Tiempo de lectura":"2 minutos"},"schema":{"@context":"https:\/\/schema.org","@graph":[{"@type":"WebPage","@id":"https:\/\/distribuidorpanelrey.com.mx\/producto\/jalador-con-base-de-lamina-de-40cm\/","url":"https:\/\/distribuidorpanelrey.com.mx\/producto\/jalador-con-base-de-lamina-de-40cm\/","name":"JALADOR CON BASE DE LAMINA DE 40cm - PANEL REY MEXICO","isPartOf":{"@id":"https:\/\/distribuidorpanelrey.com\/#website"},"primaryImageOfPage":{"@id":"https:\/\/distribuidorpanelrey.com.mx\/producto\/jalador-con-base-de-lamina-de-40cm\/#primaryimage"},"image":{"@id":"https:\/\/distribuidorpanelrey.com.mx\/producto\/jalador-con-base-de-lamina-de-40cm\/#primaryimage"},"thumbnailUrl":"https:\/\/distribuidorpanelrey.com.mx\/wp-content\/uploads\/2025\/08\/57018.webp","datePublished":"2025-08-17T22:21:43+00:00","dateModified":"2025-08-18T04:20:02+00:00","description":"Jalador Truper JALI-40A de 40 cm con base de l\u00e1mina y hule suave, bast\u00f3n de madera de 120 cm. Ideal para eliminar exceso de agua en pisos. C\u00f3digo 57018.","breadcrumb":{"@id":"https:\/\/distribuidorpanelrey.com.mx\/producto\/jalador-con-base-de-lamina-de-40cm\/#breadcrumb"},"inLanguage":"es","potentialAction":[{"@type":"ReadAction","target":["https:\/\/distribuidorpanelrey.com.mx\/producto\/jalador-con-base-de-lamina-de-40cm\/"]}]},{"@type":"ImageObject","inLanguage":"es","@id":"https:\/\/distribuidorpanelrey.com.mx\/producto\/jalador-con-base-de-lamina-de-40cm\/#primaryimage","url":"https:\/\/distribuidorpanelrey.com.mx\/wp-content\/uploads\/2025\/08\/57018.webp","contentUrl":"https:\/\/distribuidorpanelrey.com.mx\/wp-content\/uploads\/2025\/08\/57018.webp","width":1800,"height":1800},{"@type":"BreadcrumbList","@id":"https:\/\/distribuidorpanelrey.com.mx\/producto\/jalador-con-base-de-lamina-de-40cm\/#breadcrumb","itemListElement":[{"@type":"ListItem","position":1,"name":"Portada","item":"https:\/\/distribuidorpanelrey.com.mx\/"},{"@type":"ListItem","position":2,"name":"Productos","item":"https:\/\/distribuidorpanelrey.com\/tienda\/"},{"@type":"ListItem","position":3,"name":"JALADOR CON BASE DE LAMINA DE 40cm"}]},{"@type":"WebSite","@id":"https:\/\/distribuidorpanelrey.com\/#website","url":"https:\/\/distribuidorpanelrey.com\/","name":"PANEL REY MEXICO","description":"DISTRIBUIDOR PANEL REY","publisher":{"@id":"https:\/\/distribuidorpanelrey.com\/#organization"},"alternateName":"DISTRIBUIDOR PANEL REY","potentialAction":[{"@type":"SearchAction","target":{"@type":"EntryPoint","urlTemplate":"https:\/\/distribuidorpanelrey.com\/?s={search_term_string}"},"query-input":{"@type":"PropertyValueSpecification","valueRequired":true,"valueName":"search_term_string"}}],"inLanguage":"es"},{"@type":"Organization","@id":"https:\/\/distribuidorpanelrey.com\/#organization","name":"PANEL REY MEXICO","url":"https:\/\/distribuidorpanelrey.com\/","logo":{"@type":"ImageObject","inLanguage":"es","@id":"https:\/\/distribuidorpanelrey.com\/#\/schema\/logo\/image\/","url":"https:\/\/distribuidorpanelrey.com.mx\/wp-content\/uploads\/2023\/11\/panelrey.webp","contentUrl":"https:\/\/distribuidorpanelrey.com.mx\/wp-content\/uploads\/2023\/11\/panelrey.webp","width":400,"height":150,"caption":"PANEL REY MEXICO"},"image":{"@id":"https:\/\/distribuidorpanelrey.com\/#\/schema\/logo\/image\/"},"sameAs":["https:\/\/www.facebook.com\/mexicopanelrey\/?locale=es_LA","https:\/\/www.instagram.com\/panel_rey_mexico\/?hl=es"]}]}},"_links":{"self":[{"href":"https:\/\/distribuidorpanelrey.com.mx\/wp-json\/wp\/v2\/product\/5884","targetHints":{"allow":["GET"]}}],"collection":[{"href":"https:\/\/distribuidorpanelrey.com.mx\/wp-json\/wp\/v2\/product"}],"about":[{"href":"https:\/\/distribuidorpanelrey.com.mx\/wp-json\/wp\/v2\/types\/product"}],"replies":[{"embeddable":true,"href":"https:\/\/distribuidorpanelrey.com.mx\/wp-json\/wp\/v2\/comments?post=5884"}],"version-history":[{"count":1,"href":"https:\/\/distribuidorpanelrey.com.mx\/wp-json\/wp\/v2\/product\/5884\/revisions"}],"predecessor-version":[{"id":5885,"href":"https:\/\/distribuidorpanelrey.com.mx\/wp-json\/wp\/v2\/product\/5884\/revisions\/5885"}],"wp:featuredmedia":[{"embeddable":true,"href":"https:\/\/distribuidorpanelrey.com.mx\/wp-json\/wp\/v2\/media\/5872"}],"wp:attachment":[{"href":"https:\/\/distribuidorpanelrey.com.mx\/wp-json\/wp\/v2\/media?parent=5884"}],"wp:term":[{"taxonomy":"product_brand","embeddable":true,"href":"https:\/\/distribuidorpanelrey.com.mx\/wp-json\/wp\/v2\/product_brand?post=5884"},{"taxonomy":"product_cat","embeddable":true,"href":"https:\/\/distribuidorpanelrey.com.mx\/wp-json\/wp\/v2\/product_cat?post=5884"},{"taxonomy":"product_tag","embeddable":true,"href":"https:\/\/distribuidorpanelrey.com.mx\/wp-json\/wp\/v2\/product_tag?post=5884"}],"curies":[{"name":"wp","href":"https:\/\/api.w.org\/{rel}","templated":true}]}}