{"id":5896,"date":"2025-08-17T22:51:54","date_gmt":"2025-08-17T22:51:54","guid":{"rendered":"https:\/\/distribuidorpanelrey.com.mx\/?post_type=product&#038;p=5896"},"modified":"2025-08-18T04:20:02","modified_gmt":"2025-08-18T04:20:02","slug":"bolsa-de-1kg-de-estopa-extra-fina","status":"publish","type":"product","link":"https:\/\/distribuidorpanelrey.com.mx\/producto\/bolsa-de-1kg-de-estopa-extra-fina\/","title":{"rendered":"BOLSA DE 1kg DE ESTOPA EXTRA FINA"},"content":{"rendered":"<h3 data-start=\"160\" data-end=\"231\">\ud83e\uddfd Estopa Extra Fina de 1 kg \u2013 Truper (C\u00f3digo 57000, Clave ESTO-1B)<\/h3>\n<p data-start=\"233\" data-end=\"567\">Estopa Truper de <strong data-start=\"275\" data-end=\"283\">1 kg<\/strong>, fabricada en <strong data-start=\"298\" data-end=\"329\">80% algod\u00f3n y 20% poli\u00e9ster<\/strong>, ideal para trabajos de limpieza en carpinter\u00eda, automotriz, mec\u00e1nica y procesos industriales. Suave y f\u00e1cil de cortar. Disponible en color <strong data-start=\"470\" data-end=\"480\">blanco<\/strong>.<\/p>\n<hr data-start=\"569\" data-end=\"572\" \/>\n<h3 data-start=\"574\" data-end=\"608\">\ud83d\udd27 Caracter\u00edsticas principales<\/h3>\n<ul data-start=\"610\" data-end=\"985\">\n<li data-start=\"610\" data-end=\"659\">\n<p data-start=\"612\" data-end=\"659\"><strong data-start=\"612\" data-end=\"628\">Composici\u00f3n:<\/strong> 80% algod\u00f3n y 20% poli\u00e9ster.<\/p>\n<\/li>\n<li data-start=\"660\" data-end=\"682\">\n<p data-start=\"662\" data-end=\"682\"><strong data-start=\"662\" data-end=\"672\">Color:<\/strong> Blanco.<\/p>\n<\/li>\n<li data-start=\"683\" data-end=\"702\">\n<p data-start=\"685\" data-end=\"702\"><strong data-start=\"685\" data-end=\"694\">Peso:<\/strong> 1 kg.<\/p>\n<\/li>\n<li data-start=\"703\" data-end=\"737\">\n<p data-start=\"705\" data-end=\"737\"><strong data-start=\"705\" data-end=\"728\">Empaque individual:<\/strong> Bolsa.<\/p>\n<\/li>\n<li data-start=\"738\" data-end=\"833\">\n<p data-start=\"740\" data-end=\"833\"><strong data-start=\"740\" data-end=\"760\">Uso recomendado:<\/strong> Limpieza en carpinter\u00eda, automotriz, mec\u00e1nica y procesos industriales.<\/p>\n<\/li>\n<li data-start=\"834\" data-end=\"985\">\n<p data-start=\"836\" data-end=\"985\"><strong data-start=\"836\" data-end=\"852\">Fabricaci\u00f3n:<\/strong> M\u00e9xico bajo especificaciones del Grupo Truper<\/p>\n<\/li>\n<\/ul>\n<hr data-start=\"987\" data-end=\"990\" \/>\n<h3 data-start=\"992\" data-end=\"1024\">\ud83d\udcca Especificaciones t\u00e9cnicas<\/h3>\n<div class=\"_tableContainer_1rjym_1\">\n<div class=\"_tableWrapper_1rjym_13 group flex w-fit flex-col-reverse\" tabindex=\"-1\">\n<table class=\"w-fit min-w-(--thread-content-width)\" data-start=\"1026\" data-end=\"1793\">\n<thead data-start=\"1026\" data-end=\"1087\">\n<tr data-start=\"1026\" data-end=\"1087\">\n<th data-start=\"1026\" data-end=\"1053\" data-col-size=\"sm\">Especificaci\u00f3n<\/th>\n<th data-start=\"1053\" data-end=\"1087\" data-col-size=\"sm\">Detalle<\/th>\n<\/tr>\n<\/thead>\n<tbody data-start=\"1150\" data-end=\"1793\">\n<tr data-start=\"1150\" data-end=\"1211\">\n<td data-start=\"1150\" data-end=\"1177\" data-col-size=\"sm\"><strong data-start=\"1152\" data-end=\"1162\">C\u00f3digo<\/strong><\/td>\n<td data-col-size=\"sm\" data-start=\"1177\" data-end=\"1211\">57000<\/td>\n<\/tr>\n<tr data-start=\"1212\" data-end=\"1273\">\n<td data-start=\"1212\" data-end=\"1239\" data-col-size=\"sm\"><strong data-start=\"1214\" data-end=\"1223\">Clave<\/strong><\/td>\n<td data-start=\"1239\" data-end=\"1273\" data-col-size=\"sm\">ESTO-1B<\/td>\n<\/tr>\n<tr data-start=\"1274\" data-end=\"1335\">\n<td data-start=\"1274\" data-end=\"1301\" data-col-size=\"sm\"><strong data-start=\"1276\" data-end=\"1285\">Color<\/strong><\/td>\n<td data-start=\"1301\" data-end=\"1335\" data-col-size=\"sm\">Blanco<\/td>\n<\/tr>\n<tr data-start=\"1336\" data-end=\"1397\">\n<td data-start=\"1336\" data-end=\"1363\" data-col-size=\"sm\"><strong data-start=\"1338\" data-end=\"1346\">Peso<\/strong><\/td>\n<td data-start=\"1363\" data-end=\"1397\" data-col-size=\"sm\">1 kg<\/td>\n<\/tr>\n<tr data-start=\"1398\" data-end=\"1459\">\n<td data-start=\"1398\" data-end=\"1425\" data-col-size=\"sm\"><strong data-start=\"1400\" data-end=\"1422\">Empaque individual<\/strong><\/td>\n<td data-start=\"1425\" data-end=\"1459\" data-col-size=\"sm\">Bolsa<\/td>\n<\/tr>\n<tr data-start=\"1460\" data-end=\"1521\">\n<td data-start=\"1460\" data-end=\"1487\" data-col-size=\"sm\"><strong data-start=\"1462\" data-end=\"1471\">Inner<\/strong><\/td>\n<td data-start=\"1487\" data-end=\"1521\" data-col-size=\"sm\">10 unidades<\/td>\n<\/tr>\n<tr data-start=\"1522\" data-end=\"1583\">\n<td data-start=\"1522\" data-end=\"1549\" data-col-size=\"sm\"><strong data-start=\"1524\" data-end=\"1534\">Master<\/strong><\/td>\n<td data-start=\"1549\" data-end=\"1583\" data-col-size=\"sm\">25 unidades<\/td>\n<\/tr>\n<tr data-start=\"1584\" data-end=\"1645\">\n<td data-start=\"1584\" data-end=\"1611\" data-col-size=\"sm\"><strong data-start=\"1586\" data-end=\"1596\">Pallet<\/strong><\/td>\n<td data-start=\"1611\" data-end=\"1645\" data-col-size=\"sm\">160 unidades<\/td>\n<\/tr>\n<tr data-start=\"1646\" data-end=\"1709\">\n<td data-start=\"1646\" data-end=\"1673\" data-col-size=\"sm\"><strong data-start=\"1648\" data-end=\"1666\">Pa\u00eds de origen<\/strong><\/td>\n<td data-start=\"1673\" data-end=\"1709\" data-col-size=\"sm\">M\u00e9xico<\/td>\n<\/tr>\n<\/tbody>\n<\/table>\n<p style=\"text-align: center;\">En\u00a0<strong data-start=\"82\" data-end=\"115\">Distribuidor Panel Rey M\u00e9xico<\/strong> encuentras calidad y confianza en productos <strong>Acero.<\/strong><br data-start=\"173\" data-end=\"176\" \/>\u2705 Env\u00edos a toda la Rep\u00fablica Mexicana. \u00a1Pregunta por nuestras promociones vigentes!<br data-start=\"259\" data-end=\"262\" data-is-only-node=\"\" \/>\u2705 Todos los precios incluyen IVA (sujetos a cambio sin previo aviso).<br data-start=\"331\" data-end=\"334\" \/>\u2705 Im\u00e1genes ilustrativas, el producto final puede presentar ligeras variaciones.<br data-start=\"413\" data-end=\"416\" \/>\ud83d\udcac \u00bfTienes dudas? Escr\u00edbenos por\u00a0<a href=\"https:\/\/www.facebook.com\/mexicopanelrey\">Facebook<\/a>\u00a0o\u00a0<a href=\"https:\/\/www.instagram.com\/panel_rey_mexico\/\">Instagram<\/a>.<br data-start=\"470\" data-end=\"473\" \/>\ud83d\udcde Tel:\u00a0<a href=\"tel:55 7397 6243\">55 7397 6243<\/a>\u00a0| WhatsApp:\u00a0<a href=\"https:\/\/api.whatsapp.com\/send?phone=525573976243\">5573976243<\/a><br data-start=\"518\" data-end=\"521\" \/>\ud83d\udce7\u00a0<a class=\"cursor-pointer\" href=\"mailto:ventas@distribuidorpanelrey.com\" rel=\"noopener\" data-start=\"524\" data-end=\"555\">ventas@distribuidorpanelrey.com<\/a><\/p>\n<\/div>\n<\/div>\n","protected":false},"excerpt":{"rendered":"<h4 style=\"text-align: center;\">Env\u00edos de 24 a 48 hr CDMX Y EDO MEX<\/h4>\n<p style=\"text-align: center;\">Rese\u00f1as\u00a0\u2605\u2605\u2605\u2605\u2605\u00a0 Env\u00edos Garantizados<\/p>\n<h4 style=\"text-align: center;\">\ud83d\udd25LOS MEJORES PRECIOS \ud83d\udd25<\/h4>\n","protected":false},"featured_media":5891,"comment_status":"closed","ping_status":"closed","template":"","meta":[],"product_brand":[1115],"product_cat":[1114],"product_tag":[1130,1129,1131],"class_list":{"0":"post-5896","1":"product","2":"type-product","3":"status-publish","4":"has-post-thumbnail","6":"product_brand-klintek","7":"product_cat-limpieza","8":"product_tag-bolsa-de-1kg","9":"product_tag-bolsa-de-1kg-de-estopa-extra-fina","10":"product_tag-estopa-extra-fina","12":"first","13":"instock","14":"shipping-taxable","15":"purchasable","16":"product-type-simple"},"yoast_head":"<!-- This site is optimized with the Yoast SEO plugin v27.1.1 - https:\/\/yoast.com\/product\/yoast-seo-wordpress\/ -->\n<title>BOLSA DE 1kg DE ESTOPA EXTRA FINA - PANEL REY MEXICO<\/title>\n<meta name=\"description\" content=\"Estopa Truper ESTO-1B de 1 kg, fabricada en 80% algod\u00f3n y 20% poli\u00e9ster, color blanco. Ideal para limpieza en carpinter\u00eda, automotriz y procesos industriales. C\u00f3digo 57000.\" \/>\n<meta name=\"robots\" content=\"index, follow, max-snippet:-1, max-image-preview:large, max-video-preview:-1\" \/>\n<link rel=\"canonical\" href=\"https:\/\/distribuidorpanelrey.com.mx\/producto\/bolsa-de-1kg-de-estopa-extra-fina\/\" \/>\n<meta property=\"og:locale\" content=\"es_ES\" \/>\n<meta property=\"og:type\" content=\"article\" \/>\n<meta property=\"og:title\" content=\"BOLSA DE 1kg DE ESTOPA EXTRA FINA - PANEL REY MEXICO\" \/>\n<meta property=\"og:description\" content=\"Estopa Truper ESTO-1B de 1 kg, fabricada en 80% algod\u00f3n y 20% poli\u00e9ster, color blanco. Ideal para limpieza en carpinter\u00eda, automotriz y procesos industriales. C\u00f3digo 57000.\" \/>\n<meta property=\"og:url\" content=\"https:\/\/distribuidorpanelrey.com.mx\/producto\/bolsa-de-1kg-de-estopa-extra-fina\/\" \/>\n<meta property=\"og:site_name\" content=\"PANEL REY MEXICO\" \/>\n<meta property=\"article:publisher\" content=\"https:\/\/www.facebook.com\/mexicopanelrey\/?locale=es_LA\" \/>\n<meta property=\"article:modified_time\" content=\"2025-08-18T04:20:02+00:00\" \/>\n<meta property=\"og:image\" content=\"https:\/\/distribuidorpanelrey.com.mx\/wp-content\/uploads\/2025\/08\/57000.webp\" \/>\n\t<meta property=\"og:image:width\" content=\"1800\" \/>\n\t<meta property=\"og:image:height\" content=\"1800\" \/>\n\t<meta property=\"og:image:type\" content=\"image\/webp\" \/>\n<meta name=\"twitter:card\" content=\"summary_large_image\" \/>\n<meta name=\"twitter:label1\" content=\"Tiempo de lectura\" \/>\n\t<meta name=\"twitter:data1\" content=\"2 minutos\" \/>\n<script type=\"application\/ld+json\" class=\"yoast-schema-graph\">{\"@context\":\"https:\/\/schema.org\",\"@graph\":[{\"@type\":\"WebPage\",\"@id\":\"https:\/\/distribuidorpanelrey.com.mx\/producto\/bolsa-de-1kg-de-estopa-extra-fina\/\",\"url\":\"https:\/\/distribuidorpanelrey.com.mx\/producto\/bolsa-de-1kg-de-estopa-extra-fina\/\",\"name\":\"BOLSA DE 1kg DE ESTOPA EXTRA FINA - PANEL REY MEXICO\",\"isPartOf\":{\"@id\":\"https:\/\/distribuidorpanelrey.com\/#website\"},\"primaryImageOfPage\":{\"@id\":\"https:\/\/distribuidorpanelrey.com.mx\/producto\/bolsa-de-1kg-de-estopa-extra-fina\/#primaryimage\"},\"image\":{\"@id\":\"https:\/\/distribuidorpanelrey.com.mx\/producto\/bolsa-de-1kg-de-estopa-extra-fina\/#primaryimage\"},\"thumbnailUrl\":\"https:\/\/distribuidorpanelrey.com.mx\/wp-content\/uploads\/2025\/08\/57000.webp\",\"datePublished\":\"2025-08-17T22:51:54+00:00\",\"dateModified\":\"2025-08-18T04:20:02+00:00\",\"description\":\"Estopa Truper ESTO-1B de 1 kg, fabricada en 80% algod\u00f3n y 20% poli\u00e9ster, color blanco. Ideal para limpieza en carpinter\u00eda, automotriz y procesos industriales. C\u00f3digo 57000.\",\"breadcrumb\":{\"@id\":\"https:\/\/distribuidorpanelrey.com.mx\/producto\/bolsa-de-1kg-de-estopa-extra-fina\/#breadcrumb\"},\"inLanguage\":\"es\",\"potentialAction\":[{\"@type\":\"ReadAction\",\"target\":[\"https:\/\/distribuidorpanelrey.com.mx\/producto\/bolsa-de-1kg-de-estopa-extra-fina\/\"]}]},{\"@type\":\"ImageObject\",\"inLanguage\":\"es\",\"@id\":\"https:\/\/distribuidorpanelrey.com.mx\/producto\/bolsa-de-1kg-de-estopa-extra-fina\/#primaryimage\",\"url\":\"https:\/\/distribuidorpanelrey.com.mx\/wp-content\/uploads\/2025\/08\/57000.webp\",\"contentUrl\":\"https:\/\/distribuidorpanelrey.com.mx\/wp-content\/uploads\/2025\/08\/57000.webp\",\"width\":1800,\"height\":1800},{\"@type\":\"BreadcrumbList\",\"@id\":\"https:\/\/distribuidorpanelrey.com.mx\/producto\/bolsa-de-1kg-de-estopa-extra-fina\/#breadcrumb\",\"itemListElement\":[{\"@type\":\"ListItem\",\"position\":1,\"name\":\"Portada\",\"item\":\"https:\/\/distribuidorpanelrey.com.mx\/\"},{\"@type\":\"ListItem\",\"position\":2,\"name\":\"Productos\",\"item\":\"https:\/\/distribuidorpanelrey.com\/tienda\/\"},{\"@type\":\"ListItem\",\"position\":3,\"name\":\"BOLSA DE 1kg DE ESTOPA EXTRA FINA\"}]},{\"@type\":\"WebSite\",\"@id\":\"https:\/\/distribuidorpanelrey.com\/#website\",\"url\":\"https:\/\/distribuidorpanelrey.com\/\",\"name\":\"PANEL REY MEXICO\",\"description\":\"DISTRIBUIDOR PANEL REY\",\"publisher\":{\"@id\":\"https:\/\/distribuidorpanelrey.com\/#organization\"},\"alternateName\":\"DISTRIBUIDOR PANEL REY\",\"potentialAction\":[{\"@type\":\"SearchAction\",\"target\":{\"@type\":\"EntryPoint\",\"urlTemplate\":\"https:\/\/distribuidorpanelrey.com\/?s={search_term_string}\"},\"query-input\":{\"@type\":\"PropertyValueSpecification\",\"valueRequired\":true,\"valueName\":\"search_term_string\"}}],\"inLanguage\":\"es\"},{\"@type\":\"Organization\",\"@id\":\"https:\/\/distribuidorpanelrey.com\/#organization\",\"name\":\"PANEL REY MEXICO\",\"url\":\"https:\/\/distribuidorpanelrey.com\/\",\"logo\":{\"@type\":\"ImageObject\",\"inLanguage\":\"es\",\"@id\":\"https:\/\/distribuidorpanelrey.com\/#\/schema\/logo\/image\/\",\"url\":\"https:\/\/distribuidorpanelrey.com.mx\/wp-content\/uploads\/2023\/11\/panelrey.webp\",\"contentUrl\":\"https:\/\/distribuidorpanelrey.com.mx\/wp-content\/uploads\/2023\/11\/panelrey.webp\",\"width\":400,\"height\":150,\"caption\":\"PANEL REY MEXICO\"},\"image\":{\"@id\":\"https:\/\/distribuidorpanelrey.com\/#\/schema\/logo\/image\/\"},\"sameAs\":[\"https:\/\/www.facebook.com\/mexicopanelrey\/?locale=es_LA\",\"https:\/\/www.instagram.com\/panel_rey_mexico\/?hl=es\"]}]}<\/script>\n<!-- \/ Yoast SEO plugin. -->","yoast_head_json":{"title":"BOLSA DE 1kg DE ESTOPA EXTRA FINA - PANEL REY MEXICO","description":"Estopa Truper ESTO-1B de 1 kg, fabricada en 80% algod\u00f3n y 20% poli\u00e9ster, color blanco. Ideal para limpieza en carpinter\u00eda, automotriz y procesos industriales. C\u00f3digo 57000.","robots":{"index":"index","follow":"follow","max-snippet":"max-snippet:-1","max-image-preview":"max-image-preview:large","max-video-preview":"max-video-preview:-1"},"canonical":"https:\/\/distribuidorpanelrey.com.mx\/producto\/bolsa-de-1kg-de-estopa-extra-fina\/","og_locale":"es_ES","og_type":"article","og_title":"BOLSA DE 1kg DE ESTOPA EXTRA FINA - PANEL REY MEXICO","og_description":"Estopa Truper ESTO-1B de 1 kg, fabricada en 80% algod\u00f3n y 20% poli\u00e9ster, color blanco. Ideal para limpieza en carpinter\u00eda, automotriz y procesos industriales. C\u00f3digo 57000.","og_url":"https:\/\/distribuidorpanelrey.com.mx\/producto\/bolsa-de-1kg-de-estopa-extra-fina\/","og_site_name":"PANEL REY MEXICO","article_publisher":"https:\/\/www.facebook.com\/mexicopanelrey\/?locale=es_LA","article_modified_time":"2025-08-18T04:20:02+00:00","og_image":[{"width":1800,"height":1800,"url":"https:\/\/distribuidorpanelrey.com.mx\/wp-content\/uploads\/2025\/08\/57000.webp","type":"image\/webp"}],"twitter_card":"summary_large_image","twitter_misc":{"Tiempo de lectura":"2 minutos"},"schema":{"@context":"https:\/\/schema.org","@graph":[{"@type":"WebPage","@id":"https:\/\/distribuidorpanelrey.com.mx\/producto\/bolsa-de-1kg-de-estopa-extra-fina\/","url":"https:\/\/distribuidorpanelrey.com.mx\/producto\/bolsa-de-1kg-de-estopa-extra-fina\/","name":"BOLSA DE 1kg DE ESTOPA EXTRA FINA - PANEL REY MEXICO","isPartOf":{"@id":"https:\/\/distribuidorpanelrey.com\/#website"},"primaryImageOfPage":{"@id":"https:\/\/distribuidorpanelrey.com.mx\/producto\/bolsa-de-1kg-de-estopa-extra-fina\/#primaryimage"},"image":{"@id":"https:\/\/distribuidorpanelrey.com.mx\/producto\/bolsa-de-1kg-de-estopa-extra-fina\/#primaryimage"},"thumbnailUrl":"https:\/\/distribuidorpanelrey.com.mx\/wp-content\/uploads\/2025\/08\/57000.webp","datePublished":"2025-08-17T22:51:54+00:00","dateModified":"2025-08-18T04:20:02+00:00","description":"Estopa Truper ESTO-1B de 1 kg, fabricada en 80% algod\u00f3n y 20% poli\u00e9ster, color blanco. Ideal para limpieza en carpinter\u00eda, automotriz y procesos industriales. C\u00f3digo 57000.","breadcrumb":{"@id":"https:\/\/distribuidorpanelrey.com.mx\/producto\/bolsa-de-1kg-de-estopa-extra-fina\/#breadcrumb"},"inLanguage":"es","potentialAction":[{"@type":"ReadAction","target":["https:\/\/distribuidorpanelrey.com.mx\/producto\/bolsa-de-1kg-de-estopa-extra-fina\/"]}]},{"@type":"ImageObject","inLanguage":"es","@id":"https:\/\/distribuidorpanelrey.com.mx\/producto\/bolsa-de-1kg-de-estopa-extra-fina\/#primaryimage","url":"https:\/\/distribuidorpanelrey.com.mx\/wp-content\/uploads\/2025\/08\/57000.webp","contentUrl":"https:\/\/distribuidorpanelrey.com.mx\/wp-content\/uploads\/2025\/08\/57000.webp","width":1800,"height":1800},{"@type":"BreadcrumbList","@id":"https:\/\/distribuidorpanelrey.com.mx\/producto\/bolsa-de-1kg-de-estopa-extra-fina\/#breadcrumb","itemListElement":[{"@type":"ListItem","position":1,"name":"Portada","item":"https:\/\/distribuidorpanelrey.com.mx\/"},{"@type":"ListItem","position":2,"name":"Productos","item":"https:\/\/distribuidorpanelrey.com\/tienda\/"},{"@type":"ListItem","position":3,"name":"BOLSA DE 1kg DE ESTOPA EXTRA FINA"}]},{"@type":"WebSite","@id":"https:\/\/distribuidorpanelrey.com\/#website","url":"https:\/\/distribuidorpanelrey.com\/","name":"PANEL REY MEXICO","description":"DISTRIBUIDOR PANEL REY","publisher":{"@id":"https:\/\/distribuidorpanelrey.com\/#organization"},"alternateName":"DISTRIBUIDOR PANEL REY","potentialAction":[{"@type":"SearchAction","target":{"@type":"EntryPoint","urlTemplate":"https:\/\/distribuidorpanelrey.com\/?s={search_term_string}"},"query-input":{"@type":"PropertyValueSpecification","valueRequired":true,"valueName":"search_term_string"}}],"inLanguage":"es"},{"@type":"Organization","@id":"https:\/\/distribuidorpanelrey.com\/#organization","name":"PANEL REY MEXICO","url":"https:\/\/distribuidorpanelrey.com\/","logo":{"@type":"ImageObject","inLanguage":"es","@id":"https:\/\/distribuidorpanelrey.com\/#\/schema\/logo\/image\/","url":"https:\/\/distribuidorpanelrey.com.mx\/wp-content\/uploads\/2023\/11\/panelrey.webp","contentUrl":"https:\/\/distribuidorpanelrey.com.mx\/wp-content\/uploads\/2023\/11\/panelrey.webp","width":400,"height":150,"caption":"PANEL REY MEXICO"},"image":{"@id":"https:\/\/distribuidorpanelrey.com\/#\/schema\/logo\/image\/"},"sameAs":["https:\/\/www.facebook.com\/mexicopanelrey\/?locale=es_LA","https:\/\/www.instagram.com\/panel_rey_mexico\/?hl=es"]}]}},"_links":{"self":[{"href":"https:\/\/distribuidorpanelrey.com.mx\/wp-json\/wp\/v2\/product\/5896","targetHints":{"allow":["GET"]}}],"collection":[{"href":"https:\/\/distribuidorpanelrey.com.mx\/wp-json\/wp\/v2\/product"}],"about":[{"href":"https:\/\/distribuidorpanelrey.com.mx\/wp-json\/wp\/v2\/types\/product"}],"replies":[{"embeddable":true,"href":"https:\/\/distribuidorpanelrey.com.mx\/wp-json\/wp\/v2\/comments?post=5896"}],"version-history":[{"count":2,"href":"https:\/\/distribuidorpanelrey.com.mx\/wp-json\/wp\/v2\/product\/5896\/revisions"}],"predecessor-version":[{"id":5898,"href":"https:\/\/distribuidorpanelrey.com.mx\/wp-json\/wp\/v2\/product\/5896\/revisions\/5898"}],"wp:featuredmedia":[{"embeddable":true,"href":"https:\/\/distribuidorpanelrey.com.mx\/wp-json\/wp\/v2\/media\/5891"}],"wp:attachment":[{"href":"https:\/\/distribuidorpanelrey.com.mx\/wp-json\/wp\/v2\/media?parent=5896"}],"wp:term":[{"taxonomy":"product_brand","embeddable":true,"href":"https:\/\/distribuidorpanelrey.com.mx\/wp-json\/wp\/v2\/product_brand?post=5896"},{"taxonomy":"product_cat","embeddable":true,"href":"https:\/\/distribuidorpanelrey.com.mx\/wp-json\/wp\/v2\/product_cat?post=5896"},{"taxonomy":"product_tag","embeddable":true,"href":"https:\/\/distribuidorpanelrey.com.mx\/wp-json\/wp\/v2\/product_tag?post=5896"}],"curies":[{"name":"wp","href":"https:\/\/api.w.org\/{rel}","templated":true}]}}