{"id":5899,"date":"2025-08-17T23:28:47","date_gmt":"2025-08-17T23:28:47","guid":{"rendered":"https:\/\/distribuidorpanelrey.com.mx\/?post_type=product&#038;p=5899"},"modified":"2025-08-18T04:20:03","modified_gmt":"2025-08-18T04:20:03","slug":"toalla-de-microfibra-de-40-x-40","status":"publish","type":"product","link":"https:\/\/distribuidorpanelrey.com.mx\/producto\/toalla-de-microfibra-de-40-x-40\/","title":{"rendered":"TOALLA DE MICROFIBRA DE 40 x 40"},"content":{"rendered":"<h3 data-start=\"165\" data-end=\"241\">\ud83e\uddfc Toalla de Microfibra 40 x 40 cm \u2013 Truper (C\u00f3digo 57065, Clave MIC-40)<\/h3>\n<p data-start=\"243\" data-end=\"627\">Toalla de microfibra Truper de <strong data-start=\"299\" data-end=\"313\">40 x 40 cm<\/strong>, fabricada en <strong data-start=\"328\" data-end=\"361\">80% poli\u00e9ster y 20% poliamida<\/strong>, ideal para limpieza en seco y h\u00famedo. No raya, no deja pelusas y atrapa polvo y grasa. Fabricada en <strong data-start=\"463\" data-end=\"472\">China<\/strong> bajo las especificaciones del Grupo Truper.<\/p>\n<hr data-start=\"629\" data-end=\"632\" \/>\n<h3 data-start=\"634\" data-end=\"668\">\ud83d\udd27 Caracter\u00edsticas principales<\/h3>\n<ul data-start=\"670\" data-end=\"1352\">\n<li data-start=\"670\" data-end=\"715\">\n<p data-start=\"672\" data-end=\"715\"><strong data-start=\"672\" data-end=\"685\">Material:<\/strong> 80% poli\u00e9ster, 20% poliamida.<\/p>\n<\/li>\n<li data-start=\"716\" data-end=\"746\">\n<p data-start=\"718\" data-end=\"746\"><strong data-start=\"718\" data-end=\"734\">Dimensiones:<\/strong> 40 x 40 cm.<\/p>\n<\/li>\n<li data-start=\"747\" data-end=\"765\">\n<p data-start=\"749\" data-end=\"765\"><strong data-start=\"749\" data-end=\"759\">Color:<\/strong> Azul.<\/p>\n<\/li>\n<li data-start=\"766\" data-end=\"812\">\n<p data-start=\"768\" data-end=\"812\"><strong data-start=\"768\" data-end=\"784\">Uso en seco:<\/strong> Ideal para pulir y sacudir.<\/p>\n<\/li>\n<li data-start=\"813\" data-end=\"874\">\n<p data-start=\"815\" data-end=\"874\"><strong data-start=\"815\" data-end=\"833\">Uso en h\u00famedo:<\/strong> Gran absorci\u00f3n para limpieza en general.<\/p>\n<\/li>\n<li data-start=\"875\" data-end=\"934\">\n<p data-start=\"877\" data-end=\"934\"><strong data-start=\"877\" data-end=\"907\">Aplicaciones recomendadas:<\/strong> Pantallas, muebles, autos.<\/p>\n<\/li>\n<li data-start=\"935\" data-end=\"1046\">\n<p data-start=\"937\" data-end=\"1046\"><strong data-start=\"937\" data-end=\"953\">Propiedades:<\/strong> Limpia sin rayar, sin dejar pelusas y atrapa part\u00edculas de polvo y grasa. No absorbe olores.<\/p>\n<\/li>\n<li data-start=\"1047\" data-end=\"1111\">\n<p data-start=\"1049\" data-end=\"1111\"><strong data-start=\"1049\" data-end=\"1065\">Resistencia:<\/strong> Apto para productos de limpieza no abrasivos.<\/p>\n<\/li>\n<li data-start=\"1112\" data-end=\"1178\">\n<p data-start=\"1114\" data-end=\"1178\"><strong data-start=\"1114\" data-end=\"1125\">Lavado:<\/strong> Se puede meter a la lavadora y es de larga duraci\u00f3n.<\/p>\n<\/li>\n<li data-start=\"1179\" data-end=\"1352\">\n<p data-start=\"1181\" data-end=\"1352\"><strong data-start=\"1181\" data-end=\"1197\">Fabricaci\u00f3n:<\/strong> China bajo especificaciones del Grupo Truper.<\/p>\n<\/li>\n<\/ul>\n<hr data-start=\"1354\" data-end=\"1357\" \/>\n<h3 data-start=\"1359\" data-end=\"1391\">\ud83d\udcca Especificaciones t\u00e9cnicas<\/h3>\n<div class=\"_tableContainer_1rjym_1\">\n<div class=\"_tableWrapper_1rjym_13 group flex w-fit flex-col-reverse\" tabindex=\"-1\">\n<table class=\"w-fit min-w-(--thread-content-width)\" data-start=\"1393\" data-end=\"2307\">\n<thead data-start=\"1393\" data-end=\"1454\">\n<tr data-start=\"1393\" data-end=\"1454\">\n<th data-start=\"1393\" data-end=\"1420\" data-col-size=\"sm\">Especificaci\u00f3n<\/th>\n<th data-start=\"1420\" data-end=\"1454\" data-col-size=\"sm\">Detalle<\/th>\n<\/tr>\n<\/thead>\n<tbody data-start=\"1517\" data-end=\"2307\">\n<tr data-start=\"1517\" data-end=\"1578\">\n<td data-start=\"1517\" data-end=\"1544\" data-col-size=\"sm\"><strong data-start=\"1519\" data-end=\"1529\">C\u00f3digo<\/strong><\/td>\n<td data-start=\"1544\" data-end=\"1578\" data-col-size=\"sm\">57065<\/td>\n<\/tr>\n<tr data-start=\"1579\" data-end=\"1640\">\n<td data-start=\"1579\" data-end=\"1606\" data-col-size=\"sm\"><strong data-start=\"1581\" data-end=\"1590\">Clave<\/strong><\/td>\n<td data-start=\"1606\" data-end=\"1640\" data-col-size=\"sm\">MIC-40<\/td>\n<\/tr>\n<tr data-start=\"1641\" data-end=\"1702\">\n<td data-start=\"1641\" data-end=\"1668\" data-col-size=\"sm\"><strong data-start=\"1643\" data-end=\"1655\">Material<\/strong><\/td>\n<td data-start=\"1668\" data-end=\"1702\" data-col-size=\"sm\">80% poli\u00e9ster, 20% poliamida<\/td>\n<\/tr>\n<tr data-start=\"1703\" data-end=\"1764\">\n<td data-start=\"1703\" data-end=\"1730\" data-col-size=\"sm\"><strong data-start=\"1705\" data-end=\"1720\">Dimensiones<\/strong><\/td>\n<td data-start=\"1730\" data-end=\"1764\" data-col-size=\"sm\">40 x 40 cm<\/td>\n<\/tr>\n<tr data-start=\"1765\" data-end=\"1826\">\n<td data-start=\"1765\" data-end=\"1792\" data-col-size=\"sm\"><strong data-start=\"1767\" data-end=\"1776\">Color<\/strong><\/td>\n<td data-start=\"1792\" data-end=\"1826\" data-col-size=\"sm\">Azul<\/td>\n<\/tr>\n<tr data-start=\"1827\" data-end=\"1888\">\n<td data-start=\"1827\" data-end=\"1854\" data-col-size=\"sm\"><strong data-start=\"1829\" data-end=\"1837\">Peso<\/strong><\/td>\n<td data-start=\"1854\" data-end=\"1888\" data-col-size=\"sm\">48 g<\/td>\n<\/tr>\n<tr data-start=\"1889\" data-end=\"1950\">\n<td data-start=\"1889\" data-end=\"1916\" data-col-size=\"sm\"><strong data-start=\"1891\" data-end=\"1913\">Empaque individual<\/strong><\/td>\n<td data-start=\"1916\" data-end=\"1950\" data-col-size=\"sm\">Caballete<\/td>\n<\/tr>\n<tr data-start=\"1951\" data-end=\"2012\">\n<td data-start=\"1951\" data-end=\"1978\" data-col-size=\"sm\"><strong data-start=\"1953\" data-end=\"1962\">Inner<\/strong><\/td>\n<td data-start=\"1978\" data-end=\"2012\" data-col-size=\"sm\">6 unidades<\/td>\n<\/tr>\n<tr data-start=\"2013\" data-end=\"2074\">\n<td data-start=\"2013\" data-end=\"2040\" data-col-size=\"sm\"><strong data-start=\"2015\" data-end=\"2025\">Master<\/strong><\/td>\n<td data-start=\"2040\" data-end=\"2074\" data-col-size=\"sm\">72 unidades<\/td>\n<\/tr>\n<tr data-start=\"2075\" data-end=\"2136\">\n<td data-start=\"2075\" data-end=\"2102\" data-col-size=\"sm\"><strong data-start=\"2077\" data-end=\"2087\">Pallet<\/strong><\/td>\n<td data-start=\"2102\" data-end=\"2136\" data-col-size=\"sm\">2304 unidades<\/td>\n<\/tr>\n<tr data-start=\"2137\" data-end=\"2198\">\n<td data-start=\"2137\" data-end=\"2164\" data-col-size=\"sm\"><strong data-start=\"2139\" data-end=\"2157\">Pa\u00eds de origen<\/strong><\/td>\n<td data-start=\"2164\" data-end=\"2198\" data-col-size=\"sm\">China<\/td>\n<\/tr>\n<\/tbody>\n<\/table>\n<p style=\"text-align: center;\">En\u00a0<strong data-start=\"82\" data-end=\"115\">Distribuidor Panel Rey M\u00e9xico<\/strong> encuentras calidad y confianza en productos <strong>Acero.<\/strong><br data-start=\"173\" data-end=\"176\" \/>\u2705 Env\u00edos a toda la Rep\u00fablica Mexicana. \u00a1Pregunta por nuestras promociones vigentes!<br data-start=\"259\" data-end=\"262\" data-is-only-node=\"\" \/>\u2705 Todos los precios incluyen IVA (sujetos a cambio sin previo aviso).<br data-start=\"331\" data-end=\"334\" \/>\u2705 Im\u00e1genes ilustrativas, el producto final puede presentar ligeras variaciones.<br data-start=\"413\" data-end=\"416\" \/>\ud83d\udcac \u00bfTienes dudas? Escr\u00edbenos por\u00a0<a href=\"https:\/\/www.facebook.com\/mexicopanelrey\">Facebook<\/a>\u00a0o\u00a0<a href=\"https:\/\/www.instagram.com\/panel_rey_mexico\/\">Instagram<\/a>.<br data-start=\"470\" data-end=\"473\" \/>\ud83d\udcde Tel:\u00a0<a href=\"tel:55 7397 6243\">55 7397 6243<\/a>\u00a0| WhatsApp:\u00a0<a href=\"https:\/\/api.whatsapp.com\/send?phone=525573976243\">5573976243<\/a><br data-start=\"518\" data-end=\"521\" \/>\ud83d\udce7\u00a0<a class=\"cursor-pointer\" href=\"mailto:ventas@distribuidorpanelrey.com\" rel=\"noopener\" data-start=\"524\" data-end=\"555\">ventas@distribuidorpanelrey.com<\/a><\/p>\n<\/div>\n<\/div>\n","protected":false},"excerpt":{"rendered":"<h4 style=\"text-align: center;\">Env\u00edos de 24 a 48 hr CDMX Y EDO MEX<\/h4>\n<p style=\"text-align: center;\">Rese\u00f1as\u00a0\u2605\u2605\u2605\u2605\u2605\u00a0 Env\u00edos Garantizados<\/p>\n<h4 style=\"text-align: center;\">\ud83d\udd25LOS MEJORES PRECIOS \ud83d\udd25<\/h4>\n","protected":false},"featured_media":5892,"comment_status":"closed","ping_status":"closed","template":"","meta":[],"product_brand":[1115],"product_cat":[1114],"product_tag":[1135,1134,1133,1132],"class_list":{"0":"post-5899","1":"product","2":"type-product","3":"status-publish","4":"has-post-thumbnail","6":"product_brand-klintek","7":"product_cat-limpieza","8":"product_tag-40-x-40","9":"product_tag-microfibra","10":"product_tag-toalla","11":"product_tag-toalla-de-microfibra-de-40-x-40","13":"first","14":"instock","15":"shipping-taxable","16":"purchasable","17":"product-type-simple"},"yoast_head":"<!-- This site is optimized with the Yoast SEO plugin v27.1.1 - https:\/\/yoast.com\/product\/yoast-seo-wordpress\/ -->\n<title>TOALLA DE MICROFIBRA DE 40 x 40 - PANEL REY MEXICO<\/title>\n<meta name=\"description\" content=\"Toalla de microfibra Truper MIC-40 de 40 x 40 cm, 80% poli\u00e9ster y 20% poliamida. Ideal para limpieza en seco y h\u00famedo sin rayar ni dejar pelusas. C\u00f3digo 57065.\" \/>\n<meta name=\"robots\" content=\"index, follow, max-snippet:-1, max-image-preview:large, max-video-preview:-1\" \/>\n<link rel=\"canonical\" href=\"https:\/\/distribuidorpanelrey.com.mx\/producto\/toalla-de-microfibra-de-40-x-40\/\" \/>\n<meta property=\"og:locale\" content=\"es_ES\" \/>\n<meta property=\"og:type\" content=\"article\" \/>\n<meta property=\"og:title\" content=\"TOALLA DE MICROFIBRA DE 40 x 40 - PANEL REY MEXICO\" \/>\n<meta property=\"og:description\" content=\"Toalla de microfibra Truper MIC-40 de 40 x 40 cm, 80% poli\u00e9ster y 20% poliamida. Ideal para limpieza en seco y h\u00famedo sin rayar ni dejar pelusas. C\u00f3digo 57065.\" \/>\n<meta property=\"og:url\" content=\"https:\/\/distribuidorpanelrey.com.mx\/producto\/toalla-de-microfibra-de-40-x-40\/\" \/>\n<meta property=\"og:site_name\" content=\"PANEL REY MEXICO\" \/>\n<meta property=\"article:publisher\" content=\"https:\/\/www.facebook.com\/mexicopanelrey\/?locale=es_LA\" \/>\n<meta property=\"article:modified_time\" content=\"2025-08-18T04:20:03+00:00\" \/>\n<meta property=\"og:image\" content=\"https:\/\/distribuidorpanelrey.com.mx\/wp-content\/uploads\/2025\/08\/57065.webp\" \/>\n\t<meta property=\"og:image:width\" content=\"1800\" \/>\n\t<meta property=\"og:image:height\" content=\"1800\" \/>\n\t<meta property=\"og:image:type\" content=\"image\/webp\" \/>\n<meta name=\"twitter:card\" content=\"summary_large_image\" \/>\n<meta name=\"twitter:label1\" content=\"Tiempo de lectura\" \/>\n\t<meta name=\"twitter:data1\" content=\"2 minutos\" \/>\n<script type=\"application\/ld+json\" class=\"yoast-schema-graph\">{\"@context\":\"https:\/\/schema.org\",\"@graph\":[{\"@type\":\"WebPage\",\"@id\":\"https:\/\/distribuidorpanelrey.com.mx\/producto\/toalla-de-microfibra-de-40-x-40\/\",\"url\":\"https:\/\/distribuidorpanelrey.com.mx\/producto\/toalla-de-microfibra-de-40-x-40\/\",\"name\":\"TOALLA DE MICROFIBRA DE 40 x 40 - PANEL REY MEXICO\",\"isPartOf\":{\"@id\":\"https:\/\/distribuidorpanelrey.com\/#website\"},\"primaryImageOfPage\":{\"@id\":\"https:\/\/distribuidorpanelrey.com.mx\/producto\/toalla-de-microfibra-de-40-x-40\/#primaryimage\"},\"image\":{\"@id\":\"https:\/\/distribuidorpanelrey.com.mx\/producto\/toalla-de-microfibra-de-40-x-40\/#primaryimage\"},\"thumbnailUrl\":\"https:\/\/distribuidorpanelrey.com.mx\/wp-content\/uploads\/2025\/08\/57065.webp\",\"datePublished\":\"2025-08-17T23:28:47+00:00\",\"dateModified\":\"2025-08-18T04:20:03+00:00\",\"description\":\"Toalla de microfibra Truper MIC-40 de 40 x 40 cm, 80% poli\u00e9ster y 20% poliamida. Ideal para limpieza en seco y h\u00famedo sin rayar ni dejar pelusas. C\u00f3digo 57065.\",\"breadcrumb\":{\"@id\":\"https:\/\/distribuidorpanelrey.com.mx\/producto\/toalla-de-microfibra-de-40-x-40\/#breadcrumb\"},\"inLanguage\":\"es\",\"potentialAction\":[{\"@type\":\"ReadAction\",\"target\":[\"https:\/\/distribuidorpanelrey.com.mx\/producto\/toalla-de-microfibra-de-40-x-40\/\"]}]},{\"@type\":\"ImageObject\",\"inLanguage\":\"es\",\"@id\":\"https:\/\/distribuidorpanelrey.com.mx\/producto\/toalla-de-microfibra-de-40-x-40\/#primaryimage\",\"url\":\"https:\/\/distribuidorpanelrey.com.mx\/wp-content\/uploads\/2025\/08\/57065.webp\",\"contentUrl\":\"https:\/\/distribuidorpanelrey.com.mx\/wp-content\/uploads\/2025\/08\/57065.webp\",\"width\":1800,\"height\":1800},{\"@type\":\"BreadcrumbList\",\"@id\":\"https:\/\/distribuidorpanelrey.com.mx\/producto\/toalla-de-microfibra-de-40-x-40\/#breadcrumb\",\"itemListElement\":[{\"@type\":\"ListItem\",\"position\":1,\"name\":\"Portada\",\"item\":\"https:\/\/distribuidorpanelrey.com.mx\/\"},{\"@type\":\"ListItem\",\"position\":2,\"name\":\"Productos\",\"item\":\"https:\/\/distribuidorpanelrey.com\/tienda\/\"},{\"@type\":\"ListItem\",\"position\":3,\"name\":\"TOALLA DE MICROFIBRA DE 40 x 40\"}]},{\"@type\":\"WebSite\",\"@id\":\"https:\/\/distribuidorpanelrey.com\/#website\",\"url\":\"https:\/\/distribuidorpanelrey.com\/\",\"name\":\"PANEL REY MEXICO\",\"description\":\"DISTRIBUIDOR PANEL REY\",\"publisher\":{\"@id\":\"https:\/\/distribuidorpanelrey.com\/#organization\"},\"alternateName\":\"DISTRIBUIDOR PANEL REY\",\"potentialAction\":[{\"@type\":\"SearchAction\",\"target\":{\"@type\":\"EntryPoint\",\"urlTemplate\":\"https:\/\/distribuidorpanelrey.com\/?s={search_term_string}\"},\"query-input\":{\"@type\":\"PropertyValueSpecification\",\"valueRequired\":true,\"valueName\":\"search_term_string\"}}],\"inLanguage\":\"es\"},{\"@type\":\"Organization\",\"@id\":\"https:\/\/distribuidorpanelrey.com\/#organization\",\"name\":\"PANEL REY MEXICO\",\"url\":\"https:\/\/distribuidorpanelrey.com\/\",\"logo\":{\"@type\":\"ImageObject\",\"inLanguage\":\"es\",\"@id\":\"https:\/\/distribuidorpanelrey.com\/#\/schema\/logo\/image\/\",\"url\":\"https:\/\/distribuidorpanelrey.com.mx\/wp-content\/uploads\/2023\/11\/panelrey.webp\",\"contentUrl\":\"https:\/\/distribuidorpanelrey.com.mx\/wp-content\/uploads\/2023\/11\/panelrey.webp\",\"width\":400,\"height\":150,\"caption\":\"PANEL REY MEXICO\"},\"image\":{\"@id\":\"https:\/\/distribuidorpanelrey.com\/#\/schema\/logo\/image\/\"},\"sameAs\":[\"https:\/\/www.facebook.com\/mexicopanelrey\/?locale=es_LA\",\"https:\/\/www.instagram.com\/panel_rey_mexico\/?hl=es\"]}]}<\/script>\n<!-- \/ Yoast SEO plugin. -->","yoast_head_json":{"title":"TOALLA DE MICROFIBRA DE 40 x 40 - PANEL REY MEXICO","description":"Toalla de microfibra Truper MIC-40 de 40 x 40 cm, 80% poli\u00e9ster y 20% poliamida. Ideal para limpieza en seco y h\u00famedo sin rayar ni dejar pelusas. C\u00f3digo 57065.","robots":{"index":"index","follow":"follow","max-snippet":"max-snippet:-1","max-image-preview":"max-image-preview:large","max-video-preview":"max-video-preview:-1"},"canonical":"https:\/\/distribuidorpanelrey.com.mx\/producto\/toalla-de-microfibra-de-40-x-40\/","og_locale":"es_ES","og_type":"article","og_title":"TOALLA DE MICROFIBRA DE 40 x 40 - PANEL REY MEXICO","og_description":"Toalla de microfibra Truper MIC-40 de 40 x 40 cm, 80% poli\u00e9ster y 20% poliamida. Ideal para limpieza en seco y h\u00famedo sin rayar ni dejar pelusas. C\u00f3digo 57065.","og_url":"https:\/\/distribuidorpanelrey.com.mx\/producto\/toalla-de-microfibra-de-40-x-40\/","og_site_name":"PANEL REY MEXICO","article_publisher":"https:\/\/www.facebook.com\/mexicopanelrey\/?locale=es_LA","article_modified_time":"2025-08-18T04:20:03+00:00","og_image":[{"width":1800,"height":1800,"url":"https:\/\/distribuidorpanelrey.com.mx\/wp-content\/uploads\/2025\/08\/57065.webp","type":"image\/webp"}],"twitter_card":"summary_large_image","twitter_misc":{"Tiempo de lectura":"2 minutos"},"schema":{"@context":"https:\/\/schema.org","@graph":[{"@type":"WebPage","@id":"https:\/\/distribuidorpanelrey.com.mx\/producto\/toalla-de-microfibra-de-40-x-40\/","url":"https:\/\/distribuidorpanelrey.com.mx\/producto\/toalla-de-microfibra-de-40-x-40\/","name":"TOALLA DE MICROFIBRA DE 40 x 40 - PANEL REY MEXICO","isPartOf":{"@id":"https:\/\/distribuidorpanelrey.com\/#website"},"primaryImageOfPage":{"@id":"https:\/\/distribuidorpanelrey.com.mx\/producto\/toalla-de-microfibra-de-40-x-40\/#primaryimage"},"image":{"@id":"https:\/\/distribuidorpanelrey.com.mx\/producto\/toalla-de-microfibra-de-40-x-40\/#primaryimage"},"thumbnailUrl":"https:\/\/distribuidorpanelrey.com.mx\/wp-content\/uploads\/2025\/08\/57065.webp","datePublished":"2025-08-17T23:28:47+00:00","dateModified":"2025-08-18T04:20:03+00:00","description":"Toalla de microfibra Truper MIC-40 de 40 x 40 cm, 80% poli\u00e9ster y 20% poliamida. Ideal para limpieza en seco y h\u00famedo sin rayar ni dejar pelusas. C\u00f3digo 57065.","breadcrumb":{"@id":"https:\/\/distribuidorpanelrey.com.mx\/producto\/toalla-de-microfibra-de-40-x-40\/#breadcrumb"},"inLanguage":"es","potentialAction":[{"@type":"ReadAction","target":["https:\/\/distribuidorpanelrey.com.mx\/producto\/toalla-de-microfibra-de-40-x-40\/"]}]},{"@type":"ImageObject","inLanguage":"es","@id":"https:\/\/distribuidorpanelrey.com.mx\/producto\/toalla-de-microfibra-de-40-x-40\/#primaryimage","url":"https:\/\/distribuidorpanelrey.com.mx\/wp-content\/uploads\/2025\/08\/57065.webp","contentUrl":"https:\/\/distribuidorpanelrey.com.mx\/wp-content\/uploads\/2025\/08\/57065.webp","width":1800,"height":1800},{"@type":"BreadcrumbList","@id":"https:\/\/distribuidorpanelrey.com.mx\/producto\/toalla-de-microfibra-de-40-x-40\/#breadcrumb","itemListElement":[{"@type":"ListItem","position":1,"name":"Portada","item":"https:\/\/distribuidorpanelrey.com.mx\/"},{"@type":"ListItem","position":2,"name":"Productos","item":"https:\/\/distribuidorpanelrey.com\/tienda\/"},{"@type":"ListItem","position":3,"name":"TOALLA DE MICROFIBRA DE 40 x 40"}]},{"@type":"WebSite","@id":"https:\/\/distribuidorpanelrey.com\/#website","url":"https:\/\/distribuidorpanelrey.com\/","name":"PANEL REY MEXICO","description":"DISTRIBUIDOR PANEL REY","publisher":{"@id":"https:\/\/distribuidorpanelrey.com\/#organization"},"alternateName":"DISTRIBUIDOR PANEL REY","potentialAction":[{"@type":"SearchAction","target":{"@type":"EntryPoint","urlTemplate":"https:\/\/distribuidorpanelrey.com\/?s={search_term_string}"},"query-input":{"@type":"PropertyValueSpecification","valueRequired":true,"valueName":"search_term_string"}}],"inLanguage":"es"},{"@type":"Organization","@id":"https:\/\/distribuidorpanelrey.com\/#organization","name":"PANEL REY MEXICO","url":"https:\/\/distribuidorpanelrey.com\/","logo":{"@type":"ImageObject","inLanguage":"es","@id":"https:\/\/distribuidorpanelrey.com\/#\/schema\/logo\/image\/","url":"https:\/\/distribuidorpanelrey.com.mx\/wp-content\/uploads\/2023\/11\/panelrey.webp","contentUrl":"https:\/\/distribuidorpanelrey.com.mx\/wp-content\/uploads\/2023\/11\/panelrey.webp","width":400,"height":150,"caption":"PANEL REY MEXICO"},"image":{"@id":"https:\/\/distribuidorpanelrey.com\/#\/schema\/logo\/image\/"},"sameAs":["https:\/\/www.facebook.com\/mexicopanelrey\/?locale=es_LA","https:\/\/www.instagram.com\/panel_rey_mexico\/?hl=es"]}]}},"_links":{"self":[{"href":"https:\/\/distribuidorpanelrey.com.mx\/wp-json\/wp\/v2\/product\/5899","targetHints":{"allow":["GET"]}}],"collection":[{"href":"https:\/\/distribuidorpanelrey.com.mx\/wp-json\/wp\/v2\/product"}],"about":[{"href":"https:\/\/distribuidorpanelrey.com.mx\/wp-json\/wp\/v2\/types\/product"}],"replies":[{"embeddable":true,"href":"https:\/\/distribuidorpanelrey.com.mx\/wp-json\/wp\/v2\/comments?post=5899"}],"version-history":[{"count":1,"href":"https:\/\/distribuidorpanelrey.com.mx\/wp-json\/wp\/v2\/product\/5899\/revisions"}],"predecessor-version":[{"id":5900,"href":"https:\/\/distribuidorpanelrey.com.mx\/wp-json\/wp\/v2\/product\/5899\/revisions\/5900"}],"wp:featuredmedia":[{"embeddable":true,"href":"https:\/\/distribuidorpanelrey.com.mx\/wp-json\/wp\/v2\/media\/5892"}],"wp:attachment":[{"href":"https:\/\/distribuidorpanelrey.com.mx\/wp-json\/wp\/v2\/media?parent=5899"}],"wp:term":[{"taxonomy":"product_brand","embeddable":true,"href":"https:\/\/distribuidorpanelrey.com.mx\/wp-json\/wp\/v2\/product_brand?post=5899"},{"taxonomy":"product_cat","embeddable":true,"href":"https:\/\/distribuidorpanelrey.com.mx\/wp-json\/wp\/v2\/product_cat?post=5899"},{"taxonomy":"product_tag","embeddable":true,"href":"https:\/\/distribuidorpanelrey.com.mx\/wp-json\/wp\/v2\/product_tag?post=5899"}],"curies":[{"name":"wp","href":"https:\/\/api.w.org\/{rel}","templated":true}]}}