{"id":5901,"date":"2025-08-17T23:36:25","date_gmt":"2025-08-17T23:36:25","guid":{"rendered":"https:\/\/distribuidorpanelrey.com.mx\/?post_type=product&#038;p=5901"},"modified":"2025-08-18T04:20:01","modified_gmt":"2025-08-18T04:20:01","slug":"franela-gris-de-algodon-1m","status":"publish","type":"product","link":"https:\/\/distribuidorpanelrey.com.mx\/producto\/franela-gris-de-algodon-1m\/","title":{"rendered":"FRANELA GRIS DE ALGODON 1m"},"content":{"rendered":"<h3 data-start=\"161\" data-end=\"230\">\ud83e\uddfd Franela de Algod\u00f3n Truper 1 m x 50 cm \u2013 C\u00f3digo 56026 (Color Gris)<\/h3>\n<p data-start=\"232\" data-end=\"574\">Pa\u00f1o Truper de <strong data-start=\"272\" data-end=\"303\">85% algod\u00f3n y 15% poli\u00e9ster<\/strong>, ideal para limpieza general en talleres, carpinter\u00eda, industria automotriz y uso dom\u00e9stico. Su tama\u00f1o de <strong data-start=\"410\" data-end=\"431\">1 metro por 50 cm<\/strong> lo hace vers\u00e1til para diferentes tareas.<\/p>\n<hr data-start=\"576\" data-end=\"579\" \/>\n<h3 data-start=\"581\" data-end=\"615\">\ud83d\udd27 Caracter\u00edsticas principales<\/h3>\n<ul data-start=\"617\" data-end=\"1021\">\n<li data-start=\"617\" data-end=\"664\">\n<p data-start=\"619\" data-end=\"664\"><strong data-start=\"619\" data-end=\"635\">Composici\u00f3n:<\/strong> 85% algod\u00f3n y 15% poli\u00e9ster.<\/p>\n<\/li>\n<li data-start=\"665\" data-end=\"683\">\n<p data-start=\"667\" data-end=\"683\"><strong data-start=\"667\" data-end=\"677\">Color:<\/strong> Gris.<\/p>\n<\/li>\n<li data-start=\"684\" data-end=\"733\">\n<p data-start=\"686\" data-end=\"733\"><strong data-start=\"686\" data-end=\"702\">Dimensiones:<\/strong> 1 m de largo x 50 cm de ancho.<\/p>\n<\/li>\n<li data-start=\"734\" data-end=\"751\">\n<p data-start=\"736\" data-end=\"751\"><strong data-start=\"736\" data-end=\"745\">Peso:<\/strong> 68 g.<\/p>\n<\/li>\n<li data-start=\"752\" data-end=\"855\">\n<p data-start=\"754\" data-end=\"855\"><strong data-start=\"754\" data-end=\"774\">Uso recomendado:<\/strong> Limpieza general en talleres, carpinter\u00eda, industria automotriz y uso dom\u00e9stico.<\/p>\n<\/li>\n<li data-start=\"856\" data-end=\"1021\">\n<p data-start=\"858\" data-end=\"1021\"><strong data-start=\"858\" data-end=\"874\">Fabricaci\u00f3n:<\/strong> M\u00e9xico bajo especificaciones del Grupo Truper.<\/p>\n<\/li>\n<\/ul>\n<hr data-start=\"1023\" data-end=\"1026\" \/>\n<h3 data-start=\"1028\" data-end=\"1060\">\ud83d\udcca Especificaciones t\u00e9cnicas<\/h3>\n<div class=\"_tableContainer_1rjym_1\">\n<div class=\"_tableWrapper_1rjym_13 group flex w-fit flex-col-reverse\" tabindex=\"-1\">\n<table class=\"w-fit min-w-(--thread-content-width)\" data-start=\"1062\" data-end=\"1843\">\n<thead data-start=\"1062\" data-end=\"1123\">\n<tr data-start=\"1062\" data-end=\"1123\">\n<th data-start=\"1062\" data-end=\"1089\" data-col-size=\"sm\">Especificaci\u00f3n<\/th>\n<th data-start=\"1089\" data-end=\"1123\" data-col-size=\"sm\">Detalle<\/th>\n<\/tr>\n<\/thead>\n<tbody data-start=\"1186\" data-end=\"1843\">\n<tr data-start=\"1186\" data-end=\"1247\">\n<td data-start=\"1186\" data-end=\"1213\" data-col-size=\"sm\"><strong data-start=\"1188\" data-end=\"1198\">C\u00f3digo<\/strong><\/td>\n<td data-start=\"1213\" data-end=\"1247\" data-col-size=\"sm\">56026<\/td>\n<\/tr>\n<tr data-start=\"1248\" data-end=\"1309\">\n<td data-start=\"1248\" data-end=\"1275\" data-col-size=\"sm\"><strong data-start=\"1250\" data-end=\"1259\">Clave<\/strong><\/td>\n<td data-start=\"1275\" data-end=\"1309\" data-col-size=\"sm\">FRA-1G<\/td>\n<\/tr>\n<tr data-start=\"1310\" data-end=\"1371\">\n<td data-start=\"1310\" data-end=\"1337\" data-col-size=\"sm\"><strong data-start=\"1312\" data-end=\"1321\">Color<\/strong><\/td>\n<td data-start=\"1337\" data-end=\"1371\" data-col-size=\"sm\">Gris<\/td>\n<\/tr>\n<tr data-start=\"1372\" data-end=\"1433\">\n<td data-start=\"1372\" data-end=\"1399\" data-col-size=\"sm\"><strong data-start=\"1374\" data-end=\"1386\">Material<\/strong><\/td>\n<td data-start=\"1399\" data-end=\"1433\" data-col-size=\"sm\">85% algod\u00f3n, 15% poli\u00e9ster<\/td>\n<\/tr>\n<tr data-start=\"1434\" data-end=\"1495\">\n<td data-start=\"1434\" data-end=\"1461\" data-col-size=\"sm\"><strong data-start=\"1436\" data-end=\"1451\">Dimensiones<\/strong><\/td>\n<td data-start=\"1461\" data-end=\"1495\" data-col-size=\"sm\">1 m x 50 cm<\/td>\n<\/tr>\n<tr data-start=\"1496\" data-end=\"1557\">\n<td data-start=\"1496\" data-end=\"1523\" data-col-size=\"sm\"><strong data-start=\"1498\" data-end=\"1506\">Peso<\/strong><\/td>\n<td data-start=\"1523\" data-end=\"1557\" data-col-size=\"sm\">68 g<\/td>\n<\/tr>\n<tr data-start=\"1558\" data-end=\"1619\">\n<td data-start=\"1558\" data-end=\"1585\" data-col-size=\"sm\"><strong data-start=\"1560\" data-end=\"1582\">Empaque individual<\/strong><\/td>\n<td data-start=\"1585\" data-end=\"1619\" data-col-size=\"sm\">Etiqueta<\/td>\n<\/tr>\n<tr data-start=\"1620\" data-end=\"1681\">\n<td data-start=\"1620\" data-end=\"1647\" data-col-size=\"sm\"><strong data-start=\"1622\" data-end=\"1644\">Empaque por pallet<\/strong><\/td>\n<td data-start=\"1647\" data-end=\"1681\" data-col-size=\"sm\">1,500 unidades<\/td>\n<\/tr>\n<tr data-start=\"1682\" data-end=\"1743\">\n<td data-start=\"1682\" data-end=\"1709\" data-col-size=\"sm\"><strong data-start=\"1684\" data-end=\"1702\">Pa\u00eds de origen<\/strong><\/td>\n<td data-start=\"1709\" data-end=\"1743\" data-col-size=\"sm\">M\u00e9xico<\/td>\n<\/tr>\n<\/tbody>\n<\/table>\n<p style=\"text-align: center;\">En\u00a0<strong data-start=\"82\" data-end=\"115\">Distribuidor Panel Rey M\u00e9xico<\/strong> encuentras calidad y confianza en productos <strong>Acero.<\/strong><br data-start=\"173\" data-end=\"176\" \/>\u2705 Env\u00edos a toda la Rep\u00fablica Mexicana. \u00a1Pregunta por nuestras promociones vigentes!<br data-start=\"259\" data-end=\"262\" data-is-only-node=\"\" \/>\u2705 Todos los precios incluyen IVA (sujetos a cambio sin previo aviso).<br data-start=\"331\" data-end=\"334\" \/>\u2705 Im\u00e1genes ilustrativas, el producto final puede presentar ligeras variaciones.<br data-start=\"413\" data-end=\"416\" \/>\ud83d\udcac \u00bfTienes dudas? Escr\u00edbenos por\u00a0<a href=\"https:\/\/www.facebook.com\/mexicopanelrey\">Facebook<\/a>\u00a0o\u00a0<a href=\"https:\/\/www.instagram.com\/panel_rey_mexico\/\">Instagram<\/a>.<br data-start=\"470\" data-end=\"473\" \/>\ud83d\udcde Tel:\u00a0<a href=\"tel:55 7397 6243\">55 7397 6243<\/a>\u00a0| WhatsApp:\u00a0<a href=\"https:\/\/api.whatsapp.com\/send?phone=525573976243\">5573976243<\/a><br data-start=\"518\" data-end=\"521\" \/>\ud83d\udce7\u00a0<a class=\"cursor-pointer\" href=\"mailto:ventas@distribuidorpanelrey.com\" rel=\"noopener\" data-start=\"524\" data-end=\"555\">ventas@distribuidorpanelrey.com<\/a><\/p>\n<\/div>\n<\/div>\n","protected":false},"excerpt":{"rendered":"<h4 style=\"text-align: center;\">Env\u00edos de 24 a 48 hr CDMX Y EDO MEX<\/h4>\n<p style=\"text-align: center;\">Rese\u00f1as\u00a0\u2605\u2605\u2605\u2605\u2605\u00a0 Env\u00edos Garantizados<\/p>\n<h4 style=\"text-align: center;\">\ud83d\udd25LOS MEJORES PRECIOS \ud83d\udd25<\/h4>\n","protected":false},"featured_media":5890,"comment_status":"closed","ping_status":"closed","template":"","meta":[],"product_brand":[1115],"product_cat":[1114],"product_tag":[1139,1137,1136,1138],"class_list":{"0":"post-5901","1":"product","2":"type-product","3":"status-publish","4":"has-post-thumbnail","6":"product_brand-klintek","7":"product_cat-limpieza","8":"product_tag-1m","9":"product_tag-franela","10":"product_tag-franela-gris-de-algodon-1m","11":"product_tag-gris-de-algodon","13":"first","14":"instock","15":"shipping-taxable","16":"purchasable","17":"product-type-simple"},"yoast_head":"<!-- This site is optimized with the Yoast SEO plugin v27.1.1 - https:\/\/yoast.com\/product\/yoast-seo-wordpress\/ -->\n<title>FRANELA GRIS DE ALGODON 1m - PANEL REY MEXICO<\/title>\n<meta name=\"description\" content=\"Franela Truper 56026 de 1 m x 50 cm, 85% algod\u00f3n y 15% poli\u00e9ster, color gris. Ideal para limpieza general en talleres, carpinter\u00eda y uso dom\u00e9stico. C\u00f3digo FRA-1G.\" \/>\n<meta name=\"robots\" content=\"index, follow, max-snippet:-1, max-image-preview:large, max-video-preview:-1\" \/>\n<link rel=\"canonical\" href=\"https:\/\/distribuidorpanelrey.com.mx\/producto\/franela-gris-de-algodon-1m\/\" \/>\n<meta property=\"og:locale\" content=\"es_ES\" \/>\n<meta property=\"og:type\" content=\"article\" \/>\n<meta property=\"og:title\" content=\"FRANELA GRIS DE ALGODON 1m - PANEL REY MEXICO\" \/>\n<meta property=\"og:description\" content=\"Franela Truper 56026 de 1 m x 50 cm, 85% algod\u00f3n y 15% poli\u00e9ster, color gris. Ideal para limpieza general en talleres, carpinter\u00eda y uso dom\u00e9stico. C\u00f3digo FRA-1G.\" \/>\n<meta property=\"og:url\" content=\"https:\/\/distribuidorpanelrey.com.mx\/producto\/franela-gris-de-algodon-1m\/\" \/>\n<meta property=\"og:site_name\" content=\"PANEL REY MEXICO\" \/>\n<meta property=\"article:publisher\" content=\"https:\/\/www.facebook.com\/mexicopanelrey\/?locale=es_LA\" \/>\n<meta property=\"article:modified_time\" content=\"2025-08-18T04:20:01+00:00\" \/>\n<meta property=\"og:image\" content=\"https:\/\/distribuidorpanelrey.com.mx\/wp-content\/uploads\/2025\/08\/56026.webp\" \/>\n\t<meta property=\"og:image:width\" content=\"1800\" \/>\n\t<meta property=\"og:image:height\" content=\"1800\" \/>\n\t<meta property=\"og:image:type\" content=\"image\/webp\" \/>\n<meta name=\"twitter:card\" content=\"summary_large_image\" \/>\n<meta name=\"twitter:label1\" content=\"Tiempo de lectura\" \/>\n\t<meta name=\"twitter:data1\" content=\"2 minutos\" \/>\n<script type=\"application\/ld+json\" class=\"yoast-schema-graph\">{\"@context\":\"https:\/\/schema.org\",\"@graph\":[{\"@type\":\"WebPage\",\"@id\":\"https:\/\/distribuidorpanelrey.com.mx\/producto\/franela-gris-de-algodon-1m\/\",\"url\":\"https:\/\/distribuidorpanelrey.com.mx\/producto\/franela-gris-de-algodon-1m\/\",\"name\":\"FRANELA GRIS DE ALGODON 1m - PANEL REY MEXICO\",\"isPartOf\":{\"@id\":\"https:\/\/distribuidorpanelrey.com\/#website\"},\"primaryImageOfPage\":{\"@id\":\"https:\/\/distribuidorpanelrey.com.mx\/producto\/franela-gris-de-algodon-1m\/#primaryimage\"},\"image\":{\"@id\":\"https:\/\/distribuidorpanelrey.com.mx\/producto\/franela-gris-de-algodon-1m\/#primaryimage\"},\"thumbnailUrl\":\"https:\/\/distribuidorpanelrey.com.mx\/wp-content\/uploads\/2025\/08\/56026.webp\",\"datePublished\":\"2025-08-17T23:36:25+00:00\",\"dateModified\":\"2025-08-18T04:20:01+00:00\",\"description\":\"Franela Truper 56026 de 1 m x 50 cm, 85% algod\u00f3n y 15% poli\u00e9ster, color gris. Ideal para limpieza general en talleres, carpinter\u00eda y uso dom\u00e9stico. C\u00f3digo FRA-1G.\",\"breadcrumb\":{\"@id\":\"https:\/\/distribuidorpanelrey.com.mx\/producto\/franela-gris-de-algodon-1m\/#breadcrumb\"},\"inLanguage\":\"es\",\"potentialAction\":[{\"@type\":\"ReadAction\",\"target\":[\"https:\/\/distribuidorpanelrey.com.mx\/producto\/franela-gris-de-algodon-1m\/\"]}]},{\"@type\":\"ImageObject\",\"inLanguage\":\"es\",\"@id\":\"https:\/\/distribuidorpanelrey.com.mx\/producto\/franela-gris-de-algodon-1m\/#primaryimage\",\"url\":\"https:\/\/distribuidorpanelrey.com.mx\/wp-content\/uploads\/2025\/08\/56026.webp\",\"contentUrl\":\"https:\/\/distribuidorpanelrey.com.mx\/wp-content\/uploads\/2025\/08\/56026.webp\",\"width\":1800,\"height\":1800},{\"@type\":\"BreadcrumbList\",\"@id\":\"https:\/\/distribuidorpanelrey.com.mx\/producto\/franela-gris-de-algodon-1m\/#breadcrumb\",\"itemListElement\":[{\"@type\":\"ListItem\",\"position\":1,\"name\":\"Portada\",\"item\":\"https:\/\/distribuidorpanelrey.com.mx\/\"},{\"@type\":\"ListItem\",\"position\":2,\"name\":\"Productos\",\"item\":\"https:\/\/distribuidorpanelrey.com\/tienda\/\"},{\"@type\":\"ListItem\",\"position\":3,\"name\":\"FRANELA GRIS DE ALGODON 1m\"}]},{\"@type\":\"WebSite\",\"@id\":\"https:\/\/distribuidorpanelrey.com\/#website\",\"url\":\"https:\/\/distribuidorpanelrey.com\/\",\"name\":\"PANEL REY MEXICO\",\"description\":\"DISTRIBUIDOR PANEL REY\",\"publisher\":{\"@id\":\"https:\/\/distribuidorpanelrey.com\/#organization\"},\"alternateName\":\"DISTRIBUIDOR PANEL REY\",\"potentialAction\":[{\"@type\":\"SearchAction\",\"target\":{\"@type\":\"EntryPoint\",\"urlTemplate\":\"https:\/\/distribuidorpanelrey.com\/?s={search_term_string}\"},\"query-input\":{\"@type\":\"PropertyValueSpecification\",\"valueRequired\":true,\"valueName\":\"search_term_string\"}}],\"inLanguage\":\"es\"},{\"@type\":\"Organization\",\"@id\":\"https:\/\/distribuidorpanelrey.com\/#organization\",\"name\":\"PANEL REY MEXICO\",\"url\":\"https:\/\/distribuidorpanelrey.com\/\",\"logo\":{\"@type\":\"ImageObject\",\"inLanguage\":\"es\",\"@id\":\"https:\/\/distribuidorpanelrey.com\/#\/schema\/logo\/image\/\",\"url\":\"https:\/\/distribuidorpanelrey.com.mx\/wp-content\/uploads\/2023\/11\/panelrey.webp\",\"contentUrl\":\"https:\/\/distribuidorpanelrey.com.mx\/wp-content\/uploads\/2023\/11\/panelrey.webp\",\"width\":400,\"height\":150,\"caption\":\"PANEL REY MEXICO\"},\"image\":{\"@id\":\"https:\/\/distribuidorpanelrey.com\/#\/schema\/logo\/image\/\"},\"sameAs\":[\"https:\/\/www.facebook.com\/mexicopanelrey\/?locale=es_LA\",\"https:\/\/www.instagram.com\/panel_rey_mexico\/?hl=es\"]}]}<\/script>\n<!-- \/ Yoast SEO plugin. -->","yoast_head_json":{"title":"FRANELA GRIS DE ALGODON 1m - PANEL REY MEXICO","description":"Franela Truper 56026 de 1 m x 50 cm, 85% algod\u00f3n y 15% poli\u00e9ster, color gris. Ideal para limpieza general en talleres, carpinter\u00eda y uso dom\u00e9stico. C\u00f3digo FRA-1G.","robots":{"index":"index","follow":"follow","max-snippet":"max-snippet:-1","max-image-preview":"max-image-preview:large","max-video-preview":"max-video-preview:-1"},"canonical":"https:\/\/distribuidorpanelrey.com.mx\/producto\/franela-gris-de-algodon-1m\/","og_locale":"es_ES","og_type":"article","og_title":"FRANELA GRIS DE ALGODON 1m - PANEL REY MEXICO","og_description":"Franela Truper 56026 de 1 m x 50 cm, 85% algod\u00f3n y 15% poli\u00e9ster, color gris. Ideal para limpieza general en talleres, carpinter\u00eda y uso dom\u00e9stico. C\u00f3digo FRA-1G.","og_url":"https:\/\/distribuidorpanelrey.com.mx\/producto\/franela-gris-de-algodon-1m\/","og_site_name":"PANEL REY MEXICO","article_publisher":"https:\/\/www.facebook.com\/mexicopanelrey\/?locale=es_LA","article_modified_time":"2025-08-18T04:20:01+00:00","og_image":[{"width":1800,"height":1800,"url":"https:\/\/distribuidorpanelrey.com.mx\/wp-content\/uploads\/2025\/08\/56026.webp","type":"image\/webp"}],"twitter_card":"summary_large_image","twitter_misc":{"Tiempo de lectura":"2 minutos"},"schema":{"@context":"https:\/\/schema.org","@graph":[{"@type":"WebPage","@id":"https:\/\/distribuidorpanelrey.com.mx\/producto\/franela-gris-de-algodon-1m\/","url":"https:\/\/distribuidorpanelrey.com.mx\/producto\/franela-gris-de-algodon-1m\/","name":"FRANELA GRIS DE ALGODON 1m - PANEL REY MEXICO","isPartOf":{"@id":"https:\/\/distribuidorpanelrey.com\/#website"},"primaryImageOfPage":{"@id":"https:\/\/distribuidorpanelrey.com.mx\/producto\/franela-gris-de-algodon-1m\/#primaryimage"},"image":{"@id":"https:\/\/distribuidorpanelrey.com.mx\/producto\/franela-gris-de-algodon-1m\/#primaryimage"},"thumbnailUrl":"https:\/\/distribuidorpanelrey.com.mx\/wp-content\/uploads\/2025\/08\/56026.webp","datePublished":"2025-08-17T23:36:25+00:00","dateModified":"2025-08-18T04:20:01+00:00","description":"Franela Truper 56026 de 1 m x 50 cm, 85% algod\u00f3n y 15% poli\u00e9ster, color gris. Ideal para limpieza general en talleres, carpinter\u00eda y uso dom\u00e9stico. C\u00f3digo FRA-1G.","breadcrumb":{"@id":"https:\/\/distribuidorpanelrey.com.mx\/producto\/franela-gris-de-algodon-1m\/#breadcrumb"},"inLanguage":"es","potentialAction":[{"@type":"ReadAction","target":["https:\/\/distribuidorpanelrey.com.mx\/producto\/franela-gris-de-algodon-1m\/"]}]},{"@type":"ImageObject","inLanguage":"es","@id":"https:\/\/distribuidorpanelrey.com.mx\/producto\/franela-gris-de-algodon-1m\/#primaryimage","url":"https:\/\/distribuidorpanelrey.com.mx\/wp-content\/uploads\/2025\/08\/56026.webp","contentUrl":"https:\/\/distribuidorpanelrey.com.mx\/wp-content\/uploads\/2025\/08\/56026.webp","width":1800,"height":1800},{"@type":"BreadcrumbList","@id":"https:\/\/distribuidorpanelrey.com.mx\/producto\/franela-gris-de-algodon-1m\/#breadcrumb","itemListElement":[{"@type":"ListItem","position":1,"name":"Portada","item":"https:\/\/distribuidorpanelrey.com.mx\/"},{"@type":"ListItem","position":2,"name":"Productos","item":"https:\/\/distribuidorpanelrey.com\/tienda\/"},{"@type":"ListItem","position":3,"name":"FRANELA GRIS DE ALGODON 1m"}]},{"@type":"WebSite","@id":"https:\/\/distribuidorpanelrey.com\/#website","url":"https:\/\/distribuidorpanelrey.com\/","name":"PANEL REY MEXICO","description":"DISTRIBUIDOR PANEL REY","publisher":{"@id":"https:\/\/distribuidorpanelrey.com\/#organization"},"alternateName":"DISTRIBUIDOR PANEL REY","potentialAction":[{"@type":"SearchAction","target":{"@type":"EntryPoint","urlTemplate":"https:\/\/distribuidorpanelrey.com\/?s={search_term_string}"},"query-input":{"@type":"PropertyValueSpecification","valueRequired":true,"valueName":"search_term_string"}}],"inLanguage":"es"},{"@type":"Organization","@id":"https:\/\/distribuidorpanelrey.com\/#organization","name":"PANEL REY MEXICO","url":"https:\/\/distribuidorpanelrey.com\/","logo":{"@type":"ImageObject","inLanguage":"es","@id":"https:\/\/distribuidorpanelrey.com\/#\/schema\/logo\/image\/","url":"https:\/\/distribuidorpanelrey.com.mx\/wp-content\/uploads\/2023\/11\/panelrey.webp","contentUrl":"https:\/\/distribuidorpanelrey.com.mx\/wp-content\/uploads\/2023\/11\/panelrey.webp","width":400,"height":150,"caption":"PANEL REY MEXICO"},"image":{"@id":"https:\/\/distribuidorpanelrey.com\/#\/schema\/logo\/image\/"},"sameAs":["https:\/\/www.facebook.com\/mexicopanelrey\/?locale=es_LA","https:\/\/www.instagram.com\/panel_rey_mexico\/?hl=es"]}]}},"_links":{"self":[{"href":"https:\/\/distribuidorpanelrey.com.mx\/wp-json\/wp\/v2\/product\/5901","targetHints":{"allow":["GET"]}}],"collection":[{"href":"https:\/\/distribuidorpanelrey.com.mx\/wp-json\/wp\/v2\/product"}],"about":[{"href":"https:\/\/distribuidorpanelrey.com.mx\/wp-json\/wp\/v2\/types\/product"}],"replies":[{"embeddable":true,"href":"https:\/\/distribuidorpanelrey.com.mx\/wp-json\/wp\/v2\/comments?post=5901"}],"version-history":[{"count":1,"href":"https:\/\/distribuidorpanelrey.com.mx\/wp-json\/wp\/v2\/product\/5901\/revisions"}],"predecessor-version":[{"id":5902,"href":"https:\/\/distribuidorpanelrey.com.mx\/wp-json\/wp\/v2\/product\/5901\/revisions\/5902"}],"wp:featuredmedia":[{"embeddable":true,"href":"https:\/\/distribuidorpanelrey.com.mx\/wp-json\/wp\/v2\/media\/5890"}],"wp:attachment":[{"href":"https:\/\/distribuidorpanelrey.com.mx\/wp-json\/wp\/v2\/media?parent=5901"}],"wp:term":[{"taxonomy":"product_brand","embeddable":true,"href":"https:\/\/distribuidorpanelrey.com.mx\/wp-json\/wp\/v2\/product_brand?post=5901"},{"taxonomy":"product_cat","embeddable":true,"href":"https:\/\/distribuidorpanelrey.com.mx\/wp-json\/wp\/v2\/product_cat?post=5901"},{"taxonomy":"product_tag","embeddable":true,"href":"https:\/\/distribuidorpanelrey.com.mx\/wp-json\/wp\/v2\/product_tag?post=5901"}],"curies":[{"name":"wp","href":"https:\/\/api.w.org\/{rel}","templated":true}]}}