{"id":5907,"date":"2025-08-17T23:48:28","date_gmt":"2025-08-17T23:48:28","guid":{"rendered":"https:\/\/distribuidorpanelrey.com.mx\/?post_type=product&#038;p=5907"},"modified":"2025-08-18T04:20:04","modified_gmt":"2025-08-18T04:20:04","slug":"jerga-azul-sarga-gruesa-de-1m-x-48cm","status":"publish","type":"product","link":"https:\/\/distribuidorpanelrey.com.mx\/producto\/jerga-azul-sarga-gruesa-de-1m-x-48cm\/","title":{"rendered":"JERGA AZUL SARGA GRUESA DE 1m x 48cm"},"content":{"rendered":"<h3 data-start=\"138\" data-end=\"208\">\ud83e\uddfc <strong data-start=\"145\" data-end=\"208\">Jerga Sarga Gruesa Azul 1 m x 48 cm \u2013 Truper (C\u00f3digo 57104)<\/strong><\/h3>\n<p data-start=\"210\" data-end=\"534\">La <strong data-start=\"213\" data-end=\"270\">Jerga Sarga Gruesa Azul de 1 m x 48 cm (C\u00f3digo 57104)<\/strong> de Truper es una herramienta esencial para tareas de limpieza general en diversos entornos. Fabricada en M\u00e9xico bajo estrictas especificaciones de calidad, esta jerga combina resistencia y suavidad, siendo ideal para trabajos en talleres, hogares, oficinas y m\u00e1s.<\/p>\n<hr data-start=\"536\" data-end=\"539\" \/>\n<h4 data-start=\"541\" data-end=\"578\">\ud83d\udd27 <strong data-start=\"549\" data-end=\"578\">Caracter\u00edsticas T\u00e9cnicas:<\/strong><\/h4>\n<ul data-start=\"580\" data-end=\"776\">\n<li data-start=\"580\" data-end=\"622\">\n<p data-start=\"582\" data-end=\"622\"><strong data-start=\"582\" data-end=\"595\">Material:<\/strong> 85% algod\u00f3n, 15% poli\u00e9ster<\/p>\n<\/li>\n<li data-start=\"623\" data-end=\"640\">\n<p data-start=\"625\" data-end=\"640\"><strong data-start=\"625\" data-end=\"635\">Color:<\/strong> Azul<\/p>\n<\/li>\n<li data-start=\"641\" data-end=\"693\">\n<p data-start=\"643\" data-end=\"693\"><strong data-start=\"643\" data-end=\"659\">Dimensiones:<\/strong> 1 metro de largo x 48 cm de ancho<\/p>\n<\/li>\n<li data-start=\"694\" data-end=\"715\">\n<p data-start=\"696\" data-end=\"715\"><strong data-start=\"696\" data-end=\"705\">Peso:<\/strong> 68 gramos<\/p>\n<\/li>\n<li data-start=\"716\" data-end=\"750\">\n<p data-start=\"718\" data-end=\"750\"><strong data-start=\"718\" data-end=\"730\">Empaque:<\/strong> Etiqueta individual<\/p>\n<\/li>\n<li data-start=\"751\" data-end=\"776\">\n<p data-start=\"753\" data-end=\"776\"><strong data-start=\"753\" data-end=\"769\">Fabricaci\u00f3n:<\/strong> M\u00e9xico<\/p>\n<\/li>\n<\/ul>\n<hr data-start=\"778\" data-end=\"781\" \/>\n<h4 data-start=\"783\" data-end=\"813\">\ud83e\uddfc <strong data-start=\"791\" data-end=\"813\">Usos Recomendados:<\/strong><\/h4>\n<ul data-start=\"815\" data-end=\"965\">\n<li data-start=\"815\" data-end=\"865\">\n<p data-start=\"817\" data-end=\"865\">Limpieza general en talleres, oficinas y hogares<\/p>\n<\/li>\n<li data-start=\"866\" data-end=\"898\">\n<p data-start=\"868\" data-end=\"898\">Secado y pulido de superficies<\/p>\n<\/li>\n<li data-start=\"899\" data-end=\"930\">\n<p data-start=\"901\" data-end=\"930\">Aplicaci\u00f3n de aceites y ceras<\/p>\n<\/li>\n<li data-start=\"931\" data-end=\"965\">\n<p data-start=\"933\" data-end=\"965\">Absorci\u00f3n de l\u00edquidos y residuos<\/p>\n<\/li>\n<\/ul>\n<hr data-start=\"967\" data-end=\"970\" \/>\n<h4 data-start=\"972\" data-end=\"1009\">\ud83d\udce6 <strong data-start=\"980\" data-end=\"1009\">Disponibilidad y Empaque:<\/strong><\/h4>\n<ul data-start=\"1011\" data-end=\"1077\">\n<li data-start=\"1011\" data-end=\"1030\">\n<p data-start=\"1013\" data-end=\"1030\"><strong data-start=\"1013\" data-end=\"1024\">C\u00f3digo:<\/strong> 57104<\/p>\n<\/li>\n<li data-start=\"1031\" data-end=\"1050\">\n<p data-start=\"1033\" data-end=\"1050\"><strong data-start=\"1033\" data-end=\"1043\">Clave:<\/strong> JER-1A<\/p>\n<\/li>\n<\/ul>\n<p style=\"text-align: center;\">En\u00a0<strong data-start=\"82\" data-end=\"115\">Distribuidor Panel Rey M\u00e9xico<\/strong> encuentras calidad y confianza en productos <strong>Acero.<\/strong><br data-start=\"173\" data-end=\"176\" \/>\u2705 Env\u00edos a toda la Rep\u00fablica Mexicana. \u00a1Pregunta por nuestras promociones vigentes!<br data-start=\"259\" data-end=\"262\" data-is-only-node=\"\" \/>\u2705 Todos los precios incluyen IVA (sujetos a cambio sin previo aviso).<br data-start=\"331\" data-end=\"334\" \/>\u2705 Im\u00e1genes ilustrativas, el producto final puede presentar ligeras variaciones.<br data-start=\"413\" data-end=\"416\" \/>\ud83d\udcac \u00bfTienes dudas? Escr\u00edbenos por\u00a0<a href=\"https:\/\/www.facebook.com\/mexicopanelrey\">Facebook<\/a>\u00a0o\u00a0<a href=\"https:\/\/www.instagram.com\/panel_rey_mexico\/\">Instagram<\/a>.<br data-start=\"470\" data-end=\"473\" \/>\ud83d\udcde Tel:\u00a0<a href=\"tel:55 7397 6243\">55 7397 6243<\/a>\u00a0| WhatsApp:\u00a0<a href=\"https:\/\/api.whatsapp.com\/send?phone=525573976243\">5573976243<\/a><br data-start=\"518\" data-end=\"521\" \/>\ud83d\udce7\u00a0<a class=\"cursor-pointer\" href=\"mailto:ventas@distribuidorpanelrey.com\" rel=\"noopener\" data-start=\"524\" data-end=\"555\">ventas@distribuidorpanelrey.com<\/a><\/p>\n","protected":false},"excerpt":{"rendered":"<h4 style=\"text-align: center;\">Env\u00edos de 24 a 48 hr CDMX Y EDO MEX<\/h4>\n<p style=\"text-align: center;\">Rese\u00f1as\u00a0\u2605\u2605\u2605\u2605\u2605\u00a0 Env\u00edos Garantizados<\/p>\n<h4 style=\"text-align: center;\">\ud83d\udd25LOS MEJORES PRECIOS \ud83d\udd25<\/h4>\n","protected":false},"featured_media":5894,"comment_status":"closed","ping_status":"closed","template":"","meta":[],"product_brand":[1115],"product_cat":[1114],"product_tag":[1147,931,1150,1144,1148,1149],"class_list":{"0":"post-5907","1":"product","2":"type-product","3":"status-publish","4":"has-post-thumbnail","6":"product_brand-klintek","7":"product_cat-limpieza","8":"product_tag-1m-x-48cm","9":"product_tag-azul","10":"product_tag-gruesa","11":"product_tag-jerga","12":"product_tag-jerga-azul-sarga-gruesa-de-1m-x-48cm","13":"product_tag-sarga","15":"first","16":"instock","17":"shipping-taxable","18":"purchasable","19":"product-type-simple"},"yoast_head":"<!-- This site is optimized with the Yoast SEO plugin v27.1.1 - https:\/\/yoast.com\/product\/yoast-seo-wordpress\/ -->\n<title>JERGA AZUL SARGA GRUESA DE 1m x 48cm - PANEL REY MEXICO<\/title>\n<meta name=\"description\" content=\"Jerga azul sarga gruesa 1 m x 48 cm Truper, 85% algod\u00f3n, 15% poli\u00e9ster. Ideal para limpieza general, secado y pulido de superficies. Fabricada en M\u00e9xico.\" \/>\n<meta name=\"robots\" content=\"index, follow, max-snippet:-1, max-image-preview:large, max-video-preview:-1\" \/>\n<link rel=\"canonical\" href=\"https:\/\/distribuidorpanelrey.com.mx\/producto\/jerga-azul-sarga-gruesa-de-1m-x-48cm\/\" \/>\n<meta property=\"og:locale\" content=\"es_ES\" \/>\n<meta property=\"og:type\" content=\"article\" \/>\n<meta property=\"og:title\" content=\"JERGA AZUL SARGA GRUESA DE 1m x 48cm - PANEL REY MEXICO\" \/>\n<meta property=\"og:description\" content=\"Jerga azul sarga gruesa 1 m x 48 cm Truper, 85% algod\u00f3n, 15% poli\u00e9ster. Ideal para limpieza general, secado y pulido de superficies. Fabricada en M\u00e9xico.\" \/>\n<meta property=\"og:url\" content=\"https:\/\/distribuidorpanelrey.com.mx\/producto\/jerga-azul-sarga-gruesa-de-1m-x-48cm\/\" \/>\n<meta property=\"og:site_name\" content=\"PANEL REY MEXICO\" \/>\n<meta property=\"article:publisher\" content=\"https:\/\/www.facebook.com\/mexicopanelrey\/?locale=es_LA\" \/>\n<meta property=\"article:modified_time\" content=\"2025-08-18T04:20:04+00:00\" \/>\n<meta property=\"og:image\" content=\"https:\/\/distribuidorpanelrey.com.mx\/wp-content\/uploads\/2025\/08\/57104.webp\" \/>\n\t<meta property=\"og:image:width\" content=\"1800\" \/>\n\t<meta property=\"og:image:height\" content=\"1800\" \/>\n\t<meta property=\"og:image:type\" content=\"image\/webp\" \/>\n<meta name=\"twitter:card\" content=\"summary_large_image\" \/>\n<meta name=\"twitter:label1\" content=\"Tiempo de lectura\" \/>\n\t<meta name=\"twitter:data1\" content=\"2 minutos\" \/>\n<script type=\"application\/ld+json\" class=\"yoast-schema-graph\">{\"@context\":\"https:\/\/schema.org\",\"@graph\":[{\"@type\":\"WebPage\",\"@id\":\"https:\/\/distribuidorpanelrey.com.mx\/producto\/jerga-azul-sarga-gruesa-de-1m-x-48cm\/\",\"url\":\"https:\/\/distribuidorpanelrey.com.mx\/producto\/jerga-azul-sarga-gruesa-de-1m-x-48cm\/\",\"name\":\"JERGA AZUL SARGA GRUESA DE 1m x 48cm - PANEL REY MEXICO\",\"isPartOf\":{\"@id\":\"https:\/\/distribuidorpanelrey.com\/#website\"},\"primaryImageOfPage\":{\"@id\":\"https:\/\/distribuidorpanelrey.com.mx\/producto\/jerga-azul-sarga-gruesa-de-1m-x-48cm\/#primaryimage\"},\"image\":{\"@id\":\"https:\/\/distribuidorpanelrey.com.mx\/producto\/jerga-azul-sarga-gruesa-de-1m-x-48cm\/#primaryimage\"},\"thumbnailUrl\":\"https:\/\/distribuidorpanelrey.com.mx\/wp-content\/uploads\/2025\/08\/57104.webp\",\"datePublished\":\"2025-08-17T23:48:28+00:00\",\"dateModified\":\"2025-08-18T04:20:04+00:00\",\"description\":\"Jerga azul sarga gruesa 1 m x 48 cm Truper, 85% algod\u00f3n, 15% poli\u00e9ster. Ideal para limpieza general, secado y pulido de superficies. Fabricada en M\u00e9xico.\",\"breadcrumb\":{\"@id\":\"https:\/\/distribuidorpanelrey.com.mx\/producto\/jerga-azul-sarga-gruesa-de-1m-x-48cm\/#breadcrumb\"},\"inLanguage\":\"es\",\"potentialAction\":[{\"@type\":\"ReadAction\",\"target\":[\"https:\/\/distribuidorpanelrey.com.mx\/producto\/jerga-azul-sarga-gruesa-de-1m-x-48cm\/\"]}]},{\"@type\":\"ImageObject\",\"inLanguage\":\"es\",\"@id\":\"https:\/\/distribuidorpanelrey.com.mx\/producto\/jerga-azul-sarga-gruesa-de-1m-x-48cm\/#primaryimage\",\"url\":\"https:\/\/distribuidorpanelrey.com.mx\/wp-content\/uploads\/2025\/08\/57104.webp\",\"contentUrl\":\"https:\/\/distribuidorpanelrey.com.mx\/wp-content\/uploads\/2025\/08\/57104.webp\",\"width\":1800,\"height\":1800},{\"@type\":\"BreadcrumbList\",\"@id\":\"https:\/\/distribuidorpanelrey.com.mx\/producto\/jerga-azul-sarga-gruesa-de-1m-x-48cm\/#breadcrumb\",\"itemListElement\":[{\"@type\":\"ListItem\",\"position\":1,\"name\":\"Portada\",\"item\":\"https:\/\/distribuidorpanelrey.com.mx\/\"},{\"@type\":\"ListItem\",\"position\":2,\"name\":\"Productos\",\"item\":\"https:\/\/distribuidorpanelrey.com\/tienda\/\"},{\"@type\":\"ListItem\",\"position\":3,\"name\":\"JERGA AZUL SARGA GRUESA DE 1m x 48cm\"}]},{\"@type\":\"WebSite\",\"@id\":\"https:\/\/distribuidorpanelrey.com\/#website\",\"url\":\"https:\/\/distribuidorpanelrey.com\/\",\"name\":\"PANEL REY MEXICO\",\"description\":\"DISTRIBUIDOR PANEL REY\",\"publisher\":{\"@id\":\"https:\/\/distribuidorpanelrey.com\/#organization\"},\"alternateName\":\"DISTRIBUIDOR PANEL REY\",\"potentialAction\":[{\"@type\":\"SearchAction\",\"target\":{\"@type\":\"EntryPoint\",\"urlTemplate\":\"https:\/\/distribuidorpanelrey.com\/?s={search_term_string}\"},\"query-input\":{\"@type\":\"PropertyValueSpecification\",\"valueRequired\":true,\"valueName\":\"search_term_string\"}}],\"inLanguage\":\"es\"},{\"@type\":\"Organization\",\"@id\":\"https:\/\/distribuidorpanelrey.com\/#organization\",\"name\":\"PANEL REY MEXICO\",\"url\":\"https:\/\/distribuidorpanelrey.com\/\",\"logo\":{\"@type\":\"ImageObject\",\"inLanguage\":\"es\",\"@id\":\"https:\/\/distribuidorpanelrey.com\/#\/schema\/logo\/image\/\",\"url\":\"https:\/\/distribuidorpanelrey.com.mx\/wp-content\/uploads\/2023\/11\/panelrey.webp\",\"contentUrl\":\"https:\/\/distribuidorpanelrey.com.mx\/wp-content\/uploads\/2023\/11\/panelrey.webp\",\"width\":400,\"height\":150,\"caption\":\"PANEL REY MEXICO\"},\"image\":{\"@id\":\"https:\/\/distribuidorpanelrey.com\/#\/schema\/logo\/image\/\"},\"sameAs\":[\"https:\/\/www.facebook.com\/mexicopanelrey\/?locale=es_LA\",\"https:\/\/www.instagram.com\/panel_rey_mexico\/?hl=es\"]}]}<\/script>\n<!-- \/ Yoast SEO plugin. -->","yoast_head_json":{"title":"JERGA AZUL SARGA GRUESA DE 1m x 48cm - PANEL REY MEXICO","description":"Jerga azul sarga gruesa 1 m x 48 cm Truper, 85% algod\u00f3n, 15% poli\u00e9ster. Ideal para limpieza general, secado y pulido de superficies. Fabricada en M\u00e9xico.","robots":{"index":"index","follow":"follow","max-snippet":"max-snippet:-1","max-image-preview":"max-image-preview:large","max-video-preview":"max-video-preview:-1"},"canonical":"https:\/\/distribuidorpanelrey.com.mx\/producto\/jerga-azul-sarga-gruesa-de-1m-x-48cm\/","og_locale":"es_ES","og_type":"article","og_title":"JERGA AZUL SARGA GRUESA DE 1m x 48cm - PANEL REY MEXICO","og_description":"Jerga azul sarga gruesa 1 m x 48 cm Truper, 85% algod\u00f3n, 15% poli\u00e9ster. Ideal para limpieza general, secado y pulido de superficies. Fabricada en M\u00e9xico.","og_url":"https:\/\/distribuidorpanelrey.com.mx\/producto\/jerga-azul-sarga-gruesa-de-1m-x-48cm\/","og_site_name":"PANEL REY MEXICO","article_publisher":"https:\/\/www.facebook.com\/mexicopanelrey\/?locale=es_LA","article_modified_time":"2025-08-18T04:20:04+00:00","og_image":[{"width":1800,"height":1800,"url":"https:\/\/distribuidorpanelrey.com.mx\/wp-content\/uploads\/2025\/08\/57104.webp","type":"image\/webp"}],"twitter_card":"summary_large_image","twitter_misc":{"Tiempo de lectura":"2 minutos"},"schema":{"@context":"https:\/\/schema.org","@graph":[{"@type":"WebPage","@id":"https:\/\/distribuidorpanelrey.com.mx\/producto\/jerga-azul-sarga-gruesa-de-1m-x-48cm\/","url":"https:\/\/distribuidorpanelrey.com.mx\/producto\/jerga-azul-sarga-gruesa-de-1m-x-48cm\/","name":"JERGA AZUL SARGA GRUESA DE 1m x 48cm - PANEL REY MEXICO","isPartOf":{"@id":"https:\/\/distribuidorpanelrey.com\/#website"},"primaryImageOfPage":{"@id":"https:\/\/distribuidorpanelrey.com.mx\/producto\/jerga-azul-sarga-gruesa-de-1m-x-48cm\/#primaryimage"},"image":{"@id":"https:\/\/distribuidorpanelrey.com.mx\/producto\/jerga-azul-sarga-gruesa-de-1m-x-48cm\/#primaryimage"},"thumbnailUrl":"https:\/\/distribuidorpanelrey.com.mx\/wp-content\/uploads\/2025\/08\/57104.webp","datePublished":"2025-08-17T23:48:28+00:00","dateModified":"2025-08-18T04:20:04+00:00","description":"Jerga azul sarga gruesa 1 m x 48 cm Truper, 85% algod\u00f3n, 15% poli\u00e9ster. Ideal para limpieza general, secado y pulido de superficies. Fabricada en M\u00e9xico.","breadcrumb":{"@id":"https:\/\/distribuidorpanelrey.com.mx\/producto\/jerga-azul-sarga-gruesa-de-1m-x-48cm\/#breadcrumb"},"inLanguage":"es","potentialAction":[{"@type":"ReadAction","target":["https:\/\/distribuidorpanelrey.com.mx\/producto\/jerga-azul-sarga-gruesa-de-1m-x-48cm\/"]}]},{"@type":"ImageObject","inLanguage":"es","@id":"https:\/\/distribuidorpanelrey.com.mx\/producto\/jerga-azul-sarga-gruesa-de-1m-x-48cm\/#primaryimage","url":"https:\/\/distribuidorpanelrey.com.mx\/wp-content\/uploads\/2025\/08\/57104.webp","contentUrl":"https:\/\/distribuidorpanelrey.com.mx\/wp-content\/uploads\/2025\/08\/57104.webp","width":1800,"height":1800},{"@type":"BreadcrumbList","@id":"https:\/\/distribuidorpanelrey.com.mx\/producto\/jerga-azul-sarga-gruesa-de-1m-x-48cm\/#breadcrumb","itemListElement":[{"@type":"ListItem","position":1,"name":"Portada","item":"https:\/\/distribuidorpanelrey.com.mx\/"},{"@type":"ListItem","position":2,"name":"Productos","item":"https:\/\/distribuidorpanelrey.com\/tienda\/"},{"@type":"ListItem","position":3,"name":"JERGA AZUL SARGA GRUESA DE 1m x 48cm"}]},{"@type":"WebSite","@id":"https:\/\/distribuidorpanelrey.com\/#website","url":"https:\/\/distribuidorpanelrey.com\/","name":"PANEL REY MEXICO","description":"DISTRIBUIDOR PANEL REY","publisher":{"@id":"https:\/\/distribuidorpanelrey.com\/#organization"},"alternateName":"DISTRIBUIDOR PANEL REY","potentialAction":[{"@type":"SearchAction","target":{"@type":"EntryPoint","urlTemplate":"https:\/\/distribuidorpanelrey.com\/?s={search_term_string}"},"query-input":{"@type":"PropertyValueSpecification","valueRequired":true,"valueName":"search_term_string"}}],"inLanguage":"es"},{"@type":"Organization","@id":"https:\/\/distribuidorpanelrey.com\/#organization","name":"PANEL REY MEXICO","url":"https:\/\/distribuidorpanelrey.com\/","logo":{"@type":"ImageObject","inLanguage":"es","@id":"https:\/\/distribuidorpanelrey.com\/#\/schema\/logo\/image\/","url":"https:\/\/distribuidorpanelrey.com.mx\/wp-content\/uploads\/2023\/11\/panelrey.webp","contentUrl":"https:\/\/distribuidorpanelrey.com.mx\/wp-content\/uploads\/2023\/11\/panelrey.webp","width":400,"height":150,"caption":"PANEL REY MEXICO"},"image":{"@id":"https:\/\/distribuidorpanelrey.com\/#\/schema\/logo\/image\/"},"sameAs":["https:\/\/www.facebook.com\/mexicopanelrey\/?locale=es_LA","https:\/\/www.instagram.com\/panel_rey_mexico\/?hl=es"]}]}},"_links":{"self":[{"href":"https:\/\/distribuidorpanelrey.com.mx\/wp-json\/wp\/v2\/product\/5907","targetHints":{"allow":["GET"]}}],"collection":[{"href":"https:\/\/distribuidorpanelrey.com.mx\/wp-json\/wp\/v2\/product"}],"about":[{"href":"https:\/\/distribuidorpanelrey.com.mx\/wp-json\/wp\/v2\/types\/product"}],"replies":[{"embeddable":true,"href":"https:\/\/distribuidorpanelrey.com.mx\/wp-json\/wp\/v2\/comments?post=5907"}],"version-history":[{"count":1,"href":"https:\/\/distribuidorpanelrey.com.mx\/wp-json\/wp\/v2\/product\/5907\/revisions"}],"predecessor-version":[{"id":5908,"href":"https:\/\/distribuidorpanelrey.com.mx\/wp-json\/wp\/v2\/product\/5907\/revisions\/5908"}],"wp:featuredmedia":[{"embeddable":true,"href":"https:\/\/distribuidorpanelrey.com.mx\/wp-json\/wp\/v2\/media\/5894"}],"wp:attachment":[{"href":"https:\/\/distribuidorpanelrey.com.mx\/wp-json\/wp\/v2\/media?parent=5907"}],"wp:term":[{"taxonomy":"product_brand","embeddable":true,"href":"https:\/\/distribuidorpanelrey.com.mx\/wp-json\/wp\/v2\/product_brand?post=5907"},{"taxonomy":"product_cat","embeddable":true,"href":"https:\/\/distribuidorpanelrey.com.mx\/wp-json\/wp\/v2\/product_cat?post=5907"},{"taxonomy":"product_tag","embeddable":true,"href":"https:\/\/distribuidorpanelrey.com.mx\/wp-json\/wp\/v2\/product_tag?post=5907"}],"curies":[{"name":"wp","href":"https:\/\/api.w.org\/{rel}","templated":true}]}}