{"id":5917,"date":"2025-08-18T01:41:48","date_gmt":"2025-08-18T01:41:48","guid":{"rendered":"https:\/\/distribuidorpanelrey.com.mx\/?post_type=product&#038;p=5917"},"modified":"2025-08-18T01:41:48","modified_gmt":"2025-08-18T01:41:48","slug":"pegazulejo-adherock-ag-20kg-bulto-2","status":"publish","type":"product","link":"https:\/\/distribuidorpanelrey.com.mx\/producto\/pegazulejo-adherock-ag-20kg-bulto-2\/","title":{"rendered":"PEGAZULEJO ADHEROCK AG 20KG BULTO"},"content":{"rendered":"<p>\ud83e\uddf1 <strong data-start=\"165\" data-end=\"237\">Adherock AG Pegazulejo Gris 20 kg \u2013 Mortero Adhesivo de Alta Calidad<\/strong><\/p>\n<p data-start=\"239\" data-end=\"553\">El <strong data-start=\"242\" data-end=\"279\">Adherock AG Pegazulejo Gris 20 kg<\/strong> es un mortero adhesivo en polvo, dise\u00f1ado para adherir recubrimientos cer\u00e1micos de alta y media absorci\u00f3n de humedad en muros y pisos interiores. Su formulaci\u00f3n avanzada garantiza una excelente adherencia, facilidad de aplicaci\u00f3n y resistencia en condiciones residenciales.<\/p>\n<hr data-start=\"555\" data-end=\"558\" \/>\n<h4 data-start=\"560\" data-end=\"597\">\ud83d\udd27 <strong data-start=\"568\" data-end=\"597\">Caracter\u00edsticas T\u00e9cnicas:<\/strong><\/h4>\n<ul data-start=\"599\" data-end=\"1399\">\n<li data-start=\"599\" data-end=\"655\">\n<p data-start=\"601\" data-end=\"655\"><strong data-start=\"601\" data-end=\"617\">Composici\u00f3n:<\/strong> <span class=\"relative -mx-px my-[-0.2rem] rounded px-px py-[0.2rem] transition-colors duration-100 ease-in-out\">Cemento Portland, arena seleccionada y aditivos especiales.<\/span><\/p>\n<\/li>\n<li data-start=\"656\" data-end=\"706\">\n<p data-start=\"658\" data-end=\"706\"><strong data-start=\"658\" data-end=\"668\">Color:<\/strong> <span class=\"relative -mx-px my-[-0.2rem] rounded px-px py-[0.2rem] transition-colors duration-100 ease-in-out\">Gris.<\/span><\/p>\n<\/li>\n<li data-start=\"707\" data-end=\"764\">\n<p data-start=\"709\" data-end=\"764\"><strong data-start=\"709\" data-end=\"726\">Presentaci\u00f3n:<\/strong> <span class=\"relative -mx-px my-[-0.2rem] rounded px-px py-[0.2rem] transition-colors duration-100 ease-in-out\">Saco de 20 kg.<\/span><\/p>\n<\/li>\n<li data-start=\"765\" data-end=\"823\">\n<p data-start=\"767\" data-end=\"823\"><strong data-start=\"767\" data-end=\"783\">Rendimiento:<\/strong> <span class=\"relative -mx-px my-[-0.2rem] rounded px-px py-[0.2rem] transition-colors duration-100 ease-in-out\">Aproximadamente 4 a 5 m\u00b2 por saco sobre superficies lisas.<\/span><\/p>\n<\/li>\n<li data-start=\"824\" data-end=\"885\">\n<p data-start=\"826\" data-end=\"885\"><strong data-start=\"826\" data-end=\"845\">Tiempo abierto:<\/strong> <span class=\"relative -mx-px my-[-0.2rem] rounded px-px py-[0.2rem] transition-colors duration-100 ease-in-out\">10 minutos.<\/span><\/p>\n<\/li>\n<li data-start=\"886\" data-end=\"946\">\n<p data-start=\"888\" data-end=\"946\"><strong data-start=\"888\" data-end=\"906\">Ajustabilidad:<\/strong> <span class=\"relative -mx-px my-[-0.2rem] rounded px-px py-[0.2rem] transition-colors duration-100 ease-in-out\">9 minutos.<\/span><\/p>\n<\/li>\n<li data-start=\"947\" data-end=\"1025\">\n<p data-start=\"949\" data-end=\"1025\"><strong data-start=\"949\" data-end=\"985\">Deslizamiento en pared vertical:<\/strong> <span class=\"relative -mx-px my-[-0.2rem] rounded px-px py-[0.2rem] transition-colors duration-100 ease-in-out\">0.2 mm.<\/span><\/p>\n<\/li>\n<li data-start=\"1026\" data-end=\"1100\">\n<p data-start=\"1028\" data-end=\"1100\"><strong data-start=\"1028\" data-end=\"1060\">Resistencia a la compresi\u00f3n:<\/strong> <span class=\"relative -mx-px my-[-0.2rem] rounded px-px py-[0.2rem] transition-colors duration-100 ease-in-out\">24 kgf\/cm\u00b2.<\/span><\/p>\n<\/li>\n<li data-start=\"1101\" data-end=\"1172\">\n<p data-start=\"1103\" data-end=\"1172\"><strong data-start=\"1103\" data-end=\"1132\">Resistencia a la tensi\u00f3n:<\/strong> <span class=\"relative -mx-px my-[-0.2rem] rounded px-px py-[0.2rem] transition-colors duration-100 ease-in-out\">0.35 N\/mm\u00b2.<\/span><\/p>\n<\/li>\n<li data-start=\"1173\" data-end=\"1240\">\n<p data-start=\"1175\" data-end=\"1240\"><strong data-start=\"1175\" data-end=\"1200\">Resistencia al corte:<\/strong> <span class=\"relative -mx-px my-[-0.2rem] rounded px-px py-[0.2rem] transition-colors duration-100 ease-in-out\">10.6 kgf\/cm\u00b2.<\/span><\/p>\n<\/li>\n<li data-start=\"1241\" data-end=\"1399\">\n<p data-start=\"1243\" data-end=\"1399\"><strong data-start=\"1243\" data-end=\"1280\">Temperatura m\u00ednima de aplicaci\u00f3n:<\/strong> <span class=\"relative -mx-px my-[-0.2rem] rounded px-px py-[0.2rem] transition-colors duration-100 ease-in-out\">5 \u00b0C.<\/span><\/p>\n<\/li>\n<\/ul>\n<hr data-start=\"1401\" data-end=\"1404\" \/>\n<h4 data-start=\"1406\" data-end=\"1437\">\ud83d\udee0\ufe0f <strong data-start=\"1415\" data-end=\"1437\">Usos Recomendados:<\/strong><\/h4>\n<ul data-start=\"1439\" data-end=\"1643\">\n<li data-start=\"1439\" data-end=\"1480\">\n<p data-start=\"1441\" data-end=\"1480\"><span class=\"relative -mx-px my-[-0.2rem] rounded px-px py-[0.2rem] transition-colors duration-100 ease-in-out\">Instalaci\u00f3n de losetas cer\u00e1micas, azulejos y recubrimientos en muros y pisos interiores.<\/span><\/p>\n<\/li>\n<li data-start=\"1481\" data-end=\"1522\">\n<p data-start=\"1483\" data-end=\"1522\"><span class=\"relative -mx-px my-[-0.2rem] rounded px-px py-[0.2rem] transition-colors duration-100 ease-in-out\">Aplicaci\u00f3n en superficies con absorci\u00f3n de humedad media o alta.<\/span><\/p>\n<\/li>\n<li data-start=\"1523\" data-end=\"1643\">\n<p data-start=\"1525\" data-end=\"1643\"><span class=\"relative -mx-px my-[-0.2rem] rounded px-px py-[0.2rem] transition-colors duration-100 ease-in-out\">No recomendado para porcelanatos o piezas de baja absorci\u00f3n de agua.<\/span><\/p>\n<\/li>\n<\/ul>\n<hr data-start=\"1645\" data-end=\"1648\" \/>\n<h4 data-start=\"1650\" data-end=\"1670\">\u2705 <strong data-start=\"1657\" data-end=\"1670\">Ventajas:<\/strong><\/h4>\n<ul data-start=\"1672\" data-end=\"1960\">\n<li data-start=\"1672\" data-end=\"1713\">\n<p data-start=\"1674\" data-end=\"1713\"><span class=\"relative -mx-px my-[-0.2rem] rounded px-px py-[0.2rem] transition-colors duration-100 ease-in-out\">F\u00e1cil manejo y aplicaci\u00f3n.<\/span><\/p>\n<\/li>\n<li data-start=\"1714\" data-end=\"1755\">\n<p data-start=\"1716\" data-end=\"1755\"><span class=\"relative -mx-px my-[-0.2rem] rounded px-px py-[0.2rem] transition-colors duration-100 ease-in-out\">Rapidez de colocaci\u00f3n.<\/span><\/p>\n<\/li>\n<li data-start=\"1756\" data-end=\"1797\">\n<p data-start=\"1758\" data-end=\"1797\"><span class=\"relative -mx-px my-[-0.2rem] rounded px-px py-[0.2rem] transition-colors duration-100 ease-in-out\">Ajustabilidad y tiempo abierto adecuados.<\/span><\/p>\n<\/li>\n<li data-start=\"1798\" data-end=\"1839\">\n<p data-start=\"1800\" data-end=\"1839\"><span class=\"relative -mx-px my-[-0.2rem] rounded px-px py-[0.2rem] transition-colors duration-100 ease-in-out\">Adherencia inmejorable.<\/span><\/p>\n<\/li>\n<li data-start=\"1840\" data-end=\"1960\">\n<p data-start=\"1842\" data-end=\"1960\"><span class=\"relative -mx-px my-[-0.2rem] rounded px-px py-[0.2rem] transition-colors duration-100 ease-in-out\">Econ\u00f3mico.<\/span><\/p>\n<\/li>\n<\/ul>\n<hr data-start=\"1962\" data-end=\"1965\" \/>\n<h4 data-start=\"1967\" data-end=\"2002\">\ud83e\uddfc <strong data-start=\"1975\" data-end=\"2002\">Recomendaciones de Uso:<\/strong><\/h4>\n<ul data-start=\"2004\" data-end=\"2250\">\n<li data-start=\"2004\" data-end=\"2045\">\n<p data-start=\"2006\" data-end=\"2045\"><span class=\"relative -mx-px my-[-0.2rem] rounded px-px py-[0.2rem] transition-colors duration-100 ease-in-out\">Mezclar el producto con agua limpia hasta obtener una pasta homog\u00e9nea.<\/span><\/p>\n<\/li>\n<li data-start=\"2046\" data-end=\"2087\">\n<p data-start=\"2048\" data-end=\"2087\"><span class=\"relative -mx-px my-[-0.2rem] rounded px-px py-[0.2rem] transition-colors duration-100 ease-in-out\">Aplicar sobre superficies limpias, secas y libres de polvo.<\/span><\/p>\n<\/li>\n<li data-start=\"2088\" data-end=\"2129\">\n<p data-start=\"2090\" data-end=\"2129\"><span class=\"relative -mx-px my-[-0.2rem] rounded px-px py-[0.2rem] transition-colors duration-100 ease-in-out\">No aplicar a temperaturas inferiores a 5 \u00b0C.<\/span><\/p>\n<\/li>\n<li data-start=\"2130\" data-end=\"2250\">\n<p data-start=\"2132\" data-end=\"2250\"><span class=\"relative -mx-px my-[-0.2rem] rounded px-px py-[0.2rem] transition-colors duration-100 ease-in-out\">Utilizar dentro de las 2 horas posteriores a la preparaci\u00f3n de la mezcla<\/span><\/p>\n<\/li>\n<\/ul>\n<p style=\"text-align: center;\">En\u00a0<strong data-start=\"82\" data-end=\"115\">Distribuidor Panel Rey M\u00e9xico<\/strong> encuentras calidad y confianza en productos <strong>Acero.<\/strong><br data-start=\"173\" data-end=\"176\" \/>\u2705 Env\u00edos a toda la Rep\u00fablica Mexicana. \u00a1Pregunta por nuestras promociones vigentes!<br data-start=\"259\" data-end=\"262\" data-is-only-node=\"\" \/>\u2705 Todos los precios incluyen IVA (sujetos a cambio sin previo aviso).<br data-start=\"331\" data-end=\"334\" \/>\u2705 Im\u00e1genes ilustrativas, el producto final puede presentar ligeras variaciones.<br data-start=\"413\" data-end=\"416\" \/>\ud83d\udcac \u00bfTienes dudas? Escr\u00edbenos por\u00a0<a href=\"https:\/\/www.facebook.com\/mexicopanelrey\">Facebook<\/a>\u00a0o\u00a0<a href=\"https:\/\/www.instagram.com\/panel_rey_mexico\/\">Instagram<\/a>.<br data-start=\"470\" data-end=\"473\" \/>\ud83d\udcde Tel:\u00a0<a href=\"tel:55 7397 6243\">55 7397 6243<\/a>\u00a0| WhatsApp:\u00a0<a href=\"https:\/\/api.whatsapp.com\/send?phone=525573976243\">5573976243<\/a><br data-start=\"518\" data-end=\"521\" \/>\ud83d\udce7\u00a0<a class=\"cursor-pointer\" href=\"mailto:ventas@distribuidorpanelrey.com\" rel=\"noopener\" data-start=\"524\" data-end=\"555\">ventas@distribuidorpanelrey.com<\/a><\/p>\n","protected":false},"excerpt":{"rendered":"<h4 style=\"text-align: center;\">Env\u00edos de 24 a 48 hr CDMX Y EDO MEX<\/h4>\n<p style=\"text-align: center;\">Rese\u00f1as\u00a0\u2605\u2605\u2605\u2605\u2605\u00a0 Env\u00edos Garantizados<\/p>\n<h4 style=\"text-align: center;\">\ud83d\udd25LOS MEJORES PRECIOS \ud83d\udd25<\/h4>\n","protected":false},"featured_media":5918,"comment_status":"closed","ping_status":"closed","template":"","meta":[],"product_brand":[555],"product_cat":[35],"product_tag":[1153,595,596,314,1154],"class_list":{"0":"post-5917","1":"product","2":"type-product","3":"status-publish","4":"has-post-thumbnail","6":"product_brand-fortec","7":"product_cat-compuestos-y-polvos","8":"product_tag-20kg-bulto","9":"product_tag-adherock","10":"product_tag-ag","11":"product_tag-pegazulejo","12":"product_tag-pegazulejo-adherock-ag-20kg-bulto","14":"first","15":"instock","16":"shipping-taxable","17":"purchasable","18":"product-type-simple"},"yoast_head":"<!-- This site is optimized with the Yoast SEO plugin v27.1.1 - https:\/\/yoast.com\/product\/yoast-seo-wordpress\/ -->\n<title>PEGAZULEJO ADHEROCK AG 20KG BULTO - PANEL REY MEXICO<\/title>\n<meta name=\"description\" content=\"Adherock AG Pegazulejo Gris 20 kg: Mortero adhesivo de alta calidad para cer\u00e1mica y azulejos. Ideal para interiores con alta y media absorci\u00f3n de humedad. F\u00e1cil aplicaci\u00f3n y excelente adherencia.\" \/>\n<meta name=\"robots\" content=\"index, follow, max-snippet:-1, max-image-preview:large, max-video-preview:-1\" \/>\n<link rel=\"canonical\" href=\"https:\/\/distribuidorpanelrey.com.mx\/producto\/pegazulejo-adherock-ag-20kg-bulto-2\/\" \/>\n<meta property=\"og:locale\" content=\"es_ES\" \/>\n<meta property=\"og:type\" content=\"article\" \/>\n<meta property=\"og:title\" content=\"PEGAZULEJO ADHEROCK AG 20KG BULTO - PANEL REY MEXICO\" \/>\n<meta property=\"og:description\" content=\"Adherock AG Pegazulejo Gris 20 kg: Mortero adhesivo de alta calidad para cer\u00e1mica y azulejos. Ideal para interiores con alta y media absorci\u00f3n de humedad. F\u00e1cil aplicaci\u00f3n y excelente adherencia.\" \/>\n<meta property=\"og:url\" content=\"https:\/\/distribuidorpanelrey.com.mx\/producto\/pegazulejo-adherock-ag-20kg-bulto-2\/\" \/>\n<meta property=\"og:site_name\" content=\"PANEL REY MEXICO\" \/>\n<meta property=\"article:publisher\" content=\"https:\/\/www.facebook.com\/mexicopanelrey\/?locale=es_LA\" \/>\n<meta property=\"og:image\" content=\"https:\/\/distribuidorpanelrey.com.mx\/wp-content\/uploads\/2025\/08\/ag.webp\" \/>\n\t<meta property=\"og:image:width\" content=\"450\" \/>\n\t<meta property=\"og:image:height\" content=\"450\" \/>\n\t<meta property=\"og:image:type\" content=\"image\/webp\" \/>\n<meta name=\"twitter:card\" content=\"summary_large_image\" \/>\n<meta name=\"twitter:label1\" content=\"Tiempo de lectura\" \/>\n\t<meta name=\"twitter:data1\" content=\"2 minutos\" \/>\n<script type=\"application\/ld+json\" class=\"yoast-schema-graph\">{\"@context\":\"https:\/\/schema.org\",\"@graph\":[{\"@type\":\"WebPage\",\"@id\":\"https:\/\/distribuidorpanelrey.com.mx\/producto\/pegazulejo-adherock-ag-20kg-bulto-2\/\",\"url\":\"https:\/\/distribuidorpanelrey.com.mx\/producto\/pegazulejo-adherock-ag-20kg-bulto-2\/\",\"name\":\"PEGAZULEJO ADHEROCK AG 20KG BULTO - PANEL REY MEXICO\",\"isPartOf\":{\"@id\":\"https:\/\/distribuidorpanelrey.com\/#website\"},\"primaryImageOfPage\":{\"@id\":\"https:\/\/distribuidorpanelrey.com.mx\/producto\/pegazulejo-adherock-ag-20kg-bulto-2\/#primaryimage\"},\"image\":{\"@id\":\"https:\/\/distribuidorpanelrey.com.mx\/producto\/pegazulejo-adherock-ag-20kg-bulto-2\/#primaryimage\"},\"thumbnailUrl\":\"https:\/\/distribuidorpanelrey.com.mx\/wp-content\/uploads\/2025\/08\/ag.webp\",\"datePublished\":\"2025-08-18T01:41:48+00:00\",\"description\":\"Adherock AG Pegazulejo Gris 20 kg: Mortero adhesivo de alta calidad para cer\u00e1mica y azulejos. Ideal para interiores con alta y media absorci\u00f3n de humedad. F\u00e1cil aplicaci\u00f3n y excelente adherencia.\",\"breadcrumb\":{\"@id\":\"https:\/\/distribuidorpanelrey.com.mx\/producto\/pegazulejo-adherock-ag-20kg-bulto-2\/#breadcrumb\"},\"inLanguage\":\"es\",\"potentialAction\":[{\"@type\":\"ReadAction\",\"target\":[\"https:\/\/distribuidorpanelrey.com.mx\/producto\/pegazulejo-adherock-ag-20kg-bulto-2\/\"]}]},{\"@type\":\"ImageObject\",\"inLanguage\":\"es\",\"@id\":\"https:\/\/distribuidorpanelrey.com.mx\/producto\/pegazulejo-adherock-ag-20kg-bulto-2\/#primaryimage\",\"url\":\"https:\/\/distribuidorpanelrey.com.mx\/wp-content\/uploads\/2025\/08\/ag.webp\",\"contentUrl\":\"https:\/\/distribuidorpanelrey.com.mx\/wp-content\/uploads\/2025\/08\/ag.webp\",\"width\":450,\"height\":450},{\"@type\":\"BreadcrumbList\",\"@id\":\"https:\/\/distribuidorpanelrey.com.mx\/producto\/pegazulejo-adherock-ag-20kg-bulto-2\/#breadcrumb\",\"itemListElement\":[{\"@type\":\"ListItem\",\"position\":1,\"name\":\"Portada\",\"item\":\"https:\/\/distribuidorpanelrey.com.mx\/\"},{\"@type\":\"ListItem\",\"position\":2,\"name\":\"Productos\",\"item\":\"https:\/\/distribuidorpanelrey.com\/tienda\/\"},{\"@type\":\"ListItem\",\"position\":3,\"name\":\"PEGAZULEJO ADHEROCK AG 20KG BULTO\"}]},{\"@type\":\"WebSite\",\"@id\":\"https:\/\/distribuidorpanelrey.com\/#website\",\"url\":\"https:\/\/distribuidorpanelrey.com\/\",\"name\":\"PANEL REY MEXICO\",\"description\":\"DISTRIBUIDOR PANEL REY\",\"publisher\":{\"@id\":\"https:\/\/distribuidorpanelrey.com\/#organization\"},\"alternateName\":\"DISTRIBUIDOR PANEL REY\",\"potentialAction\":[{\"@type\":\"SearchAction\",\"target\":{\"@type\":\"EntryPoint\",\"urlTemplate\":\"https:\/\/distribuidorpanelrey.com\/?s={search_term_string}\"},\"query-input\":{\"@type\":\"PropertyValueSpecification\",\"valueRequired\":true,\"valueName\":\"search_term_string\"}}],\"inLanguage\":\"es\"},{\"@type\":\"Organization\",\"@id\":\"https:\/\/distribuidorpanelrey.com\/#organization\",\"name\":\"PANEL REY MEXICO\",\"url\":\"https:\/\/distribuidorpanelrey.com\/\",\"logo\":{\"@type\":\"ImageObject\",\"inLanguage\":\"es\",\"@id\":\"https:\/\/distribuidorpanelrey.com\/#\/schema\/logo\/image\/\",\"url\":\"https:\/\/distribuidorpanelrey.com.mx\/wp-content\/uploads\/2023\/11\/panelrey.webp\",\"contentUrl\":\"https:\/\/distribuidorpanelrey.com.mx\/wp-content\/uploads\/2023\/11\/panelrey.webp\",\"width\":400,\"height\":150,\"caption\":\"PANEL REY MEXICO\"},\"image\":{\"@id\":\"https:\/\/distribuidorpanelrey.com\/#\/schema\/logo\/image\/\"},\"sameAs\":[\"https:\/\/www.facebook.com\/mexicopanelrey\/?locale=es_LA\",\"https:\/\/www.instagram.com\/panel_rey_mexico\/?hl=es\"]}]}<\/script>\n<!-- \/ Yoast SEO plugin. -->","yoast_head_json":{"title":"PEGAZULEJO ADHEROCK AG 20KG BULTO - PANEL REY MEXICO","description":"Adherock AG Pegazulejo Gris 20 kg: Mortero adhesivo de alta calidad para cer\u00e1mica y azulejos. Ideal para interiores con alta y media absorci\u00f3n de humedad. F\u00e1cil aplicaci\u00f3n y excelente adherencia.","robots":{"index":"index","follow":"follow","max-snippet":"max-snippet:-1","max-image-preview":"max-image-preview:large","max-video-preview":"max-video-preview:-1"},"canonical":"https:\/\/distribuidorpanelrey.com.mx\/producto\/pegazulejo-adherock-ag-20kg-bulto-2\/","og_locale":"es_ES","og_type":"article","og_title":"PEGAZULEJO ADHEROCK AG 20KG BULTO - PANEL REY MEXICO","og_description":"Adherock AG Pegazulejo Gris 20 kg: Mortero adhesivo de alta calidad para cer\u00e1mica y azulejos. Ideal para interiores con alta y media absorci\u00f3n de humedad. F\u00e1cil aplicaci\u00f3n y excelente adherencia.","og_url":"https:\/\/distribuidorpanelrey.com.mx\/producto\/pegazulejo-adherock-ag-20kg-bulto-2\/","og_site_name":"PANEL REY MEXICO","article_publisher":"https:\/\/www.facebook.com\/mexicopanelrey\/?locale=es_LA","og_image":[{"width":450,"height":450,"url":"https:\/\/distribuidorpanelrey.com.mx\/wp-content\/uploads\/2025\/08\/ag.webp","type":"image\/webp"}],"twitter_card":"summary_large_image","twitter_misc":{"Tiempo de lectura":"2 minutos"},"schema":{"@context":"https:\/\/schema.org","@graph":[{"@type":"WebPage","@id":"https:\/\/distribuidorpanelrey.com.mx\/producto\/pegazulejo-adherock-ag-20kg-bulto-2\/","url":"https:\/\/distribuidorpanelrey.com.mx\/producto\/pegazulejo-adherock-ag-20kg-bulto-2\/","name":"PEGAZULEJO ADHEROCK AG 20KG BULTO - PANEL REY MEXICO","isPartOf":{"@id":"https:\/\/distribuidorpanelrey.com\/#website"},"primaryImageOfPage":{"@id":"https:\/\/distribuidorpanelrey.com.mx\/producto\/pegazulejo-adherock-ag-20kg-bulto-2\/#primaryimage"},"image":{"@id":"https:\/\/distribuidorpanelrey.com.mx\/producto\/pegazulejo-adherock-ag-20kg-bulto-2\/#primaryimage"},"thumbnailUrl":"https:\/\/distribuidorpanelrey.com.mx\/wp-content\/uploads\/2025\/08\/ag.webp","datePublished":"2025-08-18T01:41:48+00:00","description":"Adherock AG Pegazulejo Gris 20 kg: Mortero adhesivo de alta calidad para cer\u00e1mica y azulejos. Ideal para interiores con alta y media absorci\u00f3n de humedad. F\u00e1cil aplicaci\u00f3n y excelente adherencia.","breadcrumb":{"@id":"https:\/\/distribuidorpanelrey.com.mx\/producto\/pegazulejo-adherock-ag-20kg-bulto-2\/#breadcrumb"},"inLanguage":"es","potentialAction":[{"@type":"ReadAction","target":["https:\/\/distribuidorpanelrey.com.mx\/producto\/pegazulejo-adherock-ag-20kg-bulto-2\/"]}]},{"@type":"ImageObject","inLanguage":"es","@id":"https:\/\/distribuidorpanelrey.com.mx\/producto\/pegazulejo-adherock-ag-20kg-bulto-2\/#primaryimage","url":"https:\/\/distribuidorpanelrey.com.mx\/wp-content\/uploads\/2025\/08\/ag.webp","contentUrl":"https:\/\/distribuidorpanelrey.com.mx\/wp-content\/uploads\/2025\/08\/ag.webp","width":450,"height":450},{"@type":"BreadcrumbList","@id":"https:\/\/distribuidorpanelrey.com.mx\/producto\/pegazulejo-adherock-ag-20kg-bulto-2\/#breadcrumb","itemListElement":[{"@type":"ListItem","position":1,"name":"Portada","item":"https:\/\/distribuidorpanelrey.com.mx\/"},{"@type":"ListItem","position":2,"name":"Productos","item":"https:\/\/distribuidorpanelrey.com\/tienda\/"},{"@type":"ListItem","position":3,"name":"PEGAZULEJO ADHEROCK AG 20KG BULTO"}]},{"@type":"WebSite","@id":"https:\/\/distribuidorpanelrey.com\/#website","url":"https:\/\/distribuidorpanelrey.com\/","name":"PANEL REY MEXICO","description":"DISTRIBUIDOR PANEL REY","publisher":{"@id":"https:\/\/distribuidorpanelrey.com\/#organization"},"alternateName":"DISTRIBUIDOR PANEL REY","potentialAction":[{"@type":"SearchAction","target":{"@type":"EntryPoint","urlTemplate":"https:\/\/distribuidorpanelrey.com\/?s={search_term_string}"},"query-input":{"@type":"PropertyValueSpecification","valueRequired":true,"valueName":"search_term_string"}}],"inLanguage":"es"},{"@type":"Organization","@id":"https:\/\/distribuidorpanelrey.com\/#organization","name":"PANEL REY MEXICO","url":"https:\/\/distribuidorpanelrey.com\/","logo":{"@type":"ImageObject","inLanguage":"es","@id":"https:\/\/distribuidorpanelrey.com\/#\/schema\/logo\/image\/","url":"https:\/\/distribuidorpanelrey.com.mx\/wp-content\/uploads\/2023\/11\/panelrey.webp","contentUrl":"https:\/\/distribuidorpanelrey.com.mx\/wp-content\/uploads\/2023\/11\/panelrey.webp","width":400,"height":150,"caption":"PANEL REY MEXICO"},"image":{"@id":"https:\/\/distribuidorpanelrey.com\/#\/schema\/logo\/image\/"},"sameAs":["https:\/\/www.facebook.com\/mexicopanelrey\/?locale=es_LA","https:\/\/www.instagram.com\/panel_rey_mexico\/?hl=es"]}]}},"_links":{"self":[{"href":"https:\/\/distribuidorpanelrey.com.mx\/wp-json\/wp\/v2\/product\/5917","targetHints":{"allow":["GET"]}}],"collection":[{"href":"https:\/\/distribuidorpanelrey.com.mx\/wp-json\/wp\/v2\/product"}],"about":[{"href":"https:\/\/distribuidorpanelrey.com.mx\/wp-json\/wp\/v2\/types\/product"}],"replies":[{"embeddable":true,"href":"https:\/\/distribuidorpanelrey.com.mx\/wp-json\/wp\/v2\/comments?post=5917"}],"version-history":[{"count":2,"href":"https:\/\/distribuidorpanelrey.com.mx\/wp-json\/wp\/v2\/product\/5917\/revisions"}],"predecessor-version":[{"id":5920,"href":"https:\/\/distribuidorpanelrey.com.mx\/wp-json\/wp\/v2\/product\/5917\/revisions\/5920"}],"wp:featuredmedia":[{"embeddable":true,"href":"https:\/\/distribuidorpanelrey.com.mx\/wp-json\/wp\/v2\/media\/5918"}],"wp:attachment":[{"href":"https:\/\/distribuidorpanelrey.com.mx\/wp-json\/wp\/v2\/media?parent=5917"}],"wp:term":[{"taxonomy":"product_brand","embeddable":true,"href":"https:\/\/distribuidorpanelrey.com.mx\/wp-json\/wp\/v2\/product_brand?post=5917"},{"taxonomy":"product_cat","embeddable":true,"href":"https:\/\/distribuidorpanelrey.com.mx\/wp-json\/wp\/v2\/product_cat?post=5917"},{"taxonomy":"product_tag","embeddable":true,"href":"https:\/\/distribuidorpanelrey.com.mx\/wp-json\/wp\/v2\/product_tag?post=5917"}],"curies":[{"name":"wp","href":"https:\/\/api.w.org\/{rel}","templated":true}]}}