{"id":6247,"date":"2025-08-22T02:27:23","date_gmt":"2025-08-22T02:27:23","guid":{"rendered":"https:\/\/distribuidorpanelrey.com.mx\/?post_type=product&#038;p=6247"},"modified":"2025-08-22T02:27:54","modified_gmt":"2025-08-22T02:27:54","slug":"escuadra-de-12-de-aluminio-color-negro","status":"publish","type":"product","link":"https:\/\/distribuidorpanelrey.com.mx\/producto\/escuadra-de-12-de-aluminio-color-negro\/","title":{"rendered":"ESCUADRA DE 12&#8243; DE ALUMINIO COLOR NEGRO"},"content":{"rendered":"<h3 data-start=\"198\" data-end=\"301\"><strong data-start=\"202\" data-end=\"301\">Escuadra 12&#8243; de aluminio color negro para muros de yeso \u2013 Truper (C\u00f3digo 104024, Clave ET-12AN)<\/strong><\/h3>\n<p data-start=\"322\" data-end=\"734\">La <strong data-start=\"325\" data-end=\"403\">Escuadra 12&#8243; de aluminio color negro para muros de yeso \u2013 Truper (ET-12AN)<\/strong> es una herramienta esencial para trabajos de resane y aplicaci\u00f3n de pastas en alba\u00f1iler\u00eda y pintura. Fabricada en China bajo las estrictas especificaciones de Grupo Truper, combina un cuerpo ligero de aluminio con una graduaci\u00f3n impresa por ambos lados en alto contraste para una f\u00e1cil lectura en condiciones de baja iluminaci\u00f3n.<\/p>\n<h4 data-start=\"736\" data-end=\"767\">Caracter\u00edsticas destacadas<\/h4>\n<ul data-start=\"768\" data-end=\"1208\">\n<li data-start=\"768\" data-end=\"842\">\n<p data-start=\"770\" data-end=\"842\"><strong data-start=\"770\" data-end=\"799\">Cuerpo ligero de aluminio<\/strong>, facilitando su uso prolongado sin fatiga.<\/p>\n<\/li>\n<li data-start=\"843\" data-end=\"957\">\n<p data-start=\"845\" data-end=\"957\"><strong data-start=\"845\" data-end=\"901\">Graduaci\u00f3n impresa por ambos lados en alto contraste<\/strong>, para f\u00e1cil lectura en condiciones de baja iluminaci\u00f3n.<\/p>\n<\/li>\n<li data-start=\"958\" data-end=\"1036\">\n<p data-start=\"960\" data-end=\"1036\"><strong data-start=\"960\" data-end=\"1001\">Medidas en sistema m\u00e9trico y est\u00e1ndar<\/strong>, brindando versatilidad en su uso.<\/p>\n<\/li>\n<li data-start=\"1037\" data-end=\"1111\">\n<p data-start=\"1039\" data-end=\"1111\"><strong data-start=\"1039\" data-end=\"1063\">Esquinas redondeadas<\/strong>, proporcionando mayor seguridad durante su uso.<\/p>\n<\/li>\n<li data-start=\"1112\" data-end=\"1208\">\n<p data-start=\"1114\" data-end=\"1208\"><strong data-start=\"1114\" data-end=\"1207\">Dise\u00f1o optimizado para medici\u00f3n de \u00e1ngulos (0\u00b0 a 90\u00b0), uso con nivel y como gu\u00eda de corte<\/strong>.<\/p>\n<\/li>\n<\/ul>\n<h4 data-start=\"1210\" data-end=\"1232\">Usos recomendados<\/h4>\n<ul data-start=\"1233\" data-end=\"1394\">\n<li data-start=\"1233\" data-end=\"1309\">\n<p data-start=\"1235\" data-end=\"1309\">Aplicaci\u00f3n de pastas, resanes y reparaciones finas en superficies murales.<\/p>\n<\/li>\n<li data-start=\"1310\" data-end=\"1394\">\n<p data-start=\"1312\" data-end=\"1394\">Tareas de alba\u00f1iler\u00eda y pintura donde se requieren acabados precisos y eficientes.<\/p>\n<\/li>\n<\/ul>\n<h4 data-start=\"1396\" data-end=\"1421\">Rendimiento estimado<\/h4>\n<ul data-start=\"1422\" data-end=\"1576\">\n<li data-start=\"1422\" data-end=\"1446\">\n<p data-start=\"1424\" data-end=\"1446\"><strong data-start=\"1424\" data-end=\"1433\">Largo<\/strong>: 12&#8243; (30 cm)<\/p>\n<\/li>\n<li data-start=\"1447\" data-end=\"1464\">\n<p data-start=\"1449\" data-end=\"1464\"><strong data-start=\"1449\" data-end=\"1457\">Base<\/strong>: 43 cm<\/p>\n<\/li>\n<li data-start=\"1465\" data-end=\"1484\">\n<p data-start=\"1467\" data-end=\"1484\"><strong data-start=\"1467\" data-end=\"1478\">Espesor<\/strong>: 5 mm<\/p>\n<\/li>\n<li data-start=\"1485\" data-end=\"1504\">\n<p data-start=\"1487\" data-end=\"1504\"><strong data-start=\"1487\" data-end=\"1495\">Peso<\/strong>: 0.47 kg<\/p>\n<\/li>\n<li data-start=\"1505\" data-end=\"1576\">\n<p data-start=\"1507\" data-end=\"1576\"><strong data-start=\"1507\" data-end=\"1529\">Empaque disponible<\/strong>: Inner de 2 unidades, Master de 432 unidades.<\/p>\n<\/li>\n<\/ul>\n<h4 data-start=\"1578\" data-end=\"1603\">Ventajas principales<\/h4>\n<ul data-start=\"1604\" data-end=\"1899\">\n<li data-start=\"1604\" data-end=\"1674\">\n<p data-start=\"1606\" data-end=\"1674\"><strong data-start=\"1606\" data-end=\"1626\">Alta durabilidad<\/strong> gracias al cuerpo de aluminio y dise\u00f1o robusto.<\/p>\n<\/li>\n<li data-start=\"1675\" data-end=\"1749\">\n<p data-start=\"1677\" data-end=\"1749\"><strong data-start=\"1677\" data-end=\"1704\">Lectura clara y precisa<\/strong> de medidas, facilitando trabajos detallados.<\/p>\n<\/li>\n<li data-start=\"1750\" data-end=\"1820\">\n<p data-start=\"1752\" data-end=\"1820\"><strong data-start=\"1752\" data-end=\"1773\">Dise\u00f1o ergon\u00f3mico<\/strong> con esquinas redondeadas para mayor seguridad.<\/p>\n<\/li>\n<li data-start=\"1821\" data-end=\"1899\">\n<p data-start=\"1823\" data-end=\"1899\"><strong data-start=\"1823\" data-end=\"1849\">Ligereza y resistencia<\/strong>, ideal para trabajos prolongados sin incomodidad.<\/p>\n<\/li>\n<\/ul>\n<p>&nbsp;<\/p>\n<p style=\"text-align: center;\">En\u00a0<strong data-start=\"82\" data-end=\"115\">Distribuidor Panel Rey M\u00e9xico<\/strong> encuentras calidad y confianza en productos <strong>Acero.<\/strong><br data-start=\"173\" data-end=\"176\" \/>\u2705 Env\u00edos a toda la Rep\u00fablica Mexicana. \u00a1Pregunta por nuestras promociones vigentes!<br data-start=\"259\" data-end=\"262\" data-is-only-node=\"\" \/>\u2705 Todos los precios incluyen IVA (sujetos a cambio sin previo aviso).<br data-start=\"331\" data-end=\"334\" \/>\u2705 Im\u00e1genes ilustrativas, el producto final puede presentar ligeras variaciones.<br data-start=\"413\" data-end=\"416\" \/>\ud83d\udcac \u00bfTienes dudas? Escr\u00edbenos por\u00a0<a href=\"https:\/\/www.facebook.com\/mexicopanelrey\">Facebook<\/a>\u00a0o\u00a0<a href=\"https:\/\/www.instagram.com\/panel_rey_mexico\/\">Instagram<\/a>.<br data-start=\"470\" data-end=\"473\" \/>\ud83d\udcde Tel:\u00a0<a href=\"tel:55 7397 6243\">55 7397 6243<\/a>\u00a0| WhatsApp:\u00a0<a href=\"https:\/\/api.whatsapp.com\/send?phone=525573976243\">5573976243<\/a><br data-start=\"518\" data-end=\"521\" \/>\ud83d\udce7\u00a0<a class=\"cursor-pointer\" href=\"mailto:ventas@distribuidorpanelrey.com\" rel=\"noopener\" data-start=\"524\" data-end=\"555\">ventas@distribuidorpanelrey.com<\/a><\/p>\n","protected":false},"excerpt":{"rendered":"<h4 style=\"text-align: center;\">Env\u00edos de 24 a 48 hr CDMX Y EDO MEX<\/h4>\n<p style=\"text-align: center;\">Rese\u00f1as\u00a0\u2605\u2605\u2605\u2605\u2605\u00a0 Env\u00edos Garantizados<\/p>\n<h4 style=\"text-align: center;\">\ud83d\udd25LOS MEJORES PRECIOS \ud83d\udd25<\/h4>\n","protected":false},"featured_media":6071,"comment_status":"closed","ping_status":"closed","template":"","meta":[],"product_brand":[562],"product_cat":[1192],"product_tag":[1166,1196,1200,1194,1201],"class_list":{"0":"post-6247","1":"product","2":"type-product","3":"status-publish","4":"has-post-thumbnail","6":"product_brand-truper","7":"product_cat-escuadras","8":"product_tag-1166","9":"product_tag-aluminio","10":"product_tag-color-negro","11":"product_tag-escuadra","12":"product_tag-escuadra-de-12-de-aluminio-color-negro","14":"first","15":"instock","16":"shipping-taxable","17":"purchasable","18":"product-type-simple"},"yoast_head":"<!-- This site is optimized with the Yoast SEO plugin v27.1.1 - https:\/\/yoast.com\/product\/yoast-seo-wordpress\/ -->\n<title>ESCUADRA DE 12&quot; DE ALUMINIO COLOR NEGRO - PANEL REY MEXICO<\/title>\n<meta name=\"description\" content=\"Escuadra 12\u2033 aluminio negro Truper ET-12AN: ligera, con graduaci\u00f3n clara y esquinas redondeadas. Ideal para resanes y acabados precisos en muros de yeso.\" \/>\n<meta name=\"robots\" content=\"index, follow, max-snippet:-1, max-image-preview:large, max-video-preview:-1\" \/>\n<link rel=\"canonical\" href=\"https:\/\/distribuidorpanelrey.com.mx\/producto\/escuadra-de-12-de-aluminio-color-negro\/\" \/>\n<meta property=\"og:locale\" content=\"es_ES\" \/>\n<meta property=\"og:type\" content=\"article\" \/>\n<meta property=\"og:title\" content=\"ESCUADRA DE 12&quot; DE ALUMINIO COLOR NEGRO - PANEL REY MEXICO\" \/>\n<meta property=\"og:description\" content=\"Escuadra 12\u2033 aluminio negro Truper ET-12AN: ligera, con graduaci\u00f3n clara y esquinas redondeadas. Ideal para resanes y acabados precisos en muros de yeso.\" \/>\n<meta property=\"og:url\" content=\"https:\/\/distribuidorpanelrey.com.mx\/producto\/escuadra-de-12-de-aluminio-color-negro\/\" \/>\n<meta property=\"og:site_name\" content=\"PANEL REY MEXICO\" \/>\n<meta property=\"article:publisher\" content=\"https:\/\/www.facebook.com\/mexicopanelrey\/?locale=es_LA\" \/>\n<meta property=\"article:modified_time\" content=\"2025-08-22T02:27:54+00:00\" \/>\n<meta property=\"og:image\" content=\"https:\/\/distribuidorpanelrey.com.mx\/wp-content\/uploads\/2025\/08\/104024.webp\" \/>\n\t<meta property=\"og:image:width\" content=\"1800\" \/>\n\t<meta property=\"og:image:height\" content=\"1800\" \/>\n\t<meta property=\"og:image:type\" content=\"image\/webp\" \/>\n<meta name=\"twitter:card\" content=\"summary_large_image\" \/>\n<meta name=\"twitter:label1\" content=\"Tiempo de lectura\" \/>\n\t<meta name=\"twitter:data1\" content=\"2 minutos\" \/>\n<script type=\"application\/ld+json\" class=\"yoast-schema-graph\">{\"@context\":\"https:\/\/schema.org\",\"@graph\":[{\"@type\":\"WebPage\",\"@id\":\"https:\/\/distribuidorpanelrey.com.mx\/producto\/escuadra-de-12-de-aluminio-color-negro\/\",\"url\":\"https:\/\/distribuidorpanelrey.com.mx\/producto\/escuadra-de-12-de-aluminio-color-negro\/\",\"name\":\"ESCUADRA DE 12\\\" DE ALUMINIO COLOR NEGRO - PANEL REY MEXICO\",\"isPartOf\":{\"@id\":\"https:\/\/distribuidorpanelrey.com\/#website\"},\"primaryImageOfPage\":{\"@id\":\"https:\/\/distribuidorpanelrey.com.mx\/producto\/escuadra-de-12-de-aluminio-color-negro\/#primaryimage\"},\"image\":{\"@id\":\"https:\/\/distribuidorpanelrey.com.mx\/producto\/escuadra-de-12-de-aluminio-color-negro\/#primaryimage\"},\"thumbnailUrl\":\"https:\/\/distribuidorpanelrey.com.mx\/wp-content\/uploads\/2025\/08\/104024.webp\",\"datePublished\":\"2025-08-22T02:27:23+00:00\",\"dateModified\":\"2025-08-22T02:27:54+00:00\",\"description\":\"Escuadra 12\u2033 aluminio negro Truper ET-12AN: ligera, con graduaci\u00f3n clara y esquinas redondeadas. Ideal para resanes y acabados precisos en muros de yeso.\",\"breadcrumb\":{\"@id\":\"https:\/\/distribuidorpanelrey.com.mx\/producto\/escuadra-de-12-de-aluminio-color-negro\/#breadcrumb\"},\"inLanguage\":\"es\",\"potentialAction\":[{\"@type\":\"ReadAction\",\"target\":[\"https:\/\/distribuidorpanelrey.com.mx\/producto\/escuadra-de-12-de-aluminio-color-negro\/\"]}]},{\"@type\":\"ImageObject\",\"inLanguage\":\"es\",\"@id\":\"https:\/\/distribuidorpanelrey.com.mx\/producto\/escuadra-de-12-de-aluminio-color-negro\/#primaryimage\",\"url\":\"https:\/\/distribuidorpanelrey.com.mx\/wp-content\/uploads\/2025\/08\/104024.webp\",\"contentUrl\":\"https:\/\/distribuidorpanelrey.com.mx\/wp-content\/uploads\/2025\/08\/104024.webp\",\"width\":1800,\"height\":1800},{\"@type\":\"BreadcrumbList\",\"@id\":\"https:\/\/distribuidorpanelrey.com.mx\/producto\/escuadra-de-12-de-aluminio-color-negro\/#breadcrumb\",\"itemListElement\":[{\"@type\":\"ListItem\",\"position\":1,\"name\":\"Portada\",\"item\":\"https:\/\/distribuidorpanelrey.com.mx\/\"},{\"@type\":\"ListItem\",\"position\":2,\"name\":\"Productos\",\"item\":\"https:\/\/distribuidorpanelrey.com\/tienda\/\"},{\"@type\":\"ListItem\",\"position\":3,\"name\":\"ESCUADRA DE 12&#8243; DE ALUMINIO COLOR NEGRO\"}]},{\"@type\":\"WebSite\",\"@id\":\"https:\/\/distribuidorpanelrey.com\/#website\",\"url\":\"https:\/\/distribuidorpanelrey.com\/\",\"name\":\"PANEL REY MEXICO\",\"description\":\"DISTRIBUIDOR PANEL REY\",\"publisher\":{\"@id\":\"https:\/\/distribuidorpanelrey.com\/#organization\"},\"alternateName\":\"DISTRIBUIDOR PANEL REY\",\"potentialAction\":[{\"@type\":\"SearchAction\",\"target\":{\"@type\":\"EntryPoint\",\"urlTemplate\":\"https:\/\/distribuidorpanelrey.com\/?s={search_term_string}\"},\"query-input\":{\"@type\":\"PropertyValueSpecification\",\"valueRequired\":true,\"valueName\":\"search_term_string\"}}],\"inLanguage\":\"es\"},{\"@type\":\"Organization\",\"@id\":\"https:\/\/distribuidorpanelrey.com\/#organization\",\"name\":\"PANEL REY MEXICO\",\"url\":\"https:\/\/distribuidorpanelrey.com\/\",\"logo\":{\"@type\":\"ImageObject\",\"inLanguage\":\"es\",\"@id\":\"https:\/\/distribuidorpanelrey.com\/#\/schema\/logo\/image\/\",\"url\":\"https:\/\/distribuidorpanelrey.com.mx\/wp-content\/uploads\/2023\/11\/panelrey.webp\",\"contentUrl\":\"https:\/\/distribuidorpanelrey.com.mx\/wp-content\/uploads\/2023\/11\/panelrey.webp\",\"width\":400,\"height\":150,\"caption\":\"PANEL REY MEXICO\"},\"image\":{\"@id\":\"https:\/\/distribuidorpanelrey.com\/#\/schema\/logo\/image\/\"},\"sameAs\":[\"https:\/\/www.facebook.com\/mexicopanelrey\/?locale=es_LA\",\"https:\/\/www.instagram.com\/panel_rey_mexico\/?hl=es\"]}]}<\/script>\n<!-- \/ Yoast SEO plugin. -->","yoast_head_json":{"title":"ESCUADRA DE 12\" DE ALUMINIO COLOR NEGRO - PANEL REY MEXICO","description":"Escuadra 12\u2033 aluminio negro Truper ET-12AN: ligera, con graduaci\u00f3n clara y esquinas redondeadas. Ideal para resanes y acabados precisos en muros de yeso.","robots":{"index":"index","follow":"follow","max-snippet":"max-snippet:-1","max-image-preview":"max-image-preview:large","max-video-preview":"max-video-preview:-1"},"canonical":"https:\/\/distribuidorpanelrey.com.mx\/producto\/escuadra-de-12-de-aluminio-color-negro\/","og_locale":"es_ES","og_type":"article","og_title":"ESCUADRA DE 12\" DE ALUMINIO COLOR NEGRO - PANEL REY MEXICO","og_description":"Escuadra 12\u2033 aluminio negro Truper ET-12AN: ligera, con graduaci\u00f3n clara y esquinas redondeadas. Ideal para resanes y acabados precisos en muros de yeso.","og_url":"https:\/\/distribuidorpanelrey.com.mx\/producto\/escuadra-de-12-de-aluminio-color-negro\/","og_site_name":"PANEL REY MEXICO","article_publisher":"https:\/\/www.facebook.com\/mexicopanelrey\/?locale=es_LA","article_modified_time":"2025-08-22T02:27:54+00:00","og_image":[{"width":1800,"height":1800,"url":"https:\/\/distribuidorpanelrey.com.mx\/wp-content\/uploads\/2025\/08\/104024.webp","type":"image\/webp"}],"twitter_card":"summary_large_image","twitter_misc":{"Tiempo de lectura":"2 minutos"},"schema":{"@context":"https:\/\/schema.org","@graph":[{"@type":"WebPage","@id":"https:\/\/distribuidorpanelrey.com.mx\/producto\/escuadra-de-12-de-aluminio-color-negro\/","url":"https:\/\/distribuidorpanelrey.com.mx\/producto\/escuadra-de-12-de-aluminio-color-negro\/","name":"ESCUADRA DE 12\" DE ALUMINIO COLOR NEGRO - PANEL REY MEXICO","isPartOf":{"@id":"https:\/\/distribuidorpanelrey.com\/#website"},"primaryImageOfPage":{"@id":"https:\/\/distribuidorpanelrey.com.mx\/producto\/escuadra-de-12-de-aluminio-color-negro\/#primaryimage"},"image":{"@id":"https:\/\/distribuidorpanelrey.com.mx\/producto\/escuadra-de-12-de-aluminio-color-negro\/#primaryimage"},"thumbnailUrl":"https:\/\/distribuidorpanelrey.com.mx\/wp-content\/uploads\/2025\/08\/104024.webp","datePublished":"2025-08-22T02:27:23+00:00","dateModified":"2025-08-22T02:27:54+00:00","description":"Escuadra 12\u2033 aluminio negro Truper ET-12AN: ligera, con graduaci\u00f3n clara y esquinas redondeadas. Ideal para resanes y acabados precisos en muros de yeso.","breadcrumb":{"@id":"https:\/\/distribuidorpanelrey.com.mx\/producto\/escuadra-de-12-de-aluminio-color-negro\/#breadcrumb"},"inLanguage":"es","potentialAction":[{"@type":"ReadAction","target":["https:\/\/distribuidorpanelrey.com.mx\/producto\/escuadra-de-12-de-aluminio-color-negro\/"]}]},{"@type":"ImageObject","inLanguage":"es","@id":"https:\/\/distribuidorpanelrey.com.mx\/producto\/escuadra-de-12-de-aluminio-color-negro\/#primaryimage","url":"https:\/\/distribuidorpanelrey.com.mx\/wp-content\/uploads\/2025\/08\/104024.webp","contentUrl":"https:\/\/distribuidorpanelrey.com.mx\/wp-content\/uploads\/2025\/08\/104024.webp","width":1800,"height":1800},{"@type":"BreadcrumbList","@id":"https:\/\/distribuidorpanelrey.com.mx\/producto\/escuadra-de-12-de-aluminio-color-negro\/#breadcrumb","itemListElement":[{"@type":"ListItem","position":1,"name":"Portada","item":"https:\/\/distribuidorpanelrey.com.mx\/"},{"@type":"ListItem","position":2,"name":"Productos","item":"https:\/\/distribuidorpanelrey.com\/tienda\/"},{"@type":"ListItem","position":3,"name":"ESCUADRA DE 12&#8243; DE ALUMINIO COLOR NEGRO"}]},{"@type":"WebSite","@id":"https:\/\/distribuidorpanelrey.com\/#website","url":"https:\/\/distribuidorpanelrey.com\/","name":"PANEL REY MEXICO","description":"DISTRIBUIDOR PANEL REY","publisher":{"@id":"https:\/\/distribuidorpanelrey.com\/#organization"},"alternateName":"DISTRIBUIDOR PANEL REY","potentialAction":[{"@type":"SearchAction","target":{"@type":"EntryPoint","urlTemplate":"https:\/\/distribuidorpanelrey.com\/?s={search_term_string}"},"query-input":{"@type":"PropertyValueSpecification","valueRequired":true,"valueName":"search_term_string"}}],"inLanguage":"es"},{"@type":"Organization","@id":"https:\/\/distribuidorpanelrey.com\/#organization","name":"PANEL REY MEXICO","url":"https:\/\/distribuidorpanelrey.com\/","logo":{"@type":"ImageObject","inLanguage":"es","@id":"https:\/\/distribuidorpanelrey.com\/#\/schema\/logo\/image\/","url":"https:\/\/distribuidorpanelrey.com.mx\/wp-content\/uploads\/2023\/11\/panelrey.webp","contentUrl":"https:\/\/distribuidorpanelrey.com.mx\/wp-content\/uploads\/2023\/11\/panelrey.webp","width":400,"height":150,"caption":"PANEL REY MEXICO"},"image":{"@id":"https:\/\/distribuidorpanelrey.com\/#\/schema\/logo\/image\/"},"sameAs":["https:\/\/www.facebook.com\/mexicopanelrey\/?locale=es_LA","https:\/\/www.instagram.com\/panel_rey_mexico\/?hl=es"]}]}},"_links":{"self":[{"href":"https:\/\/distribuidorpanelrey.com.mx\/wp-json\/wp\/v2\/product\/6247","targetHints":{"allow":["GET"]}}],"collection":[{"href":"https:\/\/distribuidorpanelrey.com.mx\/wp-json\/wp\/v2\/product"}],"about":[{"href":"https:\/\/distribuidorpanelrey.com.mx\/wp-json\/wp\/v2\/types\/product"}],"replies":[{"embeddable":true,"href":"https:\/\/distribuidorpanelrey.com.mx\/wp-json\/wp\/v2\/comments?post=6247"}],"version-history":[{"count":1,"href":"https:\/\/distribuidorpanelrey.com.mx\/wp-json\/wp\/v2\/product\/6247\/revisions"}],"predecessor-version":[{"id":6248,"href":"https:\/\/distribuidorpanelrey.com.mx\/wp-json\/wp\/v2\/product\/6247\/revisions\/6248"}],"wp:featuredmedia":[{"embeddable":true,"href":"https:\/\/distribuidorpanelrey.com.mx\/wp-json\/wp\/v2\/media\/6071"}],"wp:attachment":[{"href":"https:\/\/distribuidorpanelrey.com.mx\/wp-json\/wp\/v2\/media?parent=6247"}],"wp:term":[{"taxonomy":"product_brand","embeddable":true,"href":"https:\/\/distribuidorpanelrey.com.mx\/wp-json\/wp\/v2\/product_brand?post=6247"},{"taxonomy":"product_cat","embeddable":true,"href":"https:\/\/distribuidorpanelrey.com.mx\/wp-json\/wp\/v2\/product_cat?post=6247"},{"taxonomy":"product_tag","embeddable":true,"href":"https:\/\/distribuidorpanelrey.com.mx\/wp-json\/wp\/v2\/product_tag?post=6247"}],"curies":[{"name":"wp","href":"https:\/\/api.w.org\/{rel}","templated":true}]}}