{"id":6308,"date":"2025-08-22T08:01:57","date_gmt":"2025-08-22T08:01:57","guid":{"rendered":"https:\/\/distribuidorpanelrey.com.mx\/?post_type=product&#038;p=6308"},"modified":"2025-12-05T16:55:52","modified_gmt":"2025-12-05T16:55:52","slug":"detector-de-materiales-detras-de-muros-12cm","status":"publish","type":"product","link":"https:\/\/distribuidorpanelrey.com.mx\/producto\/detector-de-materiales-detras-de-muros-12cm\/","title":{"rendered":"DETECTOR DE MATERIALES DETRAS DE MUROS 12cm"},"content":{"rendered":"<h3 data-start=\"219\" data-end=\"296\"><strong data-start=\"223\" data-end=\"296\">Detector de materiales detr\u00e1s de muros Truper DEMA-12 (C\u00f3digo 100651)<\/strong><\/h3>\n<p data-start=\"316\" data-end=\"728\">El <strong data-start=\"319\" data-end=\"392\">Detector de materiales detr\u00e1s de muros Truper DEMA-12 (C\u00f3digo 100651)<\/strong> es una herramienta avanzada dise\u00f1ada para localizar metales (ferrosos y no ferrosos), vigas de madera y cables vivos en paredes, techos y suelos. Adem\u00e1s, permite medir el contenido de humedad en madera y materiales de construcci\u00f3n, facilitando tareas de perforaci\u00f3n, instalaci\u00f3n y mantenimiento en obras de construcci\u00f3n y remodelaci\u00f3n.<\/p>\n<h4 data-start=\"730\" data-end=\"759\">Caracter\u00edsticas T\u00e9cnicas<\/h4>\n<ul data-start=\"761\" data-end=\"1873\">\n<li data-start=\"761\" data-end=\"969\">\n<p data-start=\"763\" data-end=\"799\"><strong data-start=\"763\" data-end=\"798\">Profundidad m\u00e1xima de detecci\u00f3n<\/strong>:<\/p>\n<ul data-start=\"802\" data-end=\"969\">\n<li data-start=\"802\" data-end=\"841\">\n<p data-start=\"804\" data-end=\"841\"><span class=\"relative -mx-px my-[-0.2rem] rounded px-px py-[0.2rem] transition-colors duration-100 ease-in-out\">Metales ferrosos: hasta 12 cm<\/span><\/p>\n<\/li>\n<li data-start=\"844\" data-end=\"883\">\n<p data-start=\"846\" data-end=\"883\"><span class=\"relative -mx-px my-[-0.2rem] rounded px-px py-[0.2rem] transition-colors duration-100 ease-in-out\">Metales no ferrosos: hasta 8 cm<\/span><\/p>\n<\/li>\n<li data-start=\"886\" data-end=\"925\">\n<p data-start=\"888\" data-end=\"925\"><span class=\"relative -mx-px my-[-0.2rem] rounded px-px py-[0.2rem] transition-colors duration-100 ease-in-out\">Cables de corriente alterna vivos (220 V @ 50 Hz \/ 110 V @ 60 Hz): hasta 5 cm<\/span><\/p>\n<\/li>\n<li data-start=\"928\" data-end=\"969\">\n<p data-start=\"930\" data-end=\"969\"><span class=\"relative -mx-px my-[-0.2rem] rounded px-px py-[0.2rem] transition-colors duration-100 ease-in-out\">Vigas de madera: hasta 3 cm (modo exacto) \/ hasta 3.8 cm (modo profundo)<\/span><\/p>\n<\/li>\n<\/ul>\n<\/li>\n<li data-start=\"970\" data-end=\"1093\">\n<p data-start=\"972\" data-end=\"1005\"><strong data-start=\"972\" data-end=\"1004\">Rango de medici\u00f3n de humedad<\/strong>:<\/p>\n<ul data-start=\"1008\" data-end=\"1093\">\n<li data-start=\"1008\" data-end=\"1049\">\n<p data-start=\"1010\" data-end=\"1049\"><span class=\"relative -mx-px my-[-0.2rem] rounded px-px py-[0.2rem] transition-colors duration-100 ease-in-out\">Madera: 5% a 50%<\/span><\/p>\n<\/li>\n<li data-start=\"1052\" data-end=\"1093\">\n<p data-start=\"1054\" data-end=\"1093\"><span class=\"relative -mx-px my-[-0.2rem] rounded px-px py-[0.2rem] transition-colors duration-100 ease-in-out\">Materiales de construcci\u00f3n: 1.5% a 33%<\/span><\/p>\n<\/li>\n<\/ul>\n<\/li>\n<li data-start=\"1094\" data-end=\"1149\">\n<p data-start=\"1096\" data-end=\"1149\"><strong data-start=\"1096\" data-end=\"1108\">Pantalla<\/strong>: <span class=\"relative -mx-px my-[-0.2rem] rounded px-px py-[0.2rem] transition-colors duration-100 ease-in-out\">LCD con retroiluminaci\u00f3n<\/span><\/p>\n<\/li>\n<li data-start=\"1150\" data-end=\"1208\">\n<p data-start=\"1152\" data-end=\"1208\"><strong data-start=\"1152\" data-end=\"1167\">Indicadores<\/strong>: <span class=\"relative -mx-px my-[-0.2rem] rounded px-px py-[0.2rem] transition-colors duration-100 ease-in-out\">Luz roja, amarilla y verde<\/span><\/p>\n<\/li>\n<li data-start=\"1209\" data-end=\"1268\">\n<p data-start=\"1211\" data-end=\"1268\"><strong data-start=\"1211\" data-end=\"1227\">Alimentaci\u00f3n<\/strong>: <span class=\"relative -mx-px my-[-0.2rem] rounded px-px py-[0.2rem] transition-colors duration-100 ease-in-out\">1 pila de 9 V (incluida)<\/span><\/p>\n<\/li>\n<li data-start=\"1269\" data-end=\"1335\">\n<p data-start=\"1271\" data-end=\"1335\"><strong data-start=\"1271\" data-end=\"1294\">Material del cuerpo<\/strong>: <span class=\"relative -mx-px my-[-0.2rem] rounded px-px py-[0.2rem] transition-colors duration-100 ease-in-out\">ABS resistente a impactos<\/span><\/p>\n<\/li>\n<li data-start=\"1336\" data-end=\"1394\">\n<p data-start=\"1338\" data-end=\"1394\"><strong data-start=\"1338\" data-end=\"1353\">Dimensiones<\/strong>: <span class=\"relative -mx-px my-[-0.2rem] rounded px-px py-[0.2rem] transition-colors duration-100 ease-in-out\">16 cm (largo) x 7 cm (ancho)<\/span><\/p>\n<\/li>\n<li data-start=\"1395\" data-end=\"1446\">\n<p data-start=\"1397\" data-end=\"1446\"><strong data-start=\"1397\" data-end=\"1405\">Peso<\/strong>: <span class=\"relative -mx-px my-[-0.2rem] rounded px-px py-[0.2rem] transition-colors duration-100 ease-in-out\">145 g<\/span><\/p>\n<\/li>\n<li data-start=\"1447\" data-end=\"1523\">\n<p data-start=\"1449\" data-end=\"1523\"><strong data-start=\"1449\" data-end=\"1482\">Temperatura de funcionamiento<\/strong>: <span class=\"relative -mx-px my-[-0.2rem] rounded px-px py-[0.2rem] transition-colors duration-100 ease-in-out\">-10\u202f\u00b0C a 50\u202f\u00b0C<\/span><\/p>\n<\/li>\n<li data-start=\"1524\" data-end=\"1605\">\n<p data-start=\"1526\" data-end=\"1605\"><strong data-start=\"1526\" data-end=\"1564\">Humedad relativa de funcionamiento<\/strong>: <span class=\"relative -mx-px my-[-0.2rem] rounded px-px py-[0.2rem] transition-colors duration-100 ease-in-out\">35% a 55%<\/span><\/p>\n<\/li>\n<li data-start=\"1606\" data-end=\"1671\">\n<p data-start=\"1608\" data-end=\"1671\"><strong data-start=\"1608\" data-end=\"1630\">Apagado autom\u00e1tico<\/strong>: <span class=\"relative -mx-px my-[-0.2rem] rounded px-px py-[0.2rem] transition-colors duration-100 ease-in-out\">Aproximadamente 5 minutos de inactividad<\/span><\/p>\n<\/li>\n<li data-start=\"1672\" data-end=\"1734\">\n<p data-start=\"1674\" data-end=\"1734\"><strong data-start=\"1674\" data-end=\"1693\">Certificaciones<\/strong>: <span class=\"relative -mx-px my-[-0.2rem] rounded px-px py-[0.2rem] transition-colors duration-100 ease-in-out\">Cumple con la norma NOM-001-SCFI<\/span><\/p>\n<\/li>\n<li data-start=\"1735\" data-end=\"1873\">\n<p data-start=\"1737\" data-end=\"1873\"><strong data-start=\"1737\" data-end=\"1753\">Fabricado en<\/strong>: <span class=\"relative -mx-px my-[-0.2rem] rounded px-px py-[0.2rem] transition-colors duration-100 ease-in-out\">China bajo las estrictas especificaciones de Grupo Truper<\/span><\/p>\n<\/li>\n<\/ul>\n<h4 data-start=\"1875\" data-end=\"1897\">Usos Recomendados<\/h4>\n<ul data-start=\"1899\" data-end=\"2063\">\n<li data-start=\"1899\" data-end=\"1940\">\n<p data-start=\"1901\" data-end=\"1940\"><span class=\"relative -mx-px my-[-0.2rem] rounded px-px py-[0.2rem] transition-colors duration-100 ease-in-out\">Localizaci\u00f3n precisa de metales, vigas de madera y cables vivos antes de perforar o instalar elementos en paredes, techos y suelos.<\/span><\/p>\n<\/li>\n<li data-start=\"1941\" data-end=\"1982\">\n<p data-start=\"1943\" data-end=\"1982\"><span class=\"relative -mx-px my-[-0.2rem] rounded px-px py-[0.2rem] transition-colors duration-100 ease-in-out\">Medici\u00f3n del contenido de humedad en madera y materiales de construcci\u00f3n para evaluar su estado y prevenir da\u00f1os.<\/span><\/p>\n<\/li>\n<li data-start=\"1983\" data-end=\"2063\">\n<p data-start=\"1985\" data-end=\"2063\"><span class=\"relative -mx-px my-[-0.2rem] rounded px-px py-[0.2rem] transition-colors duration-100 ease-in-out\">Aplicaciones en construcci\u00f3n, remodelaci\u00f3n, mantenimiento y proyectos de instalaci\u00f3n el\u00e9ctrica o hidr\u00e1ulica.<\/span><\/p>\n<\/li>\n<\/ul>\n<h4 data-start=\"2065\" data-end=\"2077\">Incluye<\/h4>\n<ul data-start=\"2079\" data-end=\"2243\">\n<li data-start=\"2079\" data-end=\"2120\">\n<p data-start=\"2081\" data-end=\"2120\"><span class=\"relative -mx-px my-[-0.2rem] rounded px-px py-[0.2rem] transition-colors duration-100 ease-in-out\">Detector DEMA-12<\/span><\/p>\n<\/li>\n<li data-start=\"2121\" data-end=\"2162\">\n<p data-start=\"2123\" data-end=\"2162\"><span class=\"relative -mx-px my-[-0.2rem] rounded px-px py-[0.2rem] transition-colors duration-100 ease-in-out\">Funda protectora<\/span><\/p>\n<\/li>\n<li data-start=\"2163\" data-end=\"2243\">\n<p data-start=\"2165\" data-end=\"2243\"><span class=\"relative -mx-px my-[-0.2rem] rounded px-px py-[0.2rem] transition-colors duration-100 ease-in-out\">1 pila de 9 V<\/span><\/p>\n<\/li>\n<\/ul>\n<h4 data-start=\"2245\" data-end=\"2272\">Informaci\u00f3n de Empaque<\/h4>\n<ul data-start=\"2274\" data-end=\"2544\">\n<li data-start=\"2274\" data-end=\"2304\">\n<p data-start=\"2276\" data-end=\"2304\"><strong data-start=\"2276\" data-end=\"2298\">Empaque individual<\/strong>: Caja<\/p>\n<\/li>\n<li data-start=\"2305\" data-end=\"2357\">\n<p data-start=\"2307\" data-end=\"2357\"><strong data-start=\"2307\" data-end=\"2316\">Inner<\/strong>: <span class=\"relative -mx-px my-[-0.2rem] rounded px-px py-[0.2rem] transition-colors duration-100 ease-in-out\">1 unidad<\/span><\/p>\n<\/li>\n<li data-start=\"2358\" data-end=\"2411\">\n<p data-start=\"2360\" data-end=\"2411\"><strong data-start=\"2360\" data-end=\"2370\">Master<\/strong>: <span class=\"relative -mx-px my-[-0.2rem] rounded px-px py-[0.2rem] transition-colors duration-100 ease-in-out\">20 unidades<\/span><\/p>\n<\/li>\n<\/ul>\n<p>&nbsp;<\/p>\n<p style=\"text-align: center;\">En\u00a0<strong data-start=\"82\" data-end=\"115\">Distribuidor Panel Rey M\u00e9xico<\/strong> encuentras calidad y confianza en productos <strong>Acero.<\/strong><br data-start=\"173\" data-end=\"176\" \/>\u2705 Env\u00edos a toda la Rep\u00fablica Mexicana. \u00a1Pregunta por nuestras promociones vigentes!<br data-start=\"259\" data-end=\"262\" data-is-only-node=\"\" \/>\u2705 Todos los precios incluyen IVA (sujetos a cambio sin previo aviso).<br data-start=\"331\" data-end=\"334\" \/>\u2705 Im\u00e1genes ilustrativas, el producto final puede presentar ligeras variaciones.<br data-start=\"413\" data-end=\"416\" \/>\ud83d\udcac \u00bfTienes dudas? Escr\u00edbenos por\u00a0<a href=\"https:\/\/www.facebook.com\/mexicopanelrey\">Facebook<\/a>\u00a0o\u00a0<a href=\"https:\/\/www.instagram.com\/panel_rey_mexico\/\">Instagram<\/a>.<br data-start=\"470\" data-end=\"473\" \/>\ud83d\udcde Tel:\u00a0<a href=\"tel:55 7397 6243\">55 7397 6243<\/a>\u00a0| WhatsApp:\u00a0<a href=\"https:\/\/api.whatsapp.com\/send?phone=525573976243\">5573976243<\/a><br data-start=\"518\" data-end=\"521\" \/>\ud83d\udce7\u00a0<a class=\"cursor-pointer\" href=\"mailto:ventas@distribuidorpanelrey.com\" rel=\"noopener\" data-start=\"524\" data-end=\"555\">ventas@distribuidorpanelrey.com<\/a><\/p>\n","protected":false},"excerpt":{"rendered":"<h4 style=\"text-align: center;\">Env\u00edos de 24 a 48 hr CDMX Y EDO MEX<\/h4>\n<p style=\"text-align: center;\">Rese\u00f1as\u00a0\u2605\u2605\u2605\u2605\u2605\u00a0 Env\u00edos Garantizados<\/p>\n<h4 style=\"text-align: center;\">\ud83d\udd25LOS MEJORES PRECIOS \ud83d\udd25<\/h4>\n","protected":false},"featured_media":6038,"comment_status":"closed","ping_status":"closed","template":"","meta":[],"product_brand":[562],"product_cat":[1301],"product_tag":[1298,1297,1296,1300,1299],"class_list":{"0":"post-6308","1":"product","2":"type-product","3":"status-publish","4":"has-post-thumbnail","6":"product_brand-truper","7":"product_cat-nivel-laser","8":"product_tag-12cm","9":"product_tag-detector-de-materiales-detras-de-muros","10":"product_tag-detector-de-materiales-detras-de-muros-12cm","11":"product_tag-profundida-maxima-12cm","12":"product_tag-profundidad-maxima","14":"first","15":"instock","16":"shipping-taxable","17":"purchasable","18":"product-type-simple"},"yoast_head":"<!-- This site is optimized with the Yoast SEO plugin v27.1.1 - https:\/\/yoast.com\/product\/yoast-seo-wordpress\/ -->\n<title>DETECTOR DE MATERIALES DETRAS DE MUROS 12cm - PANEL REY MEXICO<\/title>\n<meta name=\"description\" content=\"Detector Truper DEMA-12: localiza metales, madera y cables vivos hasta 12 cm. Mide humedad en madera y materiales de construcci\u00f3n. Precisi\u00f3n y confiabilidad.\u201d\" \/>\n<meta name=\"robots\" content=\"index, follow, max-snippet:-1, max-image-preview:large, max-video-preview:-1\" \/>\n<link rel=\"canonical\" href=\"https:\/\/distribuidorpanelrey.com.mx\/producto\/detector-de-materiales-detras-de-muros-12cm\/\" \/>\n<meta property=\"og:locale\" content=\"es_ES\" \/>\n<meta property=\"og:type\" content=\"article\" \/>\n<meta property=\"og:title\" content=\"DETECTOR DE MATERIALES DETRAS DE MUROS 12cm - PANEL REY MEXICO\" \/>\n<meta property=\"og:description\" content=\"Detector Truper DEMA-12: localiza metales, madera y cables vivos hasta 12 cm. Mide humedad en madera y materiales de construcci\u00f3n. Precisi\u00f3n y confiabilidad.\u201d\" \/>\n<meta property=\"og:url\" content=\"https:\/\/distribuidorpanelrey.com.mx\/producto\/detector-de-materiales-detras-de-muros-12cm\/\" \/>\n<meta property=\"og:site_name\" content=\"PANEL REY MEXICO\" \/>\n<meta property=\"article:publisher\" content=\"https:\/\/www.facebook.com\/mexicopanelrey\/?locale=es_LA\" \/>\n<meta property=\"article:modified_time\" content=\"2025-12-05T16:55:52+00:00\" \/>\n<meta property=\"og:image\" content=\"https:\/\/distribuidorpanelrey.com.mx\/wp-content\/uploads\/2025\/08\/100651.webp\" \/>\n\t<meta property=\"og:image:width\" content=\"1800\" \/>\n\t<meta property=\"og:image:height\" content=\"1800\" \/>\n\t<meta property=\"og:image:type\" content=\"image\/webp\" \/>\n<meta name=\"twitter:card\" content=\"summary_large_image\" \/>\n<meta name=\"twitter:label1\" content=\"Tiempo de lectura\" \/>\n\t<meta name=\"twitter:data1\" content=\"2 minutos\" \/>\n<script type=\"application\/ld+json\" class=\"yoast-schema-graph\">{\"@context\":\"https:\/\/schema.org\",\"@graph\":[{\"@type\":\"WebPage\",\"@id\":\"https:\/\/distribuidorpanelrey.com.mx\/producto\/detector-de-materiales-detras-de-muros-12cm\/\",\"url\":\"https:\/\/distribuidorpanelrey.com.mx\/producto\/detector-de-materiales-detras-de-muros-12cm\/\",\"name\":\"DETECTOR DE MATERIALES DETRAS DE MUROS 12cm - PANEL REY MEXICO\",\"isPartOf\":{\"@id\":\"https:\/\/distribuidorpanelrey.com\/#website\"},\"primaryImageOfPage\":{\"@id\":\"https:\/\/distribuidorpanelrey.com.mx\/producto\/detector-de-materiales-detras-de-muros-12cm\/#primaryimage\"},\"image\":{\"@id\":\"https:\/\/distribuidorpanelrey.com.mx\/producto\/detector-de-materiales-detras-de-muros-12cm\/#primaryimage\"},\"thumbnailUrl\":\"https:\/\/distribuidorpanelrey.com.mx\/wp-content\/uploads\/2025\/08\/100651.webp\",\"datePublished\":\"2025-08-22T08:01:57+00:00\",\"dateModified\":\"2025-12-05T16:55:52+00:00\",\"description\":\"Detector Truper DEMA-12: localiza metales, madera y cables vivos hasta 12 cm. Mide humedad en madera y materiales de construcci\u00f3n. Precisi\u00f3n y confiabilidad.\u201d\",\"breadcrumb\":{\"@id\":\"https:\/\/distribuidorpanelrey.com.mx\/producto\/detector-de-materiales-detras-de-muros-12cm\/#breadcrumb\"},\"inLanguage\":\"es\",\"potentialAction\":[{\"@type\":\"ReadAction\",\"target\":[\"https:\/\/distribuidorpanelrey.com.mx\/producto\/detector-de-materiales-detras-de-muros-12cm\/\"]}]},{\"@type\":\"ImageObject\",\"inLanguage\":\"es\",\"@id\":\"https:\/\/distribuidorpanelrey.com.mx\/producto\/detector-de-materiales-detras-de-muros-12cm\/#primaryimage\",\"url\":\"https:\/\/distribuidorpanelrey.com.mx\/wp-content\/uploads\/2025\/08\/100651.webp\",\"contentUrl\":\"https:\/\/distribuidorpanelrey.com.mx\/wp-content\/uploads\/2025\/08\/100651.webp\",\"width\":1800,\"height\":1800},{\"@type\":\"BreadcrumbList\",\"@id\":\"https:\/\/distribuidorpanelrey.com.mx\/producto\/detector-de-materiales-detras-de-muros-12cm\/#breadcrumb\",\"itemListElement\":[{\"@type\":\"ListItem\",\"position\":1,\"name\":\"Portada\",\"item\":\"https:\/\/distribuidorpanelrey.com.mx\/\"},{\"@type\":\"ListItem\",\"position\":2,\"name\":\"Productos\",\"item\":\"https:\/\/distribuidorpanelrey.com\/tienda\/\"},{\"@type\":\"ListItem\",\"position\":3,\"name\":\"DETECTOR DE MATERIALES DETRAS DE MUROS 12cm\"}]},{\"@type\":\"WebSite\",\"@id\":\"https:\/\/distribuidorpanelrey.com\/#website\",\"url\":\"https:\/\/distribuidorpanelrey.com\/\",\"name\":\"PANEL REY MEXICO\",\"description\":\"DISTRIBUIDOR PANEL REY\",\"publisher\":{\"@id\":\"https:\/\/distribuidorpanelrey.com\/#organization\"},\"alternateName\":\"DISTRIBUIDOR PANEL REY\",\"potentialAction\":[{\"@type\":\"SearchAction\",\"target\":{\"@type\":\"EntryPoint\",\"urlTemplate\":\"https:\/\/distribuidorpanelrey.com\/?s={search_term_string}\"},\"query-input\":{\"@type\":\"PropertyValueSpecification\",\"valueRequired\":true,\"valueName\":\"search_term_string\"}}],\"inLanguage\":\"es\"},{\"@type\":\"Organization\",\"@id\":\"https:\/\/distribuidorpanelrey.com\/#organization\",\"name\":\"PANEL REY MEXICO\",\"url\":\"https:\/\/distribuidorpanelrey.com\/\",\"logo\":{\"@type\":\"ImageObject\",\"inLanguage\":\"es\",\"@id\":\"https:\/\/distribuidorpanelrey.com\/#\/schema\/logo\/image\/\",\"url\":\"https:\/\/distribuidorpanelrey.com.mx\/wp-content\/uploads\/2023\/11\/panelrey.webp\",\"contentUrl\":\"https:\/\/distribuidorpanelrey.com.mx\/wp-content\/uploads\/2023\/11\/panelrey.webp\",\"width\":400,\"height\":150,\"caption\":\"PANEL REY MEXICO\"},\"image\":{\"@id\":\"https:\/\/distribuidorpanelrey.com\/#\/schema\/logo\/image\/\"},\"sameAs\":[\"https:\/\/www.facebook.com\/mexicopanelrey\/?locale=es_LA\",\"https:\/\/www.instagram.com\/panel_rey_mexico\/?hl=es\"]}]}<\/script>\n<!-- \/ Yoast SEO plugin. -->","yoast_head_json":{"title":"DETECTOR DE MATERIALES DETRAS DE MUROS 12cm - PANEL REY MEXICO","description":"Detector Truper DEMA-12: localiza metales, madera y cables vivos hasta 12 cm. Mide humedad en madera y materiales de construcci\u00f3n. Precisi\u00f3n y confiabilidad.\u201d","robots":{"index":"index","follow":"follow","max-snippet":"max-snippet:-1","max-image-preview":"max-image-preview:large","max-video-preview":"max-video-preview:-1"},"canonical":"https:\/\/distribuidorpanelrey.com.mx\/producto\/detector-de-materiales-detras-de-muros-12cm\/","og_locale":"es_ES","og_type":"article","og_title":"DETECTOR DE MATERIALES DETRAS DE MUROS 12cm - PANEL REY MEXICO","og_description":"Detector Truper DEMA-12: localiza metales, madera y cables vivos hasta 12 cm. Mide humedad en madera y materiales de construcci\u00f3n. Precisi\u00f3n y confiabilidad.\u201d","og_url":"https:\/\/distribuidorpanelrey.com.mx\/producto\/detector-de-materiales-detras-de-muros-12cm\/","og_site_name":"PANEL REY MEXICO","article_publisher":"https:\/\/www.facebook.com\/mexicopanelrey\/?locale=es_LA","article_modified_time":"2025-12-05T16:55:52+00:00","og_image":[{"width":1800,"height":1800,"url":"https:\/\/distribuidorpanelrey.com.mx\/wp-content\/uploads\/2025\/08\/100651.webp","type":"image\/webp"}],"twitter_card":"summary_large_image","twitter_misc":{"Tiempo de lectura":"2 minutos"},"schema":{"@context":"https:\/\/schema.org","@graph":[{"@type":"WebPage","@id":"https:\/\/distribuidorpanelrey.com.mx\/producto\/detector-de-materiales-detras-de-muros-12cm\/","url":"https:\/\/distribuidorpanelrey.com.mx\/producto\/detector-de-materiales-detras-de-muros-12cm\/","name":"DETECTOR DE MATERIALES DETRAS DE MUROS 12cm - PANEL REY MEXICO","isPartOf":{"@id":"https:\/\/distribuidorpanelrey.com\/#website"},"primaryImageOfPage":{"@id":"https:\/\/distribuidorpanelrey.com.mx\/producto\/detector-de-materiales-detras-de-muros-12cm\/#primaryimage"},"image":{"@id":"https:\/\/distribuidorpanelrey.com.mx\/producto\/detector-de-materiales-detras-de-muros-12cm\/#primaryimage"},"thumbnailUrl":"https:\/\/distribuidorpanelrey.com.mx\/wp-content\/uploads\/2025\/08\/100651.webp","datePublished":"2025-08-22T08:01:57+00:00","dateModified":"2025-12-05T16:55:52+00:00","description":"Detector Truper DEMA-12: localiza metales, madera y cables vivos hasta 12 cm. Mide humedad en madera y materiales de construcci\u00f3n. Precisi\u00f3n y confiabilidad.\u201d","breadcrumb":{"@id":"https:\/\/distribuidorpanelrey.com.mx\/producto\/detector-de-materiales-detras-de-muros-12cm\/#breadcrumb"},"inLanguage":"es","potentialAction":[{"@type":"ReadAction","target":["https:\/\/distribuidorpanelrey.com.mx\/producto\/detector-de-materiales-detras-de-muros-12cm\/"]}]},{"@type":"ImageObject","inLanguage":"es","@id":"https:\/\/distribuidorpanelrey.com.mx\/producto\/detector-de-materiales-detras-de-muros-12cm\/#primaryimage","url":"https:\/\/distribuidorpanelrey.com.mx\/wp-content\/uploads\/2025\/08\/100651.webp","contentUrl":"https:\/\/distribuidorpanelrey.com.mx\/wp-content\/uploads\/2025\/08\/100651.webp","width":1800,"height":1800},{"@type":"BreadcrumbList","@id":"https:\/\/distribuidorpanelrey.com.mx\/producto\/detector-de-materiales-detras-de-muros-12cm\/#breadcrumb","itemListElement":[{"@type":"ListItem","position":1,"name":"Portada","item":"https:\/\/distribuidorpanelrey.com.mx\/"},{"@type":"ListItem","position":2,"name":"Productos","item":"https:\/\/distribuidorpanelrey.com\/tienda\/"},{"@type":"ListItem","position":3,"name":"DETECTOR DE MATERIALES DETRAS DE MUROS 12cm"}]},{"@type":"WebSite","@id":"https:\/\/distribuidorpanelrey.com\/#website","url":"https:\/\/distribuidorpanelrey.com\/","name":"PANEL REY MEXICO","description":"DISTRIBUIDOR PANEL REY","publisher":{"@id":"https:\/\/distribuidorpanelrey.com\/#organization"},"alternateName":"DISTRIBUIDOR PANEL REY","potentialAction":[{"@type":"SearchAction","target":{"@type":"EntryPoint","urlTemplate":"https:\/\/distribuidorpanelrey.com\/?s={search_term_string}"},"query-input":{"@type":"PropertyValueSpecification","valueRequired":true,"valueName":"search_term_string"}}],"inLanguage":"es"},{"@type":"Organization","@id":"https:\/\/distribuidorpanelrey.com\/#organization","name":"PANEL REY MEXICO","url":"https:\/\/distribuidorpanelrey.com\/","logo":{"@type":"ImageObject","inLanguage":"es","@id":"https:\/\/distribuidorpanelrey.com\/#\/schema\/logo\/image\/","url":"https:\/\/distribuidorpanelrey.com.mx\/wp-content\/uploads\/2023\/11\/panelrey.webp","contentUrl":"https:\/\/distribuidorpanelrey.com.mx\/wp-content\/uploads\/2023\/11\/panelrey.webp","width":400,"height":150,"caption":"PANEL REY MEXICO"},"image":{"@id":"https:\/\/distribuidorpanelrey.com\/#\/schema\/logo\/image\/"},"sameAs":["https:\/\/www.facebook.com\/mexicopanelrey\/?locale=es_LA","https:\/\/www.instagram.com\/panel_rey_mexico\/?hl=es"]}]}},"_links":{"self":[{"href":"https:\/\/distribuidorpanelrey.com.mx\/wp-json\/wp\/v2\/product\/6308","targetHints":{"allow":["GET"]}}],"collection":[{"href":"https:\/\/distribuidorpanelrey.com.mx\/wp-json\/wp\/v2\/product"}],"about":[{"href":"https:\/\/distribuidorpanelrey.com.mx\/wp-json\/wp\/v2\/types\/product"}],"replies":[{"embeddable":true,"href":"https:\/\/distribuidorpanelrey.com.mx\/wp-json\/wp\/v2\/comments?post=6308"}],"version-history":[{"count":1,"href":"https:\/\/distribuidorpanelrey.com.mx\/wp-json\/wp\/v2\/product\/6308\/revisions"}],"predecessor-version":[{"id":6309,"href":"https:\/\/distribuidorpanelrey.com.mx\/wp-json\/wp\/v2\/product\/6308\/revisions\/6309"}],"wp:featuredmedia":[{"embeddable":true,"href":"https:\/\/distribuidorpanelrey.com.mx\/wp-json\/wp\/v2\/media\/6038"}],"wp:attachment":[{"href":"https:\/\/distribuidorpanelrey.com.mx\/wp-json\/wp\/v2\/media?parent=6308"}],"wp:term":[{"taxonomy":"product_brand","embeddable":true,"href":"https:\/\/distribuidorpanelrey.com.mx\/wp-json\/wp\/v2\/product_brand?post=6308"},{"taxonomy":"product_cat","embeddable":true,"href":"https:\/\/distribuidorpanelrey.com.mx\/wp-json\/wp\/v2\/product_cat?post=6308"},{"taxonomy":"product_tag","embeddable":true,"href":"https:\/\/distribuidorpanelrey.com.mx\/wp-json\/wp\/v2\/product_tag?post=6308"}],"curies":[{"name":"wp","href":"https:\/\/api.w.org\/{rel}","templated":true}]}}