{"id":6373,"date":"2025-08-23T02:21:33","date_gmt":"2025-08-23T02:21:33","guid":{"rendered":"https:\/\/distribuidorpanelrey.com.mx\/?post_type=product&#038;p=6373"},"modified":"2025-08-23T02:21:35","modified_gmt":"2025-08-23T02:21:35","slug":"nivel-laser-rojo-10m","status":"publish","type":"product","link":"https:\/\/distribuidorpanelrey.com.mx\/producto\/nivel-laser-rojo-10m\/","title":{"rendered":"NIVEL LASER ROJO 10m"},"content":{"rendered":"<h3 data-start=\"145\" data-end=\"211\"><strong data-start=\"149\" data-end=\"211\">Nivel l\u00e1ser rojo 10 m \u2013 Truper (Clave NL-10, C\u00f3digo 17079)<\/strong><\/h3>\n<p data-start=\"232\" data-end=\"533\">El <strong data-start=\"235\" data-end=\"268\">nivel l\u00e1ser rojo Truper NL-10<\/strong> es una herramienta port\u00e1til, resistente y fiable, ideal para tareas de nivelaci\u00f3n y alineaci\u00f3n en proyectos de construcci\u00f3n, remodelaci\u00f3n o instalaci\u00f3n de acabados. Soporta impactos, incorpora funci\u00f3n autonivelante y es f\u00e1cil de montar gracias a su rosca est\u00e1ndar.<\/p>\n<h4 data-start=\"535\" data-end=\"567\">Especificaciones t\u00e9cnicas<\/h4>\n<ul data-start=\"568\" data-end=\"1205\">\n<li data-start=\"568\" data-end=\"589\">\n<p data-start=\"570\" data-end=\"589\"><strong data-start=\"570\" data-end=\"581\">Alcance<\/strong>: 10 m<\/p>\n<\/li>\n<li data-start=\"590\" data-end=\"617\">\n<p data-start=\"592\" data-end=\"617\"><strong data-start=\"592\" data-end=\"609\">Tipo de l\u00e1ser<\/strong>: rojo<\/p>\n<\/li>\n<li data-start=\"618\" data-end=\"677\">\n<p data-start=\"620\" data-end=\"677\"><strong data-start=\"620\" data-end=\"641\">Fuente de energ\u00eda<\/strong>: 2 pilas AA alcalinas (incluidas)<\/p>\n<\/li>\n<li data-start=\"678\" data-end=\"705\">\n<p data-start=\"680\" data-end=\"705\"><strong data-start=\"680\" data-end=\"698\">Autonivelaci\u00f3n<\/strong>: \u00b14\u00b0<\/p>\n<\/li>\n<li data-start=\"706\" data-end=\"755\">\n<p data-start=\"708\" data-end=\"755\"><strong data-start=\"708\" data-end=\"734\">Tolerancia \/ precisi\u00f3n<\/strong>: \u00b10.5 mm por metro<\/p>\n<\/li>\n<li data-start=\"756\" data-end=\"808\">\n<p data-start=\"758\" data-end=\"808\"><strong data-start=\"758\" data-end=\"774\">Modos de uso<\/strong>: horizontal, vertical y cruzado<\/p>\n<\/li>\n<li data-start=\"809\" data-end=\"850\">\n<p data-start=\"811\" data-end=\"850\"><strong data-start=\"811\" data-end=\"831\">Rosca de montaje<\/strong>: \u00bc\u2033 para tr\u00edpode<\/p>\n<\/li>\n<li data-start=\"851\" data-end=\"894\">\n<p data-start=\"853\" data-end=\"894\"><strong data-start=\"853\" data-end=\"869\">Construcci\u00f3n<\/strong>: resistente a impactos<\/p>\n<\/li>\n<li data-start=\"895\" data-end=\"936\">\n<p data-start=\"897\" data-end=\"936\"><strong data-start=\"897\" data-end=\"914\">Certificaci\u00f3n<\/strong>: norma NOM-001-SCFI<\/p>\n<\/li>\n<li data-start=\"937\" data-end=\"1027\">\n<p data-start=\"939\" data-end=\"1027\"><strong data-start=\"939\" data-end=\"957\">Pa\u00eds de origen<\/strong>: Fabricado en China conforme a las especificaciones de Grupo Truper<\/p>\n<\/li>\n<li data-start=\"1028\" data-end=\"1061\">\n<p data-start=\"1030\" data-end=\"1061\"><strong data-start=\"1030\" data-end=\"1041\">Incluye<\/strong>: funda protectora<\/p>\n<\/li>\n<li data-start=\"1062\" data-end=\"1205\">\n<p data-start=\"1064\" data-end=\"1205\"><strong data-start=\"1064\" data-end=\"1093\">Presentaciones de empaque<\/strong>: individual, inner 2 unidades, master 10 unidades, pallet 150 unidades<span class=\"\" data-state=\"closed\"><span class=\"ms-1 inline-flex max-w-full items-center relative top-[-0.094rem] animate-[show_150ms_ease-in]\" data-testid=\"webpage-citation-pill\"><br \/>\n<\/span><\/span><\/p>\n<\/li>\n<\/ul>\n<h4 data-start=\"1207\" data-end=\"1231\">Usos recomendados<\/h4>\n<p data-start=\"1232\" data-end=\"1394\">Perfecto para alineaciones y nivelaciones b\u00e1sicas en interiores: colocaci\u00f3n de baldosas, instalaci\u00f3n de repisas o muebles, alineaci\u00f3n de marcos y acabados, y m\u00e1s.<\/p>\n<h4 data-start=\"1396\" data-end=\"1423\">Ventajas principales<\/h4>\n<ul data-start=\"1424\" data-end=\"1680\">\n<li data-start=\"1424\" data-end=\"1479\">\n<p data-start=\"1426\" data-end=\"1479\">Pr\u00e1ctico y port\u00e1til con fuente de energ\u00eda sencilla.<\/p>\n<\/li>\n<li data-start=\"1480\" data-end=\"1563\">\n<p data-start=\"1482\" data-end=\"1563\">Autonivelante y con buena precisi\u00f3n para trabajos r\u00e1pidos y sin complicaciones.<\/p>\n<\/li>\n<li data-start=\"1564\" data-end=\"1619\">\n<p data-start=\"1566\" data-end=\"1619\">Resistente y duradero, ideal para entornos de obra.<\/p>\n<\/li>\n<li data-start=\"1620\" data-end=\"1680\">\n<p data-start=\"1622\" data-end=\"1680\">F\u00e1cil de montar en tr\u00edpode para mayor flexibilidad de uso.<\/p>\n<\/li>\n<\/ul>\n<p>&nbsp;<\/p>\n<p style=\"text-align: center;\">En\u00a0<strong data-start=\"82\" data-end=\"115\">Distribuidor Panel Rey M\u00e9xico<\/strong> encuentras calidad y confianza en productos <strong>Acero.<\/strong><br data-start=\"173\" data-end=\"176\" \/>\u2705 Env\u00edos a toda la Rep\u00fablica Mexicana. \u00a1Pregunta por nuestras promociones vigentes!<br data-start=\"259\" data-end=\"262\" data-is-only-node=\"\" \/>\u2705 Todos los precios incluyen IVA (sujetos a cambio sin previo aviso).<br data-start=\"331\" data-end=\"334\" \/>\u2705 Im\u00e1genes ilustrativas, el producto final puede presentar ligeras variaciones.<br data-start=\"413\" data-end=\"416\" \/>\ud83d\udcac \u00bfTienes dudas? Escr\u00edbenos por\u00a0<a href=\"https:\/\/www.facebook.com\/mexicopanelrey\">Facebook<\/a>\u00a0o\u00a0<a href=\"https:\/\/www.instagram.com\/panel_rey_mexico\/\">Instagram<\/a>.<br data-start=\"470\" data-end=\"473\" \/>\ud83d\udcde Tel:\u00a0<a href=\"tel:55 7397 6243\">55 7397 6243<\/a>\u00a0| WhatsApp:\u00a0<a href=\"https:\/\/api.whatsapp.com\/send?phone=525573976243\">5573976243<\/a><br data-start=\"518\" data-end=\"521\" \/>\ud83d\udce7\u00a0<a class=\"cursor-pointer\" href=\"mailto:ventas@distribuidorpanelrey.com\" rel=\"noopener\" data-start=\"524\" data-end=\"555\">ventas@distribuidorpanelrey.com<\/a><\/p>\n","protected":false},"excerpt":{"rendered":"<h4 style=\"text-align: center;\">Env\u00edos de 24 a 48 hr CDMX Y EDO MEX<\/h4>\n<p style=\"text-align: center;\">Rese\u00f1as\u00a0\u2605\u2605\u2605\u2605\u2605\u00a0 Env\u00edos Garantizados<\/p>\n<h4 style=\"text-align: center;\">\ud83d\udd25LOS MEJORES PRECIOS \ud83d\udd25<\/h4>\n","protected":false},"featured_media":6048,"comment_status":"closed","ping_status":"closed","template":"","meta":[],"product_brand":[562],"product_cat":[1301],"product_tag":[1319,1303,1317,1318],"class_list":{"0":"post-6373","1":"product","2":"type-product","3":"status-publish","4":"has-post-thumbnail","6":"product_brand-truper","7":"product_cat-nivel-laser","8":"product_tag-10m","9":"product_tag-nivel-laser","10":"product_tag-nivel-laser-rojo-10m","11":"product_tag-rojo-10m","13":"first","14":"instock","15":"shipping-taxable","16":"purchasable","17":"product-type-simple"},"yoast_head":"<!-- This site is optimized with the Yoast SEO plugin v27.1.1 - https:\/\/yoast.com\/product\/yoast-seo-wordpress\/ -->\n<title>NIVEL LASER ROJO 10m - PANEL REY MEXICO<\/title>\n<meta name=\"description\" content=\"Nivel l\u00e1ser rojo Truper NL-10: alcance 10 m, autonivelante \u00b14\u00b0, pila AA, precisi\u00f3n \u00b10.5 mm\/m. Ideal para nivelaciones r\u00e1pidas y confiables\" \/>\n<meta name=\"robots\" content=\"index, follow, max-snippet:-1, max-image-preview:large, max-video-preview:-1\" \/>\n<link rel=\"canonical\" href=\"https:\/\/distribuidorpanelrey.com.mx\/producto\/nivel-laser-rojo-10m\/\" \/>\n<meta property=\"og:locale\" content=\"es_ES\" \/>\n<meta property=\"og:type\" content=\"article\" \/>\n<meta property=\"og:title\" content=\"NIVEL LASER ROJO 10m - PANEL REY MEXICO\" \/>\n<meta property=\"og:description\" content=\"Nivel l\u00e1ser rojo Truper NL-10: alcance 10 m, autonivelante \u00b14\u00b0, pila AA, precisi\u00f3n \u00b10.5 mm\/m. Ideal para nivelaciones r\u00e1pidas y confiables\" \/>\n<meta property=\"og:url\" content=\"https:\/\/distribuidorpanelrey.com.mx\/producto\/nivel-laser-rojo-10m\/\" \/>\n<meta property=\"og:site_name\" content=\"PANEL REY MEXICO\" \/>\n<meta property=\"article:publisher\" content=\"https:\/\/www.facebook.com\/mexicopanelrey\/?locale=es_LA\" \/>\n<meta property=\"article:modified_time\" content=\"2025-08-23T02:21:35+00:00\" \/>\n<meta property=\"og:image\" content=\"https:\/\/distribuidorpanelrey.com.mx\/wp-content\/uploads\/2025\/08\/17079.webp\" \/>\n\t<meta property=\"og:image:width\" content=\"1800\" \/>\n\t<meta property=\"og:image:height\" content=\"1800\" \/>\n\t<meta property=\"og:image:type\" content=\"image\/webp\" \/>\n<meta name=\"twitter:card\" content=\"summary_large_image\" \/>\n<meta name=\"twitter:label1\" content=\"Tiempo de lectura\" \/>\n\t<meta name=\"twitter:data1\" content=\"2 minutos\" \/>\n<script type=\"application\/ld+json\" class=\"yoast-schema-graph\">{\"@context\":\"https:\/\/schema.org\",\"@graph\":[{\"@type\":\"WebPage\",\"@id\":\"https:\/\/distribuidorpanelrey.com.mx\/producto\/nivel-laser-rojo-10m\/\",\"url\":\"https:\/\/distribuidorpanelrey.com.mx\/producto\/nivel-laser-rojo-10m\/\",\"name\":\"NIVEL LASER ROJO 10m - PANEL REY MEXICO\",\"isPartOf\":{\"@id\":\"https:\/\/distribuidorpanelrey.com\/#website\"},\"primaryImageOfPage\":{\"@id\":\"https:\/\/distribuidorpanelrey.com.mx\/producto\/nivel-laser-rojo-10m\/#primaryimage\"},\"image\":{\"@id\":\"https:\/\/distribuidorpanelrey.com.mx\/producto\/nivel-laser-rojo-10m\/#primaryimage\"},\"thumbnailUrl\":\"https:\/\/distribuidorpanelrey.com.mx\/wp-content\/uploads\/2025\/08\/17079.webp\",\"datePublished\":\"2025-08-23T02:21:33+00:00\",\"dateModified\":\"2025-08-23T02:21:35+00:00\",\"description\":\"Nivel l\u00e1ser rojo Truper NL-10: alcance 10 m, autonivelante \u00b14\u00b0, pila AA, precisi\u00f3n \u00b10.5 mm\/m. Ideal para nivelaciones r\u00e1pidas y confiables\",\"breadcrumb\":{\"@id\":\"https:\/\/distribuidorpanelrey.com.mx\/producto\/nivel-laser-rojo-10m\/#breadcrumb\"},\"inLanguage\":\"es\",\"potentialAction\":[{\"@type\":\"ReadAction\",\"target\":[\"https:\/\/distribuidorpanelrey.com.mx\/producto\/nivel-laser-rojo-10m\/\"]}]},{\"@type\":\"ImageObject\",\"inLanguage\":\"es\",\"@id\":\"https:\/\/distribuidorpanelrey.com.mx\/producto\/nivel-laser-rojo-10m\/#primaryimage\",\"url\":\"https:\/\/distribuidorpanelrey.com.mx\/wp-content\/uploads\/2025\/08\/17079.webp\",\"contentUrl\":\"https:\/\/distribuidorpanelrey.com.mx\/wp-content\/uploads\/2025\/08\/17079.webp\",\"width\":1800,\"height\":1800},{\"@type\":\"BreadcrumbList\",\"@id\":\"https:\/\/distribuidorpanelrey.com.mx\/producto\/nivel-laser-rojo-10m\/#breadcrumb\",\"itemListElement\":[{\"@type\":\"ListItem\",\"position\":1,\"name\":\"Portada\",\"item\":\"https:\/\/distribuidorpanelrey.com.mx\/\"},{\"@type\":\"ListItem\",\"position\":2,\"name\":\"Productos\",\"item\":\"https:\/\/distribuidorpanelrey.com\/tienda\/\"},{\"@type\":\"ListItem\",\"position\":3,\"name\":\"NIVEL LASER ROJO 10m\"}]},{\"@type\":\"WebSite\",\"@id\":\"https:\/\/distribuidorpanelrey.com\/#website\",\"url\":\"https:\/\/distribuidorpanelrey.com\/\",\"name\":\"PANEL REY MEXICO\",\"description\":\"DISTRIBUIDOR PANEL REY\",\"publisher\":{\"@id\":\"https:\/\/distribuidorpanelrey.com\/#organization\"},\"alternateName\":\"DISTRIBUIDOR PANEL REY\",\"potentialAction\":[{\"@type\":\"SearchAction\",\"target\":{\"@type\":\"EntryPoint\",\"urlTemplate\":\"https:\/\/distribuidorpanelrey.com\/?s={search_term_string}\"},\"query-input\":{\"@type\":\"PropertyValueSpecification\",\"valueRequired\":true,\"valueName\":\"search_term_string\"}}],\"inLanguage\":\"es\"},{\"@type\":\"Organization\",\"@id\":\"https:\/\/distribuidorpanelrey.com\/#organization\",\"name\":\"PANEL REY MEXICO\",\"url\":\"https:\/\/distribuidorpanelrey.com\/\",\"logo\":{\"@type\":\"ImageObject\",\"inLanguage\":\"es\",\"@id\":\"https:\/\/distribuidorpanelrey.com\/#\/schema\/logo\/image\/\",\"url\":\"https:\/\/distribuidorpanelrey.com.mx\/wp-content\/uploads\/2023\/11\/panelrey.webp\",\"contentUrl\":\"https:\/\/distribuidorpanelrey.com.mx\/wp-content\/uploads\/2023\/11\/panelrey.webp\",\"width\":400,\"height\":150,\"caption\":\"PANEL REY MEXICO\"},\"image\":{\"@id\":\"https:\/\/distribuidorpanelrey.com\/#\/schema\/logo\/image\/\"},\"sameAs\":[\"https:\/\/www.facebook.com\/mexicopanelrey\/?locale=es_LA\",\"https:\/\/www.instagram.com\/panel_rey_mexico\/?hl=es\"]}]}<\/script>\n<!-- \/ Yoast SEO plugin. -->","yoast_head_json":{"title":"NIVEL LASER ROJO 10m - PANEL REY MEXICO","description":"Nivel l\u00e1ser rojo Truper NL-10: alcance 10 m, autonivelante \u00b14\u00b0, pila AA, precisi\u00f3n \u00b10.5 mm\/m. Ideal para nivelaciones r\u00e1pidas y confiables","robots":{"index":"index","follow":"follow","max-snippet":"max-snippet:-1","max-image-preview":"max-image-preview:large","max-video-preview":"max-video-preview:-1"},"canonical":"https:\/\/distribuidorpanelrey.com.mx\/producto\/nivel-laser-rojo-10m\/","og_locale":"es_ES","og_type":"article","og_title":"NIVEL LASER ROJO 10m - PANEL REY MEXICO","og_description":"Nivel l\u00e1ser rojo Truper NL-10: alcance 10 m, autonivelante \u00b14\u00b0, pila AA, precisi\u00f3n \u00b10.5 mm\/m. Ideal para nivelaciones r\u00e1pidas y confiables","og_url":"https:\/\/distribuidorpanelrey.com.mx\/producto\/nivel-laser-rojo-10m\/","og_site_name":"PANEL REY MEXICO","article_publisher":"https:\/\/www.facebook.com\/mexicopanelrey\/?locale=es_LA","article_modified_time":"2025-08-23T02:21:35+00:00","og_image":[{"width":1800,"height":1800,"url":"https:\/\/distribuidorpanelrey.com.mx\/wp-content\/uploads\/2025\/08\/17079.webp","type":"image\/webp"}],"twitter_card":"summary_large_image","twitter_misc":{"Tiempo de lectura":"2 minutos"},"schema":{"@context":"https:\/\/schema.org","@graph":[{"@type":"WebPage","@id":"https:\/\/distribuidorpanelrey.com.mx\/producto\/nivel-laser-rojo-10m\/","url":"https:\/\/distribuidorpanelrey.com.mx\/producto\/nivel-laser-rojo-10m\/","name":"NIVEL LASER ROJO 10m - PANEL REY MEXICO","isPartOf":{"@id":"https:\/\/distribuidorpanelrey.com\/#website"},"primaryImageOfPage":{"@id":"https:\/\/distribuidorpanelrey.com.mx\/producto\/nivel-laser-rojo-10m\/#primaryimage"},"image":{"@id":"https:\/\/distribuidorpanelrey.com.mx\/producto\/nivel-laser-rojo-10m\/#primaryimage"},"thumbnailUrl":"https:\/\/distribuidorpanelrey.com.mx\/wp-content\/uploads\/2025\/08\/17079.webp","datePublished":"2025-08-23T02:21:33+00:00","dateModified":"2025-08-23T02:21:35+00:00","description":"Nivel l\u00e1ser rojo Truper NL-10: alcance 10 m, autonivelante \u00b14\u00b0, pila AA, precisi\u00f3n \u00b10.5 mm\/m. Ideal para nivelaciones r\u00e1pidas y confiables","breadcrumb":{"@id":"https:\/\/distribuidorpanelrey.com.mx\/producto\/nivel-laser-rojo-10m\/#breadcrumb"},"inLanguage":"es","potentialAction":[{"@type":"ReadAction","target":["https:\/\/distribuidorpanelrey.com.mx\/producto\/nivel-laser-rojo-10m\/"]}]},{"@type":"ImageObject","inLanguage":"es","@id":"https:\/\/distribuidorpanelrey.com.mx\/producto\/nivel-laser-rojo-10m\/#primaryimage","url":"https:\/\/distribuidorpanelrey.com.mx\/wp-content\/uploads\/2025\/08\/17079.webp","contentUrl":"https:\/\/distribuidorpanelrey.com.mx\/wp-content\/uploads\/2025\/08\/17079.webp","width":1800,"height":1800},{"@type":"BreadcrumbList","@id":"https:\/\/distribuidorpanelrey.com.mx\/producto\/nivel-laser-rojo-10m\/#breadcrumb","itemListElement":[{"@type":"ListItem","position":1,"name":"Portada","item":"https:\/\/distribuidorpanelrey.com.mx\/"},{"@type":"ListItem","position":2,"name":"Productos","item":"https:\/\/distribuidorpanelrey.com\/tienda\/"},{"@type":"ListItem","position":3,"name":"NIVEL LASER ROJO 10m"}]},{"@type":"WebSite","@id":"https:\/\/distribuidorpanelrey.com\/#website","url":"https:\/\/distribuidorpanelrey.com\/","name":"PANEL REY MEXICO","description":"DISTRIBUIDOR PANEL REY","publisher":{"@id":"https:\/\/distribuidorpanelrey.com\/#organization"},"alternateName":"DISTRIBUIDOR PANEL REY","potentialAction":[{"@type":"SearchAction","target":{"@type":"EntryPoint","urlTemplate":"https:\/\/distribuidorpanelrey.com\/?s={search_term_string}"},"query-input":{"@type":"PropertyValueSpecification","valueRequired":true,"valueName":"search_term_string"}}],"inLanguage":"es"},{"@type":"Organization","@id":"https:\/\/distribuidorpanelrey.com\/#organization","name":"PANEL REY MEXICO","url":"https:\/\/distribuidorpanelrey.com\/","logo":{"@type":"ImageObject","inLanguage":"es","@id":"https:\/\/distribuidorpanelrey.com\/#\/schema\/logo\/image\/","url":"https:\/\/distribuidorpanelrey.com.mx\/wp-content\/uploads\/2023\/11\/panelrey.webp","contentUrl":"https:\/\/distribuidorpanelrey.com.mx\/wp-content\/uploads\/2023\/11\/panelrey.webp","width":400,"height":150,"caption":"PANEL REY MEXICO"},"image":{"@id":"https:\/\/distribuidorpanelrey.com\/#\/schema\/logo\/image\/"},"sameAs":["https:\/\/www.facebook.com\/mexicopanelrey\/?locale=es_LA","https:\/\/www.instagram.com\/panel_rey_mexico\/?hl=es"]}]}},"_links":{"self":[{"href":"https:\/\/distribuidorpanelrey.com.mx\/wp-json\/wp\/v2\/product\/6373","targetHints":{"allow":["GET"]}}],"collection":[{"href":"https:\/\/distribuidorpanelrey.com.mx\/wp-json\/wp\/v2\/product"}],"about":[{"href":"https:\/\/distribuidorpanelrey.com.mx\/wp-json\/wp\/v2\/types\/product"}],"replies":[{"embeddable":true,"href":"https:\/\/distribuidorpanelrey.com.mx\/wp-json\/wp\/v2\/comments?post=6373"}],"version-history":[{"count":1,"href":"https:\/\/distribuidorpanelrey.com.mx\/wp-json\/wp\/v2\/product\/6373\/revisions"}],"predecessor-version":[{"id":6374,"href":"https:\/\/distribuidorpanelrey.com.mx\/wp-json\/wp\/v2\/product\/6373\/revisions\/6374"}],"wp:featuredmedia":[{"embeddable":true,"href":"https:\/\/distribuidorpanelrey.com.mx\/wp-json\/wp\/v2\/media\/6048"}],"wp:attachment":[{"href":"https:\/\/distribuidorpanelrey.com.mx\/wp-json\/wp\/v2\/media?parent=6373"}],"wp:term":[{"taxonomy":"product_brand","embeddable":true,"href":"https:\/\/distribuidorpanelrey.com.mx\/wp-json\/wp\/v2\/product_brand?post=6373"},{"taxonomy":"product_cat","embeddable":true,"href":"https:\/\/distribuidorpanelrey.com.mx\/wp-json\/wp\/v2\/product_cat?post=6373"},{"taxonomy":"product_tag","embeddable":true,"href":"https:\/\/distribuidorpanelrey.com.mx\/wp-json\/wp\/v2\/product_tag?post=6373"}],"curies":[{"name":"wp","href":"https:\/\/api.w.org\/{rel}","templated":true}]}}