{"id":6459,"date":"2025-08-30T03:21:57","date_gmt":"2025-08-30T03:21:57","guid":{"rendered":"https:\/\/distribuidorpanelrey.com.mx\/?post_type=product&#038;p=6459"},"modified":"2025-08-30T03:21:59","modified_gmt":"2025-08-30T03:21:59","slug":"polin-para-cimbra-de-2da","status":"publish","type":"product","link":"https:\/\/distribuidorpanelrey.com.mx\/producto\/polin-para-cimbra-de-2da\/","title":{"rendered":"POLIN PARA CIMBRA DE 2DA"},"content":{"rendered":"<h3 data-start=\"137\" data-end=\"528\">\ud83e\udeb5 <strong data-start=\"140\" data-end=\"201\">Pol\u00edn de Pino de 2da para Cimbra \u2013 Resistente y Econ\u00f3mico<\/strong><\/h3>\n<p data-start=\"137\" data-end=\"528\">El <strong data-start=\"207\" data-end=\"243\">Pol\u00edn de Pino de 2da para Cimbra<\/strong> es una pieza de madera aserrada ideal como puntal en proyectos de construcci\u00f3n. Ofrece buena resistencia y soporte para la cimbra durante el colado de concreto, siendo una alternativa m\u00e1s econ\u00f3mica en comparaci\u00f3n con la madera de 1ra, sin dejar de ser confiable y funcional en obra.<\/p>\n<p data-start=\"530\" data-end=\"564\">\ud83d\udd27 <strong data-start=\"533\" data-end=\"562\">Caracter\u00edsticas T\u00e9cnicas:<\/strong><\/p>\n<ul data-start=\"565\" data-end=\"714\">\n<li data-start=\"565\" data-end=\"582\">\n<p data-start=\"567\" data-end=\"582\">Calidad: 2da.<\/p>\n<\/li>\n<li data-start=\"583\" data-end=\"607\">\n<p data-start=\"585\" data-end=\"607\">Acabado: Aserradero.<\/p>\n<\/li>\n<li data-start=\"608\" data-end=\"626\">\n<p data-start=\"610\" data-end=\"626\">Largo: 244 cm.<\/p>\n<\/li>\n<li data-start=\"627\" data-end=\"646\">\n<p data-start=\"629\" data-end=\"646\">Ancho: 7.62 cm.<\/p>\n<\/li>\n<li data-start=\"647\" data-end=\"676\">\n<p data-start=\"649\" data-end=\"676\">Material: Madera de pino.<\/p>\n<\/li>\n<li data-start=\"677\" data-end=\"696\">\n<p data-start=\"679\" data-end=\"696\">Color: Natural.<\/p>\n<\/li>\n<li data-start=\"697\" data-end=\"714\">\n<p data-start=\"699\" data-end=\"714\">Peso: 7.6 kg.<\/p>\n<\/li>\n<\/ul>\n<p data-start=\"716\" data-end=\"743\">\ud83e\uddfc <strong data-start=\"719\" data-end=\"741\">Usos Recomendados:<\/strong><\/p>\n<ul data-start=\"744\" data-end=\"1005\">\n<li data-start=\"744\" data-end=\"803\">\n<p data-start=\"746\" data-end=\"803\">Puntales de soporte en cimbras para colado de concreto.<\/p>\n<\/li>\n<li data-start=\"804\" data-end=\"870\">\n<p data-start=\"806\" data-end=\"870\">Construcci\u00f3n de estructuras temporales como andamios y cercas.<\/p>\n<\/li>\n<li data-start=\"871\" data-end=\"913\">\n<p data-start=\"873\" data-end=\"913\">Refuerzo de estructuras provisionales.<\/p>\n<\/li>\n<li data-start=\"914\" data-end=\"960\">\n<p data-start=\"916\" data-end=\"960\">Delimitaci\u00f3n de \u00e1reas funcionales en obra.<\/p>\n<\/li>\n<li data-start=\"961\" data-end=\"1005\">\n<p data-start=\"963\" data-end=\"1005\">Aplicaciones auxiliares en construcci\u00f3n.<\/p>\n<\/li>\n<\/ul>\n<p data-start=\"1007\" data-end=\"1026\">\ud83d\udee0\ufe0f <strong data-start=\"1011\" data-end=\"1024\">Ventajas:<\/strong><\/p>\n<ul data-start=\"1027\" data-end=\"1252\">\n<li data-start=\"1027\" data-end=\"1079\">\n<p data-start=\"1029\" data-end=\"1079\">Alternativa econ\u00f3mica frente a la madera de 1ra.<\/p>\n<\/li>\n<li data-start=\"1080\" data-end=\"1124\">\n<p data-start=\"1082\" data-end=\"1124\">Buena resistencia y durabilidad en obra.<\/p>\n<\/li>\n<li data-start=\"1125\" data-end=\"1174\">\n<p data-start=\"1127\" data-end=\"1174\">Vers\u00e1til para distintos usos de construcci\u00f3n.<\/p>\n<\/li>\n<li data-start=\"1175\" data-end=\"1216\">\n<p data-start=\"1177\" data-end=\"1216\">F\u00e1cil de cortar, manipular y adaptar.<\/p>\n<\/li>\n<li data-start=\"1217\" data-end=\"1252\">\n<p data-start=\"1219\" data-end=\"1252\">Material confiable y accesible.<\/p>\n<\/li>\n<\/ul>\n<p style=\"text-align: center;\">En\u00a0<strong data-start=\"82\" data-end=\"115\">Distribuidor Panel Rey M\u00e9xico<\/strong> encuentras calidad y confianza en productos <strong>Acero.<\/strong><br data-start=\"173\" data-end=\"176\" \/>\u2705 Env\u00edos a toda la Rep\u00fablica Mexicana. \u00a1Pregunta por nuestras promociones vigentes!<br data-start=\"259\" data-end=\"262\" data-is-only-node=\"\" \/>\u2705 Todos los precios incluyen IVA (sujetos a cambio sin previo aviso).<br data-start=\"331\" data-end=\"334\" \/>\u2705 Im\u00e1genes ilustrativas, el producto final puede presentar ligeras variaciones.<br data-start=\"413\" data-end=\"416\" \/>\ud83d\udcac \u00bfTienes dudas? Escr\u00edbenos por\u00a0<a href=\"https:\/\/www.facebook.com\/mexicopanelrey\">Facebook<\/a>\u00a0o\u00a0<a href=\"https:\/\/www.instagram.com\/panel_rey_mexico\/\">Instagram<\/a>.<br data-start=\"470\" data-end=\"473\" \/>\ud83d\udcde Tel:\u00a0<a href=\"tel:55 7397 6243\">55 7397 6243<\/a>\u00a0| WhatsApp:\u00a0<a href=\"https:\/\/api.whatsapp.com\/send?phone=525573976243\">5573976243<\/a><br data-start=\"518\" data-end=\"521\" \/>\ud83d\udce7\u00a0<a class=\"cursor-pointer\" href=\"mailto:ventas@distribuidorpanelrey.com\" rel=\"noopener\" data-start=\"524\" data-end=\"555\">ventas@distribuidorpanelrey.com<\/a><\/p>\n","protected":false},"excerpt":{"rendered":"<h4 style=\"text-align: center;\">Env\u00edos de 24 a 48 hr CDMX Y EDO MEX<\/h4>\n<p style=\"text-align: center;\">Rese\u00f1as\u00a0\u2605\u2605\u2605\u2605\u2605\u00a0 Env\u00edos Garantizados<\/p>\n<h4 style=\"text-align: center;\">\ud83d\udd25LOS MEJORES PRECIOS \ud83d\udd25<\/h4>\n","protected":false},"featured_media":6444,"comment_status":"closed","ping_status":"closed","template":"","meta":[],"product_brand":[],"product_cat":[439],"product_tag":[1332,1326,1329,1331],"class_list":{"0":"post-6459","1":"product","2":"type-product","3":"status-publish","4":"has-post-thumbnail","6":"product_cat-madera","7":"product_tag-2da","8":"product_tag-cimbra","9":"product_tag-polin","10":"product_tag-polin-para-cimbra-de-2da","12":"first","13":"instock","14":"shipping-taxable","15":"purchasable","16":"product-type-simple"},"yoast_head":"<!-- This site is optimized with the Yoast SEO plugin v27.1.1 - https:\/\/yoast.com\/product\/yoast-seo-wordpress\/ -->\n<title>POLIN PARA CIMBRA DE 2DA - PANEL REY MEXICO<\/title>\n<meta name=\"description\" content=\"Pol\u00edn de pino de 2da para cimbra de 244 cm. Econ\u00f3mico, resistente y vers\u00e1til. Ideal para puntales en colado de concreto y estructuras temporales.\" \/>\n<meta name=\"robots\" content=\"index, follow, max-snippet:-1, max-image-preview:large, max-video-preview:-1\" \/>\n<link rel=\"canonical\" href=\"https:\/\/distribuidorpanelrey.com.mx\/producto\/polin-para-cimbra-de-2da\/\" \/>\n<meta property=\"og:locale\" content=\"es_ES\" \/>\n<meta property=\"og:type\" content=\"article\" \/>\n<meta property=\"og:title\" content=\"POLIN PARA CIMBRA DE 2DA - PANEL REY MEXICO\" \/>\n<meta property=\"og:description\" content=\"Pol\u00edn de pino de 2da para cimbra de 244 cm. Econ\u00f3mico, resistente y vers\u00e1til. Ideal para puntales en colado de concreto y estructuras temporales.\" \/>\n<meta property=\"og:url\" content=\"https:\/\/distribuidorpanelrey.com.mx\/producto\/polin-para-cimbra-de-2da\/\" \/>\n<meta property=\"og:site_name\" content=\"PANEL REY MEXICO\" \/>\n<meta property=\"article:publisher\" content=\"https:\/\/www.facebook.com\/mexicopanelrey\/?locale=es_LA\" \/>\n<meta property=\"article:modified_time\" content=\"2025-08-30T03:21:59+00:00\" \/>\n<meta property=\"og:image\" content=\"https:\/\/distribuidorpanelrey.com.mx\/wp-content\/uploads\/2025\/08\/CIMBRA.webp\" \/>\n\t<meta property=\"og:image:width\" content=\"300\" \/>\n\t<meta property=\"og:image:height\" content=\"300\" \/>\n\t<meta property=\"og:image:type\" content=\"image\/webp\" \/>\n<meta name=\"twitter:card\" content=\"summary_large_image\" \/>\n<meta name=\"twitter:label1\" content=\"Tiempo de lectura\" \/>\n\t<meta name=\"twitter:data1\" content=\"2 minutos\" \/>\n<script type=\"application\/ld+json\" class=\"yoast-schema-graph\">{\"@context\":\"https:\/\/schema.org\",\"@graph\":[{\"@type\":\"WebPage\",\"@id\":\"https:\/\/distribuidorpanelrey.com.mx\/producto\/polin-para-cimbra-de-2da\/\",\"url\":\"https:\/\/distribuidorpanelrey.com.mx\/producto\/polin-para-cimbra-de-2da\/\",\"name\":\"POLIN PARA CIMBRA DE 2DA - PANEL REY MEXICO\",\"isPartOf\":{\"@id\":\"https:\/\/distribuidorpanelrey.com\/#website\"},\"primaryImageOfPage\":{\"@id\":\"https:\/\/distribuidorpanelrey.com.mx\/producto\/polin-para-cimbra-de-2da\/#primaryimage\"},\"image\":{\"@id\":\"https:\/\/distribuidorpanelrey.com.mx\/producto\/polin-para-cimbra-de-2da\/#primaryimage\"},\"thumbnailUrl\":\"https:\/\/distribuidorpanelrey.com.mx\/wp-content\/uploads\/2025\/08\/CIMBRA.webp\",\"datePublished\":\"2025-08-30T03:21:57+00:00\",\"dateModified\":\"2025-08-30T03:21:59+00:00\",\"description\":\"Pol\u00edn de pino de 2da para cimbra de 244 cm. Econ\u00f3mico, resistente y vers\u00e1til. Ideal para puntales en colado de concreto y estructuras temporales.\",\"breadcrumb\":{\"@id\":\"https:\/\/distribuidorpanelrey.com.mx\/producto\/polin-para-cimbra-de-2da\/#breadcrumb\"},\"inLanguage\":\"es\",\"potentialAction\":[{\"@type\":\"ReadAction\",\"target\":[\"https:\/\/distribuidorpanelrey.com.mx\/producto\/polin-para-cimbra-de-2da\/\"]}]},{\"@type\":\"ImageObject\",\"inLanguage\":\"es\",\"@id\":\"https:\/\/distribuidorpanelrey.com.mx\/producto\/polin-para-cimbra-de-2da\/#primaryimage\",\"url\":\"https:\/\/distribuidorpanelrey.com.mx\/wp-content\/uploads\/2025\/08\/CIMBRA.webp\",\"contentUrl\":\"https:\/\/distribuidorpanelrey.com.mx\/wp-content\/uploads\/2025\/08\/CIMBRA.webp\",\"width\":300,\"height\":300},{\"@type\":\"BreadcrumbList\",\"@id\":\"https:\/\/distribuidorpanelrey.com.mx\/producto\/polin-para-cimbra-de-2da\/#breadcrumb\",\"itemListElement\":[{\"@type\":\"ListItem\",\"position\":1,\"name\":\"Portada\",\"item\":\"https:\/\/distribuidorpanelrey.com.mx\/\"},{\"@type\":\"ListItem\",\"position\":2,\"name\":\"Productos\",\"item\":\"https:\/\/distribuidorpanelrey.com\/tienda\/\"},{\"@type\":\"ListItem\",\"position\":3,\"name\":\"POLIN PARA CIMBRA DE 2DA\"}]},{\"@type\":\"WebSite\",\"@id\":\"https:\/\/distribuidorpanelrey.com\/#website\",\"url\":\"https:\/\/distribuidorpanelrey.com\/\",\"name\":\"PANEL REY MEXICO\",\"description\":\"DISTRIBUIDOR PANEL REY\",\"publisher\":{\"@id\":\"https:\/\/distribuidorpanelrey.com\/#organization\"},\"alternateName\":\"DISTRIBUIDOR PANEL REY\",\"potentialAction\":[{\"@type\":\"SearchAction\",\"target\":{\"@type\":\"EntryPoint\",\"urlTemplate\":\"https:\/\/distribuidorpanelrey.com\/?s={search_term_string}\"},\"query-input\":{\"@type\":\"PropertyValueSpecification\",\"valueRequired\":true,\"valueName\":\"search_term_string\"}}],\"inLanguage\":\"es\"},{\"@type\":\"Organization\",\"@id\":\"https:\/\/distribuidorpanelrey.com\/#organization\",\"name\":\"PANEL REY MEXICO\",\"url\":\"https:\/\/distribuidorpanelrey.com\/\",\"logo\":{\"@type\":\"ImageObject\",\"inLanguage\":\"es\",\"@id\":\"https:\/\/distribuidorpanelrey.com\/#\/schema\/logo\/image\/\",\"url\":\"https:\/\/distribuidorpanelrey.com.mx\/wp-content\/uploads\/2023\/11\/panelrey.webp\",\"contentUrl\":\"https:\/\/distribuidorpanelrey.com.mx\/wp-content\/uploads\/2023\/11\/panelrey.webp\",\"width\":400,\"height\":150,\"caption\":\"PANEL REY MEXICO\"},\"image\":{\"@id\":\"https:\/\/distribuidorpanelrey.com\/#\/schema\/logo\/image\/\"},\"sameAs\":[\"https:\/\/www.facebook.com\/mexicopanelrey\/?locale=es_LA\",\"https:\/\/www.instagram.com\/panel_rey_mexico\/?hl=es\"]}]}<\/script>\n<!-- \/ Yoast SEO plugin. -->","yoast_head_json":{"title":"POLIN PARA CIMBRA DE 2DA - PANEL REY MEXICO","description":"Pol\u00edn de pino de 2da para cimbra de 244 cm. Econ\u00f3mico, resistente y vers\u00e1til. Ideal para puntales en colado de concreto y estructuras temporales.","robots":{"index":"index","follow":"follow","max-snippet":"max-snippet:-1","max-image-preview":"max-image-preview:large","max-video-preview":"max-video-preview:-1"},"canonical":"https:\/\/distribuidorpanelrey.com.mx\/producto\/polin-para-cimbra-de-2da\/","og_locale":"es_ES","og_type":"article","og_title":"POLIN PARA CIMBRA DE 2DA - PANEL REY MEXICO","og_description":"Pol\u00edn de pino de 2da para cimbra de 244 cm. Econ\u00f3mico, resistente y vers\u00e1til. Ideal para puntales en colado de concreto y estructuras temporales.","og_url":"https:\/\/distribuidorpanelrey.com.mx\/producto\/polin-para-cimbra-de-2da\/","og_site_name":"PANEL REY MEXICO","article_publisher":"https:\/\/www.facebook.com\/mexicopanelrey\/?locale=es_LA","article_modified_time":"2025-08-30T03:21:59+00:00","og_image":[{"width":300,"height":300,"url":"https:\/\/distribuidorpanelrey.com.mx\/wp-content\/uploads\/2025\/08\/CIMBRA.webp","type":"image\/webp"}],"twitter_card":"summary_large_image","twitter_misc":{"Tiempo de lectura":"2 minutos"},"schema":{"@context":"https:\/\/schema.org","@graph":[{"@type":"WebPage","@id":"https:\/\/distribuidorpanelrey.com.mx\/producto\/polin-para-cimbra-de-2da\/","url":"https:\/\/distribuidorpanelrey.com.mx\/producto\/polin-para-cimbra-de-2da\/","name":"POLIN PARA CIMBRA DE 2DA - PANEL REY MEXICO","isPartOf":{"@id":"https:\/\/distribuidorpanelrey.com\/#website"},"primaryImageOfPage":{"@id":"https:\/\/distribuidorpanelrey.com.mx\/producto\/polin-para-cimbra-de-2da\/#primaryimage"},"image":{"@id":"https:\/\/distribuidorpanelrey.com.mx\/producto\/polin-para-cimbra-de-2da\/#primaryimage"},"thumbnailUrl":"https:\/\/distribuidorpanelrey.com.mx\/wp-content\/uploads\/2025\/08\/CIMBRA.webp","datePublished":"2025-08-30T03:21:57+00:00","dateModified":"2025-08-30T03:21:59+00:00","description":"Pol\u00edn de pino de 2da para cimbra de 244 cm. Econ\u00f3mico, resistente y vers\u00e1til. Ideal para puntales en colado de concreto y estructuras temporales.","breadcrumb":{"@id":"https:\/\/distribuidorpanelrey.com.mx\/producto\/polin-para-cimbra-de-2da\/#breadcrumb"},"inLanguage":"es","potentialAction":[{"@type":"ReadAction","target":["https:\/\/distribuidorpanelrey.com.mx\/producto\/polin-para-cimbra-de-2da\/"]}]},{"@type":"ImageObject","inLanguage":"es","@id":"https:\/\/distribuidorpanelrey.com.mx\/producto\/polin-para-cimbra-de-2da\/#primaryimage","url":"https:\/\/distribuidorpanelrey.com.mx\/wp-content\/uploads\/2025\/08\/CIMBRA.webp","contentUrl":"https:\/\/distribuidorpanelrey.com.mx\/wp-content\/uploads\/2025\/08\/CIMBRA.webp","width":300,"height":300},{"@type":"BreadcrumbList","@id":"https:\/\/distribuidorpanelrey.com.mx\/producto\/polin-para-cimbra-de-2da\/#breadcrumb","itemListElement":[{"@type":"ListItem","position":1,"name":"Portada","item":"https:\/\/distribuidorpanelrey.com.mx\/"},{"@type":"ListItem","position":2,"name":"Productos","item":"https:\/\/distribuidorpanelrey.com\/tienda\/"},{"@type":"ListItem","position":3,"name":"POLIN PARA CIMBRA DE 2DA"}]},{"@type":"WebSite","@id":"https:\/\/distribuidorpanelrey.com\/#website","url":"https:\/\/distribuidorpanelrey.com\/","name":"PANEL REY MEXICO","description":"DISTRIBUIDOR PANEL REY","publisher":{"@id":"https:\/\/distribuidorpanelrey.com\/#organization"},"alternateName":"DISTRIBUIDOR PANEL REY","potentialAction":[{"@type":"SearchAction","target":{"@type":"EntryPoint","urlTemplate":"https:\/\/distribuidorpanelrey.com\/?s={search_term_string}"},"query-input":{"@type":"PropertyValueSpecification","valueRequired":true,"valueName":"search_term_string"}}],"inLanguage":"es"},{"@type":"Organization","@id":"https:\/\/distribuidorpanelrey.com\/#organization","name":"PANEL REY MEXICO","url":"https:\/\/distribuidorpanelrey.com\/","logo":{"@type":"ImageObject","inLanguage":"es","@id":"https:\/\/distribuidorpanelrey.com\/#\/schema\/logo\/image\/","url":"https:\/\/distribuidorpanelrey.com.mx\/wp-content\/uploads\/2023\/11\/panelrey.webp","contentUrl":"https:\/\/distribuidorpanelrey.com.mx\/wp-content\/uploads\/2023\/11\/panelrey.webp","width":400,"height":150,"caption":"PANEL REY MEXICO"},"image":{"@id":"https:\/\/distribuidorpanelrey.com\/#\/schema\/logo\/image\/"},"sameAs":["https:\/\/www.facebook.com\/mexicopanelrey\/?locale=es_LA","https:\/\/www.instagram.com\/panel_rey_mexico\/?hl=es"]}]}},"_links":{"self":[{"href":"https:\/\/distribuidorpanelrey.com.mx\/wp-json\/wp\/v2\/product\/6459","targetHints":{"allow":["GET"]}}],"collection":[{"href":"https:\/\/distribuidorpanelrey.com.mx\/wp-json\/wp\/v2\/product"}],"about":[{"href":"https:\/\/distribuidorpanelrey.com.mx\/wp-json\/wp\/v2\/types\/product"}],"replies":[{"embeddable":true,"href":"https:\/\/distribuidorpanelrey.com.mx\/wp-json\/wp\/v2\/comments?post=6459"}],"version-history":[{"count":1,"href":"https:\/\/distribuidorpanelrey.com.mx\/wp-json\/wp\/v2\/product\/6459\/revisions"}],"predecessor-version":[{"id":6460,"href":"https:\/\/distribuidorpanelrey.com.mx\/wp-json\/wp\/v2\/product\/6459\/revisions\/6460"}],"wp:featuredmedia":[{"embeddable":true,"href":"https:\/\/distribuidorpanelrey.com.mx\/wp-json\/wp\/v2\/media\/6444"}],"wp:attachment":[{"href":"https:\/\/distribuidorpanelrey.com.mx\/wp-json\/wp\/v2\/media?parent=6459"}],"wp:term":[{"taxonomy":"product_brand","embeddable":true,"href":"https:\/\/distribuidorpanelrey.com.mx\/wp-json\/wp\/v2\/product_brand?post=6459"},{"taxonomy":"product_cat","embeddable":true,"href":"https:\/\/distribuidorpanelrey.com.mx\/wp-json\/wp\/v2\/product_cat?post=6459"},{"taxonomy":"product_tag","embeddable":true,"href":"https:\/\/distribuidorpanelrey.com.mx\/wp-json\/wp\/v2\/product_tag?post=6459"}],"curies":[{"name":"wp","href":"https:\/\/api.w.org\/{rel}","templated":true}]}}