{"id":6518,"date":"2025-09-12T01:23:45","date_gmt":"2025-09-12T01:23:45","guid":{"rendered":"https:\/\/distribuidorpanelrey.com.mx\/?post_type=product&#038;p=6518"},"modified":"2025-09-12T01:47:17","modified_gmt":"2025-09-12T01:47:17","slug":"panel-laminado-wpc-parota","status":"publish","type":"product","link":"https:\/\/distribuidorpanelrey.com.mx\/producto\/panel-laminado-wpc-parota\/","title":{"rendered":"PANEL LAMINADO WPC PAROTA 60 X 280 cm"},"content":{"rendered":"<h2 data-start=\"277\" data-end=\"720\">PANEL LAMINADO WPC PAROTA<\/h2>\n<p data-start=\"277\" data-end=\"720\"><span class=\"_fadeIn_m1hgl_8\">El <\/span><span class=\"_fadeIn_m1hgl_8\">Panel <\/span><span class=\"_fadeIn_m1hgl_8\">Laminado <\/span><span class=\"_fadeIn_m1hgl_8\">WPC <\/span><span class=\"_fadeIn_m1hgl_8\">Parota <\/span><span class=\"_fadeIn_m1hgl_8\">ofrece <\/span><span class=\"_fadeIn_m1hgl_8\">una <\/span><span class=\"_fadeIn_m1hgl_8\">apariencia <\/span><span class=\"_fadeIn_m1hgl_8\">c\u00e1lida <\/span><span class=\"_fadeIn_m1hgl_8\">y <\/span><span class=\"_fadeIn_m1hgl_8\">natural, <\/span><span class=\"_fadeIn_m1hgl_8\">inspirada <\/span><span class=\"_fadeIn_m1hgl_8\">en <\/span><span class=\"_fadeIn_m1hgl_8\">la <\/span><span class=\"_fadeIn_m1hgl_8\">madera <\/span><span class=\"_fadeIn_m1hgl_8\">tropical <\/span><span class=\"_fadeIn_m1hgl_8\">parota, <\/span><span class=\"_fadeIn_m1hgl_8\">ideal <\/span><span class=\"_fadeIn_m1hgl_8\">para <\/span><span class=\"_fadeIn_m1hgl_8\">revestimientos <\/span><span class=\"_fadeIn_m1hgl_8\">decorativos <\/span><span class=\"_fadeIn_m1hgl_8\">en <\/span><span class=\"_fadeIn_m1hgl_8\">interiores. <\/span><span class=\"_fadeIn_m1hgl_8\">Su <\/span><span class=\"_fadeIn_m1hgl_8\">dise\u00f1o <\/span><span class=\"_fadeIn_m1hgl_8\">realista <\/span><span class=\"_fadeIn_m1hgl_8\">con <\/span><span class=\"_fadeIn_m1hgl_8\">vetas <\/span><span class=\"_fadeIn_m1hgl_8\">marcadas <\/span><span class=\"_fadeIn_m1hgl_8\">lo <\/span><span class=\"_fadeIn_m1hgl_8\">convierte <\/span><span class=\"_fadeIn_m1hgl_8\">en <\/span><span class=\"_fadeIn_m1hgl_8\">una <\/span><span class=\"_fadeIn_m1hgl_8\">opci\u00f3n <\/span><span class=\"_fadeIn_m1hgl_8\">perfecta <\/span><span class=\"_fadeIn_m1hgl_8\">para <\/span><span class=\"_fadeIn_m1hgl_8\">muros <\/span><span class=\"_fadeIn_m1hgl_8\">con <\/span><span class=\"_fadeIn_m1hgl_8\">personalidad. <\/span><span class=\"_fadeIn_m1hgl_8\">Fabricado <\/span><span class=\"_fadeIn_m1hgl_8\">con <\/span><span class=\"_fadeIn_m1hgl_8\">tecnolog\u00eda <\/span><span class=\"_fadeIn_m1hgl_8\">WPC (<\/span><span class=\"_fadeIn_m1hgl_8\">Wood <\/span><span class=\"_fadeIn_m1hgl_8\">Plastic <\/span><span class=\"_fadeIn_m1hgl_8\">Composite), <\/span><span class=\"_fadeIn_m1hgl_8\">combina <\/span><span class=\"_fadeIn_m1hgl_8\">durabilidad, <\/span><span class=\"_fadeIn_m1hgl_8\">resistencia <\/span><span class=\"_fadeIn_m1hgl_8\">a <\/span><span class=\"_fadeIn_m1hgl_8\">la <\/span><span class=\"_fadeIn_m1hgl_8\">humedad <\/span><span class=\"_fadeIn_m1hgl_8\">y <\/span><span class=\"_fadeIn_m1hgl_8\">f\u00e1cil <\/span><span class=\"_fadeIn_m1hgl_8\">mantenimiento, <\/span><span class=\"_fadeIn_m1hgl_8\">sin <\/span><span class=\"_fadeIn_m1hgl_8\">perder <\/span><span class=\"_fadeIn_m1hgl_8\">el <\/span><span class=\"_fadeIn_m1hgl_8\">encanto <\/span><span class=\"_fadeIn_m1hgl_8\">de <\/span><span class=\"_fadeIn_m1hgl_8\">la <\/span><span class=\"_fadeIn_m1hgl_8\">madera.<\/span><\/p>\n<p data-start=\"151\" data-end=\"446\">El <strong data-start=\"154\" data-end=\"172\">Panel Laminado<\/strong> es un revestimiento vers\u00e1til y pr\u00e1ctico que combina est\u00e9tica, resistencia y facilidad de mantenimiento. Fabricado con capas de materiales sint\u00e9ticos sobre una base r\u00edgida, ofrece una gran variedad de acabados, desde texturas de madera hasta dise\u00f1os modernos y minimalistas.<\/p>\n<p data-start=\"448\" data-end=\"736\">Ideal para muros interiores, muebles, puertas y proyectos de decoraci\u00f3n, el panel laminado es una soluci\u00f3n funcional que aporta estilo y durabilidad a cualquier espacio. Su instalaci\u00f3n es r\u00e1pida y sencilla, convirti\u00e9ndolo en una opci\u00f3n preferida para renovaciones y construcciones nuevas.<\/p>\n<p data-start=\"722\" data-end=\"742\"><strong data-start=\"722\" data-end=\"741\"><span class=\"_fadeIn_m1hgl_8\">Caracter\u00edsticas<\/span><\/strong><span class=\"_fadeIn_m1hgl_8\">:<\/span><\/p>\n<ul data-start=\"743\" data-end=\"1092\">\n<li data-start=\"743\" data-end=\"768\">\n<p data-start=\"745\" data-end=\"768\"><span class=\"_fadeIn_m1hgl_8\">Medidas: <\/span><span class=\"_fadeIn_m1hgl_8\">60 <\/span><span class=\"_fadeIn_m1hgl_8\">x <\/span><span class=\"_fadeIn_m1hgl_8\">280 <\/span><span class=\"_fadeIn_m1hgl_8\">cm.<\/span><\/p>\n<\/li>\n<li data-start=\"769\" data-end=\"820\">\n<p data-start=\"771\" data-end=\"820\"><span class=\"_fadeIn_m1hgl_8\">Acabado <\/span><span class=\"_fadeIn_m1hgl_8\">tipo <\/span><span class=\"_fadeIn_m1hgl_8\">madera <\/span><span class=\"_fadeIn_m1hgl_8\">Parota <\/span><span class=\"_fadeIn_m1hgl_8\">con <\/span><span class=\"_fadeIn_m1hgl_8\">vetas <\/span><span class=\"_fadeIn_m1hgl_8\">naturales.<\/span><\/p>\n<\/li>\n<li data-start=\"821\" data-end=\"877\">\n<p data-start=\"823\" data-end=\"877\"><span class=\"_fadeIn_m1hgl_8\">Composici\u00f3n <\/span><span class=\"_fadeIn_m1hgl_8\">WPC: <\/span><span class=\"_fadeIn_m1hgl_8\">resistente <\/span><span class=\"_fadeIn_m1hgl_8\">a <\/span><span class=\"_fadeIn_m1hgl_8\">humedad <\/span><span class=\"_fadeIn_m1hgl_8\">y <\/span><span class=\"_fadeIn_m1hgl_8\">deformaci\u00f3n.<\/span><\/p>\n<\/li>\n<li data-start=\"878\" data-end=\"932\">\n<p data-start=\"880\" data-end=\"932\"><span class=\"_fadeIn_m1hgl_8\">Ideal <\/span><span class=\"_fadeIn_m1hgl_8\">para <\/span><span class=\"_fadeIn_m1hgl_8\">interiores <\/span><span class=\"_fadeIn_m1hgl_8\">residenciales <\/span><span class=\"_fadeIn_m1hgl_8\">o <\/span><span class=\"_fadeIn_m1hgl_8\">comerciales.<\/span><\/p>\n<\/li>\n<li data-start=\"933\" data-end=\"987\">\n<p data-start=\"935\" data-end=\"987\"><span class=\"_fadeIn_m1hgl_8\">Superficie <\/span><span class=\"_fadeIn_m1hgl_8\">de <\/span><span class=\"_fadeIn_m1hgl_8\">f\u00e1cil <\/span><span class=\"_fadeIn_m1hgl_8\">limpieza <\/span><span class=\"_fadeIn_m1hgl_8\">y <\/span><span class=\"_fadeIn_m1hgl_8\">bajo <\/span><span class=\"_fadeIn_m1hgl_8\">mantenimiento.<\/span><\/p>\n<\/li>\n<li data-start=\"988\" data-end=\"1033\">\n<p data-start=\"990\" data-end=\"1033\"><span class=\"_fadeIn_m1hgl_8\">Instalaci\u00f3n <\/span><span class=\"_fadeIn_m1hgl_8\">sencilla <\/span><span class=\"_fadeIn_m1hgl_8\">con <\/span><span class=\"_fadeIn_m1hgl_8\">fijaci\u00f3n <\/span><span class=\"_fadeIn_m1hgl_8\">oculta.<\/span><\/p>\n<\/li>\n<li data-start=\"1034\" data-end=\"1092\">\n<p data-start=\"1036\" data-end=\"1092\"><span class=\"_fadeIn_m1hgl_8\">Ideal <\/span><span class=\"_fadeIn_m1hgl_8\">para <\/span><span class=\"_fadeIn_m1hgl_8\">muros <\/span><span class=\"_fadeIn_m1hgl_8\">decorativos <\/span><span class=\"_fadeIn_m1hgl_8\">y <\/span><span class=\"_fadeIn_m1hgl_8\">detalles <\/span><span class=\"_fadeIn_m1hgl_8\">arquitect\u00f3nicos.<\/span><\/p>\n<\/li>\n<\/ul>\n<p style=\"text-align: center;\">En\u00a0<a href=\"https:\/\/teknospazio.com\/\">Teknospazio<\/a>\u00a0encontrar\u00e1s lo mejor en art\u00edculos de decoraci\u00f3n.<br \/>\n\u2714 Realizamos env\u00edos a toda la Rep\u00fablica Mexicana. \u00a1Consulta nuestras promociones!<br \/>\n\u2714 Precios incluyen IVA (pueden modificarse sin previo aviso).<br \/>\n\u2714 Las fotograf\u00edas son de referencia y podr\u00edan no coincidir exactamente con el producto.<br \/>\n\ud83d\udcf2 \u00bfTienes preguntas? Cont\u00e1ctanos v\u00eda\u00a0<a href=\"https:\/\/www.facebook.com\/people\/TeknoSpazio\/61575549745074\/?_rdr\">Facebook<\/a>\u00a0o Instagram.<br \/>\n\ud83d\udcde Tel\u00e9fono: 55 9267 2245 | WhatsApp: 55 9267 2245<br \/>\n\ud83d\udce7 Correo: ventas@teknospazio.com<\/p>\n","protected":false},"excerpt":{"rendered":"<h4 style=\"text-align: center;\">Env\u00edos de 24 a 48 hr CDMX Y EDO MEX<\/h4>\n<p style=\"text-align: center;\">Rese\u00f1as\u00a0\u2605\u2605\u2605\u2605\u2605\u00a0 Env\u00edos Garantizados<\/p>\n<p style=\"text-align: center;\">Paga a meses o en efectivo.<\/p>\n<h4 style=\"text-align: center;\">\ud83d\udd25LOS MEJORES PRECIOS \ud83d\udd25<\/h4>\n","protected":false},"featured_media":6536,"comment_status":"open","ping_status":"closed","template":"","meta":[],"product_brand":[],"product_cat":[483],"product_tag":[1363,20,1360,1359,1362,1361],"class_list":{"0":"post-6518","1":"product","2":"type-product","3":"status-publish","4":"has-post-thumbnail","6":"product_cat-plafon-y-suspension","7":"product_tag-laminado","8":"product_tag-panel","9":"product_tag-panel-laminado","10":"product_tag-panel-laminado-wpc-parota","11":"product_tag-parota","12":"product_tag-wpc","14":"first","15":"instock","16":"shipping-taxable","17":"purchasable","18":"product-type-simple"},"yoast_head":"<!-- This site is optimized with the Yoast SEO plugin v27.1.1 - https:\/\/yoast.com\/product\/yoast-seo-wordpress\/ -->\n<title>PANEL LAMINADO WPC PAROTA 60 X 280 cm - PANEL REY MEXICO<\/title>\n<meta name=\"description\" content=\"PANEL LAMINADO WPC PAROTA, resistente y decorativo, ideal para muros y recubrimientos interiores. F\u00e1cil de instalar, durable y con acabado tipo madera que aporta calidez y elegancia a cualquier espacio.\" \/>\n<meta name=\"robots\" content=\"index, follow, max-snippet:-1, max-image-preview:large, max-video-preview:-1\" \/>\n<link rel=\"canonical\" href=\"https:\/\/distribuidorpanelrey.com.mx\/producto\/panel-laminado-wpc-parota\/\" \/>\n<meta property=\"og:locale\" content=\"es_ES\" \/>\n<meta property=\"og:type\" content=\"article\" \/>\n<meta property=\"og:title\" content=\"PANEL LAMINADO WPC PAROTA 60 X 280 cm - PANEL REY MEXICO\" \/>\n<meta property=\"og:description\" content=\"PANEL LAMINADO WPC PAROTA, resistente y decorativo, ideal para muros y recubrimientos interiores. F\u00e1cil de instalar, durable y con acabado tipo madera que aporta calidez y elegancia a cualquier espacio.\" \/>\n<meta property=\"og:url\" content=\"https:\/\/distribuidorpanelrey.com.mx\/producto\/panel-laminado-wpc-parota\/\" \/>\n<meta property=\"og:site_name\" content=\"PANEL REY MEXICO\" \/>\n<meta property=\"article:publisher\" content=\"https:\/\/www.facebook.com\/mexicopanelrey\/?locale=es_LA\" \/>\n<meta property=\"article:modified_time\" content=\"2025-09-12T01:47:17+00:00\" \/>\n<meta property=\"og:image\" content=\"https:\/\/distribuidorpanelrey.com.mx\/wp-content\/uploads\/2025\/09\/LAMINADO-WPC-PAROTA.webp\" \/>\n\t<meta property=\"og:image:width\" content=\"1080\" \/>\n\t<meta property=\"og:image:height\" content=\"1080\" \/>\n\t<meta property=\"og:image:type\" content=\"image\/webp\" \/>\n<meta name=\"twitter:card\" content=\"summary_large_image\" \/>\n<meta name=\"twitter:label1\" content=\"Tiempo de lectura\" \/>\n\t<meta name=\"twitter:data1\" content=\"2 minutos\" \/>\n<script type=\"application\/ld+json\" class=\"yoast-schema-graph\">{\"@context\":\"https:\/\/schema.org\",\"@graph\":[{\"@type\":\"WebPage\",\"@id\":\"https:\/\/distribuidorpanelrey.com.mx\/producto\/panel-laminado-wpc-parota\/\",\"url\":\"https:\/\/distribuidorpanelrey.com.mx\/producto\/panel-laminado-wpc-parota\/\",\"name\":\"PANEL LAMINADO WPC PAROTA 60 X 280 cm - PANEL REY MEXICO\",\"isPartOf\":{\"@id\":\"https:\/\/distribuidorpanelrey.com\/#website\"},\"primaryImageOfPage\":{\"@id\":\"https:\/\/distribuidorpanelrey.com.mx\/producto\/panel-laminado-wpc-parota\/#primaryimage\"},\"image\":{\"@id\":\"https:\/\/distribuidorpanelrey.com.mx\/producto\/panel-laminado-wpc-parota\/#primaryimage\"},\"thumbnailUrl\":\"https:\/\/distribuidorpanelrey.com.mx\/wp-content\/uploads\/2025\/09\/LAMINADO-WPC-PAROTA.webp\",\"datePublished\":\"2025-09-12T01:23:45+00:00\",\"dateModified\":\"2025-09-12T01:47:17+00:00\",\"description\":\"PANEL LAMINADO WPC PAROTA, resistente y decorativo, ideal para muros y recubrimientos interiores. F\u00e1cil de instalar, durable y con acabado tipo madera que aporta calidez y elegancia a cualquier espacio.\",\"breadcrumb\":{\"@id\":\"https:\/\/distribuidorpanelrey.com.mx\/producto\/panel-laminado-wpc-parota\/#breadcrumb\"},\"inLanguage\":\"es\",\"potentialAction\":[{\"@type\":\"ReadAction\",\"target\":[\"https:\/\/distribuidorpanelrey.com.mx\/producto\/panel-laminado-wpc-parota\/\"]}]},{\"@type\":\"ImageObject\",\"inLanguage\":\"es\",\"@id\":\"https:\/\/distribuidorpanelrey.com.mx\/producto\/panel-laminado-wpc-parota\/#primaryimage\",\"url\":\"https:\/\/distribuidorpanelrey.com.mx\/wp-content\/uploads\/2025\/09\/LAMINADO-WPC-PAROTA.webp\",\"contentUrl\":\"https:\/\/distribuidorpanelrey.com.mx\/wp-content\/uploads\/2025\/09\/LAMINADO-WPC-PAROTA.webp\",\"width\":1080,\"height\":1080},{\"@type\":\"BreadcrumbList\",\"@id\":\"https:\/\/distribuidorpanelrey.com.mx\/producto\/panel-laminado-wpc-parota\/#breadcrumb\",\"itemListElement\":[{\"@type\":\"ListItem\",\"position\":1,\"name\":\"Portada\",\"item\":\"https:\/\/distribuidorpanelrey.com.mx\/\"},{\"@type\":\"ListItem\",\"position\":2,\"name\":\"Productos\",\"item\":\"https:\/\/distribuidorpanelrey.com\/tienda\/\"},{\"@type\":\"ListItem\",\"position\":3,\"name\":\"PANEL LAMINADO WPC PAROTA 60 X 280 cm\"}]},{\"@type\":\"WebSite\",\"@id\":\"https:\/\/distribuidorpanelrey.com\/#website\",\"url\":\"https:\/\/distribuidorpanelrey.com\/\",\"name\":\"PANEL REY MEXICO\",\"description\":\"DISTRIBUIDOR PANEL REY\",\"publisher\":{\"@id\":\"https:\/\/distribuidorpanelrey.com\/#organization\"},\"alternateName\":\"DISTRIBUIDOR PANEL REY\",\"potentialAction\":[{\"@type\":\"SearchAction\",\"target\":{\"@type\":\"EntryPoint\",\"urlTemplate\":\"https:\/\/distribuidorpanelrey.com\/?s={search_term_string}\"},\"query-input\":{\"@type\":\"PropertyValueSpecification\",\"valueRequired\":true,\"valueName\":\"search_term_string\"}}],\"inLanguage\":\"es\"},{\"@type\":\"Organization\",\"@id\":\"https:\/\/distribuidorpanelrey.com\/#organization\",\"name\":\"PANEL REY MEXICO\",\"url\":\"https:\/\/distribuidorpanelrey.com\/\",\"logo\":{\"@type\":\"ImageObject\",\"inLanguage\":\"es\",\"@id\":\"https:\/\/distribuidorpanelrey.com\/#\/schema\/logo\/image\/\",\"url\":\"https:\/\/distribuidorpanelrey.com.mx\/wp-content\/uploads\/2023\/11\/panelrey.webp\",\"contentUrl\":\"https:\/\/distribuidorpanelrey.com.mx\/wp-content\/uploads\/2023\/11\/panelrey.webp\",\"width\":400,\"height\":150,\"caption\":\"PANEL REY MEXICO\"},\"image\":{\"@id\":\"https:\/\/distribuidorpanelrey.com\/#\/schema\/logo\/image\/\"},\"sameAs\":[\"https:\/\/www.facebook.com\/mexicopanelrey\/?locale=es_LA\",\"https:\/\/www.instagram.com\/panel_rey_mexico\/?hl=es\"]}]}<\/script>\n<!-- \/ Yoast SEO plugin. -->","yoast_head_json":{"title":"PANEL LAMINADO WPC PAROTA 60 X 280 cm - PANEL REY MEXICO","description":"PANEL LAMINADO WPC PAROTA, resistente y decorativo, ideal para muros y recubrimientos interiores. F\u00e1cil de instalar, durable y con acabado tipo madera que aporta calidez y elegancia a cualquier espacio.","robots":{"index":"index","follow":"follow","max-snippet":"max-snippet:-1","max-image-preview":"max-image-preview:large","max-video-preview":"max-video-preview:-1"},"canonical":"https:\/\/distribuidorpanelrey.com.mx\/producto\/panel-laminado-wpc-parota\/","og_locale":"es_ES","og_type":"article","og_title":"PANEL LAMINADO WPC PAROTA 60 X 280 cm - PANEL REY MEXICO","og_description":"PANEL LAMINADO WPC PAROTA, resistente y decorativo, ideal para muros y recubrimientos interiores. F\u00e1cil de instalar, durable y con acabado tipo madera que aporta calidez y elegancia a cualquier espacio.","og_url":"https:\/\/distribuidorpanelrey.com.mx\/producto\/panel-laminado-wpc-parota\/","og_site_name":"PANEL REY MEXICO","article_publisher":"https:\/\/www.facebook.com\/mexicopanelrey\/?locale=es_LA","article_modified_time":"2025-09-12T01:47:17+00:00","og_image":[{"width":1080,"height":1080,"url":"https:\/\/distribuidorpanelrey.com.mx\/wp-content\/uploads\/2025\/09\/LAMINADO-WPC-PAROTA.webp","type":"image\/webp"}],"twitter_card":"summary_large_image","twitter_misc":{"Tiempo de lectura":"2 minutos"},"schema":{"@context":"https:\/\/schema.org","@graph":[{"@type":"WebPage","@id":"https:\/\/distribuidorpanelrey.com.mx\/producto\/panel-laminado-wpc-parota\/","url":"https:\/\/distribuidorpanelrey.com.mx\/producto\/panel-laminado-wpc-parota\/","name":"PANEL LAMINADO WPC PAROTA 60 X 280 cm - PANEL REY MEXICO","isPartOf":{"@id":"https:\/\/distribuidorpanelrey.com\/#website"},"primaryImageOfPage":{"@id":"https:\/\/distribuidorpanelrey.com.mx\/producto\/panel-laminado-wpc-parota\/#primaryimage"},"image":{"@id":"https:\/\/distribuidorpanelrey.com.mx\/producto\/panel-laminado-wpc-parota\/#primaryimage"},"thumbnailUrl":"https:\/\/distribuidorpanelrey.com.mx\/wp-content\/uploads\/2025\/09\/LAMINADO-WPC-PAROTA.webp","datePublished":"2025-09-12T01:23:45+00:00","dateModified":"2025-09-12T01:47:17+00:00","description":"PANEL LAMINADO WPC PAROTA, resistente y decorativo, ideal para muros y recubrimientos interiores. F\u00e1cil de instalar, durable y con acabado tipo madera que aporta calidez y elegancia a cualquier espacio.","breadcrumb":{"@id":"https:\/\/distribuidorpanelrey.com.mx\/producto\/panel-laminado-wpc-parota\/#breadcrumb"},"inLanguage":"es","potentialAction":[{"@type":"ReadAction","target":["https:\/\/distribuidorpanelrey.com.mx\/producto\/panel-laminado-wpc-parota\/"]}]},{"@type":"ImageObject","inLanguage":"es","@id":"https:\/\/distribuidorpanelrey.com.mx\/producto\/panel-laminado-wpc-parota\/#primaryimage","url":"https:\/\/distribuidorpanelrey.com.mx\/wp-content\/uploads\/2025\/09\/LAMINADO-WPC-PAROTA.webp","contentUrl":"https:\/\/distribuidorpanelrey.com.mx\/wp-content\/uploads\/2025\/09\/LAMINADO-WPC-PAROTA.webp","width":1080,"height":1080},{"@type":"BreadcrumbList","@id":"https:\/\/distribuidorpanelrey.com.mx\/producto\/panel-laminado-wpc-parota\/#breadcrumb","itemListElement":[{"@type":"ListItem","position":1,"name":"Portada","item":"https:\/\/distribuidorpanelrey.com.mx\/"},{"@type":"ListItem","position":2,"name":"Productos","item":"https:\/\/distribuidorpanelrey.com\/tienda\/"},{"@type":"ListItem","position":3,"name":"PANEL LAMINADO WPC PAROTA 60 X 280 cm"}]},{"@type":"WebSite","@id":"https:\/\/distribuidorpanelrey.com\/#website","url":"https:\/\/distribuidorpanelrey.com\/","name":"PANEL REY MEXICO","description":"DISTRIBUIDOR PANEL REY","publisher":{"@id":"https:\/\/distribuidorpanelrey.com\/#organization"},"alternateName":"DISTRIBUIDOR PANEL REY","potentialAction":[{"@type":"SearchAction","target":{"@type":"EntryPoint","urlTemplate":"https:\/\/distribuidorpanelrey.com\/?s={search_term_string}"},"query-input":{"@type":"PropertyValueSpecification","valueRequired":true,"valueName":"search_term_string"}}],"inLanguage":"es"},{"@type":"Organization","@id":"https:\/\/distribuidorpanelrey.com\/#organization","name":"PANEL REY MEXICO","url":"https:\/\/distribuidorpanelrey.com\/","logo":{"@type":"ImageObject","inLanguage":"es","@id":"https:\/\/distribuidorpanelrey.com\/#\/schema\/logo\/image\/","url":"https:\/\/distribuidorpanelrey.com.mx\/wp-content\/uploads\/2023\/11\/panelrey.webp","contentUrl":"https:\/\/distribuidorpanelrey.com.mx\/wp-content\/uploads\/2023\/11\/panelrey.webp","width":400,"height":150,"caption":"PANEL REY MEXICO"},"image":{"@id":"https:\/\/distribuidorpanelrey.com\/#\/schema\/logo\/image\/"},"sameAs":["https:\/\/www.facebook.com\/mexicopanelrey\/?locale=es_LA","https:\/\/www.instagram.com\/panel_rey_mexico\/?hl=es"]}]}},"_links":{"self":[{"href":"https:\/\/distribuidorpanelrey.com.mx\/wp-json\/wp\/v2\/product\/6518","targetHints":{"allow":["GET"]}}],"collection":[{"href":"https:\/\/distribuidorpanelrey.com.mx\/wp-json\/wp\/v2\/product"}],"about":[{"href":"https:\/\/distribuidorpanelrey.com.mx\/wp-json\/wp\/v2\/types\/product"}],"replies":[{"embeddable":true,"href":"https:\/\/distribuidorpanelrey.com.mx\/wp-json\/wp\/v2\/comments?post=6518"}],"version-history":[{"count":2,"href":"https:\/\/distribuidorpanelrey.com.mx\/wp-json\/wp\/v2\/product\/6518\/revisions"}],"predecessor-version":[{"id":6559,"href":"https:\/\/distribuidorpanelrey.com.mx\/wp-json\/wp\/v2\/product\/6518\/revisions\/6559"}],"wp:featuredmedia":[{"embeddable":true,"href":"https:\/\/distribuidorpanelrey.com.mx\/wp-json\/wp\/v2\/media\/6536"}],"wp:attachment":[{"href":"https:\/\/distribuidorpanelrey.com.mx\/wp-json\/wp\/v2\/media?parent=6518"}],"wp:term":[{"taxonomy":"product_brand","embeddable":true,"href":"https:\/\/distribuidorpanelrey.com.mx\/wp-json\/wp\/v2\/product_brand?post=6518"},{"taxonomy":"product_cat","embeddable":true,"href":"https:\/\/distribuidorpanelrey.com.mx\/wp-json\/wp\/v2\/product_cat?post=6518"},{"taxonomy":"product_tag","embeddable":true,"href":"https:\/\/distribuidorpanelrey.com.mx\/wp-json\/wp\/v2\/product_tag?post=6518"}],"curies":[{"name":"wp","href":"https:\/\/api.w.org\/{rel}","templated":true}]}}