{"id":6519,"date":"2025-09-12T01:23:46","date_gmt":"2025-09-12T01:23:46","guid":{"rendered":"https:\/\/distribuidorpanelrey.com.mx\/?post_type=product&#038;p=6519"},"modified":"2025-12-05T05:54:46","modified_gmt":"2025-12-05T05:54:46","slug":"panel-laminado-wpc-encino","status":"publish","type":"product","link":"https:\/\/distribuidorpanelrey.com.mx\/producto\/panel-laminado-wpc-encino\/","title":{"rendered":"PANEL LAMINADO WPC ENCINO 60 X 280 cm"},"content":{"rendered":"<h2 data-start=\"1308\" data-end=\"1691\">PANEL LAMINADO WPC ENCINO<\/h2>\n<p data-start=\"1308\" data-end=\"1691\"><span class=\"_fadeIn_m1hgl_8\">El <\/span><span class=\"_fadeIn_m1hgl_8\">Panel <\/span><span class=\"_fadeIn_m1hgl_8\">Laminado <\/span><span class=\"_fadeIn_m1hgl_8\">WPC <\/span><span class=\"_fadeIn_m1hgl_8\">Encino <\/span><span class=\"_fadeIn_m1hgl_8\">est\u00e1 <\/span><span class=\"_fadeIn_m1hgl_8\">dise\u00f1ado <\/span><span class=\"_fadeIn_m1hgl_8\">para <\/span><span class=\"_fadeIn_m1hgl_8\">brindar <\/span><span class=\"_fadeIn_m1hgl_8\">una <\/span><span class=\"_fadeIn_m1hgl_8\">est\u00e9tica <\/span><span class=\"_fadeIn_m1hgl_8\">c\u00e1lida <\/span><span class=\"_fadeIn_m1hgl_8\">y <\/span><span class=\"_fadeIn_m1hgl_8\">contempor\u00e1nea, <\/span><span class=\"_fadeIn_m1hgl_8\">simulando <\/span><span class=\"_fadeIn_m1hgl_8\">la <\/span><span class=\"_fadeIn_m1hgl_8\">textura <\/span><span class=\"_fadeIn_m1hgl_8\">y <\/span><span class=\"_fadeIn_m1hgl_8\">tonalidad <\/span><span class=\"_fadeIn_m1hgl_8\">del <\/span><span class=\"_fadeIn_m1hgl_8\">encino <\/span><span class=\"_fadeIn_m1hgl_8\">natural. <\/span><span class=\"_fadeIn_m1hgl_8\">Es <\/span><span class=\"_fadeIn_m1hgl_8\">una <\/span><span class=\"_fadeIn_m1hgl_8\">opci\u00f3n <\/span><span class=\"_fadeIn_m1hgl_8\">elegante <\/span><span class=\"_fadeIn_m1hgl_8\">para <\/span><span class=\"_fadeIn_m1hgl_8\">revestir <\/span><span class=\"_fadeIn_m1hgl_8\">muros <\/span><span class=\"_fadeIn_m1hgl_8\">interiores <\/span><span class=\"_fadeIn_m1hgl_8\">con <\/span><span class=\"_fadeIn_m1hgl_8\">un <\/span><span class=\"_fadeIn_m1hgl_8\">acabado <\/span><span class=\"_fadeIn_m1hgl_8\">duradero <\/span><span class=\"_fadeIn_m1hgl_8\">y <\/span><span class=\"_fadeIn_m1hgl_8\">f\u00e1cil <\/span><span class=\"_fadeIn_m1hgl_8\">de <\/span><span class=\"_fadeIn_m1hgl_8\">mantener. <\/span><span class=\"_fadeIn_m1hgl_8\">Gracias <\/span><span class=\"_fadeIn_m1hgl_8\">a <\/span><span class=\"_fadeIn_m1hgl_8\">su <\/span><span class=\"_fadeIn_m1hgl_8\">composici\u00f3n <\/span><span class=\"_fadeIn_m1hgl_8\">en <\/span><span class=\"_fadeIn_m1hgl_8\">WPC, <\/span><span class=\"_fadeIn_m1hgl_8\">resiste <\/span><span class=\"_fadeIn_m1hgl_8\">la <\/span><span class=\"_fadeIn_m1hgl_8\">humedad <\/span><span class=\"_fadeIn_m1hgl_8\">y <\/span><span class=\"_fadeIn_m1hgl_8\">es <\/span><span class=\"_fadeIn_m1hgl_8\">ideal <\/span><span class=\"_fadeIn_m1hgl_8\">para <\/span><span class=\"_fadeIn_m1hgl_8\">\u00e1reas <\/span><span class=\"_fadeIn_m1hgl_8\">residenciales <\/span><span class=\"_fadeIn_m1hgl_8\">o <\/span><span class=\"_fadeIn_m1hgl_8\">comerciales <\/span><span class=\"_fadeIn_m1hgl_8\">con <\/span><span class=\"_fadeIn_m1hgl_8\">alto <\/span><span class=\"_fadeIn_m1hgl_8\">tr\u00e1fico.<\/span><\/p>\n<p data-start=\"151\" data-end=\"446\">El <strong data-start=\"154\" data-end=\"172\">Panel Laminado<\/strong> es un revestimiento vers\u00e1til y pr\u00e1ctico que combina est\u00e9tica, resistencia y facilidad de mantenimiento. Fabricado con capas de materiales sint\u00e9ticos sobre una base r\u00edgida, ofrece una gran variedad de acabados, desde texturas de madera hasta dise\u00f1os modernos y minimalistas.<\/p>\n<p data-start=\"448\" data-end=\"736\">Ideal para muros interiores, muebles, puertas y proyectos de decoraci\u00f3n, el panel laminado es una soluci\u00f3n funcional que aporta estilo y durabilidad a cualquier espacio. Su instalaci\u00f3n es r\u00e1pida y sencilla, convirti\u00e9ndolo en una opci\u00f3n preferida para renovaciones y construcciones nuevas.<\/p>\n<p data-start=\"1693\" data-end=\"1713\"><strong data-start=\"1693\" data-end=\"1712\"><span class=\"_fadeIn_m1hgl_8\">Caracter\u00edsticas<\/span><\/strong><span class=\"_fadeIn_m1hgl_8\">:<\/span><\/p>\n<ul data-start=\"1714\" data-end=\"2012\">\n<li data-start=\"1714\" data-end=\"1739\">\n<p data-start=\"1716\" data-end=\"1739\"><span class=\"_fadeIn_m1hgl_8\">Medidas: <\/span><span class=\"_fadeIn_m1hgl_8\">60 <\/span><span class=\"_fadeIn_m1hgl_8\">x <\/span><span class=\"_fadeIn_m1hgl_8\">280 <\/span><span class=\"_fadeIn_m1hgl_8\">cm.<\/span><\/p>\n<\/li>\n<li data-start=\"1740\" data-end=\"1777\">\n<p data-start=\"1742\" data-end=\"1777\"><span class=\"_fadeIn_m1hgl_8\">Acabado <\/span><span class=\"_fadeIn_m1hgl_8\">tipo <\/span><span class=\"_fadeIn_m1hgl_8\">madera <\/span><span class=\"_fadeIn_m1hgl_8\">Encino <\/span><span class=\"_fadeIn_m1hgl_8\">clara.<\/span><\/p>\n<\/li>\n<li data-start=\"1778\" data-end=\"1819\">\n<p data-start=\"1780\" data-end=\"1819\"><span class=\"_fadeIn_m1hgl_8\">Material <\/span><span class=\"_fadeIn_m1hgl_8\">WPC: <\/span><span class=\"_fadeIn_m1hgl_8\">resistente <\/span><span class=\"_fadeIn_m1hgl_8\">y <\/span><span class=\"_fadeIn_m1hgl_8\">ecol\u00f3gico.<\/span><\/p>\n<\/li>\n<li data-start=\"1820\" data-end=\"1866\">\n<p data-start=\"1822\" data-end=\"1866\"><span class=\"_fadeIn_m1hgl_8\">No <\/span><span class=\"_fadeIn_m1hgl_8\">se <\/span><span class=\"_fadeIn_m1hgl_8\">agrieta <\/span><span class=\"_fadeIn_m1hgl_8\">ni <\/span><span class=\"_fadeIn_m1hgl_8\">se <\/span><span class=\"_fadeIn_m1hgl_8\">deforma <\/span><span class=\"_fadeIn_m1hgl_8\">con <\/span><span class=\"_fadeIn_m1hgl_8\">el <\/span><span class=\"_fadeIn_m1hgl_8\">tiempo.<\/span><\/p>\n<\/li>\n<li data-start=\"1867\" data-end=\"1908\">\n<p data-start=\"1869\" data-end=\"1908\"><span class=\"_fadeIn_m1hgl_8\">Instalaci\u00f3n <\/span><span class=\"_fadeIn_m1hgl_8\">r\u00e1pida <\/span><span class=\"_fadeIn_m1hgl_8\">sin <\/span><span class=\"_fadeIn_m1hgl_8\">obras <\/span><span class=\"_fadeIn_m1hgl_8\">mayores.<\/span><\/p>\n<\/li>\n<li data-start=\"1909\" data-end=\"1962\">\n<p data-start=\"1911\" data-end=\"1962\"><span class=\"_fadeIn_m1hgl_8\">Superficie <\/span><span class=\"_fadeIn_m1hgl_8\">lavable <\/span><span class=\"_fadeIn_m1hgl_8\">y <\/span><span class=\"_fadeIn_m1hgl_8\">sin <\/span><span class=\"_fadeIn_m1hgl_8\">mantenimiento <\/span><span class=\"_fadeIn_m1hgl_8\">intensivo.<\/span><\/p>\n<\/li>\n<li data-start=\"1963\" data-end=\"2012\">\n<p data-start=\"1965\" data-end=\"2012\"><span class=\"_fadeIn_m1hgl_8\">Ideal <\/span><span class=\"_fadeIn_m1hgl_8\">para <\/span><span class=\"_fadeIn_m1hgl_8\">muros <\/span><span class=\"_fadeIn_m1hgl_8\">de <\/span><span class=\"_fadeIn_m1hgl_8\">salas, <\/span><span class=\"_fadeIn_m1hgl_8\">pasillos <\/span><span class=\"_fadeIn_m1hgl_8\">u <\/span><span class=\"_fadeIn_m1hgl_8\">oficinas.<\/span><\/p>\n<\/li>\n<\/ul>\n<p style=\"text-align: center;\">En\u00a0<strong data-start=\"82\" data-end=\"115\">Distribuidor Panel Rey M\u00e9xico<\/strong> encuentras calidad y confianza en productos <strong>Acero.<\/strong><br data-start=\"173\" data-end=\"176\" \/>\u2705 Env\u00edos a toda la Rep\u00fablica Mexicana. \u00a1Pregunta por nuestras promociones vigentes!<br data-start=\"259\" data-end=\"262\" data-is-only-node=\"\" \/>\u2705 Todos los precios incluyen IVA (sujetos a cambio sin previo aviso).<br data-start=\"331\" data-end=\"334\" \/>\u2705 Im\u00e1genes ilustrativas, el producto final puede presentar ligeras variaciones.<br data-start=\"413\" data-end=\"416\" \/>\ud83d\udcac \u00bfTienes dudas? Escr\u00edbenos por\u00a0<a href=\"https:\/\/www.facebook.com\/mexicopanelrey\">Facebook<\/a>\u00a0o\u00a0<a href=\"https:\/\/www.instagram.com\/panel_rey_mexico\/\">Instagram<\/a>.<br data-start=\"470\" data-end=\"473\" \/>\ud83d\udcde Tel:\u00a0<a href=\"tel:55 7397 6243\">55 7397 6243<\/a>\u00a0| WhatsApp:\u00a0<a href=\"https:\/\/api.whatsapp.com\/send?phone=525573976243\">5573976243<\/a><br data-start=\"518\" data-end=\"521\" \/>\ud83d\udce7\u00a0<a class=\"cursor-pointer\" href=\"mailto:ventas@distribuidorpanelrey.com\" rel=\"noopener\" data-start=\"524\" data-end=\"555\">ventas@distribuidorpanelrey.com<\/a><\/p>\n","protected":false},"excerpt":{"rendered":"<h4 style=\"text-align: center;\">Env\u00edos de 24 a 48 hr CDMX Y EDO MEX<\/h4>\n<p style=\"text-align: center;\">Rese\u00f1as\u00a0\u2605\u2605\u2605\u2605\u2605\u00a0 Env\u00edos Garantizados<\/p>\n<p style=\"text-align: center;\">Paga a meses o en efectivo.<\/p>\n<h4 style=\"text-align: center;\">\ud83d\udd25LOS MEJORES PRECIOS \ud83d\udd25<\/h4>\n","protected":false},"featured_media":6539,"comment_status":"open","ping_status":"closed","template":"","meta":[],"product_brand":[],"product_cat":[483],"product_tag":[1370,1360,1369,1361],"class_list":{"0":"post-6519","1":"product","2":"type-product","3":"status-publish","4":"has-post-thumbnail","6":"product_cat-plafon-y-suspension","7":"product_tag-encino","8":"product_tag-panel-laminado","9":"product_tag-panel-laminado-wpc-encino","10":"product_tag-wpc","12":"first","13":"instock","14":"shipping-taxable","15":"purchasable","16":"product-type-simple"},"yoast_head":"<!-- This site is optimized with the Yoast SEO plugin v27.1.1 - https:\/\/yoast.com\/product\/yoast-seo-wordpress\/ -->\n<title>PANEL LAMINADO WPC ENCINO 60 X 280 cm - PANEL REY MEXICO<\/title>\n<meta name=\"description\" content=\"PANEL LAMINADO WPC ENCINO, perfecto para muros y recubrimientos interiores o exteriores. Durable, resistente a la humedad y f\u00e1cil de instalar, con acabado tipo madera en tono encino que aporta calidez y elegancia.\" \/>\n<meta name=\"robots\" content=\"index, follow, max-snippet:-1, max-image-preview:large, max-video-preview:-1\" \/>\n<link rel=\"canonical\" href=\"https:\/\/distribuidorpanelrey.com.mx\/producto\/panel-laminado-wpc-encino\/\" \/>\n<meta property=\"og:locale\" content=\"es_ES\" \/>\n<meta property=\"og:type\" content=\"article\" \/>\n<meta property=\"og:title\" content=\"PANEL LAMINADO WPC ENCINO 60 X 280 cm - PANEL REY MEXICO\" \/>\n<meta property=\"og:description\" content=\"PANEL LAMINADO WPC ENCINO, perfecto para muros y recubrimientos interiores o exteriores. Durable, resistente a la humedad y f\u00e1cil de instalar, con acabado tipo madera en tono encino que aporta calidez y elegancia.\" \/>\n<meta property=\"og:url\" content=\"https:\/\/distribuidorpanelrey.com.mx\/producto\/panel-laminado-wpc-encino\/\" \/>\n<meta property=\"og:site_name\" content=\"PANEL REY MEXICO\" \/>\n<meta property=\"article:publisher\" content=\"https:\/\/www.facebook.com\/mexicopanelrey\/?locale=es_LA\" \/>\n<meta property=\"article:modified_time\" content=\"2025-12-05T05:54:46+00:00\" \/>\n<meta property=\"og:image\" content=\"https:\/\/distribuidorpanelrey.com.mx\/wp-content\/uploads\/2025\/09\/LAMINADO-WPC-ENCINO.webp\" \/>\n\t<meta property=\"og:image:width\" content=\"1080\" \/>\n\t<meta property=\"og:image:height\" content=\"1080\" \/>\n\t<meta property=\"og:image:type\" content=\"image\/webp\" \/>\n<meta name=\"twitter:card\" content=\"summary_large_image\" \/>\n<meta name=\"twitter:label1\" content=\"Tiempo de lectura\" \/>\n\t<meta name=\"twitter:data1\" content=\"2 minutos\" \/>\n<script type=\"application\/ld+json\" class=\"yoast-schema-graph\">{\"@context\":\"https:\/\/schema.org\",\"@graph\":[{\"@type\":\"WebPage\",\"@id\":\"https:\/\/distribuidorpanelrey.com.mx\/producto\/panel-laminado-wpc-encino\/\",\"url\":\"https:\/\/distribuidorpanelrey.com.mx\/producto\/panel-laminado-wpc-encino\/\",\"name\":\"PANEL LAMINADO WPC ENCINO 60 X 280 cm - PANEL REY MEXICO\",\"isPartOf\":{\"@id\":\"https:\/\/distribuidorpanelrey.com\/#website\"},\"primaryImageOfPage\":{\"@id\":\"https:\/\/distribuidorpanelrey.com.mx\/producto\/panel-laminado-wpc-encino\/#primaryimage\"},\"image\":{\"@id\":\"https:\/\/distribuidorpanelrey.com.mx\/producto\/panel-laminado-wpc-encino\/#primaryimage\"},\"thumbnailUrl\":\"https:\/\/distribuidorpanelrey.com.mx\/wp-content\/uploads\/2025\/09\/LAMINADO-WPC-ENCINO.webp\",\"datePublished\":\"2025-09-12T01:23:46+00:00\",\"dateModified\":\"2025-12-05T05:54:46+00:00\",\"description\":\"PANEL LAMINADO WPC ENCINO, perfecto para muros y recubrimientos interiores o exteriores. Durable, resistente a la humedad y f\u00e1cil de instalar, con acabado tipo madera en tono encino que aporta calidez y elegancia.\",\"breadcrumb\":{\"@id\":\"https:\/\/distribuidorpanelrey.com.mx\/producto\/panel-laminado-wpc-encino\/#breadcrumb\"},\"inLanguage\":\"es\",\"potentialAction\":[{\"@type\":\"ReadAction\",\"target\":[\"https:\/\/distribuidorpanelrey.com.mx\/producto\/panel-laminado-wpc-encino\/\"]}]},{\"@type\":\"ImageObject\",\"inLanguage\":\"es\",\"@id\":\"https:\/\/distribuidorpanelrey.com.mx\/producto\/panel-laminado-wpc-encino\/#primaryimage\",\"url\":\"https:\/\/distribuidorpanelrey.com.mx\/wp-content\/uploads\/2025\/09\/LAMINADO-WPC-ENCINO.webp\",\"contentUrl\":\"https:\/\/distribuidorpanelrey.com.mx\/wp-content\/uploads\/2025\/09\/LAMINADO-WPC-ENCINO.webp\",\"width\":1080,\"height\":1080},{\"@type\":\"BreadcrumbList\",\"@id\":\"https:\/\/distribuidorpanelrey.com.mx\/producto\/panel-laminado-wpc-encino\/#breadcrumb\",\"itemListElement\":[{\"@type\":\"ListItem\",\"position\":1,\"name\":\"Portada\",\"item\":\"https:\/\/distribuidorpanelrey.com.mx\/\"},{\"@type\":\"ListItem\",\"position\":2,\"name\":\"Productos\",\"item\":\"https:\/\/distribuidorpanelrey.com\/tienda\/\"},{\"@type\":\"ListItem\",\"position\":3,\"name\":\"PANEL LAMINADO WPC ENCINO 60 X 280 cm\"}]},{\"@type\":\"WebSite\",\"@id\":\"https:\/\/distribuidorpanelrey.com\/#website\",\"url\":\"https:\/\/distribuidorpanelrey.com\/\",\"name\":\"PANEL REY MEXICO\",\"description\":\"DISTRIBUIDOR PANEL REY\",\"publisher\":{\"@id\":\"https:\/\/distribuidorpanelrey.com\/#organization\"},\"alternateName\":\"DISTRIBUIDOR PANEL REY\",\"potentialAction\":[{\"@type\":\"SearchAction\",\"target\":{\"@type\":\"EntryPoint\",\"urlTemplate\":\"https:\/\/distribuidorpanelrey.com\/?s={search_term_string}\"},\"query-input\":{\"@type\":\"PropertyValueSpecification\",\"valueRequired\":true,\"valueName\":\"search_term_string\"}}],\"inLanguage\":\"es\"},{\"@type\":\"Organization\",\"@id\":\"https:\/\/distribuidorpanelrey.com\/#organization\",\"name\":\"PANEL REY MEXICO\",\"url\":\"https:\/\/distribuidorpanelrey.com\/\",\"logo\":{\"@type\":\"ImageObject\",\"inLanguage\":\"es\",\"@id\":\"https:\/\/distribuidorpanelrey.com\/#\/schema\/logo\/image\/\",\"url\":\"https:\/\/distribuidorpanelrey.com.mx\/wp-content\/uploads\/2023\/11\/panelrey.webp\",\"contentUrl\":\"https:\/\/distribuidorpanelrey.com.mx\/wp-content\/uploads\/2023\/11\/panelrey.webp\",\"width\":400,\"height\":150,\"caption\":\"PANEL REY MEXICO\"},\"image\":{\"@id\":\"https:\/\/distribuidorpanelrey.com\/#\/schema\/logo\/image\/\"},\"sameAs\":[\"https:\/\/www.facebook.com\/mexicopanelrey\/?locale=es_LA\",\"https:\/\/www.instagram.com\/panel_rey_mexico\/?hl=es\"]}]}<\/script>\n<!-- \/ Yoast SEO plugin. -->","yoast_head_json":{"title":"PANEL LAMINADO WPC ENCINO 60 X 280 cm - PANEL REY MEXICO","description":"PANEL LAMINADO WPC ENCINO, perfecto para muros y recubrimientos interiores o exteriores. Durable, resistente a la humedad y f\u00e1cil de instalar, con acabado tipo madera en tono encino que aporta calidez y elegancia.","robots":{"index":"index","follow":"follow","max-snippet":"max-snippet:-1","max-image-preview":"max-image-preview:large","max-video-preview":"max-video-preview:-1"},"canonical":"https:\/\/distribuidorpanelrey.com.mx\/producto\/panel-laminado-wpc-encino\/","og_locale":"es_ES","og_type":"article","og_title":"PANEL LAMINADO WPC ENCINO 60 X 280 cm - PANEL REY MEXICO","og_description":"PANEL LAMINADO WPC ENCINO, perfecto para muros y recubrimientos interiores o exteriores. Durable, resistente a la humedad y f\u00e1cil de instalar, con acabado tipo madera en tono encino que aporta calidez y elegancia.","og_url":"https:\/\/distribuidorpanelrey.com.mx\/producto\/panel-laminado-wpc-encino\/","og_site_name":"PANEL REY MEXICO","article_publisher":"https:\/\/www.facebook.com\/mexicopanelrey\/?locale=es_LA","article_modified_time":"2025-12-05T05:54:46+00:00","og_image":[{"width":1080,"height":1080,"url":"https:\/\/distribuidorpanelrey.com.mx\/wp-content\/uploads\/2025\/09\/LAMINADO-WPC-ENCINO.webp","type":"image\/webp"}],"twitter_card":"summary_large_image","twitter_misc":{"Tiempo de lectura":"2 minutos"},"schema":{"@context":"https:\/\/schema.org","@graph":[{"@type":"WebPage","@id":"https:\/\/distribuidorpanelrey.com.mx\/producto\/panel-laminado-wpc-encino\/","url":"https:\/\/distribuidorpanelrey.com.mx\/producto\/panel-laminado-wpc-encino\/","name":"PANEL LAMINADO WPC ENCINO 60 X 280 cm - PANEL REY MEXICO","isPartOf":{"@id":"https:\/\/distribuidorpanelrey.com\/#website"},"primaryImageOfPage":{"@id":"https:\/\/distribuidorpanelrey.com.mx\/producto\/panel-laminado-wpc-encino\/#primaryimage"},"image":{"@id":"https:\/\/distribuidorpanelrey.com.mx\/producto\/panel-laminado-wpc-encino\/#primaryimage"},"thumbnailUrl":"https:\/\/distribuidorpanelrey.com.mx\/wp-content\/uploads\/2025\/09\/LAMINADO-WPC-ENCINO.webp","datePublished":"2025-09-12T01:23:46+00:00","dateModified":"2025-12-05T05:54:46+00:00","description":"PANEL LAMINADO WPC ENCINO, perfecto para muros y recubrimientos interiores o exteriores. Durable, resistente a la humedad y f\u00e1cil de instalar, con acabado tipo madera en tono encino que aporta calidez y elegancia.","breadcrumb":{"@id":"https:\/\/distribuidorpanelrey.com.mx\/producto\/panel-laminado-wpc-encino\/#breadcrumb"},"inLanguage":"es","potentialAction":[{"@type":"ReadAction","target":["https:\/\/distribuidorpanelrey.com.mx\/producto\/panel-laminado-wpc-encino\/"]}]},{"@type":"ImageObject","inLanguage":"es","@id":"https:\/\/distribuidorpanelrey.com.mx\/producto\/panel-laminado-wpc-encino\/#primaryimage","url":"https:\/\/distribuidorpanelrey.com.mx\/wp-content\/uploads\/2025\/09\/LAMINADO-WPC-ENCINO.webp","contentUrl":"https:\/\/distribuidorpanelrey.com.mx\/wp-content\/uploads\/2025\/09\/LAMINADO-WPC-ENCINO.webp","width":1080,"height":1080},{"@type":"BreadcrumbList","@id":"https:\/\/distribuidorpanelrey.com.mx\/producto\/panel-laminado-wpc-encino\/#breadcrumb","itemListElement":[{"@type":"ListItem","position":1,"name":"Portada","item":"https:\/\/distribuidorpanelrey.com.mx\/"},{"@type":"ListItem","position":2,"name":"Productos","item":"https:\/\/distribuidorpanelrey.com\/tienda\/"},{"@type":"ListItem","position":3,"name":"PANEL LAMINADO WPC ENCINO 60 X 280 cm"}]},{"@type":"WebSite","@id":"https:\/\/distribuidorpanelrey.com\/#website","url":"https:\/\/distribuidorpanelrey.com\/","name":"PANEL REY MEXICO","description":"DISTRIBUIDOR PANEL REY","publisher":{"@id":"https:\/\/distribuidorpanelrey.com\/#organization"},"alternateName":"DISTRIBUIDOR PANEL REY","potentialAction":[{"@type":"SearchAction","target":{"@type":"EntryPoint","urlTemplate":"https:\/\/distribuidorpanelrey.com\/?s={search_term_string}"},"query-input":{"@type":"PropertyValueSpecification","valueRequired":true,"valueName":"search_term_string"}}],"inLanguage":"es"},{"@type":"Organization","@id":"https:\/\/distribuidorpanelrey.com\/#organization","name":"PANEL REY MEXICO","url":"https:\/\/distribuidorpanelrey.com\/","logo":{"@type":"ImageObject","inLanguage":"es","@id":"https:\/\/distribuidorpanelrey.com\/#\/schema\/logo\/image\/","url":"https:\/\/distribuidorpanelrey.com.mx\/wp-content\/uploads\/2023\/11\/panelrey.webp","contentUrl":"https:\/\/distribuidorpanelrey.com.mx\/wp-content\/uploads\/2023\/11\/panelrey.webp","width":400,"height":150,"caption":"PANEL REY MEXICO"},"image":{"@id":"https:\/\/distribuidorpanelrey.com\/#\/schema\/logo\/image\/"},"sameAs":["https:\/\/www.facebook.com\/mexicopanelrey\/?locale=es_LA","https:\/\/www.instagram.com\/panel_rey_mexico\/?hl=es"]}]}},"_links":{"self":[{"href":"https:\/\/distribuidorpanelrey.com.mx\/wp-json\/wp\/v2\/product\/6519","targetHints":{"allow":["GET"]}}],"collection":[{"href":"https:\/\/distribuidorpanelrey.com.mx\/wp-json\/wp\/v2\/product"}],"about":[{"href":"https:\/\/distribuidorpanelrey.com.mx\/wp-json\/wp\/v2\/types\/product"}],"replies":[{"embeddable":true,"href":"https:\/\/distribuidorpanelrey.com.mx\/wp-json\/wp\/v2\/comments?post=6519"}],"version-history":[{"count":3,"href":"https:\/\/distribuidorpanelrey.com.mx\/wp-json\/wp\/v2\/product\/6519\/revisions"}],"predecessor-version":[{"id":6558,"href":"https:\/\/distribuidorpanelrey.com.mx\/wp-json\/wp\/v2\/product\/6519\/revisions\/6558"}],"wp:featuredmedia":[{"embeddable":true,"href":"https:\/\/distribuidorpanelrey.com.mx\/wp-json\/wp\/v2\/media\/6539"}],"wp:attachment":[{"href":"https:\/\/distribuidorpanelrey.com.mx\/wp-json\/wp\/v2\/media?parent=6519"}],"wp:term":[{"taxonomy":"product_brand","embeddable":true,"href":"https:\/\/distribuidorpanelrey.com.mx\/wp-json\/wp\/v2\/product_brand?post=6519"},{"taxonomy":"product_cat","embeddable":true,"href":"https:\/\/distribuidorpanelrey.com.mx\/wp-json\/wp\/v2\/product_cat?post=6519"},{"taxonomy":"product_tag","embeddable":true,"href":"https:\/\/distribuidorpanelrey.com.mx\/wp-json\/wp\/v2\/product_tag?post=6519"}],"curies":[{"name":"wp","href":"https:\/\/api.w.org\/{rel}","templated":true}]}}