{"id":979,"date":"2019-01-22T21:31:57","date_gmt":"2019-01-22T21:31:57","guid":{"rendered":"https:\/\/distribuidorpanelrey.com.mx\/?post_type=product&#038;p=979"},"modified":"2025-12-05T14:32:52","modified_gmt":"2025-12-05T14:32:52","slug":"clavo-con-arandela","status":"publish","type":"product","link":"https:\/\/distribuidorpanelrey.com.mx\/producto\/clavo-con-arandela\/","title":{"rendered":"CLAVO CON ARANDELA"},"content":{"rendered":"<p>Clavo con arandela.<\/p>\n<p>La funci\u00f3n principal del <strong>CLAVO CON ARANDELA<\/strong> es proporcionar una fijaci\u00f3n robusta y segura en superficies donde se necesita distribuir la carga de manera efectiva y prevenir el hundimiento o da\u00f1o del material base. Este tipo de clavo est\u00e1 dise\u00f1ado con una arandela integrada que ayuda a aumentar la superficie de contacto y proporcionar un soporte adicional.<\/p>\n<p>El <strong>CLAVO CON ARANDELA<\/strong> es especialmente \u00fatil en la construcci\u00f3n y carpinter\u00eda para asegurar materiales como madera y l\u00e1minas met\u00e1licas en aplicaciones donde se requiere una fijaci\u00f3n resistente contra el movimiento y la vibraci\u00f3n. La arandela ayuda a evitar que el clavo se hunda en el material y contribuye a mantener la integridad estructural a lo largo del tiempo.<\/p>\n<p>Es una opci\u00f3n efectiva para mejorar la estabilidad y resistencia de la fijaci\u00f3n en proyectos constructivos y de instalaci\u00f3n, proporcionando una soluci\u00f3n confiable para mantener seguros y firmes los materiales sujetos.<\/p>\n<p>\u00a1Este producto es de la mejor calidad, as\u00ed como todos nuestros productos!<\/p>\n<p>&nbsp;<\/p>\n<p>&nbsp;<\/p>\n<p>&nbsp;<\/p>\n<p>&nbsp;<\/p>\n<p style=\"text-align: center;\">*En Distribuidor Panel Rey Mexico nos esforzamos por ofrecerte los mejores productos de<a href=\"https:\/\/distribuidorpanelrey.com.mx\/categoria-producto\/fischer\/\">\u00a0<\/a><a href=\"https:\/\/distribuidorpanelrey.com.mx\/tienda\/\">Fischer.<\/a><br \/>\n*La imagen puede diferir un poco del producto final *Los precios pueden variar sin previo aviso<br \/>\n*Los precios ya incluyen IVA *Se hacen env\u00edos a toda la Rep\u00fablica Mexicana, pregunte por nuestros descuentos en env\u00edos.<br \/>\n*Chatea con nosotros en nuestras redes sociales.<br \/>\n*Contactanos: Tel. 71-58-97-38 y 71-58-02-72.<br \/>\nNuestro correo: ventas@distribuidorpanelrey.com<br \/>\nDistribuidor Panel Rey Mexico<\/p>\n","protected":false},"excerpt":{"rendered":"<h4 style=\"text-align: center;\">Env\u00edos de 24 a 48 hr CDMX Y EDO MEX<\/h4>\n<p style=\"text-align: center;\">Rese\u00f1as\u00a0\u2605\u2605\u2605\u2605\u2605\u00a0 Env\u00edos Garantizados<\/p>\n<h4 style=\"text-align: center;\">\ud83d\udd25LOS MEJORES PRECIOS \ud83d\udd25<\/h4>\n","protected":false},"featured_media":980,"comment_status":"closed","ping_status":"closed","template":"","meta":[],"product_brand":[554],"product_cat":[112],"product_tag":[114,113,115],"class_list":{"0":"post-979","1":"product","2":"type-product","3":"status-publish","4":"has-post-thumbnail","6":"product_brand-fischer","7":"product_cat-fijacion","8":"product_tag-arandela","9":"product_tag-clavo","10":"product_tag-fischer","12":"first","13":"instock","14":"shipping-taxable","15":"purchasable","16":"product-type-simple"},"yoast_head":"<!-- This site is optimized with the Yoast SEO plugin v27.1.1 - https:\/\/yoast.com\/product\/yoast-seo-wordpress\/ -->\n<title>CLAVO CON ARANDELA - PANEL REY MEXICO \u00a1 Encuentra tus productos!<\/title>\n<meta name=\"description\" content=\"Clavo con arandela. \u00a1Encuentra y cotiza aqui todos tus productos aqui en Distribuidor Panel Rey Mexico, contamoz con envios gratis*!\" \/>\n<meta name=\"robots\" content=\"index, follow, max-snippet:-1, max-image-preview:large, max-video-preview:-1\" \/>\n<link rel=\"canonical\" href=\"https:\/\/distribuidorpanelrey.com.mx\/producto\/clavo-con-arandela\/\" \/>\n<meta property=\"og:locale\" content=\"es_ES\" \/>\n<meta property=\"og:type\" content=\"article\" \/>\n<meta property=\"og:title\" content=\"CLAVO CON ARANDELA - PANEL REY MEXICO \u00a1 Encuentra tus productos!\" \/>\n<meta property=\"og:description\" content=\"Clavo con arandela. \u00a1Encuentra y cotiza aqui todos tus productos aqui en Distribuidor Panel Rey Mexico, contamoz con envios gratis*!\" \/>\n<meta property=\"og:url\" content=\"https:\/\/distribuidorpanelrey.com.mx\/producto\/clavo-con-arandela\/\" \/>\n<meta property=\"og:site_name\" content=\"PANEL REY MEXICO\" \/>\n<meta property=\"article:publisher\" content=\"https:\/\/www.facebook.com\/mexicopanelrey\/?locale=es_LA\" \/>\n<meta property=\"article:modified_time\" content=\"2025-12-05T14:32:52+00:00\" \/>\n<meta property=\"og:image\" content=\"https:\/\/distribuidorpanelrey.com.mx\/wp-content\/uploads\/2019\/01\/CLAVO-ARANDELA-DISTRIBUIDOR-PANEL-REY.jpg\" \/>\n\t<meta property=\"og:image:width\" content=\"500\" \/>\n\t<meta property=\"og:image:height\" content=\"500\" \/>\n\t<meta property=\"og:image:type\" content=\"image\/jpeg\" \/>\n<meta name=\"twitter:card\" content=\"summary_large_image\" \/>\n<meta name=\"twitter:label1\" content=\"Tiempo de lectura\" \/>\n\t<meta name=\"twitter:data1\" content=\"2 minutos\" \/>\n<script type=\"application\/ld+json\" class=\"yoast-schema-graph\">{\"@context\":\"https:\/\/schema.org\",\"@graph\":[{\"@type\":\"WebPage\",\"@id\":\"https:\/\/distribuidorpanelrey.com.mx\/producto\/clavo-con-arandela\/\",\"url\":\"https:\/\/distribuidorpanelrey.com.mx\/producto\/clavo-con-arandela\/\",\"name\":\"CLAVO CON ARANDELA - PANEL REY MEXICO \u00a1 Encuentra tus productos!\",\"isPartOf\":{\"@id\":\"https:\/\/distribuidorpanelrey.com\/#website\"},\"primaryImageOfPage\":{\"@id\":\"https:\/\/distribuidorpanelrey.com.mx\/producto\/clavo-con-arandela\/#primaryimage\"},\"image\":{\"@id\":\"https:\/\/distribuidorpanelrey.com.mx\/producto\/clavo-con-arandela\/#primaryimage\"},\"thumbnailUrl\":\"https:\/\/distribuidorpanelrey.com.mx\/wp-content\/uploads\/2019\/01\/CLAVO-ARANDELA-DISTRIBUIDOR-PANEL-REY.jpg\",\"datePublished\":\"2019-01-22T21:31:57+00:00\",\"dateModified\":\"2025-12-05T14:32:52+00:00\",\"description\":\"Clavo con arandela. \u00a1Encuentra y cotiza aqui todos tus productos aqui en Distribuidor Panel Rey Mexico, contamoz con envios gratis*!\",\"breadcrumb\":{\"@id\":\"https:\/\/distribuidorpanelrey.com.mx\/producto\/clavo-con-arandela\/#breadcrumb\"},\"inLanguage\":\"es\",\"potentialAction\":[{\"@type\":\"ReadAction\",\"target\":[\"https:\/\/distribuidorpanelrey.com.mx\/producto\/clavo-con-arandela\/\"]}]},{\"@type\":\"ImageObject\",\"inLanguage\":\"es\",\"@id\":\"https:\/\/distribuidorpanelrey.com.mx\/producto\/clavo-con-arandela\/#primaryimage\",\"url\":\"https:\/\/distribuidorpanelrey.com.mx\/wp-content\/uploads\/2019\/01\/CLAVO-ARANDELA-DISTRIBUIDOR-PANEL-REY.jpg\",\"contentUrl\":\"https:\/\/distribuidorpanelrey.com.mx\/wp-content\/uploads\/2019\/01\/CLAVO-ARANDELA-DISTRIBUIDOR-PANEL-REY.jpg\",\"width\":500,\"height\":500,\"caption\":\"CLAVO-ARANDELA-DISTRIBUIDOR-PANEL-REY\"},{\"@type\":\"BreadcrumbList\",\"@id\":\"https:\/\/distribuidorpanelrey.com.mx\/producto\/clavo-con-arandela\/#breadcrumb\",\"itemListElement\":[{\"@type\":\"ListItem\",\"position\":1,\"name\":\"Portada\",\"item\":\"https:\/\/distribuidorpanelrey.com.mx\/\"},{\"@type\":\"ListItem\",\"position\":2,\"name\":\"Productos\",\"item\":\"https:\/\/distribuidorpanelrey.com\/tienda\/\"},{\"@type\":\"ListItem\",\"position\":3,\"name\":\"CLAVO CON ARANDELA\"}]},{\"@type\":\"WebSite\",\"@id\":\"https:\/\/distribuidorpanelrey.com\/#website\",\"url\":\"https:\/\/distribuidorpanelrey.com\/\",\"name\":\"PANEL REY MEXICO\",\"description\":\"DISTRIBUIDOR PANEL REY\",\"publisher\":{\"@id\":\"https:\/\/distribuidorpanelrey.com\/#organization\"},\"alternateName\":\"DISTRIBUIDOR PANEL REY\",\"potentialAction\":[{\"@type\":\"SearchAction\",\"target\":{\"@type\":\"EntryPoint\",\"urlTemplate\":\"https:\/\/distribuidorpanelrey.com\/?s={search_term_string}\"},\"query-input\":{\"@type\":\"PropertyValueSpecification\",\"valueRequired\":true,\"valueName\":\"search_term_string\"}}],\"inLanguage\":\"es\"},{\"@type\":\"Organization\",\"@id\":\"https:\/\/distribuidorpanelrey.com\/#organization\",\"name\":\"PANEL REY MEXICO\",\"url\":\"https:\/\/distribuidorpanelrey.com\/\",\"logo\":{\"@type\":\"ImageObject\",\"inLanguage\":\"es\",\"@id\":\"https:\/\/distribuidorpanelrey.com\/#\/schema\/logo\/image\/\",\"url\":\"https:\/\/distribuidorpanelrey.com.mx\/wp-content\/uploads\/2023\/11\/panelrey.webp\",\"contentUrl\":\"https:\/\/distribuidorpanelrey.com.mx\/wp-content\/uploads\/2023\/11\/panelrey.webp\",\"width\":400,\"height\":150,\"caption\":\"PANEL REY MEXICO\"},\"image\":{\"@id\":\"https:\/\/distribuidorpanelrey.com\/#\/schema\/logo\/image\/\"},\"sameAs\":[\"https:\/\/www.facebook.com\/mexicopanelrey\/?locale=es_LA\",\"https:\/\/www.instagram.com\/panel_rey_mexico\/?hl=es\"]}]}<\/script>\n<!-- \/ Yoast SEO plugin. -->","yoast_head_json":{"title":"CLAVO CON ARANDELA - PANEL REY MEXICO \u00a1 Encuentra tus productos!","description":"Clavo con arandela. \u00a1Encuentra y cotiza aqui todos tus productos aqui en Distribuidor Panel Rey Mexico, contamoz con envios gratis*!","robots":{"index":"index","follow":"follow","max-snippet":"max-snippet:-1","max-image-preview":"max-image-preview:large","max-video-preview":"max-video-preview:-1"},"canonical":"https:\/\/distribuidorpanelrey.com.mx\/producto\/clavo-con-arandela\/","og_locale":"es_ES","og_type":"article","og_title":"CLAVO CON ARANDELA - PANEL REY MEXICO \u00a1 Encuentra tus productos!","og_description":"Clavo con arandela. \u00a1Encuentra y cotiza aqui todos tus productos aqui en Distribuidor Panel Rey Mexico, contamoz con envios gratis*!","og_url":"https:\/\/distribuidorpanelrey.com.mx\/producto\/clavo-con-arandela\/","og_site_name":"PANEL REY MEXICO","article_publisher":"https:\/\/www.facebook.com\/mexicopanelrey\/?locale=es_LA","article_modified_time":"2025-12-05T14:32:52+00:00","og_image":[{"width":500,"height":500,"url":"https:\/\/distribuidorpanelrey.com.mx\/wp-content\/uploads\/2019\/01\/CLAVO-ARANDELA-DISTRIBUIDOR-PANEL-REY.jpg","type":"image\/jpeg"}],"twitter_card":"summary_large_image","twitter_misc":{"Tiempo de lectura":"2 minutos"},"schema":{"@context":"https:\/\/schema.org","@graph":[{"@type":"WebPage","@id":"https:\/\/distribuidorpanelrey.com.mx\/producto\/clavo-con-arandela\/","url":"https:\/\/distribuidorpanelrey.com.mx\/producto\/clavo-con-arandela\/","name":"CLAVO CON ARANDELA - PANEL REY MEXICO \u00a1 Encuentra tus productos!","isPartOf":{"@id":"https:\/\/distribuidorpanelrey.com\/#website"},"primaryImageOfPage":{"@id":"https:\/\/distribuidorpanelrey.com.mx\/producto\/clavo-con-arandela\/#primaryimage"},"image":{"@id":"https:\/\/distribuidorpanelrey.com.mx\/producto\/clavo-con-arandela\/#primaryimage"},"thumbnailUrl":"https:\/\/distribuidorpanelrey.com.mx\/wp-content\/uploads\/2019\/01\/CLAVO-ARANDELA-DISTRIBUIDOR-PANEL-REY.jpg","datePublished":"2019-01-22T21:31:57+00:00","dateModified":"2025-12-05T14:32:52+00:00","description":"Clavo con arandela. \u00a1Encuentra y cotiza aqui todos tus productos aqui en Distribuidor Panel Rey Mexico, contamoz con envios gratis*!","breadcrumb":{"@id":"https:\/\/distribuidorpanelrey.com.mx\/producto\/clavo-con-arandela\/#breadcrumb"},"inLanguage":"es","potentialAction":[{"@type":"ReadAction","target":["https:\/\/distribuidorpanelrey.com.mx\/producto\/clavo-con-arandela\/"]}]},{"@type":"ImageObject","inLanguage":"es","@id":"https:\/\/distribuidorpanelrey.com.mx\/producto\/clavo-con-arandela\/#primaryimage","url":"https:\/\/distribuidorpanelrey.com.mx\/wp-content\/uploads\/2019\/01\/CLAVO-ARANDELA-DISTRIBUIDOR-PANEL-REY.jpg","contentUrl":"https:\/\/distribuidorpanelrey.com.mx\/wp-content\/uploads\/2019\/01\/CLAVO-ARANDELA-DISTRIBUIDOR-PANEL-REY.jpg","width":500,"height":500,"caption":"CLAVO-ARANDELA-DISTRIBUIDOR-PANEL-REY"},{"@type":"BreadcrumbList","@id":"https:\/\/distribuidorpanelrey.com.mx\/producto\/clavo-con-arandela\/#breadcrumb","itemListElement":[{"@type":"ListItem","position":1,"name":"Portada","item":"https:\/\/distribuidorpanelrey.com.mx\/"},{"@type":"ListItem","position":2,"name":"Productos","item":"https:\/\/distribuidorpanelrey.com\/tienda\/"},{"@type":"ListItem","position":3,"name":"CLAVO CON ARANDELA"}]},{"@type":"WebSite","@id":"https:\/\/distribuidorpanelrey.com\/#website","url":"https:\/\/distribuidorpanelrey.com\/","name":"PANEL REY MEXICO","description":"DISTRIBUIDOR PANEL REY","publisher":{"@id":"https:\/\/distribuidorpanelrey.com\/#organization"},"alternateName":"DISTRIBUIDOR PANEL REY","potentialAction":[{"@type":"SearchAction","target":{"@type":"EntryPoint","urlTemplate":"https:\/\/distribuidorpanelrey.com\/?s={search_term_string}"},"query-input":{"@type":"PropertyValueSpecification","valueRequired":true,"valueName":"search_term_string"}}],"inLanguage":"es"},{"@type":"Organization","@id":"https:\/\/distribuidorpanelrey.com\/#organization","name":"PANEL REY MEXICO","url":"https:\/\/distribuidorpanelrey.com\/","logo":{"@type":"ImageObject","inLanguage":"es","@id":"https:\/\/distribuidorpanelrey.com\/#\/schema\/logo\/image\/","url":"https:\/\/distribuidorpanelrey.com.mx\/wp-content\/uploads\/2023\/11\/panelrey.webp","contentUrl":"https:\/\/distribuidorpanelrey.com.mx\/wp-content\/uploads\/2023\/11\/panelrey.webp","width":400,"height":150,"caption":"PANEL REY MEXICO"},"image":{"@id":"https:\/\/distribuidorpanelrey.com\/#\/schema\/logo\/image\/"},"sameAs":["https:\/\/www.facebook.com\/mexicopanelrey\/?locale=es_LA","https:\/\/www.instagram.com\/panel_rey_mexico\/?hl=es"]}]}},"_links":{"self":[{"href":"https:\/\/distribuidorpanelrey.com.mx\/wp-json\/wp\/v2\/product\/979","targetHints":{"allow":["GET"]}}],"collection":[{"href":"https:\/\/distribuidorpanelrey.com.mx\/wp-json\/wp\/v2\/product"}],"about":[{"href":"https:\/\/distribuidorpanelrey.com.mx\/wp-json\/wp\/v2\/types\/product"}],"replies":[{"embeddable":true,"href":"https:\/\/distribuidorpanelrey.com.mx\/wp-json\/wp\/v2\/comments?post=979"}],"version-history":[{"count":3,"href":"https:\/\/distribuidorpanelrey.com.mx\/wp-json\/wp\/v2\/product\/979\/revisions"}],"predecessor-version":[{"id":6641,"href":"https:\/\/distribuidorpanelrey.com.mx\/wp-json\/wp\/v2\/product\/979\/revisions\/6641"}],"wp:featuredmedia":[{"embeddable":true,"href":"https:\/\/distribuidorpanelrey.com.mx\/wp-json\/wp\/v2\/media\/980"}],"wp:attachment":[{"href":"https:\/\/distribuidorpanelrey.com.mx\/wp-json\/wp\/v2\/media?parent=979"}],"wp:term":[{"taxonomy":"product_brand","embeddable":true,"href":"https:\/\/distribuidorpanelrey.com.mx\/wp-json\/wp\/v2\/product_brand?post=979"},{"taxonomy":"product_cat","embeddable":true,"href":"https:\/\/distribuidorpanelrey.com.mx\/wp-json\/wp\/v2\/product_cat?post=979"},{"taxonomy":"product_tag","embeddable":true,"href":"https:\/\/distribuidorpanelrey.com.mx\/wp-json\/wp\/v2\/product_tag?post=979"}],"curies":[{"name":"wp","href":"https:\/\/api.w.org\/{rel}","templated":true}]}}